{"id":97238,"date":"2026-03-20T08:47:49","date_gmt":"2026-03-20T08:47:49","guid":{"rendered":"https:\/\/soydeaqui.ddns.net\/pachuca\/index.php\/producto\/hilook-series-domo-ip-4-megapixel-lente-2-8-mm-gran-angular-20-mts-ir-interior-poe-dwdr-h-265-onvif\/"},"modified":"2026-03-20T08:47:50","modified_gmt":"2026-03-20T08:47:50","slug":"hilook-series-domo-ip-4-megapixel-lente-2-8-mm-gran-angular-20-mts-ir-interior-poe-dwdr-h-265-onvif","status":"publish","type":"product","link":"https:\/\/soydeaqui.ddns.net\/pachuca\/index.php\/producto\/hilook-series-domo-ip-4-megapixel-lente-2-8-mm-gran-angular-20-mts-ir-interior-poe-dwdr-h-265-onvif\/","title":{"rendered":"HiLook Series \/ Domo IP 4 Megapixel  \/ Lente 2.8 mm (Gran Angular) \/ 20 mts IR \/ Interior \/ PoE \/ dWDR \/ H.265+ \/ ONVIF"},"content":{"rendered":"<div style='width: 100%; max-width: 1200px; margin: 0 auto; font-family: sans-serif; line-height: 1.6; color: inherit; background-color: transparent;'> <!-- Logo y t\u00edtulo --> <\/p>\n<div style='width: 100%; text-align: center; margin: 20px 0;'>\n<h1 style='color: #232a6f; margin: 0;'> <img style='width: 45%; height: auto; border: none;' src='https:\/\/ftp3.syscom.mx\/usuarios\/fotos\/IPCB120\/143291-hilook.png' alt=''> <\/h1>\n<\/p><\/div>\n<p> <!-- Video principal --> <\/p>\n<div style='width: 100%; max-width: 800px; margin: 0 auto 30px;'>\n<div style='position: relative; padding-bottom: 56.25%; height: 0; overflow: hidden; border: 2px solid #266CA9;'>   <\/div>\n<\/p><\/div>\n<p> <!-- Videos secundarios --> <\/p>\n<div style='display: flex; flex-wrap: wrap; gap: 30px; justify-content: center; margin-bottom: 30px;'>\n<div style='flex: 1 1 500px; max-width: 600px;'>\n<div style='position: relative; padding-bottom: 56.25%; height: 0; overflow: hidden; border: 2px solid #266CA9;'>   <\/div>\n<\/p><\/div>\n<div style='flex: 1 1 500px; max-width: 600px;'>\n<div style='position: relative; padding-bottom: 56.25%; height: 0; overflow: hidden; border: 2px solid #266CA9;'>   <\/div>\n<\/p><\/div>\n<\/p><\/div>\n<p> <!-- Secci\u00f3n de caracter\u00edsticas --> <\/p>\n<div style='display: flex; flex-wrap: wrap; gap: 30px; margin-bottom: 30px;'>\n<div style='flex: 1 1 400px; min-width: 280px;'>\n<div style='border: 1px solid rgba(150&comma; 150&comma; 150&comma; 0.4); border-radius: 8px; overflow: hidden; display: flex; flex-direction: column; height: 100%;'>\n<div style='padding: 15px; background-color: #266ca9; color: white; font-size: 18px; font-weight: bold; flex-shrink: 0;'>Caracter\u00edsticas Principales<\/div>\n<div style='padding: 15px; color: inherit; flex-grow: 1;'>\n<ul style='padding-left: 20px; margin: 0; font-size: 14px; list-style-type: disc;'>\n<li style='margin-bottom: 5px; text-align: left;'>Resoluci\u00f3n m\u00e1xima: 2560 x 1440 (4 Megapixel).<\/li>\n<li style='margin-bottom: 5px; text-align: left;'>Iluminaci\u00f3n m\u00ednima: color 0.01 Lux @ (F2.2&comma; AGC ON).<\/li>\n<li style='margin-bottom: 5px; text-align: left;'>Iluminaci\u00f3n m\u00ednima: B\/N 0.028 Lux con IR.<\/li>\n<li style='margin-bottom: 5px; text-align: left;'>D\u00eda \/ Noche Real (filtro ICR).<\/li>\n<li style='margin-bottom: 5px; text-align: left;'>Distancia focal: 2.8 mm (\u00e1ngulo de visi\u00f3n 104\u00b0).<\/li>\n<li style='margin-bottom: 5px; text-align: left;'>Distancia de infrarrojo: 20 mts Smart IR.<\/li>\n<li style='margin-bottom: 5px; text-align: left;'>Funciones normales: dWDR \/ BLC \/ 3D-DNR.<\/li>\n<li style='margin-bottom: 5px; text-align: left;'>Compresi\u00f3n: H.265+ \/ H.265 \/ H.264+ \/ H.264.<\/li>\n<li style='margin-bottom: 5px; text-align: left;'>Compatible con Hik-Connect \/Hilook<\/li>\n<\/ul><\/div>\n<\/p><\/div>\n<\/p><\/div>\n<div style='flex: 1 1 400px; min-width: 280px;'>\n<div style='border: 1px solid rgba(150&comma; 150&comma; 150&comma; 0.4); border-radius: 8px; overflow: hidden; display: flex; flex-direction: column; height: 100%;'>\n<div style='padding: 15px; background-color: #266ca9; color: white; font-size: 18px; font-weight: bold; flex-shrink: 0;'>Caracter\u00edsticas F\u00edsicas y El\u00e9ctricas<\/div>\n<div style='padding: 15px; color: inherit; flex-grow: 1;'>\n<ul style='padding-left: 20px; margin: 0; font-size: 14px; list-style-type: disc;'>\n<li style='margin-bottom: 5px; text-align: left;'>Alimentaci\u00f3n: 12 Vcc \/ 6.5 W \/ PoE (802.3 af).<\/li>\n<li style='margin-bottom: 5px; text-align: left;'>Temperatura de operaci\u00f3n: -10\u00b0C a 40\u00b0C \/ Humedad al 95% m\u00e1ximo.<\/li>\n<li style='margin-bottom: 5px; text-align: left;'>Uso interior.<\/li>\n<li style='margin-bottom: 5px; text-align: left;'>Protecci\u00f3n contra sobretensiones y protecci\u00f3n contra voltajes transitorios.<\/li>\n<li style='margin-bottom: 5px; text-align: left;'>Dimensiones: 110.8 x 85.2 mm<\/li>\n<li style='margin-bottom: 5px; text-align: left;'>Fabricado en pl\u00e1stico.<\/li>\n<li style='margin-bottom: 5px; text-align: left;'>Peso: 240 grs.<\/li>\n<\/ul><\/div>\n<\/p><\/div>\n<p> <!-- Accesorios --> <\/p>\n<div style='margin-top: 20px; border: 1px solid rgba(150&comma; 150&comma; 150&comma; 0.4); border-radius: 8px; overflow: hidden;'>\n<div style='padding: 15px; background-color: #266ca9; color: white; font-size: 18px; font-weight: bold; flex-shrink: 0;'>Accesorios<\/div>\n<div style='padding: 15px; color: inherit; max-height: 165px; overflow-y: auto;'>\n<ul style='padding-left: 20px; margin: 0; font-size: 14px; list-style-type: disc;'>\n<li style='margin-bottom: 5px; text-align: left;'>Montaje de pared con caja de conexiones&comma; modelo: <a href='https:\/\/www.syscom.mx\/producto\/DS-1272ZJ-110B-HIKVISION-143451.html' style='color: #266ca9; text-decoration: underline;'>DS-1272ZJ-110B<\/a><\/li>\n<li style='margin-bottom: 5px; text-align: left;'>Montaje met\u00e1lico de pared&comma; modelo: <a href='https:\/\/www.syscom.mx\/producto\/DS-1272ZJ-110-HIKVISION-75483.html' style='color: #266ca9; text-decoration: underline;'>DS-1272ZJ-110<\/a><\/li>\n<li style='margin-bottom: 5px; text-align: left;'>Montaje de techo&comma; modelo: <a href='https:\/\/www.syscom.mx\/producto\/DS-1271ZJ-110-HIKVISION-137407.html' style='color: #266ca9; text-decoration: underline;'>DS-1271ZJ-110<\/a><\/li>\n<li style='margin-bottom: 5px; text-align: left;'>Montaje de poste&comma; modelo: <a href='https:\/\/www.syscom.mx\/producto\/DS-1275ZJ-SUS-HIKVISION-156172.html' style='color: #266ca9; text-decoration: underline;'>DS-1275ZJ-SUS<\/a><\/li>\n<li style='margin-bottom: 5px; text-align: left;'>Montaje de esquina&comma; modelo: <a href='https:\/\/www.syscom.mx\/producto\/DS-1276ZJ-SUS-HIKVISION-156173.html' style='color: #266ca9; text-decoration: underline;'>DS-1276ZJ-SUS<\/a><\/li>\n<li style='margin-bottom: 5px; text-align: left;'>Caja de conexiones&comma; modelo: <a href='https:\/\/www.syscom.mx\/producto\/DS-1280ZJ-DM18-HIKVISION-70853.html' style='color: #266ca9; text-decoration: underline;'>DS-1280ZJ-DM18<\/a><\/li>\n<li style='margin-bottom: 5px; text-align: left;'>Protector de lluvia para domo&comma; modelo: <a href='https:\/\/www.syscom.mx\/producto\/DS-1250ZJ-HIKVISION-84928.html' style='color: #266ca9; text-decoration: underline;'>DS-1250ZJ<\/a><\/li>\n<li style='margin-bottom: 5px; text-align: left;'>Montaje inclinado para techo&comma; modelo: <a href='https:\/\/www.syscom.mx\/producto\/DS-1259ZJ-HIKVISION-68833.html' style='color: #266ca9; text-decoration: underline;'>DS-1259ZJ<\/a><\/li>\n<li style='margin-bottom: 5px; text-align: left;'>Montaje de pared para interior&comma; modelo: <a href='https:\/\/www.syscom.mx\/producto\/DS-1258ZJ-HIKVISION-68834.html' style='color: #266ca9; text-decoration: underline;'>DS-1258ZJ<\/a><\/li>\n<\/ul><\/div>\n<\/p><\/div>\n<\/p><\/div>\n<\/p><\/div>\n<p> <!-- Caracter\u00edsticas Destacadas --> <\/p>\n<div style='display: flex; flex-wrap: wrap; margin-bottom: 30px;'>\n<div style='width: 100%;'>\n<div style='border: 1px solid rgba(150&comma; 150&comma; 150&comma; 0.4); border-radius: 8px; overflow: hidden;'>\n<div style='padding: 15px; background-color: #266ca9; color: white; font-size: 18px; font-weight: bold;'>Caracter\u00edsticas Destacadas<\/div>\n<div style='padding: 15px; color: inherit;'>\n<ul style='padding-left: 20px; margin: 0; font-size: 14px; list-style-type: disc;'>\n<li style='margin-bottom: 5px; text-align: left;'>Main Stream: 25 fps (1920 \u00d7 1080&comma; 1280 \u00d7 960).<\/li>\n<li style='margin-bottom: 5px; text-align: left;'>Sub Steam: 25 fps (1280 \u00d7 720&comma; 640 \u00d7 480&comma; 640 x 360).<\/li>\n<li style='margin-bottom: 5px; text-align: left;'>Soporta hasta 6 usuarios simult\u00e1neos.<\/li>\n<li style='margin-bottom: 5px; text-align: left;'>Entradas de alarma: N\/A.<\/li>\n<li style='margin-bottom: 5px; text-align: left;'>Salidas de alarma: N\/A.<\/li>\n<li style='margin-bottom: 5px; text-align: left;'>Entradas de audio: N\/A.<\/li>\n<li style='margin-bottom: 5px; text-align: left;'>Salidas de audio: N\/A.<\/li>\n<li style='margin-bottom: 5px; text-align: left;'>Puerto de red: 1 (10 \/ 100 Mbps).<\/li>\n<li style='margin-bottom: 5px; text-align: left;'>Soporta Onvif Profile S &#8211; T \/ ISAPI.<\/li>\n<\/ul><\/div>\n<\/p><\/div>\n<\/p><\/div>\n<\/p><\/div>\n<p> <!-- Banner final --> <\/p>\n<div style='width: 100%; margin: 30px 0;'> <img style='width: 100%; height: auto; border: none;' src='https:\/\/ftp3.syscom.mx\/usuarios\/yvalenzuela\/Hilook\/hiklook.jpg' alt=''> <\/div>\n<\/p><\/div>\n","protected":false},"excerpt":{"rendered":"<p>HiLook Series \/ Domo IP 4 Megapixel  \/ Lente 2.8 mm (Gran Angular) \/ 20 mts IR \/ Interior \/ PoE \/ dWDR \/ H.265+ \/ ONVIF<\/p>\n","protected":false},"featured_media":97237,"comment_status":"open","ping_status":"closed","template":"","meta":[],"product_brand":[],"product_cat":[2056],"product_tag":[122,2057,715],"class_list":{"0":"post-97238","1":"product","2":"type-product","3":"status-publish","4":"has-post-thumbnail","6":"product_cat-domo-eyeball-turret","7":"product_tag-camaras-ip-y-nvrs","8":"product_tag-domo-eyeball-turret","9":"product_tag-hilook-by-hikvision","11":"first","12":"instock","13":"sale","14":"shipping-taxable","15":"purchasable","16":"product-type-simple"},"_links":{"self":[{"href":"https:\/\/soydeaqui.ddns.net\/pachuca\/index.php\/wp-json\/wp\/v2\/product\/97238","targetHints":{"allow":["GET"]}}],"collection":[{"href":"https:\/\/soydeaqui.ddns.net\/pachuca\/index.php\/wp-json\/wp\/v2\/product"}],"about":[{"href":"https:\/\/soydeaqui.ddns.net\/pachuca\/index.php\/wp-json\/wp\/v2\/types\/product"}],"replies":[{"embeddable":true,"href":"https:\/\/soydeaqui.ddns.net\/pachuca\/index.php\/wp-json\/wp\/v2\/comments?post=97238"}],"wp:featuredmedia":[{"embeddable":true,"href":"https:\/\/soydeaqui.ddns.net\/pachuca\/index.php\/wp-json\/wp\/v2\/media\/97237"}],"wp:attachment":[{"href":"https:\/\/soydeaqui.ddns.net\/pachuca\/index.php\/wp-json\/wp\/v2\/media?parent=97238"}],"wp:term":[{"taxonomy":"product_brand","embeddable":true,"href":"https:\/\/soydeaqui.ddns.net\/pachuca\/index.php\/wp-json\/wp\/v2\/product_brand?post=97238"},{"taxonomy":"product_cat","embeddable":true,"href":"https:\/\/soydeaqui.ddns.net\/pachuca\/index.php\/wp-json\/wp\/v2\/product_cat?post=97238"},{"taxonomy":"product_tag","embeddable":true,"href":"https:\/\/soydeaqui.ddns.net\/pachuca\/index.php\/wp-json\/wp\/v2\/product_tag?post=97238"}],"curies":[{"name":"wp","href":"https:\/\/api.w.org\/{rel}","templated":true}]}}