{"id":97236,"date":"2026-03-20T08:47:44","date_gmt":"2026-03-20T08:47:44","guid":{"rendered":"https:\/\/soydeaqui.ddns.net\/pachuca\/index.php\/producto\/disco-de-12-de-60-dientes-con-puntas-de-carburo-para-cortar-metal\/"},"modified":"2026-03-20T08:47:47","modified_gmt":"2026-03-20T08:47:47","slug":"disco-de-12-de-60-dientes-con-puntas-de-carburo-para-cortar-metal","status":"publish","type":"product","link":"https:\/\/soydeaqui.ddns.net\/pachuca\/index.php\/producto\/disco-de-12-de-60-dientes-con-puntas-de-carburo-para-cortar-metal\/","title":{"rendered":"Disco de 12&#8243; de 60 Dientes con Puntas de Carburo para Cortar Metal"},"content":{"rendered":"<div style='width: 100%; max-width: 1200px; margin: 0 auto; font-family: sans-serif; line-height: 1.6; color: inherit; background-color: transparent;'>\n<p style='text-align: center; margin: 0;'> <img style='width: 100%; max-width: 350px; height: auto; border: 1px solid rgba(150&comma;150&comma;150&comma;0.3); border-radius: 8px; display: block; margin: 0 auto;' src='https:\/\/ftp3.syscom.mx\/usuarios\/nortega\/makita\/imagenes\/makita.png' alt=''> <\/p>\n<p style='margin-top: 20px; margin-bottom: 20px; font-size: 14px; color: inherit;'> <span style='color: inherit; background-color: transparent; font-family: inherit; font-size: 14px;'> La Hoja de 12&#8242; con Puntas de Carburo para Cortar Metal 60T de Makita es estupenda para hacer cortes en tuber\u00eda&comma; hierro angular&comma; canaletas y entubados. El dise\u00f1o de carburo dentado permite los cortes sin relieve y que son suaves al contacto. La hoja dura 50 veces m\u00e1s que un disco abrasivo equivalente. <\/span> <\/p>\n<div style='margin-bottom: 30px;'>\n<h3 style='font-size: 18px; border-bottom: 1px solid currentColor; padding-bottom: 5px; margin-top: 0; color: inherit; opacity: 0.8; text-transform: uppercase;'> Caracteristicas: <\/h3>\n<ul style='padding-left: 20px; font-size: 14px; margin-top: 15px; color: inherit; list-style-type: disc;'>\n<li style='margin-bottom: 10px;'> <strong style='color: inherit;'>Dise\u00f1o de puntas de carburo para cortes limpios y a\u00f1adir durabilidad<\/strong> <\/li>\n<li style='margin-bottom: 10px;'> <strong style='color: inherit;'>Tensadas por expertos para cortes verdaderos<\/strong> <\/li>\n<li style='margin-bottom: 10px;'> <strong style='color: inherit;'>Ideales para hacer cortes en metales ferrosos<\/strong> <\/li>\n<li style='margin-bottom: 10px;'> <strong style='color: inherit;'>Para usar con la Sierra para Metal de 12&#8242; de Makita<\/strong> <\/li>\n<\/ul><\/div>\n<div style='display: flex; flex-wrap: wrap; gap: 20px; margin-bottom: 30px;'>\n<div style='flex: 1 1 250px; min-width: 200px; border: 1px solid rgba(150&comma; 150&comma; 150&comma; 0.4); border-radius: 8px; overflow: hidden; display: flex; flex-direction: column;'>\n<div style='padding: 15px; border-bottom: 1px solid rgba(150&comma; 150&comma; 150&comma; 0.2); font-weight: bold; font-size: 16px; color: inherit;'> Especificaciones: <\/div>\n<div style='padding: 15px; color: inherit;'>\n<ul style='padding-left: 20px; margin: 0; font-size: 14px; list-style-type: disc;'>\n<li style='margin-bottom: 10px;'> <strong style='color: inherit;'>Durabilidad:<\/strong> Hasta 50 veces m\u00e1s que disco abrasivo <\/li>\n<li style='margin-bottom: 10px;'> <strong style='color: inherit;'>Aplicaciones:<\/strong> Tuber\u00eda&comma; hierro angular&comma; canaletas y entubados <\/li>\n<li style='margin-bottom: 10px;'> <strong style='color: inherit;'>Compatibilidad:<\/strong> Sierra para Metal de 12&#8242; de Makita <\/li>\n<\/ul><\/div>\n<\/p><\/div>\n<div style='flex: 1 1 250px; min-width: 200px; border: 1px solid rgba(150&comma; 150&comma; 150&comma; 0.4); border-radius: 8px; overflow: hidden; display: flex; flex-direction: column;'>\n<div style='padding: 15px; border-bottom: 1px solid rgba(150&comma; 150&comma; 150&comma; 0.2); font-weight: bold; font-size: 16px; color: inherit;'> Beneficios <\/div>\n<div style='padding: 15px; color: inherit;'>\n<ul style='padding-left: 20px; margin: 0; font-size: 14px; list-style-type: disc;'>\n<li style='margin-bottom: 10px;'> <strong style='color: inherit;'>Eficiencia:<\/strong> Corte limpio en metales ferrosos <\/li>\n<li style='margin-bottom: 10px;'> <strong style='color: inherit;'>Duraci\u00f3n:<\/strong> Mayor vida \u00fatil que discos abrasivos <\/li>\n<li style='margin-bottom: 10px;'> <strong style='color: inherit;'>Precisi\u00f3n:<\/strong> Corte sin relieve <\/li>\n<\/ul><\/div>\n<\/p><\/div>\n<\/p><\/div>\n<div style='display: flex; flex-wrap: wrap; gap: 20px; margin-bottom: 30px;'>\n<div style='flex: 1 1 250px; min-width: 200px;'>\n<div style='width: 100%; max-width: 100%;'> <img style='width: 100%; height: auto; border: 1px solid rgba(150&comma;150&comma;150&comma;0.3); border-radius: 8px;' src='data:image\/png;base64&comma;iVBORw0KGgoAAAANSUhEUgAAA2EAAAFmCAIAAABr9AX5AAAgAElEQVR4Ae2d73HjMM\/tn9JcT1zHfb7G81ZwbwEZF3BLyIzLyJbhdwASwAH\/yJLt7Cby8Ye1LJIg8CMJHVGO9z9XvkiABEiABEiABEiABEigJUCN2BLhZxIgARIgARIgARIgAZY4BwgARIgARIgARIgARK4JUCN+JYjz2hJgARIgARIgARK4JUCN+JYjz2hJgARIgARIgARI4JYANeJbjjyjJQESIAESIAESIIFbAtSIbzn2jJYESIAESIAESIAEbgkMNOJ\/AAy55z9201FqAAAAAElFTkSuQmCC' alt=''> <\/div>\n<\/p><\/div>\n<\/p><\/div>\n<hr style='border: 0; border-top: 1px solid rgba(150&comma; 150&comma; 150&comma; 0.3); margin: 30px 0;'> <\/div>\n","protected":false},"excerpt":{"rendered":"<p>Disco de 12&#8243; de 60 Dientes con Puntas de Carburo para Cortar Metal<\/p>\n","protected":false},"featured_media":97235,"comment_status":"open","ping_status":"closed","template":"","meta":[],"product_brand":[],"product_cat":[462],"product_tag":[25,131,252],"class_list":{"0":"post-97236","1":"product","2":"type-product","3":"status-publish","4":"has-post-thumbnail","6":"product_cat-herramientas-electricas-herramientas","7":"product_tag-herramientas","8":"product_tag-herramientas-electricas","9":"product_tag-makita","11":"first","12":"outofstock","13":"sale","14":"shipping-taxable","15":"purchasable","16":"product-type-simple"},"_links":{"self":[{"href":"https:\/\/soydeaqui.ddns.net\/pachuca\/index.php\/wp-json\/wp\/v2\/product\/97236","targetHints":{"allow":["GET"]}}],"collection":[{"href":"https:\/\/soydeaqui.ddns.net\/pachuca\/index.php\/wp-json\/wp\/v2\/product"}],"about":[{"href":"https:\/\/soydeaqui.ddns.net\/pachuca\/index.php\/wp-json\/wp\/v2\/types\/product"}],"replies":[{"embeddable":true,"href":"https:\/\/soydeaqui.ddns.net\/pachuca\/index.php\/wp-json\/wp\/v2\/comments?post=97236"}],"wp:featuredmedia":[{"embeddable":true,"href":"https:\/\/soydeaqui.ddns.net\/pachuca\/index.php\/wp-json\/wp\/v2\/media\/97235"}],"wp:attachment":[{"href":"https:\/\/soydeaqui.ddns.net\/pachuca\/index.php\/wp-json\/wp\/v2\/media?parent=97236"}],"wp:term":[{"taxonomy":"product_brand","embeddable":true,"href":"https:\/\/soydeaqui.ddns.net\/pachuca\/index.php\/wp-json\/wp\/v2\/product_brand?post=97236"},{"taxonomy":"product_cat","embeddable":true,"href":"https:\/\/soydeaqui.ddns.net\/pachuca\/index.php\/wp-json\/wp\/v2\/product_cat?post=97236"},{"taxonomy":"product_tag","embeddable":true,"href":"https:\/\/soydeaqui.ddns.net\/pachuca\/index.php\/wp-json\/wp\/v2\/product_tag?post=97236"}],"curies":[{"name":"wp","href":"https:\/\/api.w.org\/{rel}","templated":true}]}}