{"id":97228,"date":"2026-03-20T08:47:26","date_gmt":"2026-03-20T08:47:26","guid":{"rendered":"https:\/\/soydeaqui.ddns.net\/pachuca\/index.php\/producto\/traila-remolque-con-mastil-retractil-de-7-5-m-para-videovigilancia-o-iluminacion-con-capacidad-para-instalar-modulos-solares-y-baterias-no-incluidos\/"},"modified":"2026-03-20T08:47:32","modified_gmt":"2026-03-20T08:47:32","slug":"traila-remolque-con-mastil-retractil-de-7-5-m-para-videovigilancia-o-iluminacion-con-capacidad-para-instalar-modulos-solares-y-baterias-no-incluidos","status":"publish","type":"product","link":"https:\/\/soydeaqui.ddns.net\/pachuca\/index.php\/producto\/traila-remolque-con-mastil-retractil-de-7-5-m-para-videovigilancia-o-iluminacion-con-capacidad-para-instalar-modulos-solares-y-baterias-no-incluidos\/","title":{"rendered":"Traila \/ Remolque con M\u00e1stil Retr\u00e1ctil de 7.5 m. para Videovigilancia o Iluminaci\u00f3n, con capacidad para Instalar M\u00f3dulos Solares y Bater\u00edas (No incluidos)"},"content":{"rendered":"<div style='width: 100%; max-width: 1200px; margin: 0 auto; font-family: sans-serif; line-height: 1.6; color: inherit; background-color: transparent;'>\n<div style='display: flex; flex-wrap: wrap; gap: 30px; margin-bottom: 30px;'>\n<div style='flex: 1 1 300px; min-width: 280px;'> <img style='width: 100%; height: auto; border: 1px solid rgba(150&comma;150&comma;150&comma;0.3); border-radius: 8px;' src='https:\/\/ftp3.syscom.mx\/usuarios\/fotos\/logotipos\/precision.png' alt=''> <\/div>\n<\/p><\/div>\n<div style='display: flex; flex-wrap: wrap; gap: 30px; margin-bottom: 30px;'>\n<div style='flex: 1 1 300px; min-width: 280px;'>\n<h3 style='font-size: 22px; border-bottom: 2px solid currentColor; padding-bottom: 5px; margin-top: 0; color: inherit; opacity: 0.8;'>Descripci\u00f3n<\/h3>\n<p style='font-size: 15px; color: inherit;'>La traila PST-VTS-2P&comma; una soluci\u00f3n configurable para todas sus necesidades de videovigilancia o iluminaci\u00f3n m\u00f3vil. Dise\u00f1ada para adaptarse a cualquier situaci\u00f3n y ubicaci\u00f3n&comma; esta unidad avanzada ofrece una base s\u00f3lida para instalar sus propios equipos de seguridad o iluminaci\u00f3n&comma; garantizando una operaci\u00f3n continua y eficiente.<\/p>\n<\/p><\/div>\n<\/p><\/div>\n<div style='display: flex; flex-wrap: wrap; gap: 30px; margin-bottom: 30px;'>\n<div style='flex: 1 1 300px; min-width: 280px;'>\n<h3 style='font-size: 22px; border-bottom: 2px solid currentColor; padding-bottom: 5px; margin-top: 0; color: inherit; opacity: 0.8;'>Caracter\u00edsticas<\/h3>\n<ul style='padding-left: 20px; font-size: 15px; color: inherit;'>\n<li style='margin-bottom: 5px;'><strong>Versatilidad:<\/strong> Ideal para videovigilancia o iluminaci\u00f3n en eventos temporales&comma; sitios de construcci\u00f3n&comma; miner\u00eda&comma; estacionamientos y cualquier otra \u00e1rea que requiera soluciones m\u00f3viles temporales o permanentes.<\/li>\n<li style='margin-bottom: 5px;'><strong>Bases de Montaje:<\/strong> Equipado con bases robustas para instalar sus propios equipos de videovigilancia o iluminaci\u00f3n seg\u00fan sus necesidades espec\u00edficas.<\/li>\n<li style='margin-bottom: 5px;'><strong>Bases para Paneles Solares:<\/strong> Dise\u00f1adas para integrar paneles solares que proporcionan energ\u00eda aut\u00f3noma y sostenible.<\/li>\n<li style='margin-bottom: 5px;'><strong>Capacidad de Almacenamiento de Bater\u00edas:<\/strong> Espacio suficiente para almacenar bater\u00edas de larga duraci\u00f3n&comma; asegurando una operaci\u00f3n ininterrumpida.<\/li>\n<li style='margin-bottom: 5px;'><strong>M\u00e1stil Retr\u00e1ctil de 7.5 Metros:<\/strong> M\u00e1stil telesc\u00f3pico que permite un despliegue r\u00e1pido y seguro para una cobertura \u00f3ptima de vigilancia o iluminaci\u00f3n.<\/li>\n<li style='margin-bottom: 5px;'><strong>Construcci\u00f3n Robusta:<\/strong> Fabricado con materiales de alta durabilidad para resistir las condiciones clim\u00e1ticas m\u00e1s adversas.<\/li>\n<li style='margin-bottom: 5px;'><strong>F\u00e1cil Movilidad:<\/strong> Dise\u00f1o compacto y ligero para un transporte sencillo y r\u00e1pido despliegue en cualquier ubicaci\u00f3n.<\/li>\n<li style='margin-bottom: 5px;'><strong>Largo tiempo de Vida:<\/strong> Superior a 10 a\u00f1os (seg\u00fan mantenimiento)&comma; doble capa de pintura en Polvo.<\/li>\n<li style='margin-bottom: 5px;'><strong>El Equipo se env\u00eda sin ensamblar.<\/strong><\/li>\n<\/ul><\/div>\n<\/p><\/div>\n<div style='display: flex; flex-wrap: wrap; gap: 30px; margin-bottom: 30px;'>\n<div style='flex: 1 1 300px; min-width: 280px;'> <img style='width: 100%; height: auto; border: 1px solid rgba(150&comma;150&comma;150&comma;0.3); border-radius: 8px;' src='https:\/\/ftp3.syscom.mx\/usuarios\/fotos\/TG45K\/75918-esp.jpg' alt=''> <\/div>\n<\/p><\/div>\n<div style='display: flex; flex-wrap: wrap; gap: 30px; margin-bottom: 30px;'>\n<div style='flex: 1 1 300px; min-width: 280px;'>\n<h3 style='font-size: 22px; border-bottom: 2px solid currentColor; padding-bottom: 5px; margin-top: 0; color: inherit; opacity: 0.8;'>Accesorios Complementarios No incluidos<\/h3>\n<div style='overflow-x: auto;'>\n<table style='width: 100%; border-collapse: collapse; color: inherit;'>\n<thead style='background-color: rgba(150&comma;150&comma;150&comma;0.1);'>\n<tr>\n<th style='padding: 12px; border: 1px solid rgba(150&comma;150&comma;150&comma;0.3); text-align: left;'>Modelo<\/th>\n<th style='padding: 12px; border: 1px solid rgba(150&comma;150&comma;150&comma;0.3); text-align: left;'>Descripci\u00f3n<\/th>\n<\/tr>\n<\/thead>\n<tbody>\n<tr>\n<td style='padding: 10px; border: 1px solid rgba(150&comma;150&comma;150&comma;0.3);'> <a style='color: inherit; text-decoration: none; font-weight: bold;' href='https:\/\/www.syscom.mx\/principal\/searchcont?route=ETM760BH450WW-ETSOLAR-\/-ELITEsolar-231132&#038;autodetect=ETM760BH450WW'>ETM760BH450WW<\/a> <\/td>\n<td style='padding: 10px; border: 1px solid rgba(150&comma;150&comma;150&comma;0.3);'>Modulo solar de 450W<\/td>\n<\/tr>\n<tr>\n<td style='padding: 10px; border: 1px solid rgba(150&comma;150&comma;150&comma;0.3);'> <a style='color: inherit; text-decoration: none; font-weight: bold;' href='https:\/\/www.syscom.mx\/principal\/searchcont?route=PL-110-D12-EPCOM-POWERLINE-71055&#038;autodetect=pl'>PL-110-D12<\/a> <\/td>\n<td style='padding: 10px; border: 1px solid rgba(150&comma;150&comma;150&comma;0.3);'>Bater\u00eda 12 Vcc \/ 110 Ah \/ Ciclo Profundo \/ AGM-VRLA<\/td>\n<\/tr>\n<tr>\n<td style='padding: 10px; border: 1px solid rgba(150&comma;150&comma;150&comma;0.3);'> <a style='color: inherit; text-decoration: none; font-weight: bold;' href='https:\/\/www.syscom.mx\/principal\/searchcont?route=XTRA-4210-N-EPEVER-144598&#038;autodetect=XTRA-4210-N'>XTRA-4210-N<\/a> <\/td>\n<td style='padding: 10px; border: 1px solid rgba(150&comma;150&comma;150&comma;0.3);'>Controlador Solar MPPT 40A 12\/24V<\/td>\n<\/tr>\n<\/tbody>\n<\/table><\/div>\n<\/p><\/div>\n<\/p><\/div>\n<div style='display: flex; flex-wrap: wrap; gap: 30px; margin-bottom: 30px;'>\n<div style='flex: 1 1 300px; min-width: 280px;'>\n<ul style='padding-left: 20px; font-size: 15px; color: inherit;'>\n<li style='margin-bottom: 5px;'><strong>*<\/strong> No Incluye M\u00f3dulos Solares ni Bater\u00edas.<\/li>\n<li style='margin-bottom: 5px;'><strong>*<\/strong> Incluye rines y accesorios que deben ser montados por el usuario.<\/li>\n<\/ul><\/div>\n<\/p><\/div>\n<\/p><\/div>\n","protected":false},"excerpt":{"rendered":"<p>Traila \/ Remolque con M\u00e1stil Retr\u00e1ctil de 7.5 m. para Videovigilancia o Iluminaci\u00f3n, con capacidad para Instalar M\u00f3dulos Solares y Bater\u00edas (No incluidos)<\/p>\n","protected":false},"featured_media":97227,"comment_status":"open","ping_status":"closed","template":"","meta":[],"product_brand":[],"product_cat":[1224],"product_tag":[122,248,1225],"class_list":{"0":"post-97228","1":"product","2":"type-product","3":"status-publish","4":"has-post-thumbnail","6":"product_cat-ptz","7":"product_tag-camaras-ip-y-nvrs","8":"product_tag-precision","9":"product_tag-ptz","11":"first","12":"outofstock","13":"sale","14":"shipping-taxable","15":"purchasable","16":"product-type-simple"},"_links":{"self":[{"href":"https:\/\/soydeaqui.ddns.net\/pachuca\/index.php\/wp-json\/wp\/v2\/product\/97228","targetHints":{"allow":["GET"]}}],"collection":[{"href":"https:\/\/soydeaqui.ddns.net\/pachuca\/index.php\/wp-json\/wp\/v2\/product"}],"about":[{"href":"https:\/\/soydeaqui.ddns.net\/pachuca\/index.php\/wp-json\/wp\/v2\/types\/product"}],"replies":[{"embeddable":true,"href":"https:\/\/soydeaqui.ddns.net\/pachuca\/index.php\/wp-json\/wp\/v2\/comments?post=97228"}],"wp:featuredmedia":[{"embeddable":true,"href":"https:\/\/soydeaqui.ddns.net\/pachuca\/index.php\/wp-json\/wp\/v2\/media\/97227"}],"wp:attachment":[{"href":"https:\/\/soydeaqui.ddns.net\/pachuca\/index.php\/wp-json\/wp\/v2\/media?parent=97228"}],"wp:term":[{"taxonomy":"product_brand","embeddable":true,"href":"https:\/\/soydeaqui.ddns.net\/pachuca\/index.php\/wp-json\/wp\/v2\/product_brand?post=97228"},{"taxonomy":"product_cat","embeddable":true,"href":"https:\/\/soydeaqui.ddns.net\/pachuca\/index.php\/wp-json\/wp\/v2\/product_cat?post=97228"},{"taxonomy":"product_tag","embeddable":true,"href":"https:\/\/soydeaqui.ddns.net\/pachuca\/index.php\/wp-json\/wp\/v2\/product_tag?post=97228"}],"curies":[{"name":"wp","href":"https:\/\/api.w.org\/{rel}","templated":true}]}}