{"id":97219,"date":"2026-03-20T08:47:04","date_gmt":"2026-03-20T08:47:04","guid":{"rendered":"https:\/\/soydeaqui.ddns.net\/pachuca\/index.php\/producto\/dual-light-colorvu-turret-turbohd-2-megapixel-1080p-lente-2-8-mm-30-mts-ir-20-mts-luz-blanca-gran-angular-101-exterior-ip67-microfono-integrado-4-tecnologias-metal\/"},"modified":"2026-03-20T08:47:04","modified_gmt":"2026-03-20T08:47:04","slug":"dual-light-colorvu-turret-turbohd-2-megapixel-1080p-lente-2-8-mm-30-mts-ir-20-mts-luz-blanca-gran-angular-101-exterior-ip67-microfono-integrado-4-tecnologias-metal","status":"publish","type":"product","link":"https:\/\/soydeaqui.ddns.net\/pachuca\/index.php\/producto\/dual-light-colorvu-turret-turbohd-2-megapixel-1080p-lente-2-8-mm-30-mts-ir-20-mts-luz-blanca-gran-angular-101-exterior-ip67-microfono-integrado-4-tecnologias-metal\/","title":{"rendered":"[Dual Light + ColorVu] Turret TURBOHD 2 Megapixel (1080p) \/ Lente 2.8 mm \/ 30 mts IR + 20 mts Luz Blanca \/ Gran Angular 101\u00b0 \/ Exterior IP67 \/ Micr\u00f3fono Integrado \/  4 Tecnolog\u00edas \/  Metal"},"content":{"rendered":"<div style='width: 100%; max-width: 1200px; margin: 0 auto; font-family: sans-serif; line-height: 1.6; color: inherit; background-color: transparent;'>\n<p style='text-align: center; margin: 0;'><img style='width: 100%; height: auto; border: 1px solid rgba(150&comma;150&comma;150&comma;0.3); border-radius: 8px;' src='https:\/\/ftp3.syscom.mx\/usuarios\/nicolas.jimenez\/epcom-2.png' alt=''><\/p>\n<p style='text-align: center; margin: 20px 0;'><strong style='font-size: 14px; color: inherit; opacity: 0.8;'><span style='font-family: Verdana&comma; Geneva&comma; sans-serif;'>Audio&comma; Video y Datos por el Mismo Cable<\/span><\/strong><\/p>\n<p style='margin: 0;'><img style='width: 100%; height: auto; border: 1px solid rgba(150&comma;150&comma;150&comma;0.3); border-radius: 8px;' src='https:\/\/ftp3.syscom.mx\/usuarios\/jsosa\/HIKVISION\/imagenes\/coaxitron\/coaxitron.jpg' alt=''><\/p>\n<p style='text-align: left; margin: 20px 0;'><img style='width: 100%; height: auto; border: 1px solid rgba(150&comma;150&comma;150&comma;0.3); border-radius: 8px;' src='https:\/\/ftp3.syscom.mx\/usuarios\/fotos\/DS2CE16D0TLFS\/207843-dual_light2.png' alt=''><\/p>\n<div style='display: flex; flex-wrap: wrap; gap: 30px; margin-top: 30px;'>\n<div style='flex: 1 1 300px; min-width: 280px;'>\n<div style='border-left: 5px solid #0091ff; border-radius: 5px; padding: 5px; box-shadow: 2px 2px 10px rgba(150&comma;150&comma;150&comma;0.2);'>\n<h3 style='font-size: 18px; margin-top: 0; margin-bottom: 15px; color: inherit; opacity: 0.8;'><span style='font-family: Verdana&comma; Geneva&comma; sans-serif;'><strong>Caracter\u00edsticas principales:<\/strong><\/span><\/h3>\n<ul style='padding-left: 20px; font-size: 14px; color: inherit;'>\n<li style='margin-bottom: 8px;'><span style='font-family: Verdana&comma; Geneva&comma; sans-serif; font-size: 12pt;'>Resoluci\u00f3n m\u00e1xima: 2 Megapixel (1920 x 1080).<\/span><\/li>\n<li style='margin-bottom: 8px;'><span style='font-family: Verdana&comma; Geneva&comma; sans-serif; font-size: 12pt;'>Lente fijo: 2.8 mm (angulo de visi\u00f3n 101\u00b0).<\/span><\/li>\n<li style='margin-bottom: 8px;'><span style='font-family: Verdana&comma; Geneva&comma; sans-serif; font-size: 12pt;'>30 mts smart IR (vision nocturna).<\/span><\/li>\n<li style='margin-bottom: 8px;'><span style='font-family: Verdana&comma; Geneva&comma; sans-serif; font-size: 12pt;'>20 mts Luz Blanca<\/span><\/li>\n<li style='margin-bottom: 8px;'><span style='font-family: Verdana&comma; Geneva&comma; sans-serif; font-size: 12pt;'>Soporta las 4 tecnolog\u00edas del mercado (TVI \/ AHD \/ CVI \/ CVBS).<\/span><\/li>\n<li style='margin-bottom: 8px;'><span style='font-family: Verdana&comma; Geneva&comma; sans-serif; font-size: 12pt;'>dWDR.<\/span><\/li>\n<li style='margin-bottom: 8px;'><span style='font-family: Verdana&comma; Geneva&comma; sans-serif; font-size: 12pt;'>Soporta coaxitron.<\/span><\/li>\n<li style='margin-bottom: 8px;'><span style='font-family: Verdana&comma; Geneva&comma; sans-serif; font-size: 12pt;'><strong>Nota:<\/strong> El audio por coaxitron se env\u00eda \u00fanicamente por tecnolog\u00eda TVI.<\/span><\/li>\n<\/ul><\/div>\n<\/p><\/div>\n<div style='flex: 1 1 300px; min-width: 280px;'>\n<div style='border-left: 5px solid #0091ff; border-radius: 5px; padding: 5px; box-shadow: 2px 2px 10px rgba(150&comma;150&comma;150&comma;0.2);'>\n<h3 style='font-size: 18px; margin-top: 0; margin-bottom: 15px; color: inherit; opacity: 0.8;'><span style='font-family: Verdana&comma; Geneva&comma; sans-serif;'><strong>Caracter\u00edsticas F\u00edsicas y El\u00e9ctricas:<\/strong><\/span><\/h3>\n<ul style='padding-left: 20px; font-size: 14px; color: inherit;'>\n<li style='margin-bottom: 8px;'><span style='font-family: Verdana&comma; Geneva&comma; sans-serif; font-size: 12pt;'>Alimentaci\u00f3n \/ Consumo: 12 Vcc \/ 3.3 Watts.<\/span><\/li>\n<li style='margin-bottom: 8px;'><span style='font-family: Verdana&comma; Geneva&comma; sans-serif; font-size: 12pt;'>Protecci\u00f3n: IP67 (interior \/ exterior).<\/span><\/li>\n<li style='margin-bottom: 8px;'><span style='font-family: Verdana&comma; Geneva&comma; sans-serif; font-size: 12pt;'>Fabricada en metal.<\/span><\/li>\n<li style='margin-bottom: 8px;'><span style='font-family: Verdana&comma; Geneva&comma; sans-serif; font-size: 12pt;'>Peso: 266 gramos.<\/span><\/li>\n<\/ul>\n<h4 style='font-size: 16px; margin-top: 20px; margin-bottom: 10px; color: inherit; opacity: 0.8;'><span style='font-family: Verdana&comma; Geneva&comma; sans-serif;'><strong>Accesorios:<\/strong><\/span><\/h4>\n<ul style='padding-left: 20px; font-size: 14px; color: inherit;'>\n<li style='margin-bottom: 8px;'><span style='font-family: Verdana&comma; Geneva&comma; sans-serif; font-size: 12pt;'>Caja de conexiones&comma; modelo: <a href='https:\/\/www.syscom.mx\/producto\/DS-1280ZJ-XS-HIKVISION-84491.html' target='_blank' rel='noopener' style='color: #0091ff; text-decoration: none; font-weight: bold;'>DS-1280ZJ-XS<\/a><\/span><\/li>\n<\/ul><\/div>\n<\/p><\/div>\n<div style='flex: 1 1 300px; min-width: 280px;'>\n<div style='border-left: 5px solid #0091ff; border-radius: 5px; padding: 5px; box-shadow: 2px 2px 10px rgba(150&comma;150&comma;150&comma;0.2);'>\n<h3 style='font-size: 18px; margin-top: 0; margin-bottom: 15px; color: inherit; opacity: 0.8;'><span style='font-family: Verdana&comma; Geneva&comma; sans-serif;'><strong>Caracter\u00edsticas Destacadas:<\/strong><\/span><\/h3>\n<p style='margin-bottom: 10px;'><span style='font-family: Verdana&comma; Geneva&comma; sans-serif; font-size: 12pt;'>La c\u00e1mara cuenta con un micr\u00f3fono interconstruido&comma; el cual no requiere cables adicionales para poder transmitir el audio.<\/span><\/p>\n<p style='margin-bottom: 0;'><span style='font-family: Verdana&comma; Geneva&comma; sans-serif; font-size: 12pt;'>La funci\u00f3n de Luz Dual (Dual Light) permite que la c\u00e1mara cuando este en modo noche (con IR encendido) pueda activar su luz blanca para grabar a color cuando ocurra un evento (detecci\u00f3n de movimiento&comma; cruce de linea&comma; entrada de area). La comunicaci\u00f3n de activar luz blanca unicamente funciona en modo TVI (TURBOHD) y con grabadores con versiones de firmware 4.26 o superior.<\/span><\/p>\n<\/p><\/div>\n<\/p><\/div>\n<\/p><\/div>\n<div style='display: flex; flex-wrap: wrap; gap: 20px; margin-top: 40px;'>\n<div style='flex: 1 1 100%; text-align: center;'>\n<p style='margin: 0;'><strong style='font-size: 14px; color: inherit; opacity: 0.8;'><span style='font-family: Verdana&comma; Geneva&comma; sans-serif;'>Descarga de recursos<\/span><\/strong><\/p>\n<\/p><\/div>\n<\/p><\/div>\n<\/p><\/div>\n","protected":false},"excerpt":{"rendered":"<p>[Dual Light + ColorVu] Turret TURBOHD 2 Megapixel (1080p) \/ Lente 2.8 mm \/ 30 mts IR + 20 mts Luz Blanca \/ Gran Angular 101\u00b0 \/ Exterior IP67 \/ Micr\u00f3fono Integrado \/  4 Tecnolog\u00edas \/  Metal<\/p>\n","protected":false},"featured_media":97218,"comment_status":"open","ping_status":"closed","template":"","meta":[],"product_brand":[],"product_cat":[2269],"product_tag":[2255,2057,2257],"class_list":{"0":"post-97219","1":"product","2":"type-product","3":"status-publish","4":"has-post-thumbnail","6":"product_cat-domo-eyeball-turret-camaras-y-dvrs-hd-turbohd-ahd-hd-tvi","7":"product_tag-camaras-y-dvrs-hd-turbohd-ahd-hd-tvi","8":"product_tag-domo-eyeball-turret","9":"product_tag-epcom-professional","11":"first","12":"instock","13":"sale","14":"shipping-taxable","15":"purchasable","16":"product-type-simple"},"_links":{"self":[{"href":"https:\/\/soydeaqui.ddns.net\/pachuca\/index.php\/wp-json\/wp\/v2\/product\/97219","targetHints":{"allow":["GET"]}}],"collection":[{"href":"https:\/\/soydeaqui.ddns.net\/pachuca\/index.php\/wp-json\/wp\/v2\/product"}],"about":[{"href":"https:\/\/soydeaqui.ddns.net\/pachuca\/index.php\/wp-json\/wp\/v2\/types\/product"}],"replies":[{"embeddable":true,"href":"https:\/\/soydeaqui.ddns.net\/pachuca\/index.php\/wp-json\/wp\/v2\/comments?post=97219"}],"wp:featuredmedia":[{"embeddable":true,"href":"https:\/\/soydeaqui.ddns.net\/pachuca\/index.php\/wp-json\/wp\/v2\/media\/97218"}],"wp:attachment":[{"href":"https:\/\/soydeaqui.ddns.net\/pachuca\/index.php\/wp-json\/wp\/v2\/media?parent=97219"}],"wp:term":[{"taxonomy":"product_brand","embeddable":true,"href":"https:\/\/soydeaqui.ddns.net\/pachuca\/index.php\/wp-json\/wp\/v2\/product_brand?post=97219"},{"taxonomy":"product_cat","embeddable":true,"href":"https:\/\/soydeaqui.ddns.net\/pachuca\/index.php\/wp-json\/wp\/v2\/product_cat?post=97219"},{"taxonomy":"product_tag","embeddable":true,"href":"https:\/\/soydeaqui.ddns.net\/pachuca\/index.php\/wp-json\/wp\/v2\/product_tag?post=97219"}],"curies":[{"name":"wp","href":"https:\/\/api.w.org\/{rel}","templated":true}]}}