{"id":97206,"date":"2026-03-20T08:46:31","date_gmt":"2026-03-20T08:46:31","guid":{"rendered":"https:\/\/soydeaqui.ddns.net\/pachuca\/index.php\/producto\/dual-light-colorvu-turret-turbohd-3k-5-megapixel-lente-2-8-mm-30-mts-ir-20-mts-luz-blanca-gran-angular-104-9-exterior-ip67-microfono-integrado-dwdr-4-tecnologias-metal-2\/"},"modified":"2026-03-20T08:46:31","modified_gmt":"2026-03-20T08:46:31","slug":"dual-light-colorvu-turret-turbohd-3k-5-megapixel-lente-2-8-mm-30-mts-ir-20-mts-luz-blanca-gran-angular-104-9-exterior-ip67-microfono-integrado-dwdr-4-tecnologias-metal-2","status":"publish","type":"product","link":"https:\/\/soydeaqui.ddns.net\/pachuca\/index.php\/producto\/dual-light-colorvu-turret-turbohd-3k-5-megapixel-lente-2-8-mm-30-mts-ir-20-mts-luz-blanca-gran-angular-104-9-exterior-ip67-microfono-integrado-dwdr-4-tecnologias-metal-2\/","title":{"rendered":"[Dual Light + ColorVu] Turret TURBOHD 3K (5 Megapixel) \/ Lente 2.8 mm \/ 30 mts IR + 20 mts Luz Blanca \/ Gran Angular 104.9\u00b0 \/ Exterior IP67 \/ Micr\u00f3fono Integrado \/ dWDR \/ 4 Tecnolog\u00edas \/ Metal"},"content":{"rendered":"<div style='width: 100%; max-width: 1200px; margin: 0 auto; font-family: sans-serif; line-height: 1.6; color: inherit; background-color: transparent;'>\n<p style='text-align: center; margin: 0; padding: 15px 0;'><img style='width: 100%; height: auto; border: 1px solid rgba(150&comma;150&comma;150&comma;0.3); border-radius: 8px;' src='https:\/\/ftp3.syscom.mx\/usuarios\/nicolas.jimenez\/epcom-2.png' alt=''><\/p>\n<p style='text-align: center; margin: 0; padding: 15px 0;'><img style='width: 100%; height: auto; border: 1px solid rgba(150&comma;150&comma;150&comma;0.3); border-radius: 8px;' src='https:\/\/ftp3.syscom.mx\/usuarios\/jsosa\/HIKVISION\/imagenes\/coaxitron\/coaxitron.jpg' alt=''><\/p>\n<p style='text-align: center; margin: 0; padding: 15px 0;'><img style='width: 100%; height: auto; border: 1px solid rgba(150&comma;150&comma;150&comma;0.3); border-radius: 8px;' src='https:\/\/ftp3.syscom.mx\/usuarios\/fotos\/DS2CE16D0TLFS\/207843-dual_light2.png' alt=''><\/p>\n<div style='display: flex; flex-wrap: wrap; gap: 30px; margin: 30px 0;'>\n<div style='flex: 1 1 300px; min-width: 280px;'>\n<h3 style='font-size: 22px; border-bottom: 2px solid currentColor; padding-bottom: 5px; margin-top: 0; color: inherit; opacity: 0.8;'>Caracter\u00edsticas principales<\/h3>\n<ul style='padding-left: 20px; font-size: 15px; color: inherit;'>\n<li style='margin-bottom: 5px;'>Resoluci\u00f3n m\u00e1xima: 3K (2960 x 1665)<\/li>\n<li style='margin-bottom: 5px;'>Lente fijo: 2.8 mm (\u00e1ngulo de visi\u00f3n 104.9\u00b0)<\/li>\n<li style='margin-bottom: 5px;'>30 mts smart IR (visi\u00f3n nocturna blanco y negro)<\/li>\n<li style='margin-bottom: 5px;'>20 mts Luz Blanca<\/li>\n<li style='margin-bottom: 5px;'>Soporta las 4 tecnolog\u00edas del mercado (TVI \/ AHD \/ CVI \/ CVBS)\n<ul style='margin: 8px 0 0 20px; padding: 0;'>\n<li style='margin-bottom: 5px;'>TVI: 3K@20fps&comma; <a href='mailto:4MP@25fp' style='color: inherit; text-decoration: underline;'>4MP@25fps<\/a>&comma; <a href='mailto:2MP@30fps&comma;' style='color: inherit; text-decoration: underline;'>2MP@30fps<\/a><\/li>\n<li style='margin-bottom: 5px;'>AHD: <a href='mailto:5MP@20fps&comma;' style='color: inherit; text-decoration: underline;'>5MP@20fps<\/a>&comma; <a href='mailto:4MP@30fps' style='color: inherit; text-decoration: underline;'>4MP@30fps<\/a><\/li>\n<li style='margin-bottom: 5px;'>CVI: <a href='mailto:4MP@30fps' style='color: inherit; text-decoration: underline;'>4MP@30fps<\/a><\/li>\n<li style='margin-bottom: 5px;'>CVBS: PAL\/NTSC<\/li>\n<\/ul>\n<\/li>\n<li style='margin-bottom: 5px;'>DWDR<\/li>\n<li style='margin-bottom: 5px;'>Soporta audio por coaxitron<\/li>\n<li style='margin-bottom: 5px;'><strong>Nota:<\/strong> El audio por coaxitron se env\u00eda \u00fanicamente por tecnolog\u00eda TVI<\/li>\n<\/ul><\/div>\n<div style='flex: 1 1 300px; min-width: 280px;'>\n<h3 style='font-size: 22px; border-bottom: 2px solid currentColor; padding-bottom: 5px; margin-top: 0; color: inherit; opacity: 0.8;'>Caracter\u00edsticas F\u00edsicas y El\u00e9ctricas<\/h3>\n<ul style='padding-left: 20px; font-size: 15px; color: inherit;'>\n<li style='margin-bottom: 5px;'>Alimentaci\u00f3n \/ Consumo: 12 Vcc \/ 2.9 Watts<\/li>\n<li style='margin-bottom: 5px;'>Protecci\u00f3n: IP67 (interior \/ exterior)<\/li>\n<li style='margin-bottom: 5px;'>Fabricada en metal<\/li>\n<li style='margin-bottom: 5px;'>Peso: 300 gramos<\/li>\n<\/ul>\n<h3 style='font-size: 20px; border-bottom: 1px solid rgba(150&comma;150&comma;150&comma;0.3); padding-bottom: 5px; margin-top: 25px; margin-bottom: 15px; color: inherit; opacity: 0.8;'>Accesorios<\/h3>\n<ul style='padding-left: 20px; font-size: 15px; color: inherit;'>\n<li style='margin-bottom: 5px;'>Caja de conexiones&comma; modelo: <a href='https:\/\/www.syscom.mx\/producto\/DS-1280ZJ-XS-HIKVISION-84491.html' target='_blank' rel='noopener' style='color: inherit; text-decoration: underline;'>DS-1280ZJ-XS<\/a><\/li>\n<li style='margin-bottom: 5px;'>Montaje de pared&comma; DS-1272ZJ-110-TRS<\/li>\n<\/ul><\/div>\n<div style='flex: 1 1 300px; min-width: 280px;'>\n<h3 style='font-size: 22px; border-bottom: 2px solid currentColor; padding-bottom: 5px; margin-top: 0; color: inherit; opacity: 0.8;'>Caracter\u00edsticas Destacadas<\/h3>\n<p style='font-size: 15px; color: inherit; margin-bottom: 15px;'>La c\u00e1mara cuenta con un micr\u00f3fono interconstruido&comma; el cual no requiere cables adicionales para poder transmitir el audio.<\/p>\n<p style='font-size: 15px; color: inherit;'>La funci\u00f3n de Luz Dual (Dual Light) permite que la c\u00e1mara cuando este en modo noche (con IR encendido) pueda activar su luz blanca para grabar a color cuando ocurra un evento (detecci\u00f3n de movimiento&comma; cruce de l\u00ednea&comma; entrada de \u00e1rea). La comunicaci\u00f3n de activar luz blanca \u00fanicamente funciona en modo TVI (TURBOHD) y con grabadores con versiones de firmware 4.26 o superior.<\/p>\n<\/p><\/div>\n<\/p><\/div>\n<\/p><\/div>\n","protected":false},"excerpt":{"rendered":"<p>[Dual Light + ColorVu] Turret TURBOHD 3K (5 Megapixel) \/ Lente 2.8 mm \/ 30 mts IR + 20 mts Luz Blanca \/ Gran Angular 104.9\u00b0 \/ Exterior IP67 \/ Micr\u00f3fono Integrado \/ dWDR \/ 4 Tecnolog\u00edas \/ Metal<\/p>\n","protected":false},"featured_media":97205,"comment_status":"open","ping_status":"closed","template":"","meta":[],"product_brand":[],"product_cat":[2269],"product_tag":[2255,2057,2257],"class_list":{"0":"post-97206","1":"product","2":"type-product","3":"status-publish","4":"has-post-thumbnail","6":"product_cat-domo-eyeball-turret-camaras-y-dvrs-hd-turbohd-ahd-hd-tvi","7":"product_tag-camaras-y-dvrs-hd-turbohd-ahd-hd-tvi","8":"product_tag-domo-eyeball-turret","9":"product_tag-epcom-professional","11":"first","12":"instock","13":"sale","14":"shipping-taxable","15":"purchasable","16":"product-type-simple"},"_links":{"self":[{"href":"https:\/\/soydeaqui.ddns.net\/pachuca\/index.php\/wp-json\/wp\/v2\/product\/97206","targetHints":{"allow":["GET"]}}],"collection":[{"href":"https:\/\/soydeaqui.ddns.net\/pachuca\/index.php\/wp-json\/wp\/v2\/product"}],"about":[{"href":"https:\/\/soydeaqui.ddns.net\/pachuca\/index.php\/wp-json\/wp\/v2\/types\/product"}],"replies":[{"embeddable":true,"href":"https:\/\/soydeaqui.ddns.net\/pachuca\/index.php\/wp-json\/wp\/v2\/comments?post=97206"}],"wp:featuredmedia":[{"embeddable":true,"href":"https:\/\/soydeaqui.ddns.net\/pachuca\/index.php\/wp-json\/wp\/v2\/media\/97205"}],"wp:attachment":[{"href":"https:\/\/soydeaqui.ddns.net\/pachuca\/index.php\/wp-json\/wp\/v2\/media?parent=97206"}],"wp:term":[{"taxonomy":"product_brand","embeddable":true,"href":"https:\/\/soydeaqui.ddns.net\/pachuca\/index.php\/wp-json\/wp\/v2\/product_brand?post=97206"},{"taxonomy":"product_cat","embeddable":true,"href":"https:\/\/soydeaqui.ddns.net\/pachuca\/index.php\/wp-json\/wp\/v2\/product_cat?post=97206"},{"taxonomy":"product_tag","embeddable":true,"href":"https:\/\/soydeaqui.ddns.net\/pachuca\/index.php\/wp-json\/wp\/v2\/product_tag?post=97206"}],"curies":[{"name":"wp","href":"https:\/\/api.w.org\/{rel}","templated":true}]}}