{"id":97197,"date":"2026-03-20T08:46:08","date_gmt":"2026-03-20T08:46:08","guid":{"rendered":"https:\/\/soydeaqui.ddns.net\/pachuca\/index.php\/producto\/ptz-ip-4-megapixel-36x-zoom-300-mts-ir-autoseguimiento-darkfighter-2-0-wdr-150-db-eis-deep-learning-ip67-ik10-rapid-focus-poe-alarmas-i-o-captura-facial\/"},"modified":"2026-03-20T08:46:10","modified_gmt":"2026-03-20T08:46:10","slug":"ptz-ip-4-megapixel-36x-zoom-300-mts-ir-autoseguimiento-darkfighter-2-0-wdr-150-db-eis-deep-learning-ip67-ik10-rapid-focus-poe-alarmas-i-o-captura-facial","status":"publish","type":"product","link":"https:\/\/soydeaqui.ddns.net\/pachuca\/index.php\/producto\/ptz-ip-4-megapixel-36x-zoom-300-mts-ir-autoseguimiento-darkfighter-2-0-wdr-150-db-eis-deep-learning-ip67-ik10-rapid-focus-poe-alarmas-i-o-captura-facial\/","title":{"rendered":"PTZ IP 4 Megapixel  \/ 36X Zoom \/ 300 mts IR \/ AutoSeguimiento \/ DARKFIGHTER 2.0 \/ WDR 150 dB \/ EIS \/ Deep Learning \/ IP67 \/ IK10 \/ Rapid Focus \/ PoE++ \/ Alarmas I\/O \/ Captura Facial"},"content":{"rendered":"<div style='width: 100%; max-width: 1200px; margin: 0 auto; font-family: sans-serif; line-height: 1.6; color: inherit; background-color: transparent;'> <!-- Banner inicial --> <\/p>\n<div style='text-align: center; margin: 30px 0;'> <img style='width: 45%; height: auto; border: 1px solid rgba(150&comma;150&comma;150&comma;0.3); border-radius: 8px;' src='https:\/\/ftp3.syscom.mx\/usuarios\/jsosa\/HIKVISION\/imagenes\/logo\/hikvision%20see%20far.png' alt='Banner Inicial'> <\/div>\n<p> <!-- Video Principal --> <\/p>\n<div style='position: relative; padding-bottom: 56.25%; height: 0; overflow: hidden; margin: 30px 0;'>   <\/div>\n<p> <!-- Secci\u00f3n de caracter\u00edsticas --> <\/p>\n<div style='display: flex; flex-wrap: wrap; gap: 30px; margin: 30px 0;'>\n<div style='flex: 1 1 300px; min-width: 280px;'>\n<h3 style='font-size: 22px; border-bottom: 2px solid currentColor; padding-bottom: 5px; margin-top: 0; color: inherit; opacity: 0.8;'>Caracter\u00edsticas Principales<\/h3>\n<ul style='padding-left: 20px; font-size: 15px; color: inherit;'>\n<li style='margin-bottom: 5px;'><strong>Resoluci\u00f3n m\u00e1xima:<\/strong> 4 Megapixel (2560 x 1440)<\/li>\n<li style='margin-bottom: 5px;'><strong>Iluminaci\u00f3n m\u00ednima:<\/strong> 0.005 Lux @ (F1.2&comma; AGC ON)<\/li>\n<li style='margin-bottom: 5px;'><strong>D\u00eda \/ Noche Real:<\/strong> Filtro ICR<\/li>\n<li style='margin-bottom: 5px;'><strong>Distancia focal:<\/strong> 6.0 a 216 mm (36X zoom \u00f3ptico \/ 16X zoom digital)<\/li>\n<li style='margin-bottom: 5px;'><strong>Distancia de infrarrojo:<\/strong> 300 mts Smart IR<\/li>\n<li style='margin-bottom: 5px;'><strong>Funciones:<\/strong> HLC \/ ROI \/ WDR 120 dB \/ BLC \/ Intrusi\u00f3n de \u00e1rea \/ Cruece de l\u00ednea \/ Defog \/ EIS<\/li>\n<li style='margin-bottom: 5px;'><strong>Compresi\u00f3n:<\/strong> H.265+ \/ H.265 \/ H.264+ \/ H.264<\/li>\n<li style='margin-bottom: 5px;'><strong>Plataforma compatible:<\/strong> Hik-Connect <a style='color: inherit; text-decoration: underline;' href='https:\/\/appstore.hikvision.com\/' target='_blank' rel='noopener'>https:\/\/appstore.hikvision.com\/<\/a><\/li>\n<\/ul><\/div>\n<div style='flex: 1 1 300px; min-width: 280px;'>\n<h3 style='font-size: 22px; border-bottom: 2px solid currentColor; padding-bottom: 5px; margin-top: 0; color: inherit; opacity: 0.8;'>Caracter\u00edsticas F\u00edsicas y El\u00e9ctricas<\/h3>\n<ul style='padding-left: 20px; font-size: 15px; color: inherit;'>\n<li style='margin-bottom: 5px;'><strong>Alimentaci\u00f3n:<\/strong> 36VDC \/ 90W<\/li>\n<li style='margin-bottom: 5px;'><strong>Temperatura de operaci\u00f3n:<\/strong> -40\u00b0C a 70\u00b0C \/ Humedad al 90% m\u00e1ximo<\/li>\n<li style='margin-bottom: 5px;'><strong>Uso:<\/strong> Exterior IP66<\/li>\n<li style='margin-bottom: 5px;'><strong>Antivand\u00e1lico:<\/strong> IK10<\/li>\n<li style='margin-bottom: 5px;'><strong>Accesorio incluido:<\/strong> Brazo de pared <a style='color: inherit; text-decoration: underline;' href='https:\/\/www.syscom.mx\/producto\/DS-1602ZJ-HIKVISION-77700.html' target='_blank' rel='noopener'>DS-1602ZJ<\/a><\/li>\n<li style='margin-bottom: 5px;'><strong>Protecci\u00f3n:<\/strong> Contra sobretensiones y voltajes transistorios<\/li>\n<li style='margin-bottom: 5px;'><strong>Dimensiones:<\/strong> 214 x 297mm<\/li>\n<li style='margin-bottom: 5px;'><strong>Peso:<\/strong> 5 Kgs<\/li>\n<li style='margin-top: 15px; font-weight: bold;'><a style='color: inherit; text-decoration: underline;' href='https:\/\/ftp3.syscom.mx\/usuarios\/alexh\/Hikvision\/Specsheet\/DS-2DF7A436IXG-EL_Datasheet_20240905.pdf' target='_blank' rel='noopener'>Ficha t\u00e9cnica con accesorios compatibles<\/a><\/li>\n<\/ul><\/div>\n<\/p><\/div>\n<p> <!-- Secci\u00f3n de interfaces y generales --> <\/p>\n<div style='display: flex; flex-wrap: wrap; gap: 30px; margin: 30px 0;'>\n<div style='flex: 1 1 300px; min-width: 280px;'>\n<h3 style='font-size: 22px; border-bottom: 2px solid currentColor; padding-bottom: 5px; margin-top: 0; color: inherit; opacity: 0.8;'>Interfaces Entradas y Salidas<\/h3>\n<ul style='padding-left: 20px; font-size: 15px; color: inherit;'>\n<li style='margin-bottom: 5px;'><strong>Entradas de alarma:<\/strong> 7<\/li>\n<li style='margin-bottom: 5px;'><strong>Salidas de alarma:<\/strong> 2<\/li>\n<li style='margin-bottom: 5px;'><strong>Entradas de audio:<\/strong> 1<\/li>\n<li style='margin-bottom: 5px;'><strong>Salidas de audio:<\/strong> 1<\/li>\n<li style='margin-bottom: 5px;'><strong>Puerto de red:<\/strong> 1 (10 \/ 100 Mbps)<\/li>\n<li style='margin-bottom: 5px;'><strong>Almacenamiento:<\/strong> micro SD de hasta 1TB \/ ANR<\/li>\n<li style='margin-bottom: 5px;'><strong>Compatibilidad:<\/strong> ONVIF (Profile S&comma; Profile G&comma; Profile T) \/ ISUP<\/li>\n<\/ul><\/div>\n<div style='flex: 1 1 300px; min-width: 280px;'>\n<h3 style='font-size: 22px; border-bottom: 2px solid currentColor; padding-bottom: 5px; margin-top: 0; color: inherit; opacity: 0.8;'>Caracter\u00edsticas Generales<\/h3>\n<ul style='padding-left: 20px; font-size: 15px; color: inherit;'>\n<li style='margin-bottom: 5px;'><strong>Pan:<\/strong> 360\u00b0<\/li>\n<li style='margin-bottom: 5px;'><strong>Tilt:<\/strong> -20\u00b0 a 90\u00ba (auto flip)<\/li>\n<li style='margin-bottom: 5px;'><strong>Preset \/ Patrol \/ Pattern:<\/strong> 300 \/ 8 \/ 4<\/li>\n<li style='margin-bottom: 5px;'><strong>Reducci\u00f3n de falsas alarmas:<\/strong> ACUSENSE<\/li>\n<li style='margin-bottom: 5px;'><strong>Funci\u00f3n PARK ACTION:<\/strong> Acci\u00f3n de Estacionamiento<\/li>\n<li style='margin-bottom: 5px;'><strong>Soporta:<\/strong> Tareas calendarizadas<\/li>\n<li style='margin-bottom: 5px;'><strong>Usuarios simult\u00e1neos:<\/strong> Hasta 20<\/li>\n<\/ul><\/div>\n<\/p><\/div>\n<p> <!-- Secci\u00f3n de caracter\u00edsticas destacadas --> <\/p>\n<div style='margin: 30px 0;'>\n<h3 style='font-size: 22px; border-bottom: 2px solid currentColor; padding-bottom: 5px; margin-top: 0; color: inherit; opacity: 0.8;'>Caracter\u00edsticas Destacadas<\/h3>\n<div style='margin-top: 20px;'>\n<h4 style='font-size: 18px; color: inherit; margin-top: 0;'><strong>Doble iluminaci\u00f3n<\/strong>: IR hasta 150m + Luz blanca hasta 100m<\/h4>\n<ul style='padding-left: 20px; font-size: 15px; color: inherit;'>\n<li style='margin-bottom: 5px;'>Visi\u00f3n nocturna en color 24\/7: Incorpora un h\u00edbrido de luz infrarroja (IR) y luz blanca. La luz blanca permite ver im\u00e1genes a color durante la noche y act\u00faa como elemento disuasorio.<\/li>\n<\/ul><\/div>\n<div style='margin-top: 20px;'>\n<h4 style='font-size: 18px; color: inherit; margin-top: 0;'><strong>Inteligencia artificial avanzada<\/strong>: AcuSense y captura facial<\/h4>\n<ul style='padding-left: 20px; font-size: 15px; color: inherit;'>\n<li style='margin-bottom: 5px;'>Clasificaci\u00f3n de objetivos: Usa deep learning para diferenciar entre personas&comma; veh\u00edculos y otros objetos&comma; reduciendo falsas alarmas<\/li>\n<li style='margin-bottom: 5px;'>Captura facial simult\u00e1nea: Detecta y captura hasta 5 rostros al mismo tiempo&comma; seleccionando autom\u00e1ticamente la mejor imagen de cada uno<\/li>\n<li style='margin-bottom: 5px;'>Seguimiento inteligente (Smart Tracking): Sigue autom\u00e1ticamente a un objetivo seleccionado dentro de su campo de visi\u00f3n<\/li>\n<\/ul><\/div>\n<div style='margin-top: 20px;'>\n<h4 style='font-size: 18px; color: inherit; margin-top: 0;'><strong>Alarma audiovisual activa<\/strong> (disuasi\u00f3n f\u00edsica)<\/h4>\n<ul style='padding-left: 20px; font-size: 15px; color: inherit;'>\n<li style='margin-bottom: 5px;'>Elemento de seguridad proactiva: Cuando detecta una intrusi\u00f3n puede activar:<\/li>\n<li style='margin-bottom: 5px;'>Luz blanca intermitente (strobe) para alertar y deslumbrar<\/li>\n<li style='margin-bottom: 5px;'>Alerta sonora a trav\u00e9s de su altavoz integrado (alcance de hasta 30 metros)<\/li>\n<li style='margin-bottom: 5px;'>Funciona como sistema de videovigilancia y alarma combinados<\/li>\n<\/ul><\/div>\n<div style='margin-top: 20px;'>\n<h4 style='font-size: 18px; color: inherit; margin-top: 0;'><strong>Compatibilidad con NVRs<\/strong><\/h4>\n<ul style='padding-left: 20px; font-size: 15px; color: inherit;'>\n<li style='margin-bottom: 5px;'>Se recomienda usar NVR&#8217;s NXI-K&comma; NI-K&comma; NI-I&comma; NI-M&comma; NXI-I&comma; NXI-M<\/li>\n<\/ul><\/div>\n<\/p><\/div>\n<p> <!-- Secci\u00f3n de videos adicionales --> <\/p>\n<div style='margin: 30px 0;'>\n<h3 style='font-size: 22px; border-bottom: 2px solid currentColor; padding-bottom: 5px; margin-top: 0; color: inherit; opacity: 0.8;'>Videos Adicionales<\/h3>\n<div style='display: flex; flex-wrap: wrap; gap: 20px; margin-top: 20px;'>\n<div style='flex: 1 1 500px; min-width: 300px;'>\n<div style='position: relative; padding-bottom: 56.25%; height: 0; overflow: hidden;'>   <\/div>\n<p style='text-align: center; margin-top: 10px; font-size: 15px; color: inherit;'>AcuSense \u00c1reas Restringidas<\/p>\n<\/p><\/div>\n<div style='flex: 1 1 500px; min-width: 300px;'>\n<div style='position: relative; padding-bottom: 56.25%; height: 0; overflow: hidden;'>   <\/div>\n<p style='text-align: center; margin-top: 10px; font-size: 15px; color: inherit;'>AcuSense Almacenes<\/p>\n<\/p><\/div>\n<div style='flex: 1 1 500px; min-width: 300px;'>\n<div style='position: relative; padding-bottom: 56.25%; height: 0; overflow: hidden;'>   <\/div>\n<p style='text-align: center; margin-top: 10px; font-size: 15px; color: inherit;'>Zoom \u00d3ptico<\/p>\n<\/p><\/div>\n<div style='flex: 1 1 500px; min-width: 300px;'>\n<div style='position: relative; padding-bottom: 56.25%; height: 0; overflow: hidden;'>   <\/div>\n<p style='text-align: center; margin-top: 10px; font-size: 15px; color: inherit;'>DARK FIGHTER Evidencia a Color<\/p>\n<\/p><\/div>\n<div style='flex: 1 1 500px; min-width: 300px;'>\n<div style='position: relative; padding-bottom: 56.25%; height: 0; overflow: hidden;'>   <\/div>\n<p style='text-align: center; margin-top: 10px; font-size: 15px; color: inherit;'>Hikvision DARK FIGHTER<\/p>\n<\/p><\/div>\n<div style='flex: 1 1 500px; min-width: 300px;'>\n<div style='position: relative; padding-bottom: 56.25%; height: 0; overflow: hidden;'>   <\/div>\n<p style='text-align: center; margin-top: 10px; font-size: 15px; color: inherit;'>Auto Seguimiento de Noche<\/p>\n<\/p><\/div>\n<div style='flex: 1 1 500px; min-width: 300px;'>\n<div style='position: relative; padding-bottom: 56.25%; height: 0; overflow: hidden;'>   <\/div>\n<p style='text-align: center; margin-top: 10px; font-size: 15px; color: inherit;'>DARK FIGHTER 8MP<\/p>\n<\/p><\/div>\n<div style='flex: 1 1 500px; min-width: 300px;'>\n<div style='position: relative; padding-bottom: 56.25%; height: 0; overflow: hidden;'>   <\/div>\n<p style='text-align: center; margin-top: 10px; font-size: 15px; color: inherit;'>DARK FIGHTER 2MP<\/p>\n<\/p><\/div>\n<\/p><\/div>\n<\/p><\/div>\n<p> <!-- Secci\u00f3n DARKFIGHTER --> <\/p>\n<div style='margin: 30px 0;'>\n<h3 style='font-size: 22px; border-bottom: 2px solid currentColor; padding-bottom: 5px; margin-top: 0; color: inherit; opacity: 0.8;'>DARKFIGHTER<\/h3>\n<div style='display: flex; flex-wrap: wrap; gap: 30px; margin-top: 20px; align-items: center;'>\n<div style='flex: 1 1 300px; min-width: 280px;'>\n<ul style='padding-left: 20px; font-size: 15px; color: inherit;'>\n<li style='margin-bottom: 5px;'>Imagen a color con muy poca iluminaci\u00f3n<\/li>\n<li style='margin-bottom: 5px;'>Con la iluminaci\u00f3n natural o con el poco alumbrado p\u00fablico logra mostrar mayor detalle en la imagen<\/li>\n<\/ul><\/div>\n<div style='flex: 1 1 300px; min-width: 280px;'> <img style='width: 100%; height: auto; border: 1px solid rgba(150&comma;150&comma;150&comma;0.3); border-radius: 8px;' src='https:\/\/ftp3.syscom.mx\/usuarios\/jsosa\/HIKVISION\/videos\/4%20MP%20DarkFighter%20Performance%20Test.gif' alt='DARKFIGHTER Performance Test'> <\/div>\n<\/p><\/div>\n<\/p><\/div>\n<p> <!-- Banner final --> <\/p>\n<div style='text-align: center; margin: 30px 0;'> <img style='width: 100%; height: auto; border: 1px solid rgba(150&comma;150&comma;150&comma;0.3); border-radius: 8px;' src='https:\/\/ftp3.syscom.mx\/usuarios\/jsosa\/HIKVISION\/imagenes\/banners\/solution%20complete.png' alt='Banner Final'> <\/div>\n<p> <!-- Separador final --> <\/p>\n<hr style='border: 0; border-top: 1px solid rgba(150&comma; 150&comma; 150&comma; 0.3); margin: 30px 0;'> <\/div>\n","protected":false},"excerpt":{"rendered":"<p>PTZ IP 4 Megapixel  \/ 36X Zoom \/ 300 mts IR \/ AutoSeguimiento \/ DARKFIGHTER 2.0 \/ WDR 150 dB \/ EIS \/ Deep Learning \/ IP67 \/ IK10 \/ Rapid Focus \/ PoE++ \/ Alarmas I\/O \/ Captura Facial<\/p>\n","protected":false},"featured_media":97196,"comment_status":"open","ping_status":"closed","template":"","meta":[],"product_brand":[],"product_cat":[1224],"product_tag":[122,54,1225],"class_list":{"0":"post-97197","1":"product","2":"type-product","3":"status-publish","4":"has-post-thumbnail","6":"product_cat-ptz","7":"product_tag-camaras-ip-y-nvrs","8":"product_tag-hikvision","9":"product_tag-ptz","11":"first","12":"outofstock","13":"sale","14":"shipping-taxable","15":"purchasable","16":"product-type-simple"},"_links":{"self":[{"href":"https:\/\/soydeaqui.ddns.net\/pachuca\/index.php\/wp-json\/wp\/v2\/product\/97197","targetHints":{"allow":["GET"]}}],"collection":[{"href":"https:\/\/soydeaqui.ddns.net\/pachuca\/index.php\/wp-json\/wp\/v2\/product"}],"about":[{"href":"https:\/\/soydeaqui.ddns.net\/pachuca\/index.php\/wp-json\/wp\/v2\/types\/product"}],"replies":[{"embeddable":true,"href":"https:\/\/soydeaqui.ddns.net\/pachuca\/index.php\/wp-json\/wp\/v2\/comments?post=97197"}],"wp:featuredmedia":[{"embeddable":true,"href":"https:\/\/soydeaqui.ddns.net\/pachuca\/index.php\/wp-json\/wp\/v2\/media\/97196"}],"wp:attachment":[{"href":"https:\/\/soydeaqui.ddns.net\/pachuca\/index.php\/wp-json\/wp\/v2\/media?parent=97197"}],"wp:term":[{"taxonomy":"product_brand","embeddable":true,"href":"https:\/\/soydeaqui.ddns.net\/pachuca\/index.php\/wp-json\/wp\/v2\/product_brand?post=97197"},{"taxonomy":"product_cat","embeddable":true,"href":"https:\/\/soydeaqui.ddns.net\/pachuca\/index.php\/wp-json\/wp\/v2\/product_cat?post=97197"},{"taxonomy":"product_tag","embeddable":true,"href":"https:\/\/soydeaqui.ddns.net\/pachuca\/index.php\/wp-json\/wp\/v2\/product_tag?post=97197"}],"curies":[{"name":"wp","href":"https:\/\/api.w.org\/{rel}","templated":true}]}}