{"id":97191,"date":"2026-03-20T08:45:52","date_gmt":"2026-03-20T08:45:52","guid":{"rendered":"https:\/\/soydeaqui.ddns.net\/pachuca\/index.php\/producto\/ptz-ip-4-megapixel-42x-zoom-400-mts-ir-autoseguimiento-3-0-wdr-140-db-eis-deep-learning-exterior-ip67-ik10-rapid-focus-hi-poe-wiper-micro-sd\/"},"modified":"2026-03-20T08:45:53","modified_gmt":"2026-03-20T08:45:53","slug":"ptz-ip-4-megapixel-42x-zoom-400-mts-ir-autoseguimiento-3-0-wdr-140-db-eis-deep-learning-exterior-ip67-ik10-rapid-focus-hi-poe-wiper-micro-sd","status":"publish","type":"product","link":"https:\/\/soydeaqui.ddns.net\/pachuca\/index.php\/producto\/ptz-ip-4-megapixel-42x-zoom-400-mts-ir-autoseguimiento-3-0-wdr-140-db-eis-deep-learning-exterior-ip67-ik10-rapid-focus-hi-poe-wiper-micro-sd\/","title":{"rendered":"PTZ IP 4 Megapixel \/ 42X Zoom \/ 400 mts IR \/ AutoSeguimiento 3.0 \/ WDR 140 dB \/ EIS \/ Deep Learning \/ Exterior IP67 \/ IK10 \/ Rapid Focus \/ Hi-PoE \/ Wiper \/ Micro SD"},"content":{"rendered":"<div style='width: 100%; max-width: 1200px; margin: 0 auto; font-family: sans-serif; line-height: 1.6; color: inherit; background-color: transparent;'> <!-- Secci\u00f3n de caracter\u00edsticas principales --> <\/p>\n<div style='display: flex; flex-wrap: wrap; gap: 30px; margin-bottom: 30px;'>\n<div style='flex: 1 1 300px; min-width: 280px;'>\n<h3 style='font-size: 22px; border-bottom: 2px solid currentColor; padding-bottom: 5px; margin-top: 0; color: inherit; opacity: 0.8;'>Caracter\u00edsticas principales<\/h3>\n<ul style='padding-left: 20px; font-size: 15px; color: inherit;'>\n<li style='margin-bottom: 5px;'><strong>Sensor de imagen:<\/strong> 2\/3&#8242; CMOS Scan Progresivo<\/li>\n<li style='margin-bottom: 5px;'><strong>Iluminaci\u00f3n m\u00ednima:<\/strong> Color:0.005 Lux @F1.5 AGC&comma;ON) B\/N:0.0005 Lux @(F1.5&comma; AGC ON)<\/li>\n<li style='margin-bottom: 5px;'><strong>Distancia focal:<\/strong> 7.5 a 315 mm (42X zoom \u00f3ptico \/ 16X zoom digital)<\/li>\n<li style='margin-bottom: 5px;'><strong>Distancia de IR:<\/strong> 400 m IR inteligente<\/li>\n<li style='margin-bottom: 5px;'><strong>Funciones:<\/strong> WDR 140dB \/ 3D-DNR \/ EIS \/ HLC \/ BLC \/ Auto-Seguimiento 3.0 \/ Defog \/ Rapid Focus<\/li>\n<\/ul><\/div>\n<\/p><\/div>\n<p> <!-- Secci\u00f3n de caracter\u00edsticas f\u00edsicas y el\u00e9ctricas --> <\/p>\n<div style='display: flex; flex-wrap: wrap; gap: 30px; margin-bottom: 30px;'>\n<div style='flex: 1 1 300px; min-width: 280px;'>\n<h3 style='font-size: 22px; border-bottom: 2px solid currentColor; padding-bottom: 5px; margin-top: 0; color: inherit; opacity: 0.8;'>Caracter\u00edsticas F\u00edsicas y El\u00e9ctricas<\/h3>\n<ul style='padding-left: 20px; font-size: 15px; color: inherit;'>\n<li style='margin-bottom: 5px;'><strong>Aplicaci\u00f3n:<\/strong> Interior \/ Exterior<\/li>\n<li style='margin-bottom: 5px;'><strong>Protecci\u00f3n:<\/strong> IP67<\/li>\n<li style='margin-bottom: 5px;'><strong>Temperatura de operaci\u00f3n:<\/strong> -40\u00b0C a 70\u00b0C<\/li>\n<li style='margin-bottom: 5px;'><strong>Alimentaci\u00f3n \/ Consumo:<\/strong> 24 Vca \/ 60 W \/ Hi-PoE<\/li>\n<li style='margin-bottom: 5px;'><strong>Dimensiones:<\/strong> 266.6 x 410 mm<\/li>\n<li style='margin-bottom: 5px;'><strong>Peso:<\/strong> 8 kgs<\/li>\n<li style='margin-bottom: 5px;'><strong>Accesorios:<\/strong> El PTZ no incluye brazo de pared<\/li>\n<li style='margin-bottom: 5px;'><strong>Alimentaci\u00f3n:<\/strong> No incluye fuente de alimentaci\u00f3n<\/li>\n<li style='margin-bottom: 5px;'><strong>Red:<\/strong> 1 puerto RJ45 (10 \/ 100 Mbps)<\/li>\n<li style='margin-bottom: 5px;'><strong>Entradas\/salidas:<\/strong> 7 entradas y 2 salidas de alarma<\/li>\n<li style='margin-bottom: 5px;'><strong>Audio:<\/strong> 1 entrada y 1 salida de audio<\/li>\n<li style='margin-bottom: 5px;'><strong>Video:<\/strong> 1 salida en BNC&comma; resoluci\u00f3n m\u00e1xima de 4 CIF<\/li>\n<\/ul><\/div>\n<\/p><\/div>\n<p> <!-- Secci\u00f3n de accesorios --> <\/p>\n<div style='display: flex; flex-wrap: wrap; gap: 30px; margin-bottom: 30px;'>\n<div style='flex: 1 1 300px; min-width: 280px;'>\n<h3 style='font-size: 22px; border-bottom: 2px solid currentColor; padding-bottom: 5px; margin-top: 0; color: inherit; opacity: 0.8;'>Accesorios Opcionales<\/h3>\n<ul style='padding-left: 20px; font-size: 15px; color: inherit;'>\n<li style='margin-bottom: 5px;'><strong>Montaje de Pared:<\/strong> <a href='https:\/\/www.syscom.mx\/producto\/DS-4603ZJ-PA-HIKVISION-240199.html' target='_blank' rel='noopener' style='color: inherit; text-decoration: underline; font-weight: normal;'>DS-4603ZJ-PA<\/a><\/li>\n<li style='margin-bottom: 5px;'><strong>Montaje Pendante:<\/strong> <a href='https:\/\/www.syscom.mx\/producto\/DS-4612ZJ-PA-HIKVISION-240200.html' target='_blank' rel='noopener' style='color: inherit; text-decoration: underline; font-weight: normal;'>DS-4612ZJ-PA<\/a><\/li>\n<\/ul><\/div>\n<\/p><\/div>\n<p> <!-- Separador --> <\/p>\n<hr style='border: 0; border-top: 1px solid rgba(150&comma; 150&comma; 150&comma; 0.3); margin: 30px 0;'> <\/div>\n","protected":false},"excerpt":{"rendered":"<p>PTZ IP 4 Megapixel \/ 42X Zoom \/ 400 mts IR \/ AutoSeguimiento 3.0 \/ WDR 140 dB \/ EIS \/ Deep Learning \/ Exterior IP67 \/ IK10 \/ Rapid Focus \/ Hi-PoE \/ Wiper \/ Micro SD<\/p>\n","protected":false},"featured_media":97190,"comment_status":"open","ping_status":"closed","template":"","meta":[],"product_brand":[],"product_cat":[1224],"product_tag":[122,54,1225],"class_list":{"0":"post-97191","1":"product","2":"type-product","3":"status-publish","4":"has-post-thumbnail","6":"product_cat-ptz","7":"product_tag-camaras-ip-y-nvrs","8":"product_tag-hikvision","9":"product_tag-ptz","11":"first","12":"outofstock","13":"sale","14":"shipping-taxable","15":"purchasable","16":"product-type-simple"},"_links":{"self":[{"href":"https:\/\/soydeaqui.ddns.net\/pachuca\/index.php\/wp-json\/wp\/v2\/product\/97191","targetHints":{"allow":["GET"]}}],"collection":[{"href":"https:\/\/soydeaqui.ddns.net\/pachuca\/index.php\/wp-json\/wp\/v2\/product"}],"about":[{"href":"https:\/\/soydeaqui.ddns.net\/pachuca\/index.php\/wp-json\/wp\/v2\/types\/product"}],"replies":[{"embeddable":true,"href":"https:\/\/soydeaqui.ddns.net\/pachuca\/index.php\/wp-json\/wp\/v2\/comments?post=97191"}],"wp:featuredmedia":[{"embeddable":true,"href":"https:\/\/soydeaqui.ddns.net\/pachuca\/index.php\/wp-json\/wp\/v2\/media\/97190"}],"wp:attachment":[{"href":"https:\/\/soydeaqui.ddns.net\/pachuca\/index.php\/wp-json\/wp\/v2\/media?parent=97191"}],"wp:term":[{"taxonomy":"product_brand","embeddable":true,"href":"https:\/\/soydeaqui.ddns.net\/pachuca\/index.php\/wp-json\/wp\/v2\/product_brand?post=97191"},{"taxonomy":"product_cat","embeddable":true,"href":"https:\/\/soydeaqui.ddns.net\/pachuca\/index.php\/wp-json\/wp\/v2\/product_cat?post=97191"},{"taxonomy":"product_tag","embeddable":true,"href":"https:\/\/soydeaqui.ddns.net\/pachuca\/index.php\/wp-json\/wp\/v2\/product_tag?post=97191"}],"curies":[{"name":"wp","href":"https:\/\/api.w.org\/{rel}","templated":true}]}}