{"id":97178,"date":"2026-03-20T08:45:24","date_gmt":"2026-03-20T08:45:24","guid":{"rendered":"https:\/\/soydeaqui.ddns.net\/pachuca\/index.php\/producto\/dual-light-2-microfonos-integrados-mini-domo-ip-6-megapixel-lente-2-8-mm-30-mts-luz-blanca-30-mts-ir-acusense-exterior-ip67-ik8-wdr-120-db-poe-onvif-micro-sd-acusearch\/"},"modified":"2026-03-20T08:45:25","modified_gmt":"2026-03-20T08:45:25","slug":"dual-light-2-microfonos-integrados-mini-domo-ip-6-megapixel-lente-2-8-mm-30-mts-luz-blanca-30-mts-ir-acusense-exterior-ip67-ik8-wdr-120-db-poe-onvif-micro-sd-acusearch","status":"publish","type":"product","link":"https:\/\/soydeaqui.ddns.net\/pachuca\/index.php\/producto\/dual-light-2-microfonos-integrados-mini-domo-ip-6-megapixel-lente-2-8-mm-30-mts-luz-blanca-30-mts-ir-acusense-exterior-ip67-ik8-wdr-120-db-poe-onvif-micro-sd-acusearch\/","title":{"rendered":"[Dual Light + 2 Micr\u00f3fonos Integrados] Mini Domo IP 6 Megapixel \/ Lente 2.8 mm \/ 30 mts Luz Blanca + 30 mts IR \/ ACUSENSE \/ Exterior IP67 \/ IK8 \/  WDR 120 dB \/ PoE \/ ONVIF \/ Micro SD \/ ACUSEARCH"},"content":{"rendered":"<div style='width: 100%; max-width: 1200px; margin: 0 auto; font-family: sans-serif; line-height: 1.6; color: inherit; background-color: transparent;'> <!-- Imagen principal --> <\/p>\n<div style='margin-bottom: 30px;'> <img style='width: 100%; height: auto; border: 1px solid rgba(150&comma;150&comma;150&comma;0.3); border-radius: 8px;' src='https:\/\/ftp3.syscom.mx\/usuarios\/ftp\/single_page\/HIKVISION\/_smart-hybrid.jpg' alt=''> <\/div>\n<p> <!-- Iconos --> <\/p>\n<div style='margin-bottom: 30px;'> <img style='width: 100%; height: auto; border: 1px solid rgba(150&comma;150&comma;150&comma;0.3); border-radius: 8px;' src='https:\/\/ftp3.syscom.mx\/usuarios\/ftp\/single_page\/HIKVISION\/ICONOS-SMART-HYBRID.png' alt=''> <\/div>\n<p> <!-- T\u00edtulo de especificaciones --> <\/p>\n<div style='text-align: center; margin: 40px 0 20px;'>\n<h1 style='font-size: 24px; color: inherit; opacity: 0.8; border-bottom: 2px solid currentColor; padding-bottom: 10px; margin: 0; font-family: sans-serif;'> Especificaciones <\/h1>\n<\/p><\/div>\n<p> <!-- Contenido principal en grid --> <\/p>\n<div style='display: flex; flex-wrap: wrap; gap: 30px; margin-bottom: 40px;'> <!-- Columna izquierda --> <\/p>\n<div style='flex: 1 1 400px; min-width: 300px;'> <!-- Caracter\u00edsticas Principales --> <\/p>\n<div style='border: 1px solid rgba(150&comma;150&comma;150&comma;0.4); border-radius: 8px; overflow: hidden; margin-bottom: 20px;'>\n<div style='padding: 15px; background-color: #df001e; color: #ffffff; font-weight: bold; font-size: 18px;'> Caracter\u00edsticas Principales: <\/div>\n<div style='padding: 15px;'>\n<ul style='padding-left: 20px; margin: 0; font-size: 14px; list-style-type: disc; color: inherit;'>\n<li style='margin-bottom: 8px;'>Resoluci\u00f3n m\u00e1xima: 6 Megapixel (3200 x 1800)<\/li>\n<li style='margin-bottom: 8px;'>Iluminaci\u00f3n m\u00ednima: 0.0005 Lux @ (F1.6&comma; AGC ON)<\/li>\n<li style='margin-bottom: 8px;'>Lente fijo: 2.8mm (\u00c1ngulo de apertura 105\u00b0)<\/li>\n<li style='margin-bottom: 8px;'>30 m de IR EXIR (visi\u00f3n nocturna)<\/li>\n<li style='margin-bottom: 8px;'>30 m de luz blanca (ayuda a iluminar el sitio para mantener la imagen siempre a color)<\/li>\n<li style='margin-bottom: 8px;'>WDR de 120 dB \/ ROI \/ 3D DNR \/ BLC \/ HLC<\/li>\n<li style='margin-bottom: 8px;'>Compatible con plataforma Hik-Connect P2P <a href='https:\/\/appstore.hikvision.com\/' style='color: #df001e; text-decoration: none; font-weight: normal;' target='_blank'>(https:\/\/appstore.hikvision.com\/)<\/a><\/li>\n<\/ul><\/div>\n<\/p><\/div>\n<p> <!-- Entradas y Salidas --> <\/p>\n<div style='border: 1px solid rgba(150&comma;150&comma;150&comma;0.4); border-radius: 8px; overflow: hidden; margin-bottom: 20px;'>\n<div style='padding: 15px; background-color: #df001e; color: #ffffff; font-weight: bold; font-size: 18px;'> Entradas y Salidas de Audio \/ Alarmas \/ Red \/ Almacenamiento: <\/div>\n<div style='padding: 15px;'>\n<ul style='padding-left: 20px; margin: 0; font-size: 14px; list-style-type: disc; color: inherit;'>\n<li style='margin-bottom: 8px;'>Entradas de alarma: 1<\/li>\n<li style='margin-bottom: 8px;'>Salidas de alarma: 1<\/li>\n<li style='margin-bottom: 8px;'>Entradas de audio: 1<\/li>\n<li style='margin-bottom: 8px;'>Salidas de audio: 1<\/li>\n<li style='margin-bottom: 8px;'>Micr\u00f3fono Integrado<\/li>\n<li style='margin-bottom: 8px;'>Soporta memoria micro SD 512 GB (no incluida)<\/li>\n<li style='margin-bottom: 8px;'>Puerto de red: 1 (10 \/ 100 Mbps \/ PoE 802.3af )<\/li>\n<li style='margin-bottom: 8px;'>Soporta ONVIF (PROFILE S y G) \/ ISAPI<\/li>\n<\/ul><\/div>\n<\/p><\/div>\n<\/p><\/div>\n<p> <!-- Columna derecha --> <\/p>\n<div style='flex: 1 1 400px; min-width: 300px;'> <!-- Caracter\u00edsticas F\u00edsicas --> <\/p>\n<div style='border: 1px solid rgba(150&comma;150&comma;150&comma;0.4); border-radius: 8px; overflow: hidden; margin-bottom: 20px;'>\n<div style='padding: 15px; background-color: #df001e; color: #ffffff; font-weight: bold; font-size: 18px;'> Caracter\u00edsticas F\u00edsicas y El\u00e9ctricas: <\/div>\n<div style='padding: 15px;'>\n<ul style='padding-left: 20px; margin: 0; font-size: 14px; list-style-type: disc; color: inherit;'>\n<li style='margin-bottom: 8px;'>Temperatura de Operaci\u00f3n: -30\u00b0C a 60\u00b0C<\/li>\n<li style='margin-bottom: 8px;'>Alimentaci\u00f3n: 12Vcc \/ 6 Watts<\/li>\n<li style='margin-bottom: 8px;'>Soporta PoE 802.3af \/ 7 Watts<\/li>\n<li style='margin-bottom: 8px;'>Protecci\u00f3n: Interior \/ Exterior IP67<\/li>\n<li style='margin-bottom: 8px;'>Fabricado en material de metal<\/li>\n<li style='margin-bottom: 8px;'>Dimensiones: 127.3 x 150 x 141 mm<\/li>\n<li style='margin-bottom: 8px;'>Peso: 600 gramos<\/li>\n<\/ul><\/div>\n<\/p><\/div>\n<p> <!-- Accesorios Opcionales --> <\/p>\n<div style='border: 1px solid rgba(150&comma;150&comma;150&comma;0.4); border-radius: 8px; overflow: hidden; margin-bottom: 20px;'>\n<div style='padding: 15px; background-color: #df001e; color: #ffffff; font-weight: bold; font-size: 18px;'> Accesorios Opcionales: <\/div>\n<div style='padding: 15px;'>\n<ul style='padding-left: 20px; margin: 0; font-size: 14px; list-style-type: disc; color: inherit;'>\n<li style='margin-bottom: 8px;'> <strong>Consulte la ficha t\u00e9cnica para validar los accesorios compatibles&comma; de clic <\/strong> <a href='https:\/\/ftp3.syscom.mx\/usuarios\/roberto.espino\/Specs\/Modelos%2006-25%20-%2007-25\/Especificaciones%20Tecnicas%20DS-2CD2563G2%2020250211.pdf?_gl=1*1pew51l*_gcl_au*MTc3NjMxMDk4MS4xNzUwMTgxMDMx' style='color: #df001e; text-decoration: none; font-weight: normal;' target='_blank'>Aqu\u00ed<\/a> <\/li>\n<\/ul><\/div>\n<\/p><\/div>\n<\/p><\/div>\n<\/p><\/div>\n<p> <!-- Caracter\u00edsticas Destacadas --> <\/p>\n<div style='border: 1px solid rgba(150&comma;150&comma;150&comma;0.4); border-radius: 8px; overflow: hidden; margin-bottom: 40px;'>\n<div style='padding: 15px; background-color: #df001e; color: #ffffff; font-weight: bold; font-size: 18px;'> Caracter\u00edsticas Destacadas: <\/div>\n<div style='padding: 15px;'>\n<ul style='padding-left: 20px; margin: 0; font-size: 14px; list-style-type: disc; color: inherit;'>\n<li style='margin-bottom: 8px;'>Compatible con la plataforma de Hik-Connect para una conexi\u00f3n m\u00e1s r\u00e1pida y sencilla<\/li>\n<li style='margin-bottom: 8px;'>Soporta anal\u00edtico de ACUSENSE con anal\u00edticos como filtro de humano y veh\u00edculos para eventos inteligentes como cruce de l\u00ednea&comma; intrusi\u00f3n&comma; entrada y salida de \u00e1rea<\/li>\n<li style='margin-bottom: 8px;'>Soporta la tecnolog\u00eda Dual Light&comma; podemos tener en la noche la imagen de B\/N con los IR encendidos y cuando detecte movimiento por medio del anal\u00edtico de ACUSENSE (filtro de humanos y veh\u00edculos) encender\u00e1 la luz blanca para poder tener el evento a color&comma; cuando pase el evento se vuelve a colocar la imagen en B\/N<\/li>\n<li style='margin-bottom: 8px;'>Soporta anal\u00edtico cruce de l\u00ednea o intrusi\u00f3n de \u00e1rea<\/li>\n<li style='margin-bottom: 8px;'>Soporta anal\u00edtico de cambio de escena (cuando mueven la c\u00e1mara f\u00edsicamente hacia otro lado o la giran)<\/li>\n<\/ul><\/div>\n<\/p><\/div>\n<p> <!-- Distancias DORI --> <\/p>\n<div style='border: 1px solid rgba(150&comma;150&comma;150&comma;0.4); border-radius: 8px; overflow: hidden; margin-bottom: 40px;'>\n<div style='padding: 15px; background-color: #df001e; color: #ffffff; font-weight: bold; font-size: 18px;'> Distancias DORI: <\/div>\n<div style='padding: 15px;'>\n<p style='margin-bottom: 20px; font-size: 14px; color: inherit;'>DORI es un est\u00e1ndar utilizado para definir la distancia a la cual se puede detectar&comma; observar&comma; reconocer e identificar personas y objetos con claridad utilizando una c\u00e1mara de vigilancia.<\/p>\n<div style='overflow-x: auto;'>\n<table style='width: 100%; border-collapse: collapse; font-size: 14px; color: inherit;'>\n<thead>\n<tr style='background-color: rgba(223&comma; 0&comma; 30&comma; 0.1);'>\n<th style='padding: 12px; border: 1px solid rgba(150&comma;150&comma;150&comma;0.3); text-align: left;'>Distancia Focal<\/th>\n<th style='padding: 12px; border: 1px solid rgba(150&comma;150&comma;150&comma;0.3); text-align: left;'>Detectar<\/th>\n<th style='padding: 12px; border: 1px solid rgba(150&comma;150&comma;150&comma;0.3); text-align: left;'>Observar<\/th>\n<th style='padding: 12px; border: 1px solid rgba(150&comma;150&comma;150&comma;0.3); text-align: left;'>Reconocer<\/th>\n<th style='padding: 12px; border: 1px solid rgba(150&comma;150&comma;150&comma;0.3); text-align: left;'>Identificar<\/th>\n<\/tr>\n<\/thead>\n<tbody>\n<tr>\n<td style='padding: 12px; border: 1px solid rgba(150&comma;150&comma;150&comma;0.3);'>Distancia (2.8mm)<\/td>\n<td style='padding: 12px; border: 1px solid rgba(150&comma;150&comma;150&comma;0.3);'>63 m<\/td>\n<td style='padding: 12px; border: 1px solid rgba(150&comma;150&comma;150&comma;0.3);'>25 m<\/td>\n<td style='padding: 12px; border: 1px solid rgba(150&comma;150&comma;150&comma;0.3);'>12 m<\/td>\n<td style='padding: 12px; border: 1px solid rgba(150&comma;150&comma;150&comma;0.3);'>6 m<\/td>\n<\/tr>\n<\/tbody>\n<\/table><\/div>\n<\/p><\/div>\n<\/p><\/div>\n<p> <!-- Video de YouTube --> <\/p>\n<div style='position: relative; padding-bottom: 56.25%; height: 0; overflow: hidden; margin-bottom: 40px;'>   <\/div>\n<p> <!-- Imagenes y descripci\u00f3n --> <\/p>\n<div style='display: flex; flex-wrap: wrap; gap: 20px; margin-bottom: 40px;'>\n<div style='flex: 1 1 300px; min-width: 250px;'> <img style='width: 100%; height: auto; border: 1px solid rgba(150&comma;150&comma;150&comma;0.3); border-radius: 8px; margin-bottom: 15px;' src='https:\/\/ftp3.syscom.mx\/usuarios\/ftp\/single_page\/HIKVISION\/acusense-colorvu.png' alt=''> <\/div>\n<div style='flex: 1 1 300px; min-width: 250px; display: flex; align-items: center;'>\n<p style='font-size: 14px; color: inherit; margin: 0;'>Soporta anal\u00edtico de ACUSENSE Lite distingue personas y veh\u00edculos de otros objetos en el entorno&comma; enfoc\u00e1ndose en amenazas de seguridad reales con b\u00fasquedas de video eficientes.<\/p>\n<\/p><\/div>\n<\/p><\/div>\n<p> <!-- Tarjetas de im\u00e1genes --> <\/p>\n<div style='display: flex; flex-wrap: wrap; gap: 20px; margin-bottom: 40px;'>\n<div style='flex: 1 1 300px; min-width: 250px;'> <img style='width: 100%; height: auto; border: 1px solid rgba(150&comma;150&comma;150&comma;0.3); border-radius: 8px; margin-bottom: 15px;' src='https:\/\/ftp3.syscom.mx\/usuarios\/ftp\/single_page\/HIKVISION\/IR-PON-1.png' alt=''> <\/p>\n<div style='padding: 15px; border: 1px solid rgba(150&comma;150&comma;150&comma;0.3); border-top: 0; border-radius: 0 0 8px 8px;'>\n<h5 style='font-size: 16px; margin-top: 0; margin-bottom: 10px; color: inherit;'>Luz IR Encendida<\/h5>\n<p style='font-size: 14px; margin: 0; color: inherit;'>En ausencia de veh\u00edculo o persona&comma; la c\u00e1mara utiliza s\u00f3lo luz IR.<\/p>\n<\/p><\/div>\n<\/p><\/div>\n<div style='flex: 1 1 300px; min-width: 250px;'> <img style='width: 100%; height: auto; border: 1px solid rgba(150&comma;150&comma;150&comma;0.3); border-radius: 8px; margin-bottom: 15px;' src='https:\/\/ftp3.syscom.mx\/usuarios\/ftp\/single_page\/HIKVISION\/LED-ON-1.jpg' alt=''> <\/p>\n<div style='padding: 15px; border: 1px solid rgba(150&comma;150&comma;150&comma;0.3); border-top: 0; border-radius: 0 0 8px 8px;'>\n<h5 style='font-size: 16px; margin-top: 0; margin-bottom: 10px; color: inherit;'>Luz LED Encendida<\/h5>\n<p style='font-size: 14px; margin: 0; color: inherit;'>Cuando se detecta un veh\u00edculo o una persona&comma; la luz blanca se activa autom\u00e1ticamente encendido&comma; lo que produce im\u00e1genes en colores vivos con detalles claros.<\/p>\n<\/p><\/div>\n<\/p><\/div>\n<div style='flex: 1 1 300px; min-width: 250px;'> <img style='width: 100%; height: auto; border: 1px solid rgba(150&comma;150&comma;150&comma;0.3); border-radius: 8px; margin-bottom: 15px;' src='https:\/\/ftp3.syscom.mx\/usuarios\/ftp\/single_page\/HIKVISION\/IR-PON-2.png' alt=''> <\/p>\n<div style='padding: 15px; border: 1px solid rgba(150&comma;150&comma;150&comma;0.3); border-top: 0; border-radius: 0 0 8px 8px;'>\n<h5 style='font-size: 16px; margin-top: 0; margin-bottom: 10px; color: inherit;'>Luz IR Encendida<\/h5>\n<p style='font-size: 14px; margin: 0; color: inherit;'>Una vez que el veh\u00edculo o la persona sale&comma; las c\u00e1maras vuelven a la luz IR autom\u00e1ticamente.<\/p>\n<\/p><\/div>\n<\/p><\/div>\n<\/p><\/div>\n<p> <!-- Separador final --> <\/p>\n<hr style='border: 0; border-top: 1px solid rgba(150&comma; 150&comma; 150&comma; 0.3); margin: 40px 0;'> <\/div>\n","protected":false},"excerpt":{"rendered":"<p>[Dual Light + 2 Micr\u00f3fonos Integrados] Mini Domo IP 6 Megapixel \/ Lente 2.8 mm \/ 30 mts Luz Blanca + 30 mts IR \/ ACUSENSE \/ Exterior IP67 \/ IK8 \/  WDR 120 dB \/ PoE \/ ONVIF \/ Micro SD \/ ACUSEARCH<\/p>\n","protected":false},"featured_media":97177,"comment_status":"open","ping_status":"closed","template":"","meta":[],"product_brand":[],"product_cat":[2056],"product_tag":[122,2057,54],"class_list":{"0":"post-97178","1":"product","2":"type-product","3":"status-publish","4":"has-post-thumbnail","6":"product_cat-domo-eyeball-turret","7":"product_tag-camaras-ip-y-nvrs","8":"product_tag-domo-eyeball-turret","9":"product_tag-hikvision","11":"first","12":"instock","13":"sale","14":"shipping-taxable","15":"purchasable","16":"product-type-simple"},"_links":{"self":[{"href":"https:\/\/soydeaqui.ddns.net\/pachuca\/index.php\/wp-json\/wp\/v2\/product\/97178","targetHints":{"allow":["GET"]}}],"collection":[{"href":"https:\/\/soydeaqui.ddns.net\/pachuca\/index.php\/wp-json\/wp\/v2\/product"}],"about":[{"href":"https:\/\/soydeaqui.ddns.net\/pachuca\/index.php\/wp-json\/wp\/v2\/types\/product"}],"replies":[{"embeddable":true,"href":"https:\/\/soydeaqui.ddns.net\/pachuca\/index.php\/wp-json\/wp\/v2\/comments?post=97178"}],"wp:featuredmedia":[{"embeddable":true,"href":"https:\/\/soydeaqui.ddns.net\/pachuca\/index.php\/wp-json\/wp\/v2\/media\/97177"}],"wp:attachment":[{"href":"https:\/\/soydeaqui.ddns.net\/pachuca\/index.php\/wp-json\/wp\/v2\/media?parent=97178"}],"wp:term":[{"taxonomy":"product_brand","embeddable":true,"href":"https:\/\/soydeaqui.ddns.net\/pachuca\/index.php\/wp-json\/wp\/v2\/product_brand?post=97178"},{"taxonomy":"product_cat","embeddable":true,"href":"https:\/\/soydeaqui.ddns.net\/pachuca\/index.php\/wp-json\/wp\/v2\/product_cat?post=97178"},{"taxonomy":"product_tag","embeddable":true,"href":"https:\/\/soydeaqui.ddns.net\/pachuca\/index.php\/wp-json\/wp\/v2\/product_tag?post=97178"}],"curies":[{"name":"wp","href":"https:\/\/api.w.org\/{rel}","templated":true}]}}