{"id":97160,"date":"2026-03-20T08:44:34","date_gmt":"2026-03-20T08:44:34","guid":{"rendered":"https:\/\/soydeaqui.ddns.net\/pachuca\/index.php\/producto\/caja-de-analiticos-de-inteligencia-artificial-8-canales-para-camaras-hanwha-deteccion-de-personas-y-vehiculos-conteo-de-personas-y-vehiculos-analiticos-de-intrusion\/"},"modified":"2026-03-20T08:44:42","modified_gmt":"2026-03-20T08:44:42","slug":"caja-de-analiticos-de-inteligencia-artificial-8-canales-para-camaras-hanwha-deteccion-de-personas-y-vehiculos-conteo-de-personas-y-vehiculos-analiticos-de-intrusion","status":"publish","type":"product","link":"https:\/\/soydeaqui.ddns.net\/pachuca\/index.php\/producto\/caja-de-analiticos-de-inteligencia-artificial-8-canales-para-camaras-hanwha-deteccion-de-personas-y-vehiculos-conteo-de-personas-y-vehiculos-analiticos-de-intrusion\/","title":{"rendered":"Caja de analiticos de inteligencia artificial 8 canales para camaras Hanwha, Deteccion de personas y vehiculos, conteo de personas y vehiculos, analiticos de intrusion"},"content":{"rendered":"<div style='width: 100%; max-width: 1200px; margin: 0 auto; font-family: sans-serif; line-height: 1.6; color: inherit; background-color: transparent;'>\n<h3 style='font-size: 22px; border-bottom: 2px solid currentColor; padding-bottom: 5px; margin-top: 0; color: inherit; opacity: 0.8;'>Caracter\u00edsticas t\u00e9cnicas<\/h3>\n<p> <!-- Secci\u00f3n de contenido con flex\/grid --> <\/p>\n<div style='display: flex; flex-wrap: wrap; gap: 30px; margin-bottom: 30px;'>\n<div style='flex: 1 1 300px; min-width: 280px;'>\n<h4 style='font-size: 18px; border-bottom: 2px solid currentColor; padding-bottom: 5px; margin-top: 0; color: inherit; opacity: 0.8;'>Caracter\u00edsticas b\u00e1sicas<\/h4>\n<ul style='padding-left: 20px; font-size: 15px; color: inherit;'>\n<li style='margin-bottom: 5px;'>Caja de anal\u00edticos para 8 canales<\/li>\n<li style='margin-bottom: 5px;'>Resoluciones CIF a 32MP<\/li>\n<li style='margin-bottom: 5px;'>M\u00e1ximo n\u00famero de flujos de video: 80 flujos<\/li>\n<\/ul><\/div>\n<div style='flex: 1 1 300px; min-width: 280px;'>\n<h4 style='font-size: 18px; border-bottom: 2px solid currentColor; padding-bottom: 5px; margin-top: 0; color: inherit; opacity: 0.8;'>Anal\u00edticos<\/h4>\n<ul style='padding-left: 20px; font-size: 15px; color: inherit;'>\n<li style='margin-bottom: 5px;'>Clasificaci\u00f3n de objetos (personas y veh\u00edculos)<\/li>\n<li style='margin-bottom: 5px;'>Anal\u00edticos basados en IA (Detecci\u00f3n de movimiento&comma; detecci\u00f3n de objetos&comma; l\u00ednea virtual (cruce\/direcci\u00f3n)&comma; \u00c1rea virtual (Merodeo\/Intrusi\u00f3n\/entrada\/salida)<\/li>\n<li style='margin-bottom: 5px;'>Inteligencia de negocios (Conteo de personas&comma; Conteo de veh\u00edculo&comma; Manejo de filas&comma; Mapa de calor)<\/li>\n<li style='margin-bottom: 5px;'>Los anal\u00edticos son compatibles con c\u00e1maras HANWHA<\/li>\n<\/ul><\/div>\n<div style='flex: 1 1 300px; min-width: 280px;'>\n<h4 style='font-size: 18px; border-bottom: 2px solid currentColor; padding-bottom: 5px; margin-top: 0; color: inherit; opacity: 0.8;'>Interfaces<\/h4>\n<ul style='padding-left: 20px; font-size: 15px; color: inherit;'>\n<li style='margin-bottom: 5px;'>Interfaces de red: 1 x RJ45&comma; Gigabit Ethernet<\/li>\n<li style='margin-bottom: 5px;'>Salidas de video: No incluye<\/li>\n<li style='margin-bottom: 5px;'>Puertos USB: 1 puerto USB 3.0 para depuraci\u00f3n<\/li>\n<li style='margin-bottom: 5px;'>CPU: NVIDIA ORIN NX 8GB (SOM)<\/li>\n<\/ul><\/div>\n<div style='flex: 1 1 300px; min-width: 280px;'>\n<h4 style='font-size: 18px; border-bottom: 2px solid currentColor; padding-bottom: 5px; margin-top: 0; color: inherit; opacity: 0.8;'>Caracter\u00edsticas F\u00edsicas y El\u00e9ctricas<\/h4>\n<ul style='padding-left: 20px; font-size: 15px; color: inherit;'>\n<li style='margin-bottom: 5px;'>12VCD&comma; 4A<\/li>\n<li style='margin-bottom: 5px;'>Consumo m\u00e1ximo: 28W<\/li>\n<\/ul><\/div>\n<div style='flex: 1 1 300px; min-width: 280px;'>\n<h4 style='font-size: 18px; border-bottom: 2px solid currentColor; padding-bottom: 5px; margin-top: 0; color: inherit; opacity: 0.8;'>Mec\u00e1nico<\/h4>\n<ul style='padding-left: 20px; font-size: 15px; color: inherit;'>\n<li style='margin-bottom: 5px;'>Forma del equipo: Mini Chassis<\/li>\n<li style='margin-bottom: 5px;'>Color \/ Material: Negro \/ Metal<\/li>\n<li style='margin-bottom: 5px;'>Dimensiones: 11.81&#8242; (300 mm) x 1.87&#8242; (47.6 mm) x 9.48&#8242; (240.9 mm)<\/li>\n<li style='margin-bottom: 5px;'>Peso: 1.39Kg<\/li>\n<\/ul><\/div>\n<div style='flex: 1 1 300px; min-width: 280px;'>\n<h4 style='font-size: 18px; border-bottom: 2px solid currentColor; padding-bottom: 5px; margin-top: 0; color: inherit; opacity: 0.8;'>Ambiental<\/h4>\n<ul style='padding-left: 20px; font-size: 15px; color: inherit;'>\n<li style='margin-bottom: 5px;'>Temperatura de operaci\u00f3n: 10 a 40 \u00baC<\/li>\n<li style='margin-bottom: 5px;'>Humedad de operaci\u00f3n: 20% a 85% RH sin condensaci\u00f3n<\/li>\n<\/ul><\/div>\n<\/p><\/div>\n<p> <!-- Separador --> <\/p>\n<hr style='border: 0; border-top: 1px solid rgba(150&comma; 150&comma; 150&comma; 0.3); margin: 30px 0;'> <\/div>\n","protected":false},"excerpt":{"rendered":"<p>Caja de analiticos de inteligencia artificial 8 canales para camaras Hanwha, Deteccion de personas y vehiculos, conteo de personas y vehiculos, analiticos de intrusion<\/p>\n","protected":false},"featured_media":97159,"comment_status":"open","ping_status":"closed","template":"","meta":[],"product_brand":[],"product_cat":[438],"product_tag":[439,122,1055],"class_list":{"0":"post-97160","1":"product","2":"type-product","3":"status-publish","4":"has-post-thumbnail","6":"product_cat-bala","7":"product_tag-bala","8":"product_tag-camaras-ip-y-nvrs","9":"product_tag-hanwha-vision","11":"first","12":"outofstock","13":"sale","14":"shipping-taxable","15":"purchasable","16":"product-type-simple"},"_links":{"self":[{"href":"https:\/\/soydeaqui.ddns.net\/pachuca\/index.php\/wp-json\/wp\/v2\/product\/97160","targetHints":{"allow":["GET"]}}],"collection":[{"href":"https:\/\/soydeaqui.ddns.net\/pachuca\/index.php\/wp-json\/wp\/v2\/product"}],"about":[{"href":"https:\/\/soydeaqui.ddns.net\/pachuca\/index.php\/wp-json\/wp\/v2\/types\/product"}],"replies":[{"embeddable":true,"href":"https:\/\/soydeaqui.ddns.net\/pachuca\/index.php\/wp-json\/wp\/v2\/comments?post=97160"}],"wp:featuredmedia":[{"embeddable":true,"href":"https:\/\/soydeaqui.ddns.net\/pachuca\/index.php\/wp-json\/wp\/v2\/media\/97159"}],"wp:attachment":[{"href":"https:\/\/soydeaqui.ddns.net\/pachuca\/index.php\/wp-json\/wp\/v2\/media?parent=97160"}],"wp:term":[{"taxonomy":"product_brand","embeddable":true,"href":"https:\/\/soydeaqui.ddns.net\/pachuca\/index.php\/wp-json\/wp\/v2\/product_brand?post=97160"},{"taxonomy":"product_cat","embeddable":true,"href":"https:\/\/soydeaqui.ddns.net\/pachuca\/index.php\/wp-json\/wp\/v2\/product_cat?post=97160"},{"taxonomy":"product_tag","embeddable":true,"href":"https:\/\/soydeaqui.ddns.net\/pachuca\/index.php\/wp-json\/wp\/v2\/product_tag?post=97160"}],"curies":[{"name":"wp","href":"https:\/\/api.w.org\/{rel}","templated":true}]}}