{"id":97158,"date":"2026-03-20T08:44:29","date_gmt":"2026-03-20T08:44:29","guid":{"rendered":"https:\/\/soydeaqui.ddns.net\/pachuca\/index.php\/producto\/body-camera-portatil-grabacion-a-2k-pantalla-2-4-lcd-ip68-h-265-32-gb-de-almacenamiento-gps-wifi-3g-y-4g-fotos-de-hasta-40-megapixel-microfono-integrado\/"},"modified":"2026-03-20T08:44:31","modified_gmt":"2026-03-20T08:44:31","slug":"body-camera-portatil-grabacion-a-2k-pantalla-2-4-lcd-ip68-h-265-32-gb-de-almacenamiento-gps-wifi-3g-y-4g-fotos-de-hasta-40-megapixel-microfono-integrado","status":"publish","type":"product","link":"https:\/\/soydeaqui.ddns.net\/pachuca\/index.php\/producto\/body-camera-portatil-grabacion-a-2k-pantalla-2-4-lcd-ip68-h-265-32-gb-de-almacenamiento-gps-wifi-3g-y-4g-fotos-de-hasta-40-megapixel-microfono-integrado\/","title":{"rendered":"Body Camera Port\u00e1til \/ Grabaci\u00f3n a 2K \/ Pantalla 2.4&#8243; LCD \/ IP68 \/ H.265 \/ 32 GB de Almacenamiento \/ GPS \/ WIFI \/ 3G y 4G \/ Fotos de Hasta 40 Megapixel \/ Micr\u00f3fono Integrado"},"content":{"rendered":"<div style='width: 100%; max-width: 1200px; margin: 0 auto; font-family: sans-serif; line-height: 1.6; color: inherit; background-color: transparent;'>\n<div style='width: 100%; margin-bottom: 30px; text-align: center;'> <img style='width: 100%; max-width: 527.844px; height: auto; border: 1px solid rgba(150&comma;150&comma;150&comma;0.3); border-radius: 8px;' src='https:\/\/ftp3.syscom.mx\/usuarios\/jsosa\/HIKVISION\/imagenes\/logo\/hikvision%20see%20far.png' alt='Logo Hikvision'> <\/div>\n<div style='display: flex; flex-wrap: wrap; gap: 30px; margin-bottom: 30px;'>\n<div style='flex: 1 1 300px; min-width: 280px;'>\n<h3 style='font-size: 22px; border-bottom: 2px solid currentColor; padding-bottom: 5px; margin-top: 0; color: inherit; opacity: 0.8;'>Caracter\u00edsticas principales<\/h3>\n<ul style='padding-left: 20px; font-size: 15px; color: inherit;'>\n<li style='margin-bottom: 5px;'><strong>Compresi\u00f3n:<\/strong> H.264 \/ H.265<\/li>\n<li style='margin-bottom: 5px;'><strong>Resoluci\u00f3n de v\u00eddeo:<\/strong> 2K hasta 2688 * 1512 P @30F<\/li>\n<li style='margin-bottom: 5px;'><strong>\u00c1ngulo de apertura horizontal:<\/strong> 132\u00ba<\/li>\n<li style='margin-bottom: 5px;'><strong>Dise\u00f1o:<\/strong> Bater\u00eda reemplazable<\/li>\n<li style='margin-bottom: 5px;'><strong>Reducci\u00f3n de ruido y eco:<\/strong> S\u00ed<\/li>\n<li style='margin-bottom: 5px;'><strong>M\u00f3dulo GPS:<\/strong> S\u00ed<\/li>\n<li style='margin-bottom: 5px;'><strong>M\u00f3dulo WiFi:<\/strong> 802.11 a\/b\/g\/n\/ac<\/li>\n<li style='margin-bottom: 5px;'><strong>Bluetooth:<\/strong> BT4.0<\/li>\n<li style='margin-bottom: 5px;'><strong>M\u00f3dulo 3G y 4G:<\/strong> S\u00ed (requiere SIM de datos para transmisi\u00f3n remota y licencias)<\/li>\n<li style='margin-bottom: 5px;'><strong>Almacenamiento interno:<\/strong> 32 GB (no extra\u00edble)<\/li>\n<li style='margin-bottom: 5px;'><strong>Resoluci\u00f3n de fotograf\u00edas:<\/strong> 40 Megapixel<\/li>\n<li style='margin-bottom: 5px;'><strong>Micr\u00f3fono:<\/strong> Integrado<\/li>\n<li style='margin-bottom: 5px;'><strong>Rango de IR:<\/strong> 10m<\/li>\n<li style='margin-bottom: 5px;'><strong>Bot\u00f3n SOS:<\/strong> Alertas a la plataforma HCP<\/li>\n<li style='margin-bottom: 5px;'><strong>Bot\u00f3n PTT:<\/strong> Comunicaci\u00f3n bidireccional con la plataforma HCP<\/li>\n<li style='margin-bottom: 5px;'><strong>Sistema operativo:<\/strong> Android 9.0<\/li>\n<\/ul><\/div>\n<div style='flex: 1 1 300px; min-width: 280px;'>\n<h3 style='font-size: 22px; border-bottom: 2px solid currentColor; padding-bottom: 5px; margin-top: 0; color: inherit; opacity: 0.8;'>Caracter\u00edsticas F\u00edsicas y El\u00e9ctricas<\/h3>\n<ul style='padding-left: 20px; font-size: 15px; color: inherit;'>\n<li style='margin-bottom: 5px;'><strong>Pantalla:<\/strong> 2.4 pulgadas TFT LCD&comma; 320*240<\/li>\n<li style='margin-bottom: 5px;'><strong>Protecci\u00f3n:<\/strong> IP68 para exterior<\/li>\n<li style='margin-bottom: 5px;'><strong>Dimensiones:<\/strong> 92.8 * 59.7 *28.5 mm<\/li>\n<li style='margin-bottom: 5px;'><strong>Peso:<\/strong> 194.5g<\/li>\n<li style='margin-bottom: 5px;'><strong>Interfaz:<\/strong> USB-C para extracci\u00f3n de eventos<\/li>\n<li style='margin-bottom: 5px;'><strong>Alimentaci\u00f3n:<\/strong> Por medio de interfaz USB-C<\/li>\n<li style='margin-bottom: 5px;'><strong>Bater\u00eda:<\/strong> 3300 mAh (hasta 12 horas de grabaci\u00f3n en 720p)<\/li>\n<li style='margin-bottom: 5px;'><strong>Accesorio incluido:<\/strong> Clip curvo de sujeci\u00f3n para solapa<\/li>\n<li style='margin-bottom: 5px;'><strong>Certificaci\u00f3n:<\/strong> MIL-STD-810G<\/li>\n<li style='margin-bottom: 5px;'><strong>Resistencia:<\/strong> IP68 y ca\u00eddas hasta 2 metros<\/li>\n<li style='margin-bottom: 5px;'><strong>Alimentaci\u00f3n el\u00e9ctrica:<\/strong> 5VDC&comma; 2.0A Max. 10W<\/li>\n<li style='margin-bottom: 5px;'><strong>Garant\u00eda:<\/strong> 5 a\u00f1os<\/li>\n<\/ul><\/div>\n<\/p><\/div>\n<div style='margin-bottom: 30px;'>\n<h3 style='font-size: 22px; border-bottom: 2px solid currentColor; padding-bottom: 5px; margin-top: 0; color: inherit; opacity: 0.8;'>Consideraciones para transmisi\u00f3n y centralizaci\u00f3n remota<\/h3>\n<div style='margin-bottom: 20px;'> <strong style='font-size: 18px; color: inherit;'>Licencias requeridas:<\/strong> <\/p>\n<ul style='padding-left: 20px; font-size: 15px; color: inherit;'>\n<li style='margin-bottom: 10px;'> <a style='color: inherit; text-decoration: underline;' href='https:\/\/www.syscom.mx\/principal\/searchcont?route=HC-P-VSS-B\/0C-HIKVISION-188079&#038;autodetect=hcp'>HC-P-VSS-B\/0C<\/a>: Licencia Base para el software HikCentral Professional <\/li>\n<li style='margin-bottom: 10px;'> <a style='color: inherit; text-decoration: underline;' href='https:\/\/www.syscom.mx\/principal\/searchcont?route=HC-P-BWC\/1C-HIKVISION-224585&#038;autodetect=HCPBWC\/1C'>HC-P-BWC\/1C<\/a>: Licencia adicional por canal (una por cada c\u00e1mara) <\/li>\n<\/ul><\/div>\n<div style='margin-bottom: 20px;'> <strong style='font-size: 18px; color: inherit;'>Infraestructura requerida:<\/strong> <\/p>\n<ul style='padding-left: 20px; font-size: 15px; color: inherit;'>\n<li style='margin-bottom: 10px;'> Servidor dedicado para Hik-Central Profesional (m\u00ednimo Core i5 y 8 GB RAM) <\/li>\n<li style='margin-bottom: 10px;'> IP p\u00fablica fija y ancho de banda adecuado (dependiendo de la cantidad de dispositivos) <\/li>\n<\/ul><\/div>\n<div style='margin-bottom: 20px;'> <strong style='font-size: 18px; color: inherit;'>Estaci\u00f3n de descarga de informaci\u00f3n y carga de la bater\u00eda:<\/strong> <\/p>\n<p style='margin: 10px 0; color: inherit;'>Modelo: <strong>DSMDS001\/2T\/8(B)(MCW409)<\/strong><\/p>\n<\/p><\/div>\n<div>\n<p style='margin: 10px 0; color: inherit;'> La body camera es un dispositivo altamente dise\u00f1ado principalmente para la seguridad y el cumplimiento de la ley. Esta c\u00e1mara personal permite grabar v\u00eddeo y audio de la escena. Despu\u00e9s de los eventos&comma; se puede revisar la escena gracias a su tama\u00f1o peque\u00f1o&comma; peso ligero&comma; f\u00e1cil de transportar y operar. Estas ventajas convierten a la body camera de HIKVISION en una herramienta \u00fatil para el cumplimiento de la ley. <\/p>\n<\/p><\/div>\n<\/p><\/div>\n<div style='width: 100%; margin-bottom: 30px;'> <img style='width: 100%; height: auto; border: 1px solid rgba(150&comma;150&comma;150&comma;0.3); border-radius: 8px;' src='https:\/\/ftp3.syscom.mx\/usuarios\/jsosa\/HIKVISION\/imagenes\/banners\/solution%20complete.png' alt='Soluci\u00f3n completa'> <\/div>\n<\/p><\/div>\n","protected":false},"excerpt":{"rendered":"<p>Body Camera Port\u00e1til \/ Grabaci\u00f3n a 2K \/ Pantalla 2.4&#8243; LCD \/ IP68 \/ H.265 \/ 32 GB de Almacenamiento \/ GPS \/ WIFI \/ 3G y 4G \/ Fotos de Hasta 40 Megapixel \/ Micr\u00f3fono Integrado<\/p>\n","protected":false},"featured_media":97157,"comment_status":"open","ping_status":"closed","template":"","meta":[],"product_brand":[],"product_cat":[2266,1406],"product_tag":[2267,1409,54,1345],"class_list":{"0":"post-97158","1":"product","2":"type-product","3":"status-publish","4":"has-post-thumbnail","6":"product_cat-body-cams-portatiles","7":"product_cat-videograbadoras-moviles-videovigilancia","8":"product_tag-body-cams-portatiles","9":"product_tag-dash-cams-y-body-cams","10":"product_tag-hikvision","11":"product_tag-videograbadoras-moviles","13":"first","14":"outofstock","15":"sale","16":"shipping-taxable","17":"purchasable","18":"product-type-simple"},"yoast_head":"<!-- This site is optimized with the Yoast SEO plugin v27.4 - https:\/\/yoast.com\/product\/yoast-seo-wordpress\/ -->\r\n<title>Body Camera Port\u00e1til \/ Grabaci\u00f3n a 2K \/ Pantalla 2.4&quot; LCD \/ IP68 \/ H.265 \/ 32 GB de Almacenamiento \/ GPS \/ WIFI \/ 3G y 4G \/ Fotos de Hasta 40 Megapixel \/ Micr\u00f3fono Integrado - Instalaci\u00f3n de C\u00e1maras de Seguridad en Pachuca<\/title>\r\n<meta name=\"robots\" content=\"index, follow, max-snippet:-1, max-image-preview:large, max-video-preview:-1\" \/>\r\n<link rel=\"canonical\" href=\"https:\/\/soydeaqui.ddns.net\/pachuca\/index.php\/producto\/body-camera-portatil-grabacion-a-2k-pantalla-2-4-lcd-ip68-h-265-32-gb-de-almacenamiento-gps-wifi-3g-y-4g-fotos-de-hasta-40-megapixel-microfono-integrado\/\" \/>\r\n<meta property=\"og:locale\" content=\"es_MX\" \/>\r\n<meta property=\"og:type\" content=\"article\" \/>\r\n<meta property=\"og:title\" content=\"Body Camera Port\u00e1til \/ Grabaci\u00f3n a 2K \/ Pantalla 2.4&quot; LCD \/ IP68 \/ H.265 \/ 32 GB de Almacenamiento \/ GPS \/ WIFI \/ 3G y 4G \/ Fotos de Hasta 40 Megapixel \/ Micr\u00f3fono Integrado - Instalaci\u00f3n de C\u00e1maras de Seguridad en Pachuca\" \/>\r\n<meta property=\"og:description\" content=\"Body Camera Port\u00e1til \/ Grabaci\u00f3n a 2K \/ Pantalla 2.4&quot; LCD \/ IP68 \/ H.265 \/ 32 GB de Almacenamiento \/ GPS \/ WIFI \/ 3G y 4G \/ Fotos de Hasta 40 Megapixel \/ Micr\u00f3fono Integrado\" \/>\r\n<meta property=\"og:url\" content=\"https:\/\/soydeaqui.ddns.net\/pachuca\/index.php\/producto\/body-camera-portatil-grabacion-a-2k-pantalla-2-4-lcd-ip68-h-265-32-gb-de-almacenamiento-gps-wifi-3g-y-4g-fotos-de-hasta-40-megapixel-microfono-integrado\/\" \/>\r\n<meta property=\"og:site_name\" content=\"Instalaci\u00f3n de C\u00e1maras de Seguridad en Pachuca\" \/>\r\n<meta property=\"article:modified_time\" content=\"2026-03-20T08:44:31+00:00\" \/>\r\n<meta property=\"og:image\" content=\"https:\/\/soydeaqui.ddns.net\/pachuca\/wp-content\/uploads\/2026\/03\/DSMCW409_32G_GLEC-l.png\" \/>\r\n\t<meta property=\"og:image:width\" content=\"1000\" \/>\r\n\t<meta property=\"og:image:height\" content=\"1000\" \/>\r\n\t<meta property=\"og:image:type\" content=\"image\/png\" \/>\r\n<meta name=\"twitter:card\" content=\"summary_large_image\" \/>\r\n<meta name=\"twitter:label1\" content=\"Tiempo de lectura\" \/>\n\t<meta name=\"twitter:data1\" content=\"2 minutos\" \/>\r\n<script type=\"application\/ld+json\" class=\"yoast-schema-graph\">{\"@context\":\"https:\\\/\\\/schema.org\",\"@graph\":[{\"@type\":\"WebPage\",\"@id\":\"https:\\\/\\\/soydeaqui.ddns.net\\\/pachuca\\\/index.php\\\/producto\\\/body-camera-portatil-grabacion-a-2k-pantalla-2-4-lcd-ip68-h-265-32-gb-de-almacenamiento-gps-wifi-3g-y-4g-fotos-de-hasta-40-megapixel-microfono-integrado\\\/\",\"url\":\"https:\\\/\\\/soydeaqui.ddns.net\\\/pachuca\\\/index.php\\\/producto\\\/body-camera-portatil-grabacion-a-2k-pantalla-2-4-lcd-ip68-h-265-32-gb-de-almacenamiento-gps-wifi-3g-y-4g-fotos-de-hasta-40-megapixel-microfono-integrado\\\/\",\"name\":\"Body Camera Port\u00e1til \\\/ Grabaci\u00f3n a 2K \\\/ Pantalla 2.4\\\" LCD \\\/ IP68 \\\/ H.265 \\\/ 32 GB de Almacenamiento \\\/ GPS \\\/ WIFI \\\/ 3G y 4G \\\/ Fotos de Hasta 40 Megapixel \\\/ Micr\u00f3fono Integrado - Instalaci\u00f3n de C\u00e1maras de Seguridad en Pachuca\",\"isPartOf\":{\"@id\":\"https:\\\/\\\/soydeaqui.ddns.net\\\/pachuca\\\/#website\"},\"primaryImageOfPage\":{\"@id\":\"https:\\\/\\\/soydeaqui.ddns.net\\\/pachuca\\\/index.php\\\/producto\\\/body-camera-portatil-grabacion-a-2k-pantalla-2-4-lcd-ip68-h-265-32-gb-de-almacenamiento-gps-wifi-3g-y-4g-fotos-de-hasta-40-megapixel-microfono-integrado\\\/#primaryimage\"},\"image\":{\"@id\":\"https:\\\/\\\/soydeaqui.ddns.net\\\/pachuca\\\/index.php\\\/producto\\\/body-camera-portatil-grabacion-a-2k-pantalla-2-4-lcd-ip68-h-265-32-gb-de-almacenamiento-gps-wifi-3g-y-4g-fotos-de-hasta-40-megapixel-microfono-integrado\\\/#primaryimage\"},\"thumbnailUrl\":\"https:\\\/\\\/soydeaqui.ddns.net\\\/pachuca\\\/wp-content\\\/uploads\\\/2026\\\/03\\\/DSMCW409_32G_GLEC-l.png\",\"datePublished\":\"2026-03-20T08:44:29+00:00\",\"dateModified\":\"2026-03-20T08:44:31+00:00\",\"breadcrumb\":{\"@id\":\"https:\\\/\\\/soydeaqui.ddns.net\\\/pachuca\\\/index.php\\\/producto\\\/body-camera-portatil-grabacion-a-2k-pantalla-2-4-lcd-ip68-h-265-32-gb-de-almacenamiento-gps-wifi-3g-y-4g-fotos-de-hasta-40-megapixel-microfono-integrado\\\/#breadcrumb\"},\"inLanguage\":\"es\",\"potentialAction\":[{\"@type\":\"ReadAction\",\"target\":[\"https:\\\/\\\/soydeaqui.ddns.net\\\/pachuca\\\/index.php\\\/producto\\\/body-camera-portatil-grabacion-a-2k-pantalla-2-4-lcd-ip68-h-265-32-gb-de-almacenamiento-gps-wifi-3g-y-4g-fotos-de-hasta-40-megapixel-microfono-integrado\\\/\"]}]},{\"@type\":\"ImageObject\",\"inLanguage\":\"es\",\"@id\":\"https:\\\/\\\/soydeaqui.ddns.net\\\/pachuca\\\/index.php\\\/producto\\\/body-camera-portatil-grabacion-a-2k-pantalla-2-4-lcd-ip68-h-265-32-gb-de-almacenamiento-gps-wifi-3g-y-4g-fotos-de-hasta-40-megapixel-microfono-integrado\\\/#primaryimage\",\"url\":\"https:\\\/\\\/soydeaqui.ddns.net\\\/pachuca\\\/wp-content\\\/uploads\\\/2026\\\/03\\\/DSMCW409_32G_GLEC-l.png\",\"contentUrl\":\"https:\\\/\\\/soydeaqui.ddns.net\\\/pachuca\\\/wp-content\\\/uploads\\\/2026\\\/03\\\/DSMCW409_32G_GLEC-l.png\",\"width\":1000,\"height\":1000},{\"@type\":\"BreadcrumbList\",\"@id\":\"https:\\\/\\\/soydeaqui.ddns.net\\\/pachuca\\\/index.php\\\/producto\\\/body-camera-portatil-grabacion-a-2k-pantalla-2-4-lcd-ip68-h-265-32-gb-de-almacenamiento-gps-wifi-3g-y-4g-fotos-de-hasta-40-megapixel-microfono-integrado\\\/#breadcrumb\",\"itemListElement\":[{\"@type\":\"ListItem\",\"position\":1,\"name\":\"Inicio\",\"item\":\"https:\\\/\\\/soydeaqui.ddns.net\\\/pachuca\\\/\"},{\"@type\":\"ListItem\",\"position\":2,\"name\":\"Shop\",\"item\":\"https:\\\/\\\/soydeaqui.ddns.net\\\/pachuca\\\/index.php\\\/shop\\\/\"},{\"@type\":\"ListItem\",\"position\":3,\"name\":\"Body Camera Port\u00e1til \\\/ Grabaci\u00f3n a 2K \\\/ Pantalla 2.4&#8243; LCD \\\/ IP68 \\\/ H.265 \\\/ 32 GB de Almacenamiento \\\/ GPS \\\/ WIFI \\\/ 3G y 4G \\\/ Fotos de Hasta 40 Megapixel \\\/ Micr\u00f3fono Integrado\"}]},{\"@type\":\"WebSite\",\"@id\":\"https:\\\/\\\/soydeaqui.ddns.net\\\/pachuca\\\/#website\",\"url\":\"https:\\\/\\\/soydeaqui.ddns.net\\\/pachuca\\\/\",\"name\":\"Instalaci\u00f3n de C\u00e1maras de Seguridad en Pachuca\",\"description\":\"Instalaci\u00f3n de CCTV en Pachuca\",\"potentialAction\":[{\"@type\":\"SearchAction\",\"target\":{\"@type\":\"EntryPoint\",\"urlTemplate\":\"https:\\\/\\\/soydeaqui.ddns.net\\\/pachuca\\\/?s={search_term_string}\"},\"query-input\":{\"@type\":\"PropertyValueSpecification\",\"valueRequired\":true,\"valueName\":\"search_term_string\"}}],\"inLanguage\":\"es\"}]}<\/script>\r\n<!-- \/ Yoast SEO plugin. -->","yoast_head_json":{"title":"Body Camera Port\u00e1til \/ Grabaci\u00f3n a 2K \/ Pantalla 2.4\" LCD \/ IP68 \/ H.265 \/ 32 GB de Almacenamiento \/ GPS \/ WIFI \/ 3G y 4G \/ Fotos de Hasta 40 Megapixel \/ Micr\u00f3fono Integrado - Instalaci\u00f3n de C\u00e1maras de Seguridad en Pachuca","robots":{"index":"index","follow":"follow","max-snippet":"max-snippet:-1","max-image-preview":"max-image-preview:large","max-video-preview":"max-video-preview:-1"},"canonical":"https:\/\/soydeaqui.ddns.net\/pachuca\/index.php\/producto\/body-camera-portatil-grabacion-a-2k-pantalla-2-4-lcd-ip68-h-265-32-gb-de-almacenamiento-gps-wifi-3g-y-4g-fotos-de-hasta-40-megapixel-microfono-integrado\/","og_locale":"es_MX","og_type":"article","og_title":"Body Camera Port\u00e1til \/ Grabaci\u00f3n a 2K \/ Pantalla 2.4\" LCD \/ IP68 \/ H.265 \/ 32 GB de Almacenamiento \/ GPS \/ WIFI \/ 3G y 4G \/ Fotos de Hasta 40 Megapixel \/ Micr\u00f3fono Integrado - Instalaci\u00f3n de C\u00e1maras de Seguridad en Pachuca","og_description":"Body Camera Port\u00e1til \/ Grabaci\u00f3n a 2K \/ Pantalla 2.4\" LCD \/ IP68 \/ H.265 \/ 32 GB de Almacenamiento \/ GPS \/ WIFI \/ 3G y 4G \/ Fotos de Hasta 40 Megapixel \/ Micr\u00f3fono Integrado","og_url":"https:\/\/soydeaqui.ddns.net\/pachuca\/index.php\/producto\/body-camera-portatil-grabacion-a-2k-pantalla-2-4-lcd-ip68-h-265-32-gb-de-almacenamiento-gps-wifi-3g-y-4g-fotos-de-hasta-40-megapixel-microfono-integrado\/","og_site_name":"Instalaci\u00f3n de C\u00e1maras de Seguridad en Pachuca","article_modified_time":"2026-03-20T08:44:31+00:00","og_image":[{"width":1000,"height":1000,"url":"https:\/\/soydeaqui.ddns.net\/pachuca\/wp-content\/uploads\/2026\/03\/DSMCW409_32G_GLEC-l.png","type":"image\/png"}],"twitter_card":"summary_large_image","twitter_misc":{"Tiempo de lectura":"2 minutos"},"schema":{"@context":"https:\/\/schema.org","@graph":[{"@type":"WebPage","@id":"https:\/\/soydeaqui.ddns.net\/pachuca\/index.php\/producto\/body-camera-portatil-grabacion-a-2k-pantalla-2-4-lcd-ip68-h-265-32-gb-de-almacenamiento-gps-wifi-3g-y-4g-fotos-de-hasta-40-megapixel-microfono-integrado\/","url":"https:\/\/soydeaqui.ddns.net\/pachuca\/index.php\/producto\/body-camera-portatil-grabacion-a-2k-pantalla-2-4-lcd-ip68-h-265-32-gb-de-almacenamiento-gps-wifi-3g-y-4g-fotos-de-hasta-40-megapixel-microfono-integrado\/","name":"Body Camera Port\u00e1til \/ Grabaci\u00f3n a 2K \/ Pantalla 2.4\" LCD \/ IP68 \/ H.265 \/ 32 GB de Almacenamiento \/ GPS \/ WIFI \/ 3G y 4G \/ Fotos de Hasta 40 Megapixel \/ Micr\u00f3fono Integrado - Instalaci\u00f3n de C\u00e1maras de Seguridad en Pachuca","isPartOf":{"@id":"https:\/\/soydeaqui.ddns.net\/pachuca\/#website"},"primaryImageOfPage":{"@id":"https:\/\/soydeaqui.ddns.net\/pachuca\/index.php\/producto\/body-camera-portatil-grabacion-a-2k-pantalla-2-4-lcd-ip68-h-265-32-gb-de-almacenamiento-gps-wifi-3g-y-4g-fotos-de-hasta-40-megapixel-microfono-integrado\/#primaryimage"},"image":{"@id":"https:\/\/soydeaqui.ddns.net\/pachuca\/index.php\/producto\/body-camera-portatil-grabacion-a-2k-pantalla-2-4-lcd-ip68-h-265-32-gb-de-almacenamiento-gps-wifi-3g-y-4g-fotos-de-hasta-40-megapixel-microfono-integrado\/#primaryimage"},"thumbnailUrl":"https:\/\/soydeaqui.ddns.net\/pachuca\/wp-content\/uploads\/2026\/03\/DSMCW409_32G_GLEC-l.png","datePublished":"2026-03-20T08:44:29+00:00","dateModified":"2026-03-20T08:44:31+00:00","breadcrumb":{"@id":"https:\/\/soydeaqui.ddns.net\/pachuca\/index.php\/producto\/body-camera-portatil-grabacion-a-2k-pantalla-2-4-lcd-ip68-h-265-32-gb-de-almacenamiento-gps-wifi-3g-y-4g-fotos-de-hasta-40-megapixel-microfono-integrado\/#breadcrumb"},"inLanguage":"es","potentialAction":[{"@type":"ReadAction","target":["https:\/\/soydeaqui.ddns.net\/pachuca\/index.php\/producto\/body-camera-portatil-grabacion-a-2k-pantalla-2-4-lcd-ip68-h-265-32-gb-de-almacenamiento-gps-wifi-3g-y-4g-fotos-de-hasta-40-megapixel-microfono-integrado\/"]}]},{"@type":"ImageObject","inLanguage":"es","@id":"https:\/\/soydeaqui.ddns.net\/pachuca\/index.php\/producto\/body-camera-portatil-grabacion-a-2k-pantalla-2-4-lcd-ip68-h-265-32-gb-de-almacenamiento-gps-wifi-3g-y-4g-fotos-de-hasta-40-megapixel-microfono-integrado\/#primaryimage","url":"https:\/\/soydeaqui.ddns.net\/pachuca\/wp-content\/uploads\/2026\/03\/DSMCW409_32G_GLEC-l.png","contentUrl":"https:\/\/soydeaqui.ddns.net\/pachuca\/wp-content\/uploads\/2026\/03\/DSMCW409_32G_GLEC-l.png","width":1000,"height":1000},{"@type":"BreadcrumbList","@id":"https:\/\/soydeaqui.ddns.net\/pachuca\/index.php\/producto\/body-camera-portatil-grabacion-a-2k-pantalla-2-4-lcd-ip68-h-265-32-gb-de-almacenamiento-gps-wifi-3g-y-4g-fotos-de-hasta-40-megapixel-microfono-integrado\/#breadcrumb","itemListElement":[{"@type":"ListItem","position":1,"name":"Inicio","item":"https:\/\/soydeaqui.ddns.net\/pachuca\/"},{"@type":"ListItem","position":2,"name":"Shop","item":"https:\/\/soydeaqui.ddns.net\/pachuca\/index.php\/shop\/"},{"@type":"ListItem","position":3,"name":"Body Camera Port\u00e1til \/ Grabaci\u00f3n a 2K \/ Pantalla 2.4&#8243; LCD \/ IP68 \/ H.265 \/ 32 GB de Almacenamiento \/ GPS \/ WIFI \/ 3G y 4G \/ Fotos de Hasta 40 Megapixel \/ Micr\u00f3fono Integrado"}]},{"@type":"WebSite","@id":"https:\/\/soydeaqui.ddns.net\/pachuca\/#website","url":"https:\/\/soydeaqui.ddns.net\/pachuca\/","name":"Instalaci\u00f3n de C\u00e1maras de Seguridad en Pachuca","description":"Instalaci\u00f3n de CCTV en Pachuca","potentialAction":[{"@type":"SearchAction","target":{"@type":"EntryPoint","urlTemplate":"https:\/\/soydeaqui.ddns.net\/pachuca\/?s={search_term_string}"},"query-input":{"@type":"PropertyValueSpecification","valueRequired":true,"valueName":"search_term_string"}}],"inLanguage":"es"}]}},"_links":{"self":[{"href":"https:\/\/soydeaqui.ddns.net\/pachuca\/index.php\/wp-json\/wp\/v2\/product\/97158","targetHints":{"allow":["GET"]}}],"collection":[{"href":"https:\/\/soydeaqui.ddns.net\/pachuca\/index.php\/wp-json\/wp\/v2\/product"}],"about":[{"href":"https:\/\/soydeaqui.ddns.net\/pachuca\/index.php\/wp-json\/wp\/v2\/types\/product"}],"replies":[{"embeddable":true,"href":"https:\/\/soydeaqui.ddns.net\/pachuca\/index.php\/wp-json\/wp\/v2\/comments?post=97158"}],"wp:featuredmedia":[{"embeddable":true,"href":"https:\/\/soydeaqui.ddns.net\/pachuca\/index.php\/wp-json\/wp\/v2\/media\/97157"}],"wp:attachment":[{"href":"https:\/\/soydeaqui.ddns.net\/pachuca\/index.php\/wp-json\/wp\/v2\/media?parent=97158"}],"wp:term":[{"taxonomy":"product_brand","embeddable":true,"href":"https:\/\/soydeaqui.ddns.net\/pachuca\/index.php\/wp-json\/wp\/v2\/product_brand?post=97158"},{"taxonomy":"product_cat","embeddable":true,"href":"https:\/\/soydeaqui.ddns.net\/pachuca\/index.php\/wp-json\/wp\/v2\/product_cat?post=97158"},{"taxonomy":"product_tag","embeddable":true,"href":"https:\/\/soydeaqui.ddns.net\/pachuca\/index.php\/wp-json\/wp\/v2\/product_tag?post=97158"}],"curies":[{"name":"wp","href":"https:\/\/api.w.org\/{rel}","templated":true}]}}