{"id":97155,"date":"2026-03-20T08:44:19","date_gmt":"2026-03-20T08:44:19","guid":{"rendered":"https:\/\/soydeaqui.ddns.net\/pachuca\/index.php\/producto\/bateria-de-litio-ciclo-profundo-12-8-vcc-100ah-lifepo4-case-metalico-solar-maximo-80-a-de-descarga\/"},"modified":"2026-03-20T08:44:24","modified_gmt":"2026-03-20T08:44:24","slug":"bateria-de-litio-ciclo-profundo-12-8-vcc-100ah-lifepo4-case-metalico-solar-maximo-80-a-de-descarga","status":"publish","type":"product","link":"https:\/\/soydeaqui.ddns.net\/pachuca\/index.php\/producto\/bateria-de-litio-ciclo-profundo-12-8-vcc-100ah-lifepo4-case-metalico-solar-maximo-80-a-de-descarga\/","title":{"rendered":"Bater\u00eda de Litio Ciclo Profundo, 12.8 Vcc 100Ah LiFePO4 Case Met\u00e1lico , Solar, M\u00e1ximo 80 A de Descarga"},"content":{"rendered":"<div style='width: 100%; max-width: 1200px; margin: 0 auto; font-family: sans-serif; line-height: 1.6; color: inherit; background-color: transparent;'> <!-- Secci\u00f3n de advertencias importantes --> <\/p>\n<div style='display: flex; flex-wrap: wrap; gap: 30px; margin-bottom: 30px;'>\n<div style='flex: 1 1 300px; min-width: 280px;'>\n<h3 style='font-size: 22px; border-bottom: 2px solid currentColor; padding-bottom: 5px; margin-top: 0; color: inherit; opacity: 0.8;'>Importante!<\/h3>\n<ul style='padding-left: 20px; font-size: 15px; color: inherit;'>\n<li style='margin-bottom: 5px; font-weight: bold;'>La carga y descarga de esta bater\u00eda de Litio (LiFePO<sub>4<\/sub>) se deber\u00e1 hacer respetando los par\u00e1metros en la especificaci\u00f3n del producto.<\/li>\n<li style='margin-bottom: 5px; font-weight: bold;'>Para sistemas de energ\u00eda solar se recomienda utilizar controlador de carga marca EPEVER Serie XTRA-XXXX-N o TRACER-XXXX-AN&comma; se requieren programaci\u00f3n de parametros para bater\u00eda (LiFePO<sub>4<\/sub>)<\/li>\n<\/ul>\n<div style='margin-top: 20px;'>\n<h4 style='font-size: 18px; margin-top: 0; color: inherit; opacity: 0.8;'>Modelos recomendados:<\/h4>\n<ul style='padding-left: 20px; font-size: 14px; color: inherit;'>\n<li style='margin-bottom: 5px;'>XTRA-2210N &#8211; Controlador Solar MPPT 20A 12\/24V&comma; Voc 100Vcc<\/li>\n<li style='margin-bottom: 5px;'>XTRA-3210N &#8211; Controlador Solar MPPT 30A 12\/24V&comma; Voc 100Vcc<\/li>\n<li style='margin-bottom: 5px;'>XTRA-4210N &#8211; Controlador Solar MPPT 40A 12\/24V&comma; Voc 100Vcc<\/li>\n<li style='margin-bottom: 5px;'>XTRA-4210N-XDS2-LI &#8211; Controlador Solar MPPT 40A 12\/24V&comma; Voc 100Vcc<\/li>\n<\/ul>\n<p style='margin-top: 15px; font-size: 14px; color: #2880b9;'>Manual-Lithium-iron-phosphate-(LiFePO4)_<\/p>\n<p style='margin-top: 5px; font-size: 14px; color: #2880b9;'>Programaci\u00f3n de Par\u00e1metros de Controlador XTRA-XXXX-N para Bater\u00eda de Litio (LiFePO4)_R2<\/p>\n<\/p><\/div>\n<\/p><\/div>\n<\/p><\/div>\n<p> <!-- Secci\u00f3n de especificaciones --> <\/p>\n<div style='display: flex; flex-wrap: wrap; gap: 20px; margin-bottom: 30px;'>\n<div style='flex: 1 1 250px; border: 1px solid rgba(150&comma; 150&comma; 150&comma; 0.4); border-radius: 8px; overflow: hidden; display: flex; flex-direction: column;'>\n<div style='padding: 15px; border-bottom: 1px solid rgba(150&comma; 150&comma; 150&comma; 0.2); font-weight: bold; font-size: 18px; color: inherit;'>Especificaci\u00f3n<\/div>\n<div style='padding: 15px; color: inherit;'>\n<ul style='padding-left: 20px; margin: 0; font-size: 14px; list-style-type: disc;'>\n<li style='margin-bottom: 5px;'><strong>Capacidad:<\/strong> 100 Ah<\/li>\n<li style='margin-bottom: 5px;'><strong>Voltaje Nominal:<\/strong> 12.8 Vcc<\/li>\n<li style='margin-bottom: 5px;'><strong>Voltaje de Corte:<\/strong> 10 Vcc<\/li>\n<li style='margin-bottom: 5px;'><strong>Corriente de Descarga normal:<\/strong> 50 A<\/li>\n<li style='margin-bottom: 5px;'><strong>Corriente de Descarga M\u00e1xima:<\/strong> 80 A<\/li>\n<li style='margin-bottom: 5px;'><strong>Temperatura de Operaci\u00f3n:<\/strong> -20\u00b0C a +60\u00b0C<\/li>\n<li style='margin-bottom: 5px;'><strong>Peso:<\/strong> 14 kg<\/li>\n<li style='margin-bottom: 5px;'><strong>Dimensiones:<\/strong> 560 x 250 x 70 mm<\/li>\n<\/ul><\/div>\n<\/p><\/div>\n<div style='flex: 1 1 250px; border: 1px solid rgba(150&comma; 150&comma; 150&comma; 0.4); border-radius: 8px; overflow: hidden; display: flex; flex-direction: column;'>\n<div style='padding: 15px; border-bottom: 1px solid rgba(150&comma; 150&comma; 150&comma; 0.2); font-weight: bold; font-size: 18px; color: inherit;'>Par\u00e1metros de Carga<\/div>\n<div style='padding: 15px; color: inherit;'>\n<ul style='padding-left: 20px; margin: 0; font-size: 14px; list-style-type: disc;'>\n<li style='margin-bottom: 5px;'><strong>Modo de Carga:<\/strong> CC\/CV<\/li>\n<li style='margin-bottom: 5px;'><strong>Voltaje de Ciclo de Carga:<\/strong> 14.4 Vcc<\/li>\n<li style='margin-bottom: 5px;'><strong>Voltaje de Flotaci\u00f3n:<\/strong> 13.5 Vcc<\/li>\n<li style='margin-bottom: 5px;'><strong>Corriente de Carga:<\/strong> 20 A<\/li>\n<\/ul><\/div>\n<\/p><\/div>\n<div style='flex: 1 1 250px; border: 1px solid rgba(150&comma; 150&comma; 150&comma; 0.4); border-radius: 8px; overflow: hidden; display: flex; flex-direction: column;'>\n<div style='padding: 15px; border-bottom: 1px solid rgba(150&comma; 150&comma; 150&comma; 0.2); font-weight: bold; font-size: 18px; color: inherit;'>Precauciones<\/div>\n<div style='padding: 15px; color: inherit;'>\n<ul style='padding-left: 20px; margin: 0; font-size: 14px; list-style-type: disc;'>\n<li style='margin-bottom: 5px;'>No haga corto entre terminales o invierta la polaridad<\/li>\n<li style='margin-bottom: 5px;'>No desensamble o modifique la bater\u00eda<\/li>\n<li style='margin-bottom: 5px;'>Mantenga la bater\u00eda lejos del alcance de los ni\u00f1os<\/li>\n<li style='margin-bottom: 5px;'>No exponga la bater\u00eda a temperaturas superiores a 60\u00b0C<\/li>\n<li style='margin-bottom: 5px;'>No utilizar en sistemas de arranque de Veh\u00edculos<\/li>\n<li style='margin-bottom: 5px;'>No hacer m\u00e1s de 4 paralelos<\/li>\n<li style='margin-bottom: 5px;'>No usar en m\u00e1s de 48 Vcc<\/li>\n<\/ul><\/div>\n<\/p><\/div>\n<\/p><\/div>\n<p> <!-- Secci\u00f3n de soporte t\u00e9cnico --> <\/p>\n<div style='margin-top: 30px; padding: 20px; border: 1px solid rgba(150&comma; 150&comma; 150&comma; 0.3); border-radius: 8px; background-color: rgba(255&comma; 255&comma; 255&comma; 0.03);'>\n<p style='margin: 0; font-weight: bold; color: inherit;'>Para soporte t\u00e9cnico comunicarse a nuestro departamento de Ingenier\u00eda<\/p>\n<\/p><\/div>\n<\/p><\/div>\n","protected":false},"excerpt":{"rendered":"<p>Bater\u00eda de Litio Ciclo Profundo, 12.8 Vcc 100Ah LiFePO4 Case Met\u00e1lico , Solar, M\u00e1ximo 80 A de Descarga<\/p>\n","protected":false},"featured_media":97154,"comment_status":"open","ping_status":"closed","template":"","meta":[],"product_brand":[],"product_cat":[1160],"product_tag":[143,142,1178],"class_list":{"0":"post-97155","1":"product","2":"type-product","3":"status-publish","4":"has-post-thumbnail","6":"product_cat-baterias-energia-videovigilancia","7":"product_tag-baterias","8":"product_tag-energia","9":"product_tag-epcom-power-line-by-ritar","11":"first","12":"outofstock","13":"sale","14":"shipping-taxable","15":"purchasable","16":"product-type-simple"},"_links":{"self":[{"href":"https:\/\/soydeaqui.ddns.net\/pachuca\/index.php\/wp-json\/wp\/v2\/product\/97155","targetHints":{"allow":["GET"]}}],"collection":[{"href":"https:\/\/soydeaqui.ddns.net\/pachuca\/index.php\/wp-json\/wp\/v2\/product"}],"about":[{"href":"https:\/\/soydeaqui.ddns.net\/pachuca\/index.php\/wp-json\/wp\/v2\/types\/product"}],"replies":[{"embeddable":true,"href":"https:\/\/soydeaqui.ddns.net\/pachuca\/index.php\/wp-json\/wp\/v2\/comments?post=97155"}],"wp:featuredmedia":[{"embeddable":true,"href":"https:\/\/soydeaqui.ddns.net\/pachuca\/index.php\/wp-json\/wp\/v2\/media\/97154"}],"wp:attachment":[{"href":"https:\/\/soydeaqui.ddns.net\/pachuca\/index.php\/wp-json\/wp\/v2\/media?parent=97155"}],"wp:term":[{"taxonomy":"product_brand","embeddable":true,"href":"https:\/\/soydeaqui.ddns.net\/pachuca\/index.php\/wp-json\/wp\/v2\/product_brand?post=97155"},{"taxonomy":"product_cat","embeddable":true,"href":"https:\/\/soydeaqui.ddns.net\/pachuca\/index.php\/wp-json\/wp\/v2\/product_cat?post=97155"},{"taxonomy":"product_tag","embeddable":true,"href":"https:\/\/soydeaqui.ddns.net\/pachuca\/index.php\/wp-json\/wp\/v2\/product_tag?post=97155"}],"curies":[{"name":"wp","href":"https:\/\/api.w.org\/{rel}","templated":true}]}}