{"id":97153,"date":"2026-03-20T08:44:16","date_gmt":"2026-03-20T08:44:16","guid":{"rendered":"https:\/\/soydeaqui.ddns.net\/pachuca\/index.php\/producto\/arnes-de-pecho-para-body-cam-compatible-con-xmrr3-y-xmrt3s-diseno-ergonomico-longitud-ajustable-material-nylon-peso-299g\/"},"modified":"2026-03-20T08:44:17","modified_gmt":"2026-03-20T08:44:17","slug":"arnes-de-pecho-para-body-cam-compatible-con-xmrr3-y-xmrt3s-diseno-ergonomico-longitud-ajustable-material-nylon-peso-299g","status":"publish","type":"product","link":"https:\/\/soydeaqui.ddns.net\/pachuca\/index.php\/producto\/arnes-de-pecho-para-body-cam-compatible-con-xmrr3-y-xmrt3s-diseno-ergonomico-longitud-ajustable-material-nylon-peso-299g\/","title":{"rendered":"Arn\u00e9s De Pecho Para Body Cam | Compatible con XMRR3 y XMRT3S | Dise\u00f1o Ergon\u00f3mico | Longitud Ajustable | Material Nylon | Peso 299g"},"content":{"rendered":"<div style='width: 100%; max-width: 1200px; margin: 0 auto; font-family: sans-serif; line-height: 1.6; color: inherit; background-color: transparent;'>\n<div style='text-align: justify;'> <img style='width: 100%; height: auto; border: 1px solid rgba(150&comma;150&comma;150&comma;0.3); border-radius: 8px;' src='https:\/\/ftp3.syscom.mx\/usuarios\/albamaria\/albamaria\/bodycams\/EPCOM-BODYCAMS.jpg' alt=''> <\/div>\n<div style='display: flex; flex-wrap: wrap; gap: 30px; margin-top: 30px;'>\n<div style='flex: 1 1 300px; min-width: 280px;'>\n<h3 style='font-size: 22px; border-bottom: 2px solid currentColor; padding-bottom: 5px; margin-top: 0; color: inherit; opacity: 0.8;'>Caracter\u00edsticas Principales<\/h3>\n<ul style='padding-left: 20px; font-size: 15px; color: inherit;'>\n<li style='margin-bottom: 5px;'>Dise\u00f1o ergon\u00f3mico y f\u00e1cil de usar<\/li>\n<li style='margin-bottom: 5px;'>Arn\u00e9s ajustable<\/li>\n<li style='margin-bottom: 5px;'>Duradero y ligero<\/li>\n<li style='margin-bottom: 5px;'>El arn\u00e9s de doble hombro se puede usar con una funda de cuero&comma; lo que es conveniente para llevar<\/li>\n<li style='margin-bottom: 5px;'><strong>Compatible con bodycams: XMRR3 y XMRT3S<\/strong><\/li>\n<\/ul><\/div>\n<div style='flex: 1 1 300px; min-width: 280px;'>\n<h3 style='font-size: 22px; border-bottom: 2px solid currentColor; padding-bottom: 5px; margin-top: 0; color: inherit; opacity: 0.8;'>Caracter\u00edsticas F\u00edsicas<\/h3>\n<ul style='padding-left: 20px; font-size: 15px; color: inherit;'>\n<li style='margin-bottom: 5px;'><strong>Material:<\/strong> Nylon<\/li>\n<li style='margin-bottom: 5px;'><strong>Color:<\/strong> Negro<\/li>\n<li style='margin-bottom: 5px;'><strong>Peso:<\/strong> 299g<\/li>\n<li style='margin-bottom: 5px;'><strong>Tipo de montaje:<\/strong> Pecho\/ Hombro<\/li>\n<\/ul><\/div>\n<\/p><\/div>\n<div style='display: flex; justify-content: center; margin-top: 30px;'> <img style='width: 75%; height: auto; border: 1px solid rgba(150&comma;150&comma;150&comma;0.3); border-radius: 8px;' src='https:\/\/ftp3.syscom.mx\/usuarios\/albamaria\/albamaria\/bodycams\/HARNESS%20TO%20BODYCAMERA.jpg' alt=''> <\/div>\n<\/p><\/div>\n","protected":false},"excerpt":{"rendered":"<p>Arn\u00e9s De Pecho Para Body Cam | Compatible con XMRR3 y XMRT3S | Dise\u00f1o Ergon\u00f3mico | Longitud Ajustable | Material Nylon | Peso 299g<\/p>\n","protected":false},"featured_media":97152,"comment_status":"open","ping_status":"closed","template":"","meta":[],"product_brand":[],"product_cat":[1408,1406],"product_tag":[93,1409,935,1345],"class_list":{"0":"post-97153","1":"product","2":"type-product","3":"status-publish","4":"has-post-thumbnail","6":"product_cat-accesorios-dash-cams-y-body-cams","7":"product_cat-videograbadoras-moviles-videovigilancia","8":"product_tag-accesorios","9":"product_tag-dash-cams-y-body-cams","10":"product_tag-epcom","11":"product_tag-videograbadoras-moviles","13":"first","14":"instock","15":"sale","16":"shipping-taxable","17":"purchasable","18":"product-type-simple"},"_links":{"self":[{"href":"https:\/\/soydeaqui.ddns.net\/pachuca\/index.php\/wp-json\/wp\/v2\/product\/97153","targetHints":{"allow":["GET"]}}],"collection":[{"href":"https:\/\/soydeaqui.ddns.net\/pachuca\/index.php\/wp-json\/wp\/v2\/product"}],"about":[{"href":"https:\/\/soydeaqui.ddns.net\/pachuca\/index.php\/wp-json\/wp\/v2\/types\/product"}],"replies":[{"embeddable":true,"href":"https:\/\/soydeaqui.ddns.net\/pachuca\/index.php\/wp-json\/wp\/v2\/comments?post=97153"}],"wp:featuredmedia":[{"embeddable":true,"href":"https:\/\/soydeaqui.ddns.net\/pachuca\/index.php\/wp-json\/wp\/v2\/media\/97152"}],"wp:attachment":[{"href":"https:\/\/soydeaqui.ddns.net\/pachuca\/index.php\/wp-json\/wp\/v2\/media?parent=97153"}],"wp:term":[{"taxonomy":"product_brand","embeddable":true,"href":"https:\/\/soydeaqui.ddns.net\/pachuca\/index.php\/wp-json\/wp\/v2\/product_brand?post=97153"},{"taxonomy":"product_cat","embeddable":true,"href":"https:\/\/soydeaqui.ddns.net\/pachuca\/index.php\/wp-json\/wp\/v2\/product_cat?post=97153"},{"taxonomy":"product_tag","embeddable":true,"href":"https:\/\/soydeaqui.ddns.net\/pachuca\/index.php\/wp-json\/wp\/v2\/product_tag?post=97153"}],"curies":[{"name":"wp","href":"https:\/\/api.w.org\/{rel}","templated":true}]}}