{"id":97150,"date":"2026-03-20T08:44:08","date_gmt":"2026-03-20T08:44:08","guid":{"rendered":"https:\/\/soydeaqui.ddns.net\/pachuca\/index.php\/producto\/kit-dashcam-con-sistema-de-control-adas-asistencia-de-manejo-y-camara-dms-con-ia-jc170-multiples-alarmas-comunicacion-dos-vias-ideal-para-flotas-vehiculares-facil-instalacio-incluye-licen\/"},"modified":"2026-03-20T08:44:09","modified_gmt":"2026-03-20T08:44:09","slug":"kit-dashcam-con-sistema-de-control-adas-asistencia-de-manejo-y-camara-dms-con-ia-jc170-multiples-alarmas-comunicacion-dos-vias-ideal-para-flotas-vehiculares-facil-instalacio-incluye-licen","status":"publish","type":"product","link":"https:\/\/soydeaqui.ddns.net\/pachuca\/index.php\/producto\/kit-dashcam-con-sistema-de-control-adas-asistencia-de-manejo-y-camara-dms-con-ia-jc170-multiples-alarmas-comunicacion-dos-vias-ideal-para-flotas-vehiculares-facil-instalacio-incluye-licen\/","title":{"rendered":"KIT Dashcam con sistema de control ADAS (asistencia de manejo) y Camara DMS con IA (JC170) \/ Multiples alarmas \/Comunicaci\u00f3n dos v\u00edas \/ ideal para flotas vehiculares \/ Facil instalacio \/ Incluye licencia vitalicia plataforma TrackSolidPro"},"content":{"rendered":"<div style='width: 100%; max-width: 1200px; margin: 0 auto; font-family: sans-serif; line-height: 1.6; color: inherit; background-color: transparent;'> <!-- Imagen principal --> <\/p>\n<div style='margin-bottom: 30px;'> <img style='width: 100%; height: auto; border: 1px solid rgba(150&comma;150&comma;150&comma;0.3); border-radius: 8px;' src='https:\/\/ftp3.syscom.mx\/usuarios\/fotos\/JC261\/222050-jc261_jimi.png' alt=''> <\/div>\n<p> <!-- Descripci\u00f3n principal --> <\/p>\n<div style='margin-bottom: 30px; font-size: 15px;'>\n<p>El JC261 es una actualizaci\u00f3n del JC400&comma; una c\u00e1mara para autom\u00f3vil con conexi\u00f3n 4G que te permite a\u00f1adir una c\u00e1mara orientada hacia el conductor&comma; hacia el interior del veh\u00edculo o de respaldo seg\u00fan tus necesidades. La c\u00e1mara incorporada en el dispositivo puede monitorear la carretera mientras que la c\u00e1mara perif\u00e9rica puede vigilar al conductor&comma; el habit\u00e1culo o la parte trasera del veh\u00edculo.<\/p>\n<p>Este sistema incluye varias funciones de seguridad como DMS&comma; ADAS&comma; alertas de excepci\u00f3n y m\u00e1s. Adem\u00e1s&comma; la capacidad 4G del dispositivo permite la transmisi\u00f3n de video sin interrupciones&comma; alertas de audio en vivo&comma; reproducci\u00f3n de rutas y reproducci\u00f3n de historial de video. Con todas estas caracter\u00edsticas&comma; los gestores de flotas pueden guiar a los conductores bas\u00e1ndose en datos y mejorar las operaciones para obtener m\u00e1s beneficios&comma; ya sea que est\u00e9n gestionando flotas gubernamentales&comma; de log\u00edstica&comma; de transporte de pasajeros o de taxis.<\/p>\n<\/p><\/div>\n<p> <!-- Incluye --> <\/p>\n<div style='margin-bottom: 30px;'>\n<h3 style='font-size: 20px; border-bottom: 2px solid currentColor; padding-bottom: 5px; margin-top: 0; color: inherit; opacity: 0.8;'>Incluye:<\/h3>\n<ul style='padding-left: 20px; font-size: 15px; color: inherit;'>\n<li>JC261<\/li>\n<li>JC170<\/li>\n<li>Relay<\/li>\n<li>Boton SOS<\/li>\n<li>VTSCXVIDEO<\/li>\n<\/ul><\/div>\n<p> <!-- Secci\u00f3n 1: Videovigilancia --> <\/p>\n<div style='margin-bottom: 30px;'>\n<div style='display: flex; flex-wrap: wrap; gap: 20px; background-color: #000000; color: white; padding: 20px; border-radius: 8px;'>\n<div style='flex: 1 1 300px; min-width: 300px;'> <img style='width: 100%; height: auto; border: 1px solid rgba(150&comma;150&comma;150&comma;0.3); border-radius: 8px;' src='https:\/\/sp.jimilab.com\/wp-content\/uploads\/2023\/07\/JC261-TSP-surveillance.gif' alt=''> <\/div>\n<div style='flex: 1 1 300px; min-width: 300px; display: flex; flex-direction: column; justify-content: center;'>\n<h2 style='font-size: 24px; font-weight: bold; margin-top: 0; margin-bottom: 15px; color: inherit;'>Videovigilancia<\/h2>\n<p style='margin: 0; color: inherit;'>La potente conectividad LTE permite la supervisi\u00f3n en directo del interior y el exterior del veh\u00edculo a trav\u00e9s de una plataforma en l\u00ednea; mientras que los clips de v\u00eddeo cr\u00edticos del dispositivo permiten la reproducci\u00f3n a la carta despu\u00e9s del hecho desde cualquier lugar y en cualquier momento.<\/p>\n<\/p><\/div>\n<\/p><\/div>\n<\/p><\/div>\n<p> <!-- Secci\u00f3n 2: Grabaci\u00f3n de doble canal --> <\/p>\n<div style='margin-bottom: 30px;'>\n<div style='display: flex; flex-wrap: wrap; gap: 20px; background-color: #f0f0f0; color: inherit; padding: 20px; border-radius: 8px;'>\n<div style='flex: 1 1 300px; min-width: 300px; display: flex; flex-direction: column; justify-content: center;'>\n<h3 style='font-size: 24px; font-weight: bold; margin-top: 0; margin-bottom: 15px; color: inherit;'>Grabaci\u00f3n de doble canal mejorada<\/h3>\n<p style='margin: 0; color: inherit;'>Supervise la carretera por delante a trav\u00e9s de una lente integrada y capture lo que sucede en la cabina&comma; en la parte trasera&comma; a los lados o hacia el conductor con una c\u00e1mara perif\u00e9rica dise\u00f1ada para satisfacer necesidades empresariales espec\u00edficas.<\/p>\n<\/p><\/div>\n<div style='flex: 1 1 300px; min-width: 300px;'> <img style='width: 100%; height: auto; border: 1px solid rgba(150&comma;150&comma;150&comma;0.3); border-radius: 8px;' src='https:\/\/sp.jimilab.com\/wp-content\/uploads\/2023\/07\/JC261-live-video.gif' alt=''> <\/div>\n<\/p><\/div>\n<\/p><\/div>\n<p> <!-- Secci\u00f3n 3: Asesoramiento del conductor --> <\/p>\n<div style='margin-bottom: 30px;'>\n<div style='display: flex; flex-wrap: wrap; gap: 20px; background-color: #000033; color: white; padding: 20px; border-radius: 8px;'>\n<div style='flex: 1 1 300px; min-width: 300px;'> <img style='width: 100%; height: auto; border: 1px solid rgba(150&comma;150&comma;150&comma;0.3); border-radius: 8px;' src='https:\/\/sp.jimilab.com\/wp-content\/uploads\/2022\/09\/JC450\u00e5\u0160\u0178\u00e8\u0192\u00bd\u00e9\u2026\u008d\u00e5\u203a\u00be2.gif' alt=''> <\/div>\n<div style='flex: 1 1 300px; min-width: 300px; display: flex; flex-direction: column; justify-content: center;'>\n<h3 style='font-size: 24px; font-weight: bold; margin-top: 0; margin-bottom: 15px; color: inherit;'>Asesoramiento\/Asistencia del conductor<\/h3>\n<ul style='padding-left: 20px; margin: 0; color: inherit;'>\n<li style='margin-bottom: 8px;'>Monitoreo de Fatiga\/Distracci\u00f3n del Conductor (DMS)<\/li>\n<li style='margin-bottom: 8px;'>La c\u00e1mara DMS (opcional) puede rastrear la cara del conductor para monitorear su atenci\u00f3n y advertirle con alertas en la cabina si es necesario.<\/li>\n<li style='margin-bottom: 8px;'>Asistencia avanzada al conductor (ADAS)<\/li>\n<\/ul><\/div>\n<\/p><\/div>\n<\/p><\/div>\n<p> <!-- Secci\u00f3n 4: ADAS --> <\/p>\n<div style='margin-bottom: 30px;'>\n<div style='display: flex; flex-wrap: wrap; gap: 20px; background-color: white; color: inherit; padding: 20px; border-radius: 8px;'>\n<div style='flex: 1 1 300px; min-width: 300px; display: flex; flex-direction: column; justify-content: center;'>\n<h3 style='font-size: 24px; font-weight: bold; margin-top: 0; margin-bottom: 15px; color: inherit;'>Asistencia al conductor (ADAS)<\/h3>\n<p style='margin: 0; color: inherit;'>El algoritmo ADAS permite al dispositivo controlar incidentes relacionados con la distancia de seguimiento&comma; las colisiones cercanas&comma; el mantenimiento del carril&comma; etc.&comma; y avisar al conductor en tiempo real.<\/p>\n<\/p><\/div>\n<div style='flex: 1 1 300px; min-width: 300px;'> <img style='width: 100%; height: auto; border: 1px solid rgba(150&comma;150&comma;150&comma;0.3); border-radius: 8px;' src='https:\/\/sp.jimilab.com\/wp-content\/uploads\/2023\/07\/ADAS.gif' alt=''> <\/div>\n<\/p><\/div>\n<\/p><\/div>\n<p> <!-- Secci\u00f3n de especificaciones en cards --> <\/p>\n<div style='display: flex; flex-wrap: wrap; gap: 20px; margin-bottom: 30px;'>\n<div style='flex: 1 1 300px; min-width: 280px; border: 1px solid rgba(150&comma;150&comma;150&comma;0.4); border-radius: 8px; overflow: hidden; display: flex; flex-direction: column;'>\n<div style='padding: 15px; border-bottom: 1px solid rgba(150&comma;150&comma;150&comma;0.2); font-weight: bold; font-size: 18px; color: inherit;'>Vigilancia por Video<\/div>\n<div style='padding: 15px; color: inherit;'>\n<p style='margin: 0; color: inherit;'>Con una potente conectividad LTE&comma; puedes monitorear en vivo el interior y exterior del veh\u00edculo a trav\u00e9s de una plataforma en l\u00ednea; mientras que los clips de video cr\u00edticos en el dispositivo permiten la reproducci\u00f3n bajo demanda posteriormente desde cualquier lugar y en cualquier momento.<\/p>\n<\/p><\/div>\n<\/p><\/div>\n<div style='flex: 1 1 300px; min-width: 280px; border: 1px solid rgba(150&comma;150&comma;150&comma;0.4); border-radius: 8px; overflow: hidden; display: flex; flex-direction: column;'>\n<div style='padding: 15px; border-bottom: 1px solid rgba(150&comma;150&comma;150&comma;0.2); font-weight: bold; font-size: 18px; color: inherit;'>Grabaci\u00f3n de Doble Canal<\/div>\n<div style='padding: 15px; color: inherit;'>\n<p style='margin: 0; color: inherit;'>Observa la carretera por delante a trav\u00e9s de la lente integrada y lo que est\u00e1 sucediendo en la cabina&comma; en la parte trasera&comma; en los laterales o con el conductor a trav\u00e9s de una c\u00e1mara perif\u00e9rica para satisfacer tus necesidades comerciales espec\u00edficas.<\/p>\n<\/p><\/div>\n<\/p><\/div>\n<div style='flex: 1 1 300px; min-width: 280px; border: 1px solid rgba(150&comma;150&comma;150&comma;0.4); border-radius: 8px; overflow: hidden; display: flex; flex-direction: column;'>\n<div style='padding: 15px; border-bottom: 1px solid rgba(150&comma;150&comma;150&comma;0.2); font-weight: bold; font-size: 18px; color: inherit;'>Asistencia al Conductor (ADAS)<\/div>\n<div style='padding: 15px; color: inherit;'>\n<p style='margin: 0; color: inherit;'>El algoritmo ADAS permite que el dispositivo monitoree incidentes relacionados con la distancia de seguimiento&comma; colisiones cercanas&comma; mantenimiento de carril&comma; etc.&comma; y advierta al conductor en tiempo real.<\/p>\n<\/p><\/div>\n<\/p><\/div>\n<div style='flex: 1 1 300px; min-width: 280px; border: 1px solid rgba(150&comma;150&comma;150&comma;0.4); border-radius: 8px; overflow: hidden; display: flex; flex-direction: column;'>\n<div style='padding: 15px; border-bottom: 1px solid rgba(150&comma;150&comma;150&comma;0.2); font-weight: bold; font-size: 18px; color: inherit;'>Monitoreo del Conductor (DMS) (Opcional)<\/div>\n<div style='padding: 15px; color: inherit;'>\n<p style='margin: 0; color: inherit;'>La c\u00e1mara DMS puede detectar la fatiga y la conducci\u00f3n distra\u00edda&comma; como enviar mensajes de texto mientras se conduce&comma; bostezar&comma; fumar o jugar con el est\u00e9reo&comma; as\u00ed como la excepci\u00f3n de que el conductor no est\u00e9 en posici\u00f3n.<\/p>\n<\/p><\/div>\n<\/p><\/div>\n<div style='flex: 1 1 300px; min-width: 280px; border: 1px solid rgba(150&comma;150&comma;150&comma;0.4); border-radius: 8px; overflow: hidden; display: flex; flex-direction: column;'>\n<div style='padding: 15px; border-bottom: 1px solid rgba(150&comma;150&comma;150&comma;0.2); font-weight: bold; font-size: 18px; color: inherit;'>Licencias Disponibles<\/div>\n<div style='padding: 15px; color: inherit;'>\n<ul style='padding-left: 20px; margin: 0; color: inherit;'>\n<li style='margin-bottom: 5px;'>PTSCXVIDEO: Primer a\u00f1o de licencia de video en plataforma Tracksolid<\/li>\n<li style='margin-bottom: 5px;'>RTSCXVIDEO: Renovaci\u00f3n de licencia de video para plataforma Tracksolid<\/li>\n<li style='margin-bottom: 5px;'>VTSCXVIDEO: Licencia vitalicia para plataforma Tracksolid<\/li>\n<li style='margin-bottom: 5px;'>EPCOMGPSANUAL: Licencia anual para plataforma EPCOMGPS<\/li>\n<li style='margin-bottom: 0;'>EPCOMGPSMENSUAL: Licencia por un mes para plataforma EPCOMGPS<\/li>\n<\/ul><\/div>\n<\/p><\/div>\n<div style='flex: 1 1 300px; min-width: 280px; border: 1px solid rgba(150&comma;150&comma;150&comma;0.4); border-radius: 8px; overflow: hidden; display: flex; flex-direction: column;'>\n<div style='padding: 15px; border-bottom: 1px solid rgba(150&comma;150&comma;150&comma;0.2); font-weight: bold; font-size: 18px; color: inherit;'>C\u00e1maras Compatibles<\/div>\n<div style='padding: 15px; color: inherit;'>\n<ul style='padding-left: 20px; margin: 0; color: inherit;'>\n<li style='margin-bottom: 5px;'>CI01: C\u00e1mara interior compatible con JC261<\/li>\n<li style='margin-bottom: 5px;'>CE01: C\u00e1mara exterior compatible con JC261<\/li>\n<li style='margin-bottom: 5px;'>JC170: C\u00e1mara DMS compatible con JC261<\/li>\n<li style='margin-bottom: 5px;'>Compatible con SIM5GBTELCEL<\/li>\n<\/ul>\n<p style='margin-top: 10px; color: inherit;'>Nota: El dispositivo solo puede llevar una de las c\u00e1maras a la vez y hay que configurar por SMS la c\u00e1mara que se va a utilizar (AHD o DMS).<\/p>\n<\/p><\/div>\n<\/p><\/div>\n<\/p><\/div>\n<p> <!-- Videos --> <\/p>\n<div style='display: flex; flex-wrap: wrap; gap: 20px; margin-bottom: 30px;'>\n<div style='flex: 1 1 300px; min-width: 300px; position: relative; padding-bottom: 56.25%; height: 0; overflow: hidden;'>   <\/div>\n<div style='flex: 1 1 300px; min-width: 300px; position: relative; padding-bottom: 56.25%; height: 0; overflow: hidden;'>   <\/div>\n<\/p><\/div>\n<\/p><\/div>\n","protected":false},"excerpt":{"rendered":"<p>KIT Dashcam con sistema de control ADAS (asistencia de manejo) y Camara DMS con IA (JC170) \/ Multiples alarmas \/Comunicaci\u00f3n dos v\u00edas \/ ideal para flotas vehiculares \/ Facil instalacio \/ Incluye licencia vitalicia plataforma TrackSolidPro<\/p>\n","protected":false},"featured_media":97149,"comment_status":"open","ping_status":"closed","template":"","meta":[],"product_brand":[],"product_cat":[1346,1388],"product_tag":[1350,1349,1420,1389],"class_list":{"0":"post-97150","1":"product","2":"type-product","3":"status-publish","4":"has-post-thumbnail","6":"product_cat-iot","7":"product_cat-trackers-gps","8":"product_tag-gps-y-telematica","9":"product_tag-iot","10":"product_tag-jimiiot","11":"product_tag-trackers-gps","13":"first","14":"outofstock","15":"sale","16":"shipping-taxable","17":"purchasable","18":"product-type-simple"},"_links":{"self":[{"href":"https:\/\/soydeaqui.ddns.net\/pachuca\/index.php\/wp-json\/wp\/v2\/product\/97150","targetHints":{"allow":["GET"]}}],"collection":[{"href":"https:\/\/soydeaqui.ddns.net\/pachuca\/index.php\/wp-json\/wp\/v2\/product"}],"about":[{"href":"https:\/\/soydeaqui.ddns.net\/pachuca\/index.php\/wp-json\/wp\/v2\/types\/product"}],"replies":[{"embeddable":true,"href":"https:\/\/soydeaqui.ddns.net\/pachuca\/index.php\/wp-json\/wp\/v2\/comments?post=97150"}],"wp:featuredmedia":[{"embeddable":true,"href":"https:\/\/soydeaqui.ddns.net\/pachuca\/index.php\/wp-json\/wp\/v2\/media\/97149"}],"wp:attachment":[{"href":"https:\/\/soydeaqui.ddns.net\/pachuca\/index.php\/wp-json\/wp\/v2\/media?parent=97150"}],"wp:term":[{"taxonomy":"product_brand","embeddable":true,"href":"https:\/\/soydeaqui.ddns.net\/pachuca\/index.php\/wp-json\/wp\/v2\/product_brand?post=97150"},{"taxonomy":"product_cat","embeddable":true,"href":"https:\/\/soydeaqui.ddns.net\/pachuca\/index.php\/wp-json\/wp\/v2\/product_cat?post=97150"},{"taxonomy":"product_tag","embeddable":true,"href":"https:\/\/soydeaqui.ddns.net\/pachuca\/index.php\/wp-json\/wp\/v2\/product_tag?post=97150"}],"curies":[{"name":"wp","href":"https:\/\/api.w.org\/{rel}","templated":true}]}}