{"id":97132,"date":"2026-03-20T08:43:28","date_gmt":"2026-03-20T08:43:28","guid":{"rendered":"https:\/\/soydeaqui.ddns.net\/pachuca\/index.php\/producto\/hilook-series-turret-ip-4-megapixel-20-mts-ir-exterior-ip67-poe-lente-2-8-mm-wdr-onvif\/"},"modified":"2026-03-20T08:43:28","modified_gmt":"2026-03-20T08:43:28","slug":"hilook-series-turret-ip-4-megapixel-20-mts-ir-exterior-ip67-poe-lente-2-8-mm-wdr-onvif","status":"publish","type":"product","link":"https:\/\/soydeaqui.ddns.net\/pachuca\/index.php\/producto\/hilook-series-turret-ip-4-megapixel-20-mts-ir-exterior-ip67-poe-lente-2-8-mm-wdr-onvif\/","title":{"rendered":"HiLook Series \/ Turret IP 4 Megapixel \/ 20 mts IR \/ Exterior IP67 \/ PoE \/ Lente 2.8 mm \/ WDR  \/ ONVIF"},"content":{"rendered":"<div style='width: 100%; max-width: 1200px; margin: 0 auto; font-family: sans-serif; line-height: 1.6; color: inherit; background-color: transparent;'> <!-- Imagen principal --> <\/p>\n<div style='text-align: center; margin: 30px 0;'> <img style='width: 100%; max-width: 540px; height: auto; border: 1px solid rgba(150&comma;150&comma;150&comma;0.3); border-radius: 8px;' src='https:\/\/ftp3.syscom.mx\/usuarios\/fotos\/IPCB120\/143291-hilook.png' alt='Producto'> <\/div>\n<p> <!-- Videos --> <\/p>\n<div style='margin: 30px 0;'>\n<div style='display: flex; flex-wrap: wrap; gap: 30px; justify-content: center;'>\n<div style='flex: 1 1 300px; min-width: 280px; position: relative; padding-bottom: 56.25%; height: 0; overflow: hidden;'>   <\/div>\n<div style='flex: 1 1 300px; min-width: 280px; position: relative; padding-bottom: 56.25%; height: 0; overflow: hidden;'>   <\/div>\n<div style='flex: 1 1 300px; min-width: 280px; position: relative; padding-bottom: 56.25%; height: 0; overflow: hidden;'>   <\/div>\n<div style='flex: 1 1 300px; min-width: 280px; position: relative; padding-bottom: 56.25%; height: 0; overflow: hidden;'>   <\/div>\n<\/p><\/div>\n<\/p><\/div>\n<p> <!-- Secci\u00f3n de especificaciones --> <\/p>\n<div style='display: flex; flex-wrap: wrap; gap: 30px; margin: 30px 0;'> <!-- Caracter\u00edsticas principales --> <\/p>\n<div style='flex: 1 1 300px; min-width: 280px;'>\n<div style='border: 1px solid rgba(150&comma; 150&comma; 150&comma; 0.4); border-radius: 8px; overflow: hidden; display: flex; flex-direction: column;'>\n<div style='padding: 15px; border-bottom: 1px solid rgba(150&comma; 150&comma; 150&comma; 0.2); font-weight: bold; font-size: 18px; background-color: rgba(38&comma; 108&comma; 169&comma; 0.9); color: white;'>Caracter\u00edsticas principales<\/div>\n<div style='padding: 15px; color: inherit;'>\n<ul style='padding-left: 20px; margin: 0; font-size: 14px; list-style-type: disc;'>\n<li style='margin-bottom: 5px;'>Resoluci\u00f3n m\u00e1xima: 4 Megapixel (2560 x 1440).<\/li>\n<li style='margin-bottom: 5px;'>Iluminaci\u00f3n m\u00ednima: Color: 0.01 Lux @(F2.2&comma; AGC ON).<\/li>\n<li style='margin-bottom: 5px;'>D\u00eda \/ Noche Real (filtro ICR).<\/li>\n<li style='margin-bottom: 5px;'>Distancia focal: 2.8 mm (\u00c1ngulo de visi\u00f3n 104\u00b0).<\/li>\n<li style='margin-bottom: 5px;'>Distancia de infrarrojo: 20 mts Smart IR.<\/li>\n<li style='margin-bottom: 5px;'>Funciones normales: dWDR \/ BLC \/ 3D-DNR \/ HLC.<\/li>\n<li style='margin-bottom: 5px;'>Compresi\u00f3n: H.265+ \/ H.265 \/ H.264+ \/ H.264.<\/li>\n<li style='margin-bottom: 5px;'>Compatible con la plataforma de Hik-Connect\/ Hilook<\/li>\n<\/ul><\/div>\n<\/p><\/div>\n<\/p><\/div>\n<p> <!-- Caracter\u00edsticas F\u00edsicas y El\u00e9ctricas --> <\/p>\n<div style='flex: 1 1 300px; min-width: 280px;'>\n<div style='border: 1px solid rgba(150&comma; 150&comma; 150&comma; 0.4); border-radius: 8px; overflow: hidden; display: flex; flex-direction: column;'>\n<div style='padding: 15px; border-bottom: 1px solid rgba(150&comma; 150&comma; 150&comma; 0.2); font-weight: bold; font-size: 18px; background-color: rgba(38&comma; 108&comma; 169&comma; 0.9); color: white;'>Caracter\u00edsticas F\u00edsicas y El\u00e9ctricas<\/div>\n<div style='padding: 15px; color: inherit;'>\n<ul style='padding-left: 20px; margin: 0; font-size: 14px; list-style-type: disc;'>\n<li style='margin-bottom: 5px;'>Alimentaci\u00f3n: 12 Vcc \/ 6.5 W \/ PoE (802.3 af).<\/li>\n<li style='margin-bottom: 5px;'>Temperatura de operaci\u00f3n: -30\u00b0C a 45\u00b0C \/ Humedad al 95% m\u00e1ximo.<\/li>\n<li style='margin-bottom: 5px;'>Uso en Exterior: IP67.<\/li>\n<li style='margin-bottom: 5px;'>Protecci\u00f3n contra sobretensiones y protecci\u00f3n contra voltajes transitorios.<\/li>\n<li style='margin-bottom: 5px;'>Dimensiones: 112 x 88.4 mm<\/li>\n<li style='margin-bottom: 5px;'>Fabricado en material de metal con base de pl\u00e1stico.<\/li>\n<li style='margin-bottom: 5px;'>Peso: 325 gramos.<\/li>\n<\/ul>\n<p> <!-- Accesorios --> <\/p>\n<div style='margin-top: 20px; padding-top: 15px; border-top: 1px solid rgba(150&comma; 150&comma; 150&comma; 0.3);'>\n<div style='font-weight: bold; font-size: 16px; margin-bottom: 10px; color: inherit;'>Accesorios<\/div>\n<ul style='padding-left: 20px; margin: 0; font-size: 14px; list-style-type: disc;'>\n<li style='margin-bottom: 5px;'>Caja de conexiones&comma; modelo: <a href='https:\/\/www.syscom.mx\/producto\/DS-1280ZJ-S-HIKVISION-84927.html' target='_blank' rel='noopener' style='color: inherit; text-decoration: underline;'>DS-1280ZJ-S<\/a><\/li>\n<li style='margin-bottom: 5px;'>Montaje met\u00e1lico de pared para exterior&comma; modelo: <a href='https:\/\/www.syscom.mx\/producto\/DS-1272ZJ-110-TRS-HIKVISION-139817.html' target='_blank' rel='noopener' style='color: inherit; text-decoration: underline;'>DS-1272ZJ-110-TRS<\/a><\/li>\n<li style='margin-bottom: 5px;'>Montaje de esquina&comma; modelo: <a href='https:\/\/www.syscom.mx\/producto\/DS-1276ZJ-SUS-HIKVISION-156173.html' target='_blank' rel='noopener' style='color: inherit; text-decoration: underline;'>DS-1276ZJ-SUS<\/a><\/li>\n<li style='margin-bottom: 5px;'>Montaje de poste vertical&comma; modelo: <a href='https:\/\/www.syscom.mx\/producto\/DS-1275ZJ-SUS-HIKVISION-156172.html' target='_blank' rel='noopener' style='color: inherit; text-decoration: underline;'>DS-1275ZJ-SUS<\/a><\/li>\n<\/ul><\/div>\n<\/p><\/div>\n<\/p><\/div>\n<\/p><\/div>\n<\/p><\/div>\n<p> <!-- Caracter\u00edsticas Destacadas --> <\/p>\n<div style='margin: 30px 0;'>\n<div style='border: 1px solid rgba(150&comma; 150&comma; 150&comma; 0.4); border-radius: 8px; overflow: hidden;'>\n<div style='padding: 15px; border-bottom: 1px solid rgba(150&comma; 150&comma; 150&comma; 0.2); font-weight: bold; font-size: 18px; background-color: rgba(38&comma; 108&comma; 169&comma; 0.9); color: white;'>Caracter\u00edsticas Destacadas<\/div>\n<div style='padding: 15px; color: inherit;'>\n<ul style='padding-left: 20px; margin: 0; font-size: 14px; list-style-type: disc;'>\n<li style='margin-bottom: 5px;'>Main Stream 60Hz: 20fps (2560 \u00d7 1440)&comma; 30fps (2304 \u00d7 1296&comma; 1920 \u00d7 1080&comma; 1280 \u00d7 720).<\/li>\n<li style='margin-bottom: 5px;'>Sub Steam 60Hz: 30fps (640 \u00d7 480&comma; 640 \u00d7 360&comma; 320 \u00d7 240).<\/li>\n<li style='margin-bottom: 5px;'>Soporta hasta 6 usuarios simult\u00e1neos.<\/li>\n<li style='margin-bottom: 5px;'>Entradas de alarma: N\/A.<\/li>\n<li style='margin-bottom: 5px;'>Salidas de alarma: N\/A.<\/li>\n<li style='margin-bottom: 5px;'>Entradas de audio: N\/A.<\/li>\n<li style='margin-bottom: 5px;'>Salidas de audio: N\/A.<\/li>\n<li style='margin-bottom: 5px;'>Puerto de red: 1 (10 \/ 100 Mbps).<\/li>\n<li style='margin-bottom: 5px;'>Soporta ONVIF (PROFILE S&comma; PROFILE T) \/ ISAPI.<\/li>\n<\/ul><\/div>\n<\/p><\/div>\n<\/p><\/div>\n<p> <!-- Imagen adicional --> <\/p>\n<div style='text-align: center; margin: 30px 0;'> <img style='width: 100%; max-width: 1200px; height: auto; border: 1px solid rgba(150&comma;150&comma;150&comma;0.3); border-radius: 8px;' src='https:\/\/ftp3.syscom.mx\/usuarios\/yvalenzuela\/Hilook\/hiklook.jpg' alt='Imagen adicional'> <\/div>\n<\/p><\/div>\n","protected":false},"excerpt":{"rendered":"<p>HiLook Series \/ Turret IP 4 Megapixel \/ 20 mts IR \/ Exterior IP67 \/ PoE \/ Lente 2.8 mm \/ WDR  \/ ONVIF<\/p>\n","protected":false},"featured_media":97131,"comment_status":"open","ping_status":"closed","template":"","meta":[],"product_brand":[],"product_cat":[2056],"product_tag":[122,2057,715],"class_list":{"0":"post-97132","1":"product","2":"type-product","3":"status-publish","4":"has-post-thumbnail","6":"product_cat-domo-eyeball-turret","7":"product_tag-camaras-ip-y-nvrs","8":"product_tag-domo-eyeball-turret","9":"product_tag-hilook-by-hikvision","11":"first","12":"instock","13":"sale","14":"shipping-taxable","15":"purchasable","16":"product-type-simple"},"_links":{"self":[{"href":"https:\/\/soydeaqui.ddns.net\/pachuca\/index.php\/wp-json\/wp\/v2\/product\/97132","targetHints":{"allow":["GET"]}}],"collection":[{"href":"https:\/\/soydeaqui.ddns.net\/pachuca\/index.php\/wp-json\/wp\/v2\/product"}],"about":[{"href":"https:\/\/soydeaqui.ddns.net\/pachuca\/index.php\/wp-json\/wp\/v2\/types\/product"}],"replies":[{"embeddable":true,"href":"https:\/\/soydeaqui.ddns.net\/pachuca\/index.php\/wp-json\/wp\/v2\/comments?post=97132"}],"wp:featuredmedia":[{"embeddable":true,"href":"https:\/\/soydeaqui.ddns.net\/pachuca\/index.php\/wp-json\/wp\/v2\/media\/97131"}],"wp:attachment":[{"href":"https:\/\/soydeaqui.ddns.net\/pachuca\/index.php\/wp-json\/wp\/v2\/media?parent=97132"}],"wp:term":[{"taxonomy":"product_brand","embeddable":true,"href":"https:\/\/soydeaqui.ddns.net\/pachuca\/index.php\/wp-json\/wp\/v2\/product_brand?post=97132"},{"taxonomy":"product_cat","embeddable":true,"href":"https:\/\/soydeaqui.ddns.net\/pachuca\/index.php\/wp-json\/wp\/v2\/product_cat?post=97132"},{"taxonomy":"product_tag","embeddable":true,"href":"https:\/\/soydeaqui.ddns.net\/pachuca\/index.php\/wp-json\/wp\/v2\/product_tag?post=97132"}],"curies":[{"name":"wp","href":"https:\/\/api.w.org\/{rel}","templated":true}]}}