{"id":97123,"date":"2026-03-20T08:43:05","date_gmt":"2026-03-20T08:43:05","guid":{"rendered":"https:\/\/soydeaqui.ddns.net\/pachuca\/index.php\/producto\/turret-turbohd-2-megapixel-1080p-gran-angular-103-lente-2-8-mm-audio-por-coaxitron-40-mts-ir-exir-exterior-ip66-4-tecnologias-dwdr-metal\/"},"modified":"2026-03-20T08:43:05","modified_gmt":"2026-03-20T08:43:05","slug":"turret-turbohd-2-megapixel-1080p-gran-angular-103-lente-2-8-mm-audio-por-coaxitron-40-mts-ir-exir-exterior-ip66-4-tecnologias-dwdr-metal","status":"publish","type":"product","link":"https:\/\/soydeaqui.ddns.net\/pachuca\/index.php\/producto\/turret-turbohd-2-megapixel-1080p-gran-angular-103-lente-2-8-mm-audio-por-coaxitron-40-mts-ir-exir-exterior-ip66-4-tecnologias-dwdr-metal\/","title":{"rendered":"Turret TURBOHD 2 Megapixel (1080p) \/ Gran Angular 103 \/ Lente 2.8 mm \/ Audio por Coaxitron \/ 40 mts IR EXIR \/ Exterior IP66 \/ 4 Tecnolog\u00edas \/ dWDR \/ Metal"},"content":{"rendered":"<div style='width: 100%; max-width: 1200px; margin: 0 auto; font-family: sans-serif; line-height: 1.6; color: inherit; background-color: transparent;'>\n<div style='display: flex; justify-content: center; flex-wrap: wrap; gap: 15px; margin-bottom: 30px;'> <img style='width: 100%; max-width: 300px; height: auto; border: 1px solid rgba(150&comma;150&comma;150&comma;0.3); border-radius: 8px;' src='https:\/\/ftp3.syscom.mx\/usuarios\/fotos\/IPCB120\/143291-hilook.png' alt='Logo HiLook'> <img style='width: 100%; max-width: 219px; height: auto; border: 1px solid rgba(150&comma;150&comma;150&comma;0.3); border-radius: 8px;' src='http:\/\/ftp3.syscom.mx\/usuarios\/anavarrete\/Noe\/imagen1.png' alt='Producto'> <\/div>\n<div style='text-align: center; margin: 20px 0;'> <strong style='font-size: 16px; color: inherit; display: block; padding: 10px; background-color: rgba(150&comma;150&comma;150&comma;0.1); border-radius: 6px;'>Audio&comma; Video y Datos por el Mismo Cable<\/strong> <\/div>\n<p> <img style='width: 100%; height: auto; border: 1px solid rgba(150&comma;150&comma;150&comma;0.3); border-radius: 8px; margin: 20px 0;' src='https:\/\/ftp3.syscom.mx\/usuarios\/jsosa\/HIKVISION\/imagenes\/coaxitron\/coaxitron.jpg' alt='Coaxitron'> <\/p>\n<div style='display: flex; flex-wrap: wrap; justify-content: center; gap: 30px; margin: 30px 0;'>\n<div style='position: relative; padding-bottom: 56.25%; height: 0; overflow: hidden; flex: 1 1 600px; max-width: 800px;'>   <\/div>\n<div style='position: relative; padding-bottom: 56.25%; height: 0; overflow: hidden; flex: 1 1 600px; max-width: 800px;'>   <\/div>\n<div style='position: relative; padding-bottom: 56.25%; height: 0; overflow: hidden; flex: 1 1 600px; max-width: 800px;'>   <\/div>\n<\/p><\/div>\n<div style='display: flex; flex-wrap: wrap; gap: 20px; margin: 30px 0;'>\n<div style='flex: 1 1 250px; border: 1px solid rgba(150&comma; 150&comma; 150&comma; 0.4); border-radius: 8px; overflow: hidden; display: flex; flex-direction: column;'>\n<div style='padding: 15px; border-bottom: 1px solid rgba(150&comma; 150&comma; 150&comma; 0.2); font-weight: bold; font-size: 18px; color: inherit; background-color: #266ca9; color: white;'>Caracter\u00edsticas Principales<\/div>\n<div style='padding: 15px; color: inherit; flex: 1 1 auto;'>\n<ul style='padding-left: 20px; margin: 0; font-size: 14px; list-style-type: disc; color: inherit;'>\n<li style='margin-bottom: 5px;'>Resoluci\u00f3n m\u00e1xima: 2 Megapixel (1920 x 1080).<\/li>\n<li style='margin-bottom: 5px;'>Lente fijo: 2.8 mm (angulo de visi\u00f3n 103\u00b0).<\/li>\n<li style='margin-bottom: 5px;'>40 mts smart IR (vision nocturna).<\/li>\n<li style='margin-bottom: 5px;'>Soporta las 4 tecnolog\u00edas del mercado 2MP@30fps (TVI \/ AHD \/ CVI \/ CVBS).<\/li>\n<li style='margin-bottom: 5px;'>dWDR \/ BLC \/ HLC<\/li>\n<li style='margin-bottom: 5px;'>Soporta coaxitron.<\/li>\n<li style='margin-bottom: 5px;'><strong style='color: inherit;'>Nota:<\/strong> El audio por coaxitron se env\u00eda \u00fanicamente por tecnolog\u00eda TVI.<\/li>\n<\/ul><\/div>\n<\/p><\/div>\n<div style='flex: 1 1 250px; border: 1px solid rgba(150&comma; 150&comma; 150&comma; 0.4); border-radius: 8px; overflow: hidden; display: flex; flex-direction: column;'>\n<div style='padding: 15px; border-bottom: 1px solid rgba(150&comma; 150&comma; 150&comma; 0.2); font-weight: bold; font-size: 18px; color: inherit; background-color: #266ca9; color: white;'>Caracter\u00edsticas F\u00edsicas y El\u00e9ctricas<\/div>\n<div style='padding: 15px; color: inherit; flex: 1 1 auto;'>\n<ul style='padding-left: 20px; margin: 0; font-size: 14px; list-style-type: disc; color: inherit;'>\n<li style='margin-bottom: 5px;'>Alimentaci\u00f3n \/ Consumo: 12 Vcc \/ 3.7 Watts.<\/li>\n<li style='margin-bottom: 5px;'>Protecci\u00f3n: IP66 (interior \/ exterior).<\/li>\n<li style='margin-bottom: 5px;'>Fabricada en metal.<\/li>\n<li style='margin-bottom: 5px;'>Dimensiones: \u03a6127.92 x 100.15 mm.<\/li>\n<li style='margin-bottom: 5px;'>Peso: 450 gramos.<\/li>\n<\/ul><\/div>\n<\/p><\/div>\n<\/p><\/div>\n<div style='text-align: center; margin: 30px 0; font-size: 24px;'> <span style='color: #a38f84; font-size: 40px;'>Hi-<\/span><span style='color: #3d8eb9; font-size: 40px;'>Look<\/span> <\/div>\n<div style='margin: 20px 0;'>\n<p style='font-size: 16px;'>Es una marca desarrollada y manufacturada por Hikvision&comma; enfocada en otorgar productos de alta calidad. Cuenta con los dispositivos ideales para ofrecer una soluci\u00f3n integral en tecnolog\u00eda anal\u00f3gica (TurboHD) e IP.<\/p>\n<\/p><\/div>\n<div style='display: flex; flex-wrap: wrap; gap: 30px; align-items: center; margin: 30px 0;'>\n<div style='flex: 1 1 300px;'>\n<h3 style='font-size: 22px; border-bottom: 2px solid currentColor; padding-bottom: 5px; margin-top: 0; color: inherit; opacity: 0.8;'>Infrarrojo EXIR<\/h3>\n<p style='font-size: 16px;'>Las c\u00e1maras HiLook&comma; comparten la patente de la marca Hikvision &#8216;EXIR&#8217;&comma; el cual le otorga una visi\u00f3n nocturna mas efectiva por su dise\u00f1o&comma; composici\u00f3n y efecto umbral de luz. Esto le permitir\u00e1 tener mucho mejor detalle en la noche&comma; y una visi\u00f3n nocturna uniforme.<\/p>\n<\/p><\/div>\n<div style='flex: 1 1 300px; text-align: center;'> <img style='width: 100%; max-width: 314px; height: auto; border: 1px solid rgba(150&comma;150&comma;150&comma;0.3); border-radius: 8px;' src='https:\/\/ftp3.syscom.mx\/usuarios\/jsosa\/HIKVISION\/imagenes\/exirir.png' alt='EXIR'> <\/div>\n<\/p><\/div>\n<p> <img style='width: 100%; height: auto; border: 1px solid rgba(150&comma;150&comma;150&comma;0.3); border-radius: 8px; margin: 30px 0;' src='https:\/\/ftp3.syscom.mx\/usuarios\/yvalenzuela\/Hilook\/hiklook.jpg' alt='Comparaci\u00f3n IR vs EXIR'> <\/div>\n","protected":false},"excerpt":{"rendered":"<p>Turret TURBOHD 2 Megapixel (1080p) \/ Gran Angular 103 \/ Lente 2.8 mm \/ Audio por Coaxitron \/ 40 mts IR EXIR \/ Exterior IP66 \/ 4 Tecnolog\u00edas \/ dWDR \/ Metal<\/p>\n","protected":false},"featured_media":97122,"comment_status":"open","ping_status":"closed","template":"","meta":[],"product_brand":[],"product_cat":[2269],"product_tag":[2255,2057,715],"class_list":{"0":"post-97123","1":"product","2":"type-product","3":"status-publish","4":"has-post-thumbnail","6":"product_cat-domo-eyeball-turret-camaras-y-dvrs-hd-turbohd-ahd-hd-tvi","7":"product_tag-camaras-y-dvrs-hd-turbohd-ahd-hd-tvi","8":"product_tag-domo-eyeball-turret","9":"product_tag-hilook-by-hikvision","11":"first","12":"instock","13":"sale","14":"shipping-taxable","15":"purchasable","16":"product-type-simple"},"_links":{"self":[{"href":"https:\/\/soydeaqui.ddns.net\/pachuca\/index.php\/wp-json\/wp\/v2\/product\/97123","targetHints":{"allow":["GET"]}}],"collection":[{"href":"https:\/\/soydeaqui.ddns.net\/pachuca\/index.php\/wp-json\/wp\/v2\/product"}],"about":[{"href":"https:\/\/soydeaqui.ddns.net\/pachuca\/index.php\/wp-json\/wp\/v2\/types\/product"}],"replies":[{"embeddable":true,"href":"https:\/\/soydeaqui.ddns.net\/pachuca\/index.php\/wp-json\/wp\/v2\/comments?post=97123"}],"wp:featuredmedia":[{"embeddable":true,"href":"https:\/\/soydeaqui.ddns.net\/pachuca\/index.php\/wp-json\/wp\/v2\/media\/97122"}],"wp:attachment":[{"href":"https:\/\/soydeaqui.ddns.net\/pachuca\/index.php\/wp-json\/wp\/v2\/media?parent=97123"}],"wp:term":[{"taxonomy":"product_brand","embeddable":true,"href":"https:\/\/soydeaqui.ddns.net\/pachuca\/index.php\/wp-json\/wp\/v2\/product_brand?post=97123"},{"taxonomy":"product_cat","embeddable":true,"href":"https:\/\/soydeaqui.ddns.net\/pachuca\/index.php\/wp-json\/wp\/v2\/product_cat?post=97123"},{"taxonomy":"product_tag","embeddable":true,"href":"https:\/\/soydeaqui.ddns.net\/pachuca\/index.php\/wp-json\/wp\/v2\/product_tag?post=97123"}],"curies":[{"name":"wp","href":"https:\/\/api.w.org\/{rel}","templated":true}]}}