{"id":97121,"date":"2026-03-20T08:43:01","date_gmt":"2026-03-20T08:43:01","guid":{"rendered":"https:\/\/soydeaqui.ddns.net\/pachuca\/index.php\/producto\/detector-de-presencia-termica-seguimiento-saludable-excepcion-de-personas-wifi-compatible-con-hikcentral-professional\/"},"modified":"2026-03-20T08:43:02","modified_gmt":"2026-03-20T08:43:02","slug":"detector-de-presencia-termica-seguimiento-saludable-excepcion-de-personas-wifi-compatible-con-hikcentral-professional","status":"publish","type":"product","link":"https:\/\/soydeaqui.ddns.net\/pachuca\/index.php\/producto\/detector-de-presencia-termica-seguimiento-saludable-excepcion-de-personas-wifi-compatible-con-hikcentral-professional\/","title":{"rendered":"Detector de Presencia Termica \/ Seguimiento saludable \/ Excepci\u00f3n de personas \/ WIFI \/ Compatible con HikCentral Professional"},"content":{"rendered":"<div style='width: 100%; max-width: 1200px; margin: 0 auto; font-family: sans-serif; line-height: 1.6; color: inherit; background-color: transparent;'>\n<p style='text-align: center;'><img style='width: 100%; max-width: 300px; height: auto; border: 1px solid rgba(150&comma;150&comma;150&comma;0.3); border-radius: 8px;' src='https:\/\/ftp3.syscom.mx\/usuarios\/jsosa\/HIKVISION\/imagenes\/logo\/hikvision%20see%20far.png' alt='Logo Hikvision'><\/p>\n<div style='display: flex; flex-wrap: wrap; gap: 30px; margin: 30px 0;'>\n<div style='flex: 1 1 300px; min-width: 280px;'>\n<h3 style='font-size: 22px; border-bottom: 2px solid currentColor; padding-bottom: 5px; margin-top: 0; color: inherit; opacity: 0.8;'>Caracter\u00edsticas Principales<\/h3>\n<ul style='padding-left: 20px; font-size: 15px; color: inherit;'>\n<li style='margin-bottom: 5px;'>Detecci\u00f3n de presencia y excepci\u00f3n de n\u00famero de personas con soluci\u00f3n t\u00e9rmica&comma; protege su privacidad<\/li>\n<li style='margin-bottom: 5px;'>El seguimiento saludable detecta el comportamiento an\u00f3malo de grupos espec\u00edficos&comma; como levantarse de la cama&comma; para prevenir accidentes<\/li>\n<li style='margin-bottom: 5px;'>Alarma de excepci\u00f3n de temperatura para prevenci\u00f3n de incendios de -10\u00b0C a 200\u00b0C<\/li>\n<\/ul><\/div>\n<div style='flex: 1 1 300px; min-width: 280px;'>\n<h3 style='font-size: 22px; border-bottom: 2px solid currentColor; padding-bottom: 5px; margin-top: 0; color: inherit; opacity: 0.8;'>Caracter\u00edsticas F\u00edsicas y El\u00e9ctricas<\/h3>\n<ul style='padding-left: 20px; font-size: 15px; color: inherit;'>\n<li style='margin-bottom: 5px;'><strong>Resoluci\u00f3n:<\/strong> 160 x 120<\/li>\n<li style='margin-bottom: 5px;'><strong>Apertura:<\/strong> F1.2<\/li>\n<li style='margin-bottom: 5px;'><strong>Salida de alarma:<\/strong> 1<\/li>\n<li style='margin-bottom: 5px;'><strong>Conectividad:<\/strong> WIFI<\/li>\n<li style='margin-bottom: 5px;'><strong>Alimentaci\u00f3n:<\/strong> 5-16 VCD&comma; 0.7 USB Tipo C<\/li>\n<li style='margin-bottom: 5px;'><strong>Consumo:<\/strong> 3.5 W<\/li>\n<li style='margin-bottom: 5px;'><strong>Dimensiones:<\/strong> 70mm x 25mm<\/li>\n<li style='margin-bottom: 5px;'><strong>Peso:<\/strong> 100g<\/li>\n<\/ul><\/div>\n<\/p><\/div>\n<div style='display: flex; flex-wrap: wrap; gap: 20px; margin: 30px 0;'>\n<div style='flex: 1 1 250px; border: 1px solid rgba(150&comma; 150&comma; 150&comma; 0.4); border-radius: 8px; overflow: hidden; display: flex; flex-direction: column;'>\n<div style='padding: 15px; border-bottom: 1px solid rgba(150&comma; 150&comma; 150&comma; 0.2); font-weight: bold; font-size: 18px; color: inherit;'>Caracter\u00edsticas Destacadas<\/div>\n<div style='padding: 15px; color: inherit; font-size: 14px;'>\n<p style='margin: 0;'>Puede haber varias razones por las que un paciente puede estar inestable al estar de pie&comma; como la edad y la desorientaci\u00f3n. Mediante el uso de tecnolog\u00eda de sensores e inteligencia artificial&comma; la soluci\u00f3n puede detectar si una persona se cae&comma; por la forma en que se mueve. Esto se puede avisar de inmediato al personal de atenci\u00f3n&comma; para que pueda tomar medidas inmediatas.<\/p>\n<\/p><\/div>\n<\/p><\/div>\n<\/p><\/div>\n<div style='display: flex; flex-wrap: wrap; gap: 20px; margin: 30px 0;'>\n<div style='flex: 1 1 250px; border: 1px solid rgba(150&comma; 150&comma; 150&comma; 0.4); border-radius: 8px; overflow: hidden; display: flex; flex-direction: column;'>\n<div style='padding: 15px; border-bottom: 1px solid rgba(150&comma; 150&comma; 150&comma; 0.2); font-weight: bold; font-size: 18px; color: inherit;'>Licencias HikCentral Professional<\/div>\n<div style='padding: 15px; color: inherit; font-size: 14px;'>\n<p style='margin: 0 0 15px; font-weight: bold; color: #1d4e8f;'>HC-P-VSS-B\/0C &#8211; HikCentral Professional \/ Licencia Base de Videovigilancia (HikCentral-P-VSS\/Base)<\/p>\n<p style='margin: 0 0 15px; font-weight: bold; color: #1d4e8f;'>HC-P-HEALTHTHERMAL\/1U &#8211; HikCentral Professional \/ Licencia A\u00f1ade 1 Radar de Ca\u00edda o Radar de Cuidados Auxiliares (HikCentral-P-HealthCareRadar-1Unit)<\/p>\n<\/p><\/div>\n<\/p><\/div>\n<\/p><\/div>\n<p> <img style='width: 100%; height: auto; border: 1px solid rgba(150&comma;150&comma;150&comma;0.3); border-radius: 8px; margin: 30px 0;' src='https:\/\/ftp3.syscom.mx\/usuarios\/yalvarado\/hikvision\/HEALTHCARE\/HEALTHCARE.png' alt='Soluci\u00f3n Healthcare'> <\/p>\n<div style='margin: 30px 0;'>\n<h2 style='font-size: 20px; margin-bottom: 15px; color: inherit; opacity: 0.9;'>SOLUCIONES INTELIGENTES QUE ASEGURAN LA SALUD Y OPTIMIZAN LA ATENCI\u00d3N<\/h2>\n<p style='margin-bottom: 25px; color: inherit;'>Las soluciones de Hikvision para el cuidado de la salud est\u00e1n dise\u00f1adas para crear un entorno sanitario m\u00e1s seguro y eficiente para todos. Siempre tenemos en cuenta las siguientes ideas al adaptar productos y sistemas para centros sanitarios.<\/p>\n<\/p><\/div>\n<div style='display: flex; flex-wrap: wrap; gap: 30px; margin-bottom: 40px;'>\n<div style='flex: 1 1 300px; min-width: 280px;'>\n<h3 style='font-size: 18px; margin-bottom: 10px; color: inherit; opacity: 0.8;'>Permitiendo una protecci\u00f3n integral<\/h3>\n<p style='color: inherit; font-size: 14px; margin-bottom: 15px;'>Los centros sanitarios necesitan una seguridad integral en cada rinc\u00f3n. Restringir el acceso a determinadas zonas y detectar riesgos e incidentes lo antes posible son fundamentales para garantizar la seguridad de las instalaciones sanitarias en todo momento.<\/p>\n<p> <img style='width: 100%; height: auto; border: 1px solid rgba(150&comma;150&comma;150&comma;0.3); border-radius: 8px; margin-bottom: 15px;' src='https:\/\/ftp3.syscom.mx\/usuarios\/yalvarado\/hikvision\/HEALTHCARE\/Healthcare-solutions-media1.jpg' alt='Protecci\u00f3n Integral'> <\/div>\n<div style='flex: 1 1 300px; min-width: 280px;'>\n<h3 style='font-size: 18px; margin-bottom: 10px; color: inherit; opacity: 0.8;'>Mejora la sensaci\u00f3n de seguridad<\/h3>\n<p style='color: inherit; font-size: 14px; margin-bottom: 15px;'>Todos deben sentirse seguros&comma; protegidos y respetados mientras se encuentran en un centro de atenci\u00f3n m\u00e9dica. Esto no solo beneficiar\u00e1 a quienes reciben atenci\u00f3n&comma; sino que tambi\u00e9n ayudar\u00e1 a crear un entorno de trabajo positivo para los cuidadores que se dedican a brindar atenci\u00f3n de calidad.<\/p>\n<p> <img style='width: 100%; height: auto; border: 1px solid rgba(150&comma;150&comma;150&comma;0.3); border-radius: 8px; margin-bottom: 15px;' src='https:\/\/ftp3.syscom.mx\/usuarios\/yalvarado\/hikvision\/HEALTHCARE\/Healthcare-solutions-media2.jpg' alt='Sensaci\u00f3n de Seguridad'> <\/div>\n<div style='flex: 1 1 300px; min-width: 280px;'>\n<h3 style='font-size: 18px; margin-bottom: 10px; color: inherit; opacity: 0.8;'>Ofreciendo productos con alta adaptabilidad<\/h3>\n<p style='color: inherit; font-size: 14px; margin-bottom: 15px;'>Los productos AloT de Hikvision son f\u00e1cilmente accesibles y gestionables por el software Hikcentral Professional. Los centros de salud no necesitan renovar sistemas para aprovechar las tecnolog\u00edas del futuro de Hikvision.<\/p>\n<p> <img style='width: 100%; height: auto; border: 1px solid rgba(150&comma;150&comma;150&comma;0.3); border-radius: 8px; margin-bottom: 15px;' src='https:\/\/ftp3.syscom.mx\/usuarios\/yalvarado\/hikvision\/HEALTHCARE\/elder-care-radar.jpg' alt='Adaptabilidad'> <\/div>\n<\/p><\/div>\n<hr style='border: 0; border-top: 1px solid rgba(150&comma; 150&comma; 150&comma; 0.3); margin: 30px 0;'> <\/div>\n","protected":false},"excerpt":{"rendered":"<p>Detector de Presencia Termica \/ Seguimiento saludable \/ Excepci\u00f3n de personas \/ WIFI \/ Compatible con HikCentral Professional<\/p>\n","protected":false},"featured_media":97120,"comment_status":"open","ping_status":"closed","template":"","meta":[],"product_brand":[],"product_cat":[1049],"product_tag":[122,54,1050],"class_list":{"0":"post-97121","1":"product","2":"type-product","3":"status-publish","4":"has-post-thumbnail","6":"product_cat-termicas","7":"product_tag-camaras-ip-y-nvrs","8":"product_tag-hikvision","9":"product_tag-termicas","11":"first","12":"instock","13":"sale","14":"shipping-taxable","15":"purchasable","16":"product-type-simple"},"_links":{"self":[{"href":"https:\/\/soydeaqui.ddns.net\/pachuca\/index.php\/wp-json\/wp\/v2\/product\/97121","targetHints":{"allow":["GET"]}}],"collection":[{"href":"https:\/\/soydeaqui.ddns.net\/pachuca\/index.php\/wp-json\/wp\/v2\/product"}],"about":[{"href":"https:\/\/soydeaqui.ddns.net\/pachuca\/index.php\/wp-json\/wp\/v2\/types\/product"}],"replies":[{"embeddable":true,"href":"https:\/\/soydeaqui.ddns.net\/pachuca\/index.php\/wp-json\/wp\/v2\/comments?post=97121"}],"wp:featuredmedia":[{"embeddable":true,"href":"https:\/\/soydeaqui.ddns.net\/pachuca\/index.php\/wp-json\/wp\/v2\/media\/97120"}],"wp:attachment":[{"href":"https:\/\/soydeaqui.ddns.net\/pachuca\/index.php\/wp-json\/wp\/v2\/media?parent=97121"}],"wp:term":[{"taxonomy":"product_brand","embeddable":true,"href":"https:\/\/soydeaqui.ddns.net\/pachuca\/index.php\/wp-json\/wp\/v2\/product_brand?post=97121"},{"taxonomy":"product_cat","embeddable":true,"href":"https:\/\/soydeaqui.ddns.net\/pachuca\/index.php\/wp-json\/wp\/v2\/product_cat?post=97121"},{"taxonomy":"product_tag","embeddable":true,"href":"https:\/\/soydeaqui.ddns.net\/pachuca\/index.php\/wp-json\/wp\/v2\/product_tag?post=97121"}],"curies":[{"name":"wp","href":"https:\/\/api.w.org\/{rel}","templated":true}]}}