{"id":97094,"date":"2026-03-20T08:41:45","date_gmt":"2026-03-20T08:41:45","guid":{"rendered":"https:\/\/soydeaqui.ddns.net\/pachuca\/index.php\/producto\/cubo-ip-de-2-megapixel-lente-2-8-mm-wifi-h-265-10-mts-ir-exir-microfono-y-bocina-integrada-audio-de-dos-vias-acusense-lite-interior-se-conecta-directo-a-la-app-hik-connect-micro-s\/"},"modified":"2026-03-20T08:41:45","modified_gmt":"2026-03-20T08:41:45","slug":"cubo-ip-de-2-megapixel-lente-2-8-mm-wifi-h-265-10-mts-ir-exir-microfono-y-bocina-integrada-audio-de-dos-vias-acusense-lite-interior-se-conecta-directo-a-la-app-hik-connect-micro-s","status":"publish","type":"product","link":"https:\/\/soydeaqui.ddns.net\/pachuca\/index.php\/producto\/cubo-ip-de-2-megapixel-lente-2-8-mm-wifi-h-265-10-mts-ir-exir-microfono-y-bocina-integrada-audio-de-dos-vias-acusense-lite-interior-se-conecta-directo-a-la-app-hik-connect-micro-s\/","title":{"rendered":"Cubo IP de 2 Megapixel \/ Lente 2.8 mm \/ WiFi \/ H.265+ \/ 10 mts IR EXIR \/ Micr\u00f3fono y Bocina Integrada (Audio de Dos V\u00edas) \/ ACUSENSE Lite \/ Interior \/ Se Conecta Directo a la App Hik-Connect \/ Micro SD \/ dWDR \/ PoE"},"content":{"rendered":"<div style='width: 100%; max-width: 1200px; margin: 0 auto; font-family: sans-serif; line-height: 1.6; color: inherit; background-color: transparent;'> <!-- Imagen de logo --> <\/p>\n<div style='display: flex; justify-content: center; margin: 2rem 0; width: 100%;'> <img style='width: 100%; max-width: 45%; height: auto; border: 1px solid rgba(150&comma;150&comma;150&comma;0.3); border-radius: 8px;' src='https:\/\/ftp3.syscom.mx\/usuarios\/jsosa\/HIKVISION\/imagenes\/logo\/hikvision%20see%20far.png' alt='Logo Hikvision'> <\/div>\n<p> <!-- Secci\u00f3n principal de especificaciones --> <\/p>\n<div style='margin-top: 1.5rem; margin-bottom: 1.5rem;'>\n<div style='text-align: center; margin-bottom: 2rem;'>\n<h1 style='font-size: 24px; color: inherit; opacity: 0.8; text-align: center; font-weight: bold; font-family: sans-serif;'>Especificaciones<\/h1>\n<\/p><\/div>\n<p> <!-- Secci\u00f3n de contenido con grid --> <\/p>\n<div style='display: grid; grid-template-columns: 1fr; gap: 30px; margin-bottom: 30px;'>\n<div style='min-width: 280px;'>\n<h3 style='font-size: 22px; border-bottom: 2px solid currentColor; padding-bottom: 5px; margin-top: 0; color: inherit; opacity: 0.8;'>Caracter\u00edsticas Principales<\/h3>\n<ul style='padding-left: 20px; font-size: 15px; color: inherit;'>\n<li style='margin-bottom: 5px;'>Resoluci\u00f3n m\u00e1xima: 2 Megapixel (1920 \u00d7 1080)<\/li>\n<li style='margin-bottom: 5px;'>Iluminaci\u00f3n m\u00ednima: 0.005 Lux @ (F1.6&comma; AGC ON)<\/li>\n<li style='margin-bottom: 5px;'>Lente 2.8 mm (\u00e1ngulo de apertura 92\u00b0)<\/li>\n<li style='margin-bottom: 5px;'>Distancia de infrarrojo: 10 mts IR<\/li>\n<li style='margin-bottom: 5px;'>Funciones normales: dWDR<\/li>\n<li style='margin-bottom: 5px;'>Compresi\u00f3n: H.265+ \/ H.265 \/ H.264+ \/ H.264<\/li>\n<li style='margin-bottom: 5px;'>Compatible con la plataforma de Hik-Connect (<a href='https:\/\/appstore.hikvision.com\/' target='_blank' rel='noopener' style='color: inherit; text-decoration: underline;'>https:\/\/appstore.hikvision.com\/<\/a>)<\/li>\n<li style='margin-bottom: 5px;'>Acusense Lite (detecci\u00f3n por cruce de humanos&comma; filtro de falsas alarmas)<\/li>\n<\/ul><\/div>\n<\/p><\/div>\n<p> <!-- Secci\u00f3n de cards con especificaciones --> <\/p>\n<div style='display: grid; grid-template-columns: 1fr 1fr; gap: 20px; margin-bottom: 30px;'>\n<div style='border: 1px solid rgba(150&comma; 150&comma; 150&comma; 0.4); border-radius: 8px; overflow: hidden; display: flex; flex-direction: column;'>\n<div style='padding: 15px; border-bottom: 1px solid rgba(150&comma; 150&comma; 150&comma; 0.2); font-weight: bold; font-size: 18px; color: inherit;'>Entradas y Salidas de Audio \/ Alarmas \/ Red \/ Almacenamiento<\/div>\n<div style='padding: 15px; color: inherit;'>\n<ul style='padding-left: 20px; margin: 0; font-size: 14px; list-style-type: disc;'>\n<li style='margin-bottom: 5px;'>Entradas de alarma: N\/A<\/li>\n<li style='margin-bottom: 5px;'>Salidas de alarma: N\/A<\/li>\n<li style='margin-bottom: 5px;'>Entradas de audio: N\/A<\/li>\n<li style='margin-bottom: 5px;'>Salidas de audio: N\/A<\/li>\n<li style='margin-bottom: 5px;'>Micr\u00f3fono y altavoz integrado: (audio de 2 V\u00edas)<\/li>\n<li style='margin-bottom: 5px;'>Soporta memoria micro SD 512 GB (no incluida)<\/li>\n<li style='margin-bottom: 5px;'>Puerto de red: 1 (10 \/ 100 Mbps \/ PoE 802.3af)<\/li>\n<\/ul><\/div>\n<\/p><\/div>\n<div style='border: 1px solid rgba(150&comma; 150&comma; 150&comma; 0.4); border-radius: 8px; overflow: hidden; display: flex; flex-direction: column;'>\n<div style='padding: 15px; border-bottom: 1px solid rgba(150&comma; 150&comma; 150&comma; 0.2); font-weight: bold; font-size: 18px; color: inherit;'>Caracter\u00edsticas F\u00edsicas y El\u00e9ctricas<\/div>\n<div style='padding: 15px; color: inherit;'>\n<ul style='padding-left: 20px; margin: 0; font-size: 14px; list-style-type: disc;'>\n<li style='margin-bottom: 5px;'>Alimentaci\u00f3n: 12 Vdc \/ PoE 802.3 af \/ 4.9 Watts<\/li>\n<li style='margin-bottom: 5px;'>No incluye fuente&comma; se recomienda usar el modelo <a href='https:\/\/www.syscom.mx\/producto\/PL-DC-1000-EPCOM-POWERLINE-67201.html' style='color: inherit; text-decoration: underline;'>PL-DC-1000<\/a><\/li>\n<li style='margin-bottom: 5px;'>Temperatura de operaci\u00f3n: -10\u00b0C a 45\u00b0C<\/li>\n<li style='margin-bottom: 5px;'>Uso en interior<\/li>\n<li style='margin-bottom: 5px;'>Dimensiones: 102.9 x 65.2 x 32.6 mm<\/li>\n<li style='margin-bottom: 5px;'>Peso: 430 gramos<\/li>\n<\/ul><\/div>\n<\/p><\/div>\n<\/p><\/div>\n<p> <!-- Caracter\u00edsticas Destacadas --> <\/p>\n<div style='border: 1px solid rgba(150&comma; 150&comma; 150&comma; 0.4); border-radius: 8px; overflow: hidden; margin-bottom: 30px;'>\n<div style='padding: 15px; background: #df001e; color: #ffffff; font-weight: bold; font-size: 18px;'>Caracter\u00edsticas Destacadas<\/div>\n<div style='padding: 15px; color: inherit;'>\n<ul style='padding-left: 20px; margin: 0; font-size: 14px; list-style-type: disc;'>\n<li style='margin-bottom: 5px;'>Se integra directo a la App de Hik-Connect sin necesidad de un DVR \/ NVR. Solo se conecta a la red WiFi del lugar y listo<\/li>\n<li style='margin-bottom: 5px;'>Audio bidireccional directamente desde la App Hik-Connect<\/li>\n<li style='margin-bottom: 5px;'>Configuraci\u00f3n desde HikConnect o IVMS4200&comma; no es compatible con navegadores<\/li>\n<\/ul><\/div>\n<\/p><\/div>\n<p> <!-- Imagen final --> <\/p>\n<div style='display: flex; justify-content: center; margin: 2rem 0; width: 100%;'> <img style='width: 100%; max-width: 100%; height: auto; border: 1px solid rgba(150&comma;150&comma;150&comma;0.3); border-radius: 8px;' src='https:\/\/ftp3.syscom.mx\/usuarios\/jsosa\/HIKVISION\/imagenes\/banners\/solution%20complete.png' alt='Soluci\u00f3n completa'> <\/div>\n<\/p><\/div>\n<\/p><\/div>\n","protected":false},"excerpt":{"rendered":"<p>Cubo IP de 2 Megapixel \/ Lente 2.8 mm \/ WiFi \/ H.265+ \/ 10 mts IR EXIR \/ Micr\u00f3fono y Bocina Integrada (Audio de Dos V\u00edas) \/ ACUSENSE Lite \/ Interior \/ Se Conecta Directo a la App Hik-Connect \/ Micro SD \/ dWDR \/ PoE<\/p>\n","protected":false},"featured_media":97093,"comment_status":"open","ping_status":"closed","template":"","meta":[],"product_brand":[],"product_cat":[2238],"product_tag":[122,2239,54],"class_list":{"0":"post-97094","1":"product","2":"type-product","3":"status-publish","4":"has-post-thumbnail","6":"product_cat-cubo","7":"product_tag-camaras-ip-y-nvrs","8":"product_tag-cubo","9":"product_tag-hikvision","11":"first","12":"instock","13":"sale","14":"shipping-taxable","15":"purchasable","16":"product-type-simple"},"_links":{"self":[{"href":"https:\/\/soydeaqui.ddns.net\/pachuca\/index.php\/wp-json\/wp\/v2\/product\/97094","targetHints":{"allow":["GET"]}}],"collection":[{"href":"https:\/\/soydeaqui.ddns.net\/pachuca\/index.php\/wp-json\/wp\/v2\/product"}],"about":[{"href":"https:\/\/soydeaqui.ddns.net\/pachuca\/index.php\/wp-json\/wp\/v2\/types\/product"}],"replies":[{"embeddable":true,"href":"https:\/\/soydeaqui.ddns.net\/pachuca\/index.php\/wp-json\/wp\/v2\/comments?post=97094"}],"wp:featuredmedia":[{"embeddable":true,"href":"https:\/\/soydeaqui.ddns.net\/pachuca\/index.php\/wp-json\/wp\/v2\/media\/97093"}],"wp:attachment":[{"href":"https:\/\/soydeaqui.ddns.net\/pachuca\/index.php\/wp-json\/wp\/v2\/media?parent=97094"}],"wp:term":[{"taxonomy":"product_brand","embeddable":true,"href":"https:\/\/soydeaqui.ddns.net\/pachuca\/index.php\/wp-json\/wp\/v2\/product_brand?post=97094"},{"taxonomy":"product_cat","embeddable":true,"href":"https:\/\/soydeaqui.ddns.net\/pachuca\/index.php\/wp-json\/wp\/v2\/product_cat?post=97094"},{"taxonomy":"product_tag","embeddable":true,"href":"https:\/\/soydeaqui.ddns.net\/pachuca\/index.php\/wp-json\/wp\/v2\/product_tag?post=97094"}],"curies":[{"name":"wp","href":"https:\/\/api.w.org\/{rel}","templated":true}]}}