{"id":97071,"date":"2026-03-20T08:40:43","date_gmt":"2026-03-20T08:40:43","guid":{"rendered":"https:\/\/soydeaqui.ddns.net\/pachuca\/index.php\/producto\/traila-remolque-de-doble-eje-con-mastil-retractil-de-7-5-m-para-videovigilancia-o-iluminacion-con-bases-para-instalar-paneles-solares-y-baterias-no-incluidos\/"},"modified":"2026-03-20T08:40:48","modified_gmt":"2026-03-20T08:40:48","slug":"traila-remolque-de-doble-eje-con-mastil-retractil-de-7-5-m-para-videovigilancia-o-iluminacion-con-bases-para-instalar-paneles-solares-y-baterias-no-incluidos","status":"publish","type":"product","link":"https:\/\/soydeaqui.ddns.net\/pachuca\/index.php\/producto\/traila-remolque-de-doble-eje-con-mastil-retractil-de-7-5-m-para-videovigilancia-o-iluminacion-con-bases-para-instalar-paneles-solares-y-baterias-no-incluidos\/","title":{"rendered":"Traila \/ Remolque de Doble Eje con M\u00e1stil Retr\u00e1ctil de 7.5 m. para Videovigilancia o Iluminaci\u00f3n, con Bases para Instalar Paneles Solares y Bater\u00edas (No incluidos)"},"content":{"rendered":"<div style='width: 100%; max-width: 1200px; margin: 0 auto; font-family: sans-serif; line-height: 1.6; color: inherit; background-color: transparent;'>\n<div style='display: flex; flex-wrap: wrap; gap: 30px; margin-bottom: 30px;'>\n<div style='flex: 1 1 300px; min-width: 280px;'>\n<h3 style='font-size: 22px; border-bottom: 2px solid currentColor; padding-bottom: 5px; margin-top: 0; color: inherit; opacity: 0.8;'>Descripci\u00f3n<\/h3>\n<div style='font-size: 15px; color: inherit;'>\n<p style='margin-bottom: 15px;'><img style='width: 100%; height: auto; border: 1px solid rgba(150&comma;150&comma;150&comma;0.3); border-radius: 8px;' src='https:\/\/ftp3.syscom.mx\/usuarios\/fotos\/logotipos\/precision.png' alt='Logo PRECISION'><\/p>\n<p style='margin-bottom: 15px;'>La traila <strong>PST-VTS-4PL<\/strong>&comma; una soluci\u00f3n configurable para todas sus necesidades de videovigilancia o iluminaci\u00f3n m\u00f3vil. Dise\u00f1ada para adaptarse a cualquier situaci\u00f3n y ubicaci\u00f3n&comma; esta unidad avanzada ofrece una base s\u00f3lida para instalar sus propios equipos de seguridad o iluminaci\u00f3n&comma; garantizando una operaci\u00f3n continua y eficiente.<\/p>\n<\/p><\/div>\n<\/p><\/div>\n<\/p><\/div>\n<div style='display: flex; flex-wrap: wrap; gap: 30px; margin-bottom: 30px;'>\n<div style='flex: 1 1 300px; min-width: 280px;'>\n<h3 style='font-size: 22px; border-bottom: 2px solid currentColor; padding-bottom: 5px; margin-top: 0; color: inherit; opacity: 0.8;'>Caracter\u00edsticas<\/h3>\n<ul style='padding-left: 20px; font-size: 15px; color: inherit; list-style-type: disc;'>\n<li style='margin-bottom: 5px;'><strong>Versatilidad:<\/strong> Ideal para videovigilancia o iluminaci\u00f3n en eventos temporales&comma; sitios de construcci\u00f3n&comma; miner\u00eda&comma; estacionamientos y cualquier otra \u00e1rea que requiera soluciones m\u00f3viles temporales o permanentes.<\/li>\n<li style='margin-bottom: 5px;'><strong>Bases de Montaje:<\/strong> Equipado con bases robustas para instalar sus propios equipos de videovigilancia o iluminaci\u00f3n seg\u00fan sus necesidades espec\u00edficas.<\/li>\n<li style='margin-bottom: 5px;'><strong>Bases para Paneles Solares:<\/strong> Dise\u00f1adas para integrar paneles solares que proporcionan energ\u00eda aut\u00f3noma y sostenible.<\/li>\n<li style='margin-bottom: 5px;'><strong>Capacidad de Almacenamiento de Bater\u00edas:<\/strong> Espacio suficiente para almacenar bater\u00edas de larga duraci\u00f3n&comma; asegurando una operaci\u00f3n ininterrumpida.<\/li>\n<li style='margin-bottom: 5px;'><strong>Capacidad de Almacenamiento de Plantas Portatiles\/Generadores:<\/strong> Espacio suficiente y accesos para almacenar Plantas de Energia\/Generadores&comma; asegurando una operaci\u00f3n ininterrumpida.<\/li>\n<li style='margin-bottom: 5px;'><strong>M\u00e1stil Retr\u00e1ctil de 7.5 Metros:<\/strong> M\u00e1stil telesc\u00f3pico que permite un despliegue r\u00e1pido y seguro para una cobertura \u00f3ptima de vigilancia o iluminaci\u00f3n.<\/li>\n<li style='margin-bottom: 5px;'><strong>Construcci\u00f3n Robusta:<\/strong> Fabricado con materiales de alta durabilidad para resistir las condiciones clim\u00e1ticas m\u00e1s adversas.<\/li>\n<li style='margin-bottom: 5px;'><strong>F\u00e1cil Movilidad:<\/strong> Dise\u00f1o de doble Eje para un transporte sencillo y r\u00e1pido despliegue en cualquier ubicaci\u00f3n.<\/li>\n<li style='margin-bottom: 5px;'><strong>El equipo incluye:<\/strong> Cables Fotovoltaicos&comma; Interruptores termomagn\u00e9ticos&comma; bloques de distribuci\u00f3n&comma; 2 cables de red y 3 pares cal 14 Awg hasta la punta del M\u00e1stil.<\/li>\n<li style='margin-bottom: 5px;'><strong>El Equipo se env\u00eda sin ensamblar.<\/strong><\/li>\n<\/ul><\/div>\n<\/p><\/div>\n<\/p><\/div>\n","protected":false},"excerpt":{"rendered":"<p>Traila \/ Remolque de Doble Eje con M\u00e1stil Retr\u00e1ctil de 7.5 m. para Videovigilancia o Iluminaci\u00f3n, con Bases para Instalar Paneles Solares y Bater\u00edas (No incluidos)<\/p>\n","protected":false},"featured_media":97070,"comment_status":"open","ping_status":"closed","template":"","meta":[],"product_brand":[],"product_cat":[1224],"product_tag":[122,248,1225],"class_list":{"0":"post-97071","1":"product","2":"type-product","3":"status-publish","4":"has-post-thumbnail","6":"product_cat-ptz","7":"product_tag-camaras-ip-y-nvrs","8":"product_tag-precision","9":"product_tag-ptz","11":"first","12":"outofstock","13":"sale","14":"shipping-taxable","15":"purchasable","16":"product-type-simple"},"_links":{"self":[{"href":"https:\/\/soydeaqui.ddns.net\/pachuca\/index.php\/wp-json\/wp\/v2\/product\/97071","targetHints":{"allow":["GET"]}}],"collection":[{"href":"https:\/\/soydeaqui.ddns.net\/pachuca\/index.php\/wp-json\/wp\/v2\/product"}],"about":[{"href":"https:\/\/soydeaqui.ddns.net\/pachuca\/index.php\/wp-json\/wp\/v2\/types\/product"}],"replies":[{"embeddable":true,"href":"https:\/\/soydeaqui.ddns.net\/pachuca\/index.php\/wp-json\/wp\/v2\/comments?post=97071"}],"wp:featuredmedia":[{"embeddable":true,"href":"https:\/\/soydeaqui.ddns.net\/pachuca\/index.php\/wp-json\/wp\/v2\/media\/97070"}],"wp:attachment":[{"href":"https:\/\/soydeaqui.ddns.net\/pachuca\/index.php\/wp-json\/wp\/v2\/media?parent=97071"}],"wp:term":[{"taxonomy":"product_brand","embeddable":true,"href":"https:\/\/soydeaqui.ddns.net\/pachuca\/index.php\/wp-json\/wp\/v2\/product_brand?post=97071"},{"taxonomy":"product_cat","embeddable":true,"href":"https:\/\/soydeaqui.ddns.net\/pachuca\/index.php\/wp-json\/wp\/v2\/product_cat?post=97071"},{"taxonomy":"product_tag","embeddable":true,"href":"https:\/\/soydeaqui.ddns.net\/pachuca\/index.php\/wp-json\/wp\/v2\/product_tag?post=97071"}],"curies":[{"name":"wp","href":"https:\/\/api.w.org\/{rel}","templated":true}]}}