{"id":97056,"date":"2026-03-20T08:40:01","date_gmt":"2026-03-20T08:40:01","guid":{"rendered":"https:\/\/soydeaqui.ddns.net\/pachuca\/index.php\/producto\/hilook-series-bala-ip-4-megapixel-lente-2-8-mm-30-mts-ir-microfono-integrado-exterior-ip67-poe-dwdr-h-265-onvif\/"},"modified":"2026-03-20T08:40:08","modified_gmt":"2026-03-20T08:40:08","slug":"hilook-series-bala-ip-4-megapixel-lente-2-8-mm-30-mts-ir-microfono-integrado-exterior-ip67-poe-dwdr-h-265-onvif","status":"publish","type":"product","link":"https:\/\/soydeaqui.ddns.net\/pachuca\/index.php\/producto\/hilook-series-bala-ip-4-megapixel-lente-2-8-mm-30-mts-ir-microfono-integrado-exterior-ip67-poe-dwdr-h-265-onvif\/","title":{"rendered":"HiLook Series \/ Bala IP 4  Megapixel  \/ Lente 2.8 mm \/ 30 mts IR \/  Micr\u00f3fono Integrado \/ Exterior IP67 \/ PoE \/ dWDR \/ H.265+ \/ ONVIF"},"content":{"rendered":"<div style='width: 100%; max-width: 1200px; margin: 0 auto; font-family: sans-serif; line-height: 1.6; color: inherit; background-color: transparent;'> <!-- Imagen principal --> <\/p>\n<div style='display: flex; justify-content: center; margin-bottom: 30px;'> <img style='width: 100%; max-width: 540px; height: auto; border: 1px solid rgba(150&comma;150&comma;150&comma;0.3); border-radius: 8px;' src='https:\/\/ftp3.syscom.mx\/usuarios\/fotos\/IPCB120\/143291-hilook.png' alt=''> <\/div>\n<p> <!-- Secci\u00f3n de videos --> <\/p>\n<div style='display: flex; flex-wrap: wrap; gap: 30px; margin-bottom: 30px;'>\n<div style='flex: 1 1 300px; min-width: 280px;'>\n<div style='position: relative; padding-bottom: 56.25%; height: 0; overflow: hidden;'>   <\/div>\n<\/p><\/div>\n<div style='flex: 1 1 300px; min-width: 280px;'>\n<div style='position: relative; padding-bottom: 56.25%; height: 0; overflow: hidden;'>   <\/div>\n<\/p><\/div>\n<div style='flex: 1 1 300px; min-width: 280px;'>\n<div style='position: relative; padding-bottom: 56.25%; height: 0; overflow: hidden;'>   <\/div>\n<\/p><\/div>\n<div style='flex: 1 1 300px; min-width: 280px;'>\n<div style='position: relative; padding-bottom: 56.25%; height: 0; overflow: hidden;'>   <\/div>\n<\/p><\/div>\n<\/p><\/div>\n<p> <!-- Secci\u00f3n de especificaciones --> <\/p>\n<div style='display: flex; flex-wrap: wrap; gap: 20px; margin-bottom: 30px;'> <!-- Caracter\u00edsticas principales --> <\/p>\n<div style='flex: 1 1 250px; border: 1px solid rgba(150&comma; 150&comma; 150&comma; 0.4); border-radius: 8px; overflow: hidden; display: flex; flex-direction: column;'>\n<div style='padding: 15px; border-bottom: 1px solid rgba(150&comma; 150&comma; 150&comma; 0.2); font-weight: bold; font-size: 18px; color: inherit; background-color: rgba(38&comma; 108&comma; 169&comma; 0.8);'>Caracter\u00edsticas principales<\/div>\n<div style='padding: 15px; color: inherit; flex-grow: 1;'>\n<ul style='padding-left: 20px; margin: 0; font-size: 14px; list-style-type: disc;'>\n<li style='margin-bottom: 5px; text-align: left;'><strong>Resoluci\u00f3n m\u00e1xima:<\/strong> 2560 x 1440 (4 Megapixel).<\/li>\n<li style='margin-bottom: 5px; text-align: left;'><strong>Iluminaci\u00f3n m\u00ednima:<\/strong> color 0.01 Lux @ (F2.0&comma; AGC ON).<\/li>\n<li style='margin-bottom: 5px; text-align: left;'><strong>Iluminaci\u00f3n m\u00ednima:<\/strong> B\/N 0.028 Lux con IR.<\/li>\n<li style='margin-bottom: 5px; text-align: left;'><strong>D\u00eda \/ Noche Real:<\/strong> filtro ICR.<\/li>\n<li style='margin-bottom: 5px; text-align: left;'><strong>Distancia focal:<\/strong> 2.8 mm (\u00e1ngulo de visi\u00f3n 112.5\u00ba).<\/li>\n<li style='margin-bottom: 5px; text-align: left;'><strong>Distancia de infrarrojo:<\/strong> 30 mts Smart IR.<\/li>\n<li style='margin-bottom: 5px; text-align: left;'><strong>Funciones normales:<\/strong> dWDR \/ BLC \/ 3D-DNR.<\/li>\n<li style='margin-bottom: 5px; text-align: left;'><strong>Compresi\u00f3n:<\/strong> H.265+ \/ H.265 \/ H.264+ \/ H.264.<\/li>\n<li style='margin-bottom: 5px; text-align: left;'><strong>Micr\u00f3fono:<\/strong> Interconstruido.<\/li>\n<li style='margin-bottom: 5px; text-align: left;'><strong>Compatible con:<\/strong> HiLook (P2P).<\/li>\n<\/ul><\/div>\n<\/p><\/div>\n<p> <!-- Caracter\u00edsticas F\u00edsicas y El\u00e9ctricas --> <\/p>\n<div style='flex: 1 1 250px; border: 1px solid rgba(150&comma; 150&comma; 150&comma; 0.4); border-radius: 8px; overflow: hidden; display: flex; flex-direction: column;'>\n<div style='padding: 15px; border-bottom: 1px solid rgba(150&comma; 150&comma; 150&comma; 0.2); font-weight: bold; font-size: 18px; color: inherit; background-color: rgba(38&comma; 108&comma; 169&comma; 0.8);'>Caracter\u00edsticas F\u00edsicas y El\u00e9ctricas<\/div>\n<div style='padding: 15px; color: inherit; flex-grow: 1;'>\n<ul style='padding-left: 20px; margin: 0; font-size: 14px; list-style-type: disc;'>\n<li style='margin-bottom: 5px; text-align: left;'><strong>Alimentaci\u00f3n:<\/strong> 12 Vcc \/ 6.5 W \/ PoE (802.3 af).<\/li>\n<li style='margin-bottom: 5px; text-align: left;'><strong>Temperatura de operaci\u00f3n:<\/strong> -30\u00b0C a 60\u00b0C \/ Humedad al 95% m\u00e1ximo.<\/li>\n<li style='margin-bottom: 5px; text-align: left;'><strong>Uso:<\/strong> Exterior \/ IP67.<\/li>\n<li style='margin-bottom: 5px; text-align: left;'><strong>Protecci\u00f3n:<\/strong> contra sobretensiones y protecci\u00f3n contra voltajes transitorios.<\/li>\n<li style='margin-bottom: 5px; text-align: left;'><strong>Dimensiones:<\/strong> 70 x 181.6 mm<\/li>\n<li style='margin-bottom: 5px; text-align: left;'><strong>Material:<\/strong> metal y pl\u00e1stico.<\/li>\n<li style='margin-bottom: 5px; text-align: left;'><strong>Peso:<\/strong> 390 grs.<\/li>\n<\/ul><\/div>\n<div style='padding: 15px; border-top: 1px solid rgba(150&comma; 150&comma; 150&comma; 0.2); font-weight: bold; font-size: 18px; color: inherit; background-color: rgba(38&comma; 108&comma; 169&comma; 0.8);'>Accesorios<\/div>\n<div style='padding: 15px; color: inherit;'>\n<ul style='padding-left: 20px; margin: 0; font-size: 14px; list-style-type: disc;'>\n<li style='margin-bottom: 5px; text-align: left;'><strong>Caja de conexiones&comma; modelo:<\/strong> <a href='https:\/\/www.syscom.mx\/producto\/DS-1280ZJ-XS-HIKVISION-84491.html' style='color: inherit; text-decoration: underline;'>DS-1280ZJ-XS<\/a><\/li>\n<\/ul><\/div>\n<\/p><\/div>\n<p> <!-- Caracter\u00edsticas Destacadas --> <\/p>\n<div style='flex: 1 1 250px; border: 1px solid rgba(150&comma; 150&comma; 150&comma; 0.4); border-radius: 8px; overflow: hidden; display: flex; flex-direction: column;'>\n<div style='padding: 15px; border-bottom: 1px solid rgba(150&comma; 150&comma; 150&comma; 0.2); font-weight: bold; font-size: 18px; color: inherit; background-color: rgba(38&comma; 108&comma; 169&comma; 0.8);'>Caracter\u00edsticas Destacadas<\/div>\n<div style='padding: 15px; color: inherit; flex-grow: 1;'>\n<ul style='padding-left: 20px; margin: 0; font-size: 14px; list-style-type: disc;'>\n<li style='margin-bottom: 5px; text-align: left;'><strong>Main Stream:<\/strong> 20 fps (2560 x 1440 x 1920 \u00d7 1080&comma; 1280 \u00d7 720).<\/li>\n<li style='margin-bottom: 5px; text-align: left;'><strong>Sub Steam:<\/strong> 25 fps (1280 x 720 &comma; 640 \u00d7 480&comma; 640 x 360).<\/li>\n<li style='margin-bottom: 5px; text-align: left;'><strong>Soporta hasta:<\/strong> 6 usuarios simult\u00e1neos.<\/li>\n<li style='margin-bottom: 5px; text-align: left;'><strong>Entradas de alarma:<\/strong> N\/A.<\/li>\n<li style='margin-bottom: 5px; text-align: left;'><strong>Salidas de alarma:<\/strong> N\/A.<\/li>\n<li style='margin-bottom: 5px; text-align: left;'><strong>Entradas de audio:<\/strong> N\/A.<\/li>\n<li style='margin-bottom: 5px; text-align: left;'><strong>Salidas de audio:<\/strong> N\/A.<\/li>\n<li style='margin-bottom: 5px; text-align: left;'><strong>Puerto de red:<\/strong> 1 (10 \/ 100 Mbps).<\/li>\n<li style='margin-bottom: 5px; text-align: left;'><strong>Soporta:<\/strong> Onvif Profile S &#8211; G \/ ISAPI.<\/li>\n<\/ul><\/div>\n<\/p><\/div>\n<p> <!-- Nota importante --> <\/p>\n<div style='flex: 1 1 250px; border: 1px solid rgba(150&comma; 150&comma; 150&comma; 0.4); border-radius: 8px; overflow: hidden; display: flex; flex-direction: column;'>\n<div style='padding: 15px; border-bottom: 1px solid rgba(150&comma; 150&comma; 150&comma; 0.2); font-weight: bold; font-size: 18px; color: inherit; background-color: rgba(38&comma; 108&comma; 169&comma; 0.8);'>Nota importante<\/div>\n<div style='padding: 15px; color: inherit; flex-grow: 1;'>\n<ul style='padding-left: 20px; margin: 0; font-size: 14px; list-style-type: disc;'>\n<li style='margin-bottom: 5px; text-align: left;'>Aunque el dise\u00f1o sugiere luz blanca&comma; esta c\u00e1mara solo tiene visi\u00f3n nocturna por infrarrojo (IR). No emiten luz blanca.<\/li>\n<\/ul><\/div>\n<\/p><\/div>\n<\/p><\/div>\n<p> <!-- Imagen final --> <\/p>\n<div style='display: flex; justify-content: center; margin-bottom: 30px;'> <img style='width: 100%; max-width: 1200px; height: auto; border: 1px solid rgba(150&comma;150&comma;150&comma;0.3); border-radius: 8px;' src='https:\/\/ftp3.syscom.mx\/usuarios\/yvalenzuela\/Hilook\/hiklook.jpg' alt=''> <\/div>\n<\/p><\/div>\n","protected":false},"excerpt":{"rendered":"<p>HiLook Series \/ Bala IP 4  Megapixel  \/ Lente 2.8 mm \/ 30 mts IR \/  Micr\u00f3fono Integrado \/ Exterior IP67 \/ PoE \/ dWDR \/ H.265+ \/ ONVIF<\/p>\n","protected":false},"featured_media":97055,"comment_status":"open","ping_status":"closed","template":"","meta":[],"product_brand":[],"product_cat":[438],"product_tag":[439,122,715],"class_list":{"0":"post-97056","1":"product","2":"type-product","3":"status-publish","4":"has-post-thumbnail","6":"product_cat-bala","7":"product_tag-bala","8":"product_tag-camaras-ip-y-nvrs","9":"product_tag-hilook-by-hikvision","11":"first","12":"outofstock","13":"sale","14":"shipping-taxable","15":"purchasable","16":"product-type-simple"},"_links":{"self":[{"href":"https:\/\/soydeaqui.ddns.net\/pachuca\/index.php\/wp-json\/wp\/v2\/product\/97056","targetHints":{"allow":["GET"]}}],"collection":[{"href":"https:\/\/soydeaqui.ddns.net\/pachuca\/index.php\/wp-json\/wp\/v2\/product"}],"about":[{"href":"https:\/\/soydeaqui.ddns.net\/pachuca\/index.php\/wp-json\/wp\/v2\/types\/product"}],"replies":[{"embeddable":true,"href":"https:\/\/soydeaqui.ddns.net\/pachuca\/index.php\/wp-json\/wp\/v2\/comments?post=97056"}],"wp:featuredmedia":[{"embeddable":true,"href":"https:\/\/soydeaqui.ddns.net\/pachuca\/index.php\/wp-json\/wp\/v2\/media\/97055"}],"wp:attachment":[{"href":"https:\/\/soydeaqui.ddns.net\/pachuca\/index.php\/wp-json\/wp\/v2\/media?parent=97056"}],"wp:term":[{"taxonomy":"product_brand","embeddable":true,"href":"https:\/\/soydeaqui.ddns.net\/pachuca\/index.php\/wp-json\/wp\/v2\/product_brand?post=97056"},{"taxonomy":"product_cat","embeddable":true,"href":"https:\/\/soydeaqui.ddns.net\/pachuca\/index.php\/wp-json\/wp\/v2\/product_cat?post=97056"},{"taxonomy":"product_tag","embeddable":true,"href":"https:\/\/soydeaqui.ddns.net\/pachuca\/index.php\/wp-json\/wp\/v2\/product_tag?post=97056"}],"curies":[{"name":"wp","href":"https:\/\/api.w.org\/{rel}","templated":true}]}}