{"id":97039,"date":"2026-03-20T08:39:17","date_gmt":"2026-03-20T08:39:17","guid":{"rendered":"https:\/\/soydeaqui.ddns.net\/pachuca\/index.php\/producto\/dvr-32-canales-turbohd-8-canales-ip-5-megapixel-lite-3k-lite-acusense-evita-falsas-alarmas-audio-bidireccional-2-bahias-de-disco-duro-h-265-salida-de-video-en-full-hd\/"},"modified":"2026-03-20T08:39:26","modified_gmt":"2026-03-20T08:39:26","slug":"dvr-32-canales-turbohd-8-canales-ip-5-megapixel-lite-3k-lite-acusense-evita-falsas-alarmas-audio-bidireccional-2-bahias-de-disco-duro-h-265-salida-de-video-en-full-hd","status":"publish","type":"product","link":"https:\/\/soydeaqui.ddns.net\/pachuca\/index.php\/producto\/dvr-32-canales-turbohd-8-canales-ip-5-megapixel-lite-3k-lite-acusense-evita-falsas-alarmas-audio-bidireccional-2-bahias-de-disco-duro-h-265-salida-de-video-en-full-hd\/","title":{"rendered":"DVR 32 Canales TurboHD + 8 Canales IP \/ 5 Megapixel Lite &#8211; 3K Lite \/ Acusense (Evita Falsas Alarmas) \/ Audio Bidireccional \/ 2 Bah\u00edas de Disco Duro \/ H.265+ \/ Salida de Video en Full HD"},"content":{"rendered":"<div style='width: 100%; max-width: 1200px; margin: 0 auto; font-family: sans-serif; line-height: 1.6; color: inherit; background-color: transparent;'> <!-- Videos locales --> <\/p>\n<div style='display: flex; flex-wrap: wrap; gap: 30px; margin-bottom: 30px;'>\n<div style='flex: 1 1 45%; min-width: 280px;'> <video muted controls style='width: 100%; height: auto; border: 1px solid rgba(150&comma;150&comma;150&comma;0.3); border-radius: 8px;'><source src='https:\/\/ftp3.syscom.mx\/usuarios\/nicolas.jimenez\/Turbo8\/Turbo8%20animacion.mp4' type='video\/mp4'><\/video> <\/div>\n<div style='flex: 1 1 45%; min-width: 280px;'> <video muted controls style='width: 100%; height: auto; border: 1px solid rgba(150&comma;150&comma;150&comma;0.3); border-radius: 8px;'><source src='https:\/\/ftp3.syscom.mx\/usuarios\/nicolas.jimenez\/Turbo8\/Turbo%20HD%208.0-Audio%20bidireccional%20TVI%20Doblaje.mp4' type='video\/mp4'><\/video> <\/div>\n<\/p><\/div>\n<p> <!-- Imagen principal --> <\/p>\n<div style='margin-bottom: 30px;'> <img style='width: 100%; height: auto; border: 1px solid rgba(150&comma;150&comma;150&comma;0.3); border-radius: 8px;' src='https:\/\/ftp3.syscom.mx\/usuarios\/emendoza\/elesbanmch\/HIKVISON\/IMAGENES\/COAXITRON-audio.jpg' alt=''> <\/div>\n<p> <!-- Im\u00e1genes secundarias --> <\/p>\n<div style='display: flex; flex-wrap: wrap; gap: 30px; margin-bottom: 30px;'>\n<div style='flex: 1 1 45%; min-width: 280px;'> <img style='width: 100%; height: auto; border: 1px solid rgba(150&comma;150&comma;150&comma;0.3); border-radius: 8px;' src='https:\/\/ftp3.syscom.mx\/usuarios\/fotos\/IDS7208HQHIM1\/S(C)\/192927-untitled.png' alt=''> <\/div>\n<div style='flex: 1 1 45%; min-width: 280px;'> <img style='width: 100%; height: auto; border: 1px solid rgba(150&comma;150&comma;150&comma;0.3); border-radius: 8px;' src='https:\/\/ftp3.syscom.mx\/usuarios\/fotos\/IDS7208HQHIM1\/S(C)\/192927-untitled_(2).png' alt=''> <\/div>\n<\/p><\/div>\n<p> <!-- Videos de YouTube --> <\/p>\n<div style='display: flex; flex-wrap: wrap; gap: 20px; margin-bottom: 40px;'>\n<div style='flex: 1 1 30%; min-width: 280px;'>\n<div style='position: relative; padding-bottom: 56.25%; height: 0; overflow: hidden;'>   <\/div>\n<\/p><\/div>\n<div style='flex: 1 1 30%; min-width: 280px;'>\n<div style='position: relative; padding-bottom: 56.25%; height: 0; overflow: hidden;'>   <\/div>\n<\/p><\/div>\n<div style='flex: 1 1 30%; min-width: 280px;'>\n<div style='position: relative; padding-bottom: 56.25%; height: 0; overflow: hidden;'>   <\/div>\n<\/p><\/div>\n<div style='flex: 1 1 30%; min-width: 280px;'>\n<div style='position: relative; padding-bottom: 56.25%; height: 0; overflow: hidden;'>   <\/div>\n<\/p><\/div>\n<div style='flex: 1 1 30%; min-width: 280px;'>\n<div style='position: relative; padding-bottom: 56.25%; height: 0; overflow: hidden;'>   <\/div>\n<\/p><\/div>\n<div style='flex: 1 1 30%; min-width: 280px;'>\n<div style='position: relative; padding-bottom: 56.25%; height: 0; overflow: hidden;'>   <\/div>\n<\/p><\/div>\n<\/p><\/div>\n<p> <!-- Secci\u00f3n de caracter\u00edsticas principales --> <\/p>\n<div style='display: flex; flex-wrap: wrap; gap: 30px; margin-bottom: 30px;'>\n<div style='flex: 1 1 48%; min-width: 280px;'>\n<div style='border: 1px solid rgba(150&comma; 150&comma; 150&comma; 0.4); border-radius: 8px; overflow: hidden; display: flex; flex-direction: column;'>\n<div style='padding: 15px; border-bottom: 1px solid rgba(150&comma; 150&comma; 150&comma; 0.2); font-weight: bold; font-size: 18px; color: inherit; background-color: #1e3adf; color: #ffffff; opacity: 0.95;'>Caracter\u00edsticas Principales:<\/div>\n<div style='padding: 15px; color: inherit;'>\n<ul style='padding-left: 20px; margin: 0; font-size: 14px; list-style-type: disc;'>\n<li style='margin-bottom: 5px;'>Soporta audio bidireccional por coaxitron en todos los canales (UTP o coaxial)<\/li>\n<li style='margin-bottom: 5px;'>Soporta reconocimiento facial en 4 canales<\/li>\n<li style='margin-bottom: 5px;'>Soporta protecci\u00f3n perimetral en 8 canales (Cruce de l\u00ednea \/ Entrada de \u00e1rea)<\/li>\n<li style='margin-bottom: 5px;'>Soporta ACUSENSE<\/li>\n<li style='margin-bottom: 5px;'>Soporta 32 canales TURBOHD + 8 canales IP = 40 canales en total<\/li>\n<li style='margin-bottom: 5px;'>Permite deshabilitar canales anal\u00f3gicos&comma; para generar canales IP<\/li>\n<li style='margin-bottom: 5px;'>Canales IP de hasta 6 Megap\u00edxeles<\/li>\n<li style='margin-bottom: 5px;'>DVR pentah\u00edbrido: HD-TVI \/ HD-CVI \/ Anal\u00f3gico \/ IP \/ AHD<\/li>\n<li style='margin-bottom: 5px;'>Acceso remoto: PC (WINDOWS \/ MAC)&comma; Smart Phone (iPhone&comma; iPad&comma; Android)<\/li>\n<li style='margin-bottom: 5px;'>Compatible con Hik-Connect P2P<\/li>\n<li style='margin-bottom: 5px;'>1 entrada y 1 salida de audio (bocina y micr\u00f3fono externo)<\/li>\n<li style='margin-bottom: 5px;'>Soporta 2 HDD de hasta 12 TB (no incluido)<\/li>\n<li style='margin-bottom: 5px;'>Interfaz serial: RS-485 (HIKVISION C&comma; COAXITRON&comma; PELCO D&comma; PELCO P&comma; etc)<\/li>\n<li style='margin-bottom: 5px;'>Compresi\u00f3n: H.265+ \/ H.265 \/ H.264<\/li>\n<li style='margin-bottom: 5px;'><strong>Salida de video simult\u00e1neo en HDMI y VGA<\/strong><\/li>\n<\/ul><\/div>\n<\/p><\/div>\n<\/p><\/div>\n<p> <!-- Caracter\u00edsticas f\u00edsicas y el\u00e9ctricas --> <\/p>\n<div style='flex: 1 1 48%; min-width: 280px;'>\n<div style='border: 1px solid rgba(150&comma; 150&comma; 150&comma; 0.4); border-radius: 8px; overflow: hidden; display: flex; flex-direction: column; margin-bottom: 30px;'>\n<div style='padding: 15px; border-bottom: 1px solid rgba(150&comma; 150&comma; 150&comma; 0.2); font-weight: bold; font-size: 18px; color: inherit; background-color: #1e3adf; color: #ffffff; opacity: 0.95;'>Caracter\u00edsticas F\u00edsicas y El\u00e9ctricas:<\/div>\n<div style='padding: 15px; color: inherit;'>\n<ul style='padding-left: 20px; margin: 0; font-size: 14px; list-style-type: disc;'>\n<li style='margin-bottom: 5px;'>Alimentaci\u00f3n: 12 Vcc (fuente incluida) 5 A<\/li>\n<li style='margin-bottom: 5px;'>Consumo sin HDD: < 60 watts<\/li>\n<li style='margin-bottom: 5px;'>Temperatura de operaci\u00f3n: -10 \u00baC hasta 55 \u00baC<\/li>\n<li style='margin-bottom: 5px;'>Dimensiones: 385 x 315 x 52 mm (W \u00d7 D \u00d7 H)<\/li>\n<li style='margin-bottom: 5px;'>Peso: 2.1 Kg sin HDD<\/li>\n<li style='margin-bottom: 5px;'>No compatible con control remoto<\/li>\n<li style='margin-bottom: 5px;'>Garant\u00eda: 2 a\u00f1os<\/li>\n<\/ul><\/div>\n<\/p><\/div>\n<p> <!-- Resoluciones soportadas --> <\/p>\n<div style='border: 1px solid rgba(150&comma; 150&comma; 150&comma; 0.4); border-radius: 8px; overflow: hidden; display: flex; flex-direction: column;'>\n<div style='padding: 15px; border-bottom: 1px solid rgba(150&comma; 150&comma; 150&comma; 0.2); font-weight: bold; font-size: 18px; color: inherit; background-color: #1e3adf; color: #ffffff; opacity: 0.95;'>Resoluci\u00f3n:<\/div>\n<div style='padding: 15px; color: inherit;'>\n<ul style='padding-left: 20px; margin: 0; font-size: 14px; list-style-type: disc;'>\n<li style='margin-bottom: 5px;'>TVI (TURBOHD): 3K \/ 5 MP \/ 4 MP \/ 2 MP<\/li>\n<li style='margin-bottom: 5px;'>CVI: 3K \/ 5 MP \/ 4 MP \/ 2 MP<\/li>\n<li style='margin-bottom: 5px;'>AHD: 5 MP \/ 4 MP \/ 2 MP<\/li>\n<li style='margin-bottom: 5px;'>CVBS (anal\u00f3gico): 1200 TVL<\/li>\n<li style='margin-bottom: 5px;'>IP: 6 MP \/ 5 MP \/ 4 MP \/ 2 MP<\/li>\n<\/ul><\/div>\n<\/p><\/div>\n<\/p><\/div>\n<\/p><\/div>\n<p> <!-- Caracter\u00edsticas destacadas --> <\/p>\n<div style='margin-bottom: 30px;'>\n<div style='border: 1px solid rgba(150&comma; 150&comma; 150&comma; 0.4); border-radius: 8px; overflow: hidden; display: flex; flex-direction: column;'>\n<div style='padding: 15px; border-bottom: 1px solid rgba(150&comma; 150&comma; 150&comma; 0.2); font-weight: bold; font-size: 18px; color: inherit; background-color: #1e3adf; color: #ffffff; opacity: 0.95;'>Caracter\u00edsticas Destacadas:<\/div>\n<div style='padding: 15px; color: inherit;'>\n<ul style='padding-left: 20px; margin: 0; font-size: 14px; list-style-type: disc;'>\n<li style='margin-bottom: 15px;'>Soporta audio bidireccional por coaxitron (UTP o coaxial). Compatible con modelo de c\u00e1maras TURBOHD que soporten audio de dos v\u00edas. Podemos tener una comunicaci\u00f3n desde la App Hik-Connect bidireccional hacia la c\u00e1mara.<\/li>\n<li style='margin-bottom: 15px;'>Soporta reconocimiento facial en 4 canal de video&comma; compatible solo con c\u00e1maras TURBOHD (el anal\u00edtico lo hace el DVR&comma; puede ser cualquier c\u00e1mara TURBOHD).<\/li>\n<li style='margin-bottom: 15px;'>Soporta 8 canales con tecnolog\u00eda ACUSENSE&comma; permite filtrar por anal\u00edtica de cruce de l\u00ednea o intrusi\u00f3n de \u00e1rea humanos o veh\u00edculos para activar un evento o grabaci\u00f3n&comma; esto nos permite descartar falsas alarmas (grabaciones) cuando exista un movimiento de hojas o movimiento de alg\u00fan animal&comma; vuelve m\u00e1s eficiente la grabaci\u00f3n cuando realmente si sea necesario.<\/li>\n<li style='margin-bottom: 15px;'>Soporta en todos los canales con tecnolog\u00eda ACUSENSE Lite&comma; permite filtrar por detecci\u00f3n de movimiento humanos o veh\u00edculos para activar un evento o grabaci\u00f3n&comma; esto nos permite descartar falsas alarmas (grabaciones) cuando exista un movimiento de hojas o movimiento de alg\u00fan animal&comma; vuelve m\u00e1s eficiente la grabaci\u00f3n cuando realmente si sea necesario.<\/li>\n<li style='margin-bottom: 15px;'>No es posible usar ACUSENSE y ACUSENSE Lite al mismo tiempo&comma; se tiene que definir el modo de uso.<\/li>\n<li style='margin-bottom: 15px;'>Soporta apagar canales TURBOHD y poder convertir el DVR en un equipo NVR completo&comma; por cada canal TURBOHD que se apague se puede generar un canal IP adicional. Podemos tener hasta 40 canales IP en total.<\/li>\n<\/ul><\/div>\n<\/p><\/div>\n<\/p><\/div>\n<p> <!-- Tabla comparativa 3K Lite vs 3K Est\u00e1ndar --> <\/p>\n<div style='margin-bottom: 30px;'>\n<h3 style='font-size: 20px; border-bottom: 2px solid currentColor; padding-bottom: 5px; margin: 0 0 20px 0; color: #1e3adf; font-weight: bold; text-align: center;'>Comparativo 3K Lite vs 3K Est\u00e1ndar<\/h3>\n<div style='overflow-x: auto;'>\n<table style='width: 100%; border-collapse: collapse; border: 2px solid rgba(0&comma; 0&comma; 168&comma; 0.8);'>\n<thead>\n<tr>\n<th style='width: 33%; text-align: center; border: 1px solid rgba(0&comma; 0&comma; 168&comma; 0.8); padding: 8px; background-color: #1e3adf; color: #ffffff;'>Caracter\u00edstica<\/th>\n<th style='width: 33%; text-align: center; border: 1px solid rgba(0&comma; 0&comma; 168&comma; 0.8); padding: 8px; background-color: #1e3adf; color: #ffffff;'>3K Lite (2.5MP)<\/th>\n<th style='width: 33%; text-align: center; border: 1px solid rgba(0&comma; 0&comma; 168&comma; 0.8); padding: 8px; background-color: #1e3adf; color: #ffffff;'>3K Est\u00e1ndar (5MP)<\/th>\n<\/tr>\n<\/thead>\n<tbody>\n<tr>\n<th style='text-align: center; border: 1px solid rgba(0&comma; 0&comma; 168&comma; 0.8); padding: 8px; color: inherit; background-color: #ffffff; opacity: 0.9;'>Resoluci\u00f3n<\/th>\n<td style='text-align: center; border: 1px solid rgba(0&comma; 0&comma; 168&comma; 0.8); padding: 8px; color: inherit;'>2560\u00d71440<\/td>\n<td style='text-align: center; border: 1px solid rgba(0&comma; 0&comma; 168&comma; 0.8); padding: 8px; color: inherit;'>2880\u00d71620<\/td>\n<\/tr>\n<tr>\n<th style='text-align: center; border: 1px solid rgba(0&comma; 0&comma; 168&comma; 0.8); padding: 8px; color: inherit; background-color: #ffffff; opacity: 0.9;'>Almacenamiento<\/th>\n<td style='text-align: center; border: 1px solid rgba(0&comma; 0&comma; 168&comma; 0.8); padding: 8px; color: inherit;'>Optimizado (+30% duraci\u00f3n)<\/td>\n<td style='text-align: center; border: 1px solid rgba(0&comma; 0&comma; 168&comma; 0.8); padding: 8px; color: inherit;'>Mayor espacio requerido<\/td>\n<\/tr>\n<tr>\n<th style='text-align: center; border: 1px solid rgba(0&comma; 0&comma; 168&comma; 0.8); padding: 8px; color: inherit; background-color: #ffffff; opacity: 0.9;'>Uso recomendado<\/th>\n<td style='text-align: center; border: 1px solid rgba(0&comma; 0&comma; 168&comma; 0.8); padding: 8px; color: inherit;'>\u00c1reas medianas\/Interiores<\/td>\n<td style='text-align: center; border: 1px solid rgba(0&comma; 0&comma; 168&comma; 0.8); padding: 8px; color: inherit;'>\u00c1reas extensas\/Exteriores<\/td>\n<\/tr>\n<\/tbody>\n<\/table><\/div>\n<\/p><\/div>\n<\/p><\/div>\n","protected":false},"excerpt":{"rendered":"<p>DVR 32 Canales TurboHD + 8 Canales IP \/ 5 Megapixel Lite &#8211; 3K Lite \/ Acusense (Evita Falsas Alarmas) \/ Audio Bidireccional \/ 2 Bah\u00edas de Disco Duro \/ H.265+ \/ Salida de Video en Full HD<\/p>\n","protected":false},"featured_media":97038,"comment_status":"open","ping_status":"closed","template":"","meta":[],"product_brand":[],"product_cat":[2254],"product_tag":[2255,2257,2256],"class_list":{"0":"post-97039","1":"product","2":"type-product","3":"status-publish","4":"has-post-thumbnail","6":"product_cat-videograbadoras-analogicas-turbohd-tvi-ahd-cvi","7":"product_tag-camaras-y-dvrs-hd-turbohd-ahd-hd-tvi","8":"product_tag-epcom-professional","9":"product_tag-videograbadoras-analogicas-turbohd-tvi-ahd-cvi","11":"first","12":"instock","13":"sale","14":"shipping-taxable","15":"purchasable","16":"product-type-simple"},"_links":{"self":[{"href":"https:\/\/soydeaqui.ddns.net\/pachuca\/index.php\/wp-json\/wp\/v2\/product\/97039","targetHints":{"allow":["GET"]}}],"collection":[{"href":"https:\/\/soydeaqui.ddns.net\/pachuca\/index.php\/wp-json\/wp\/v2\/product"}],"about":[{"href":"https:\/\/soydeaqui.ddns.net\/pachuca\/index.php\/wp-json\/wp\/v2\/types\/product"}],"replies":[{"embeddable":true,"href":"https:\/\/soydeaqui.ddns.net\/pachuca\/index.php\/wp-json\/wp\/v2\/comments?post=97039"}],"wp:featuredmedia":[{"embeddable":true,"href":"https:\/\/soydeaqui.ddns.net\/pachuca\/index.php\/wp-json\/wp\/v2\/media\/97038"}],"wp:attachment":[{"href":"https:\/\/soydeaqui.ddns.net\/pachuca\/index.php\/wp-json\/wp\/v2\/media?parent=97039"}],"wp:term":[{"taxonomy":"product_brand","embeddable":true,"href":"https:\/\/soydeaqui.ddns.net\/pachuca\/index.php\/wp-json\/wp\/v2\/product_brand?post=97039"},{"taxonomy":"product_cat","embeddable":true,"href":"https:\/\/soydeaqui.ddns.net\/pachuca\/index.php\/wp-json\/wp\/v2\/product_cat?post=97039"},{"taxonomy":"product_tag","embeddable":true,"href":"https:\/\/soydeaqui.ddns.net\/pachuca\/index.php\/wp-json\/wp\/v2\/product_tag?post=97039"}],"curies":[{"name":"wp","href":"https:\/\/api.w.org\/{rel}","templated":true}]}}