{"id":97030,"date":"2026-03-20T08:38:54","date_gmt":"2026-03-20T08:38:54","guid":{"rendered":"https:\/\/soydeaqui.ddns.net\/pachuca\/index.php\/producto\/cubo-ip-2-megapixel-lente-2-8-mm-gran-angular-audio-bidireccional-wifi-memoria-micro-sd-acusense-notificacion-push-interior-h-265\/"},"modified":"2026-03-20T08:39:00","modified_gmt":"2026-03-20T08:39:00","slug":"cubo-ip-2-megapixel-lente-2-8-mm-gran-angular-audio-bidireccional-wifi-memoria-micro-sd-acusense-notificacion-push-interior-h-265","status":"publish","type":"product","link":"https:\/\/soydeaqui.ddns.net\/pachuca\/index.php\/producto\/cubo-ip-2-megapixel-lente-2-8-mm-gran-angular-audio-bidireccional-wifi-memoria-micro-sd-acusense-notificacion-push-interior-h-265\/","title":{"rendered":"Cubo IP 2 Megapixel \/ Lente 2.8 mm (Gran Angular) \/ Audio Bidireccional \/ WiFi \/ Memoria Micro SD \/AcuSense \/ Notificacion Push \/ Interior \/ H.265+"},"content":{"rendered":"<div style='width: 100%; max-width: 1200px; margin: 0 auto; font-family: sans-serif; line-height: 1.6; color: inherit; background-color: transparent;'> <!-- Imagen principal --> <\/p>\n<div style='width: 100%; text-align: center; margin: 0 0 20px;'> <img style='width: 100%; max-width: 512px; height: auto; border: 1px solid rgba(150&comma;150&comma;150&comma;0.3); border-radius: 8px;' src='https:\/\/ftp3.syscom.mx\/usuarios\/fotos\/IPCB120\/143291-hilook.png' alt=''> <\/div>\n<p> <!-- Videos --> <\/p>\n<div style='display: flex; flex-wrap: wrap; gap: 20px; justify-content: center; margin-bottom: 30px;'>\n<div style='flex: 1 1 400px; min-width: 300px;'>\n<div style='position: relative; padding-bottom: 56.25%; height: 0; overflow: hidden; margin-bottom: 10px;'>   <\/div>\n<\/p><\/div>\n<div style='flex: 1 1 400px; min-width: 300px;'>\n<div style='position: relative; padding-bottom: 56.25%; height: 0; overflow: hidden; margin-bottom: 10px;'>   <\/div>\n<\/p><\/div>\n<div style='flex: 1 1 400px; min-width: 300px;'>\n<div style='position: relative; padding-bottom: 56.25%; height: 0; overflow: hidden; margin-bottom: 10px;'>   <\/div>\n<\/p><\/div>\n<div style='flex: 1 1 400px; min-width: 300px;'>\n<div style='position: relative; padding-bottom: 56.25%; height: 0; overflow: hidden; margin-bottom: 10px;'>   <\/div>\n<\/p><\/div>\n<\/p><\/div>\n<p> <!-- Secci\u00f3n de especificaciones --> <\/p>\n<div style='display: flex; flex-wrap: wrap; gap: 20px; margin-bottom: 30px;'> <!-- Columna 1 --> <\/p>\n<div style='flex: 1 1 400px; min-width: 300px;'> <!-- Caracter\u00edsticas Principales --> <\/p>\n<div style='border: 1px solid rgba(150&comma; 150&comma; 150&comma; 0.4); border-radius: 8px; overflow: hidden; display: flex; flex-direction: column; margin-bottom: 20px;'>\n<div style='padding: 15px; background-color: #266ca9; color: white; font-size: 18px; font-weight: bold;'>Caracter\u00edsticas Principales<\/div>\n<div style='padding: 15px; color: inherit;'>\n<ul style='padding-left: 20px; margin: 0; font-size: 14px; list-style-type: disc;'>\n<li style='margin-bottom: 5px;'>Resoluci\u00f3n m\u00e1xima: 2 Megap\u00edxeles (1920 x 1080)<\/li>\n<li style='margin-bottom: 5px;'>Lente fijo: 2.8 mm (\u00e1ngulo de visi\u00f3n 92\u00b0)<\/li>\n<li style='margin-bottom: 5px;'>Infrarrojo Inteligente EXIR 10metros<\/li>\n<li style='margin-bottom: 5px;'>dWDR<\/li>\n<li style='margin-bottom: 5px;'>Micr\u00f3fono integrado: captura audio en \u00e1rea de 5 m\u00b2<\/li>\n<li style='margin-bottom: 5px;'>Soporta evento de detecci\u00f3n de movimiento&comma; cruce de linea&comma; entrada de area<\/li>\n<li style='margin-bottom: 5px;'>Cuenta con Inteligencia Artificial AcuSense<\/li>\n<\/ul><\/div>\n<\/p><\/div>\n<p> <!-- Caracter\u00edsticas Destacadas --> <\/p>\n<div style='border: 1px solid rgba(150&comma; 150&comma; 150&comma; 0.4); border-radius: 8px; overflow: hidden; display: flex; flex-direction: column; margin-bottom: 20px;'>\n<div style='padding: 15px; background-color: #266ca9; color: white; font-size: 18px; font-weight: bold;'>Caracter\u00edsticas Destacadas<\/div>\n<div style='padding: 15px; color: inherit;'>\n<ul style='padding-left: 20px; margin: 0; font-size: 14px; list-style-type: disc;'>\n<li style='margin-bottom: 5px;'>Microfono y bocina integrada<\/li>\n<li style='margin-bottom: 5px;'>Cuenta con AcuSense&comma; inteligencia artificial para filtrar humanos y vehiculos por evento de cruce de linea&comma; entrada de area&comma;<\/li>\n<li style='margin-bottom: 5px;'>Cuenta con WiFi (2.4GHz) el alcance dependera del ambiente donde este instalada la c\u00e1mara.<\/li>\n<\/ul><\/div>\n<\/p><\/div>\n<\/p><\/div>\n<p> <!-- Columna 2 --> <\/p>\n<div style='flex: 1 1 400px; min-width: 300px;'> <!-- Caracter\u00edsticas F\u00edsicas y El\u00e9ctricas --> <\/p>\n<div style='border: 1px solid rgba(150&comma; 150&comma; 150&comma; 0.4); border-radius: 8px; overflow: hidden; display: flex; flex-direction: column; margin-bottom: 20px;'>\n<div style='padding: 15px; background-color: #266ca9; color: white; font-size: 18px; font-weight: bold;'>Caracter\u00edsticas F\u00edsicas y El\u00e9ctricas<\/div>\n<div style='padding: 15px; color: inherit;'>\n<ul style='padding-left: 20px; margin: 0; font-size: 14px; list-style-type: disc;'>\n<li style='margin-bottom: 5px;'>Alimentaci\u00f3n: 12 VDC \/ 7.9 watts<\/li>\n<li style='margin-bottom: 5px;'>Para uso en Interior.<\/li>\n<li style='margin-bottom: 5px;'>Material: Policarbonato<\/li>\n<li style='margin-bottom: 5px;'>Peso total: 120 gramos<\/li>\n<li style='margin-bottom: 5px;'>Temperatura operativa: -10\u00b0C a 40\u00b0C<\/li>\n<\/ul><\/div>\n<\/p><\/div>\n<p> <!-- Notas --> <\/p>\n<div style='border: 1px solid rgba(150&comma; 150&comma; 150&comma; 0.4); border-radius: 8px; overflow: hidden; display: flex; flex-direction: column; margin-bottom: 20px;'>\n<div style='padding: 15px; background-color: #266ca9; color: white; font-size: 18px; font-weight: bold;'>Notas<\/div>\n<div style='padding: 15px; color: inherit;'>\n<ul style='padding-left: 20px; margin: 0; font-size: 14px; list-style-type: disc;'>\n<li style='margin-bottom: 5px;'>La conexi\u00f3n Wi-Fi dependera del ambiente donde este conectada la c\u00e1mara&comma; muros&comma; frecuencias pueden afectar la conexi\u00f3n.<\/li>\n<li style='margin-bottom: 5px;'>No Incluye fuente de alimentacion<\/li>\n<\/ul><\/div>\n<\/p><\/div>\n<\/p><\/div>\n<\/p><\/div>\n<p> <!-- Tabla DORI --> <\/p>\n<div style='border: 1px solid rgba(150&comma; 150&comma; 150&comma; 0.4); border-radius: 8px; overflow: hidden; margin-bottom: 30px;'>\n<div style='padding: 15px; background-color: #266ca9; color: white; font-size: 18px; font-weight: bold;'>Distancias DORI<\/div>\n<div style='padding: 15px; color: inherit;'>\n<p style='margin: 0 0 15px;'>DORI es un est\u00e1ndar utilizado para definir la distancia a la cual se puede detectar&comma; observar&comma; reconocer e identificar personas y objetos con claridad utilizando una c\u00e1mara de vigilancia<\/p>\n<div style='overflow-x: auto;'>\n<table style='width: 100%; border-collapse: collapse; border: 1px solid rgba(150&comma;150&comma;150&comma;0.3);'>\n<thead>\n<tr>\n<th style='text-align: center; border: 1px solid rgba(150&comma;150&comma;150&comma;0.3); padding: 8px; color: inherit;'>Distancia Focal<\/th>\n<th style='text-align: center; border: 1px solid rgba(150&comma;150&comma;150&comma;0.3); padding: 8px; color: inherit;'>Detectar<\/th>\n<th style='text-align: center; border: 1px solid rgba(150&comma;150&comma;150&comma;0.3); padding: 8px; color: inherit;'>Observar<\/th>\n<th style='text-align: center; border: 1px solid rgba(150&comma;150&comma;150&comma;0.3); padding: 8px; color: inherit;'>Reconocer<\/th>\n<th style='text-align: center; border: 1px solid rgba(150&comma;150&comma;150&comma;0.3); padding: 8px; color: inherit;'>Identificar<\/th>\n<\/tr>\n<\/thead>\n<tbody>\n<tr>\n<td style='text-align: center; border: 1px solid rgba(150&comma;150&comma;150&comma;0.3); padding: 8px;'>2.8mm<\/td>\n<td style='text-align: center; border: 1px solid rgba(150&comma;150&comma;150&comma;0.3); padding: 8px;'>37.3 metros<\/td>\n<td style='text-align: center; border: 1px solid rgba(150&comma;150&comma;150&comma;0.3); padding: 8px;'>14.8 metros<\/td>\n<td style='text-align: center; border: 1px solid rgba(150&comma;150&comma;150&comma;0.3); padding: 8px;'>7.5 metros<\/td>\n<td style='text-align: center; border: 1px solid rgba(150&comma;150&comma;150&comma;0.3); padding: 8px;'>3.7 metros<\/td>\n<\/tr>\n<\/tbody>\n<\/table><\/div>\n<\/p><\/div>\n<\/p><\/div>\n<p> <!-- Banner final --> <\/p>\n<div style='width: 100%; text-align: center; margin: 30px 0;'> <img style='width: 100%; max-width: 1200px; height: auto; border: 1px solid rgba(150&comma;150&comma;150&comma;0.3); border-radius: 8px;' src='https:\/\/ftp3.syscom.mx\/usuarios\/yvalenzuela\/Hilook\/hiklook.jpg' alt=''> <\/div>\n<\/p><\/div>\n","protected":false},"excerpt":{"rendered":"<p>Cubo IP 2 Megapixel \/ Lente 2.8 mm (Gran Angular) \/ Audio Bidireccional \/ WiFi \/ Memoria Micro SD \/AcuSense \/ Notificacion Push \/ Interior \/ H.265+<\/p>\n","protected":false},"featured_media":97029,"comment_status":"open","ping_status":"closed","template":"","meta":[],"product_brand":[],"product_cat":[2238],"product_tag":[122,2239,715],"class_list":{"0":"post-97030","1":"product","2":"type-product","3":"status-publish","4":"has-post-thumbnail","6":"product_cat-cubo","7":"product_tag-camaras-ip-y-nvrs","8":"product_tag-cubo","9":"product_tag-hilook-by-hikvision","11":"first","12":"instock","13":"sale","14":"shipping-taxable","15":"purchasable","16":"product-type-simple"},"_links":{"self":[{"href":"https:\/\/soydeaqui.ddns.net\/pachuca\/index.php\/wp-json\/wp\/v2\/product\/97030","targetHints":{"allow":["GET"]}}],"collection":[{"href":"https:\/\/soydeaqui.ddns.net\/pachuca\/index.php\/wp-json\/wp\/v2\/product"}],"about":[{"href":"https:\/\/soydeaqui.ddns.net\/pachuca\/index.php\/wp-json\/wp\/v2\/types\/product"}],"replies":[{"embeddable":true,"href":"https:\/\/soydeaqui.ddns.net\/pachuca\/index.php\/wp-json\/wp\/v2\/comments?post=97030"}],"wp:featuredmedia":[{"embeddable":true,"href":"https:\/\/soydeaqui.ddns.net\/pachuca\/index.php\/wp-json\/wp\/v2\/media\/97029"}],"wp:attachment":[{"href":"https:\/\/soydeaqui.ddns.net\/pachuca\/index.php\/wp-json\/wp\/v2\/media?parent=97030"}],"wp:term":[{"taxonomy":"product_brand","embeddable":true,"href":"https:\/\/soydeaqui.ddns.net\/pachuca\/index.php\/wp-json\/wp\/v2\/product_brand?post=97030"},{"taxonomy":"product_cat","embeddable":true,"href":"https:\/\/soydeaqui.ddns.net\/pachuca\/index.php\/wp-json\/wp\/v2\/product_cat?post=97030"},{"taxonomy":"product_tag","embeddable":true,"href":"https:\/\/soydeaqui.ddns.net\/pachuca\/index.php\/wp-json\/wp\/v2\/product_tag?post=97030"}],"curies":[{"name":"wp","href":"https:\/\/api.w.org\/{rel}","templated":true}]}}