{"id":97018,"date":"2026-03-20T08:38:23","date_gmt":"2026-03-20T08:38:23","guid":{"rendered":"https:\/\/soydeaqui.ddns.net\/pachuca\/index.php\/producto\/toallitas-gamers-excelente-opcin-para-gamers-que-buscan-mantener-sus-consolas-y-accesorios-en-perfecto-estado-libres-de-suciedad-y-protegidos-contra-bacterias\/"},"modified":"2026-03-20T08:38:35","modified_gmt":"2026-03-20T08:38:35","slug":"toallitas-gamers-excelente-opcin-para-gamers-que-buscan-mantener-sus-consolas-y-accesorios-en-perfecto-estado-libres-de-suciedad-y-protegidos-contra-bacterias","status":"publish","type":"product","link":"https:\/\/soydeaqui.ddns.net\/pachuca\/index.php\/producto\/toallitas-gamers-excelente-opcin-para-gamers-que-buscan-mantener-sus-consolas-y-accesorios-en-perfecto-estado-libres-de-suciedad-y-protegidos-contra-bacterias\/","title":{"rendered":"Toallitas Gamers, Excelente Opci?n Para Gamers Que Buscan Mantener Sus Consolas y Accesorios en Perfecto Estado, Libres de Suciedad y Protegidos Contra Bacterias"},"content":{"rendered":"<div style='width: 100%; max-width: 1200px; margin: 0 auto; font-family: sans-serif; line-height: 1.6; color: inherit; background-color: transparent;'>\n<div style='display: flex; flex-wrap: wrap; gap: 30px; margin-bottom: 30px;'>\n<div style='flex: 1 1 300px; min-width: 280px;'> <img style='width: 100%; height: auto; border: 1px solid rgba(150&comma;150&comma;150&comma;0.3); border-radius: 8px;' src='https:\/\/ftp3.syscom.mx\/usuarios\/fotos\/SILIMPO\/160999-silimexup.jpg' alt=''> <\/div>\n<\/p><\/div>\n<div style='display: flex; flex-wrap: wrap; gap: 30px; margin-bottom: 30px;'>\n<div style='flex: 1 1 300px; min-width: 280px;'>\n<h3 style='font-size: 22px; border-bottom: 2px solid currentColor; padding-bottom: 5px; margin-top: 0; color: inherit; opacity: 0.8;'>Descripci\u00f3n<\/h3>\n<p style='font-size: 15px; color: inherit;'>Las <strong>Toallitas Gamer<\/strong> son una soluci\u00f3n especialmente dise\u00f1ada para mantener limpias y protegidas las superficies pl\u00e1sticas de equipos de gaming. Estas toallitas h\u00famedas eliminan grasa&comma; cochambre y polvo&comma; dejando una capa protectora con propiedades antiest\u00e1ticas y antibacteriales. Adem\u00e1s&comma; tienen un agradable aroma a chicle&comma; haciendo la limpieza m\u00e1s c\u00f3moda y agradable.<\/p>\n<\/p><\/div>\n<\/p><\/div>\n<div style='display: flex; flex-wrap: wrap; gap: 20px; margin-bottom: 30px;'>\n<div style='flex: 1 1 250px; border: 1px solid rgba(150&comma; 150&comma; 150&comma; 0.4); border-radius: 8px; overflow: hidden; display: flex; flex-direction: column;'>\n<div style='padding: 15px; border-bottom: 1px solid rgba(150&comma; 150&comma; 150&comma; 0.2); font-weight: bold; font-size: 18px; color: inherit;'>Caracter\u00edsticas<\/div>\n<div style='padding: 15px; color: inherit;'>\n<ul style='padding-left: 20px; margin: 0; font-size: 14px; list-style-type: disc;'>\n<li style='margin-bottom: 5px;'><strong>Eliminaci\u00f3n de residuos:<\/strong> Su f\u00f3rmula es efectiva contra grasa&comma; polvo y cochambre&comma; lo que ayuda a mantener las superficies de consolas y controles libres de suciedad.<\/li>\n<li style='margin-bottom: 5px;'><strong>Protecci\u00f3n antiest\u00e1tica:<\/strong> Reducen la acumulaci\u00f3n de polvo y part\u00edculas&comma; prolongando el tiempo entre limpiezas.<\/li>\n<li style='margin-bottom: 5px;'><strong>Propiedades antibacteriales:<\/strong> Ofrecen una capa de protecci\u00f3n contra bacterias&comma; ideal para consolas que se comparten o se usan frecuentemente.<\/li>\n<li style='margin-bottom: 5px;'><strong>Aroma agradable:<\/strong> El olor a chicle mejora la experiencia de limpieza sin ser invasivo.<\/li>\n<\/ul><\/div>\n<\/p><\/div>\n<\/p><\/div>\n<div style='display: flex; flex-wrap: wrap; gap: 30px; margin-bottom: 30px;'>\n<div style='flex: 1 1 300px; min-width: 280px;'>\n<h3 style='font-size: 22px; border-bottom: 2px solid currentColor; padding-bottom: 5px; margin-top: 0; color: inherit; opacity: 0.8;'>Precauciones<\/h3>\n<ul style='padding-left: 20px; font-size: 15px; color: inherit;'>\n<li style='margin-bottom: 5px;'>No utilizar para limpieza facial.<\/li>\n<li style='margin-bottom: 5px;'>Su uso no es cosm\u00e9tico personal.<\/li>\n<li style='margin-bottom: 5px;'>Despu\u00e9s de desprender una toallita&comma; colocar el bot\u00f3n protector para evitar la evaporaci\u00f3n de la soluci\u00f3n de la siguiente toallita.<\/li>\n<li style='margin-bottom: 5px;'>Almacenarse en lugares frescos&comma; no mayor a una temperatura de 50\u00b0C.<\/li>\n<\/ul><\/div>\n<\/p><\/div>\n<div style='display: flex; flex-wrap: wrap; gap: 30px; margin-bottom: 30px;'>\n<div style='flex: 1 1 300px; min-width: 280px;'> <img style='width: 100%; height: auto; border: 1px solid rgba(150&comma;150&comma;150&comma;0.3); border-radius: 8px;' src='https:\/\/ftp3.syscom.mx\/usuarios\/fotos\/SILIMPO\/160999-linkdn.png' alt=''> <\/div>\n<\/p><\/div>\n<\/p><\/div>\n","protected":false},"excerpt":{"rendered":"<p>Toallitas Gamers, Excelente Opci?n Para Gamers Que Buscan Mantener Sus Consolas y Accesorios en Perfecto Estado, Libres de Suciedad y Protegidos Contra Bacterias<\/p>\n","protected":false},"featured_media":97017,"comment_status":"open","ping_status":"closed","template":"","meta":[],"product_brand":[],"product_cat":[608],"product_tag":[586,25,607],"class_list":{"0":"post-97018","1":"product","2":"type-product","3":"status-publish","4":"has-post-thumbnail","6":"product_cat-herramientas-cableado-de-cobre","7":"product_tag-cableado-de-cobre","8":"product_tag-herramientas","9":"product_tag-silimex","11":"first","12":"instock","13":"sale","14":"shipping-taxable","15":"purchasable","16":"product-type-simple"},"_links":{"self":[{"href":"https:\/\/soydeaqui.ddns.net\/pachuca\/index.php\/wp-json\/wp\/v2\/product\/97018","targetHints":{"allow":["GET"]}}],"collection":[{"href":"https:\/\/soydeaqui.ddns.net\/pachuca\/index.php\/wp-json\/wp\/v2\/product"}],"about":[{"href":"https:\/\/soydeaqui.ddns.net\/pachuca\/index.php\/wp-json\/wp\/v2\/types\/product"}],"replies":[{"embeddable":true,"href":"https:\/\/soydeaqui.ddns.net\/pachuca\/index.php\/wp-json\/wp\/v2\/comments?post=97018"}],"wp:featuredmedia":[{"embeddable":true,"href":"https:\/\/soydeaqui.ddns.net\/pachuca\/index.php\/wp-json\/wp\/v2\/media\/97017"}],"wp:attachment":[{"href":"https:\/\/soydeaqui.ddns.net\/pachuca\/index.php\/wp-json\/wp\/v2\/media?parent=97018"}],"wp:term":[{"taxonomy":"product_brand","embeddable":true,"href":"https:\/\/soydeaqui.ddns.net\/pachuca\/index.php\/wp-json\/wp\/v2\/product_brand?post=97018"},{"taxonomy":"product_cat","embeddable":true,"href":"https:\/\/soydeaqui.ddns.net\/pachuca\/index.php\/wp-json\/wp\/v2\/product_cat?post=97018"},{"taxonomy":"product_tag","embeddable":true,"href":"https:\/\/soydeaqui.ddns.net\/pachuca\/index.php\/wp-json\/wp\/v2\/product_tag?post=97018"}],"curies":[{"name":"wp","href":"https:\/\/api.w.org\/{rel}","templated":true}]}}