{"id":97014,"date":"2026-03-20T08:38:16","date_gmt":"2026-03-20T08:38:16","guid":{"rendered":"https:\/\/soydeaqui.ddns.net\/pachuca\/index.php\/producto\/kit-de-videoportero-ip-switch-poe-poe-estandar-con-llamada-a-app-de-smartphone-hikconnect-apertura-con-tarjeta-mifare-frente-de-calle-ip65-soporta-1-departamento\/"},"modified":"2026-03-20T08:38:17","modified_gmt":"2026-03-20T08:38:17","slug":"kit-de-videoportero-ip-switch-poe-poe-estandar-con-llamada-a-app-de-smartphone-hikconnect-apertura-con-tarjeta-mifare-frente-de-calle-ip65-soporta-1-departamento","status":"publish","type":"product","link":"https:\/\/soydeaqui.ddns.net\/pachuca\/index.php\/producto\/kit-de-videoportero-ip-switch-poe-poe-estandar-con-llamada-a-app-de-smartphone-hikconnect-apertura-con-tarjeta-mifare-frente-de-calle-ip65-soporta-1-departamento\/","title":{"rendered":"Kit de Videoportero IP + Switch Poe Poe Estandar con llamada a App de Smartphone (HikConnect) \/ Apertura con tarjeta MIFARE \/ Frente de calle IP65 \/ Soporta 1 Departamento"},"content":{"rendered":"<div style='width: 100%; max-width: 1200px; margin: 0 auto; font-family: sans-serif; line-height: 1.6; color: inherit; background-color: transparent;'> <!-- Videos --> <\/p>\n<div style='display: flex; flex-wrap: wrap; gap: 30px; margin-bottom: 30px;'>\n<div style='flex: 1 1 300px; min-width: 280px;'>\n<div style='position: relative; padding-bottom: 56.25%; height: 0; overflow: hidden; margin-bottom: 30px;'>   <\/div>\n<\/p><\/div>\n<div style='flex: 1 1 300px; min-width: 280px;'>\n<div style='position: relative; padding-bottom: 56.25%; height: 0; overflow: hidden; margin-bottom: 30px;'>   <\/div>\n<\/p><\/div>\n<\/p><\/div>\n<p> <!-- Imagen principal --> <\/p>\n<div style='margin-bottom: 30px;'> <a href='https:\/\/soporte.syscom.mx\/es\/articles\/4296720-hikvision-videoporteros-configuraciones-de-videoporteros-3ra-generacion-con-interfaz-web'> <img style='width: 100%; height: auto; border: 1px solid rgba(150&comma;150&comma;150&comma;0.3); border-radius: 8px;' src='https:\/\/ftp3.syscom.mx\/usuarios\/ftp\/marketing_digital\/hikvision\/syscomAndColombia\/2020\/07\/01\/img_1546.jpg' alt='Art\u00edculo de soporte'> <\/a> <\/div>\n<p> <!-- Descripci\u00f3n principal --> <\/p>\n<div style='margin-bottom: 30px;'>\n<h1 style='font-size: 28px; text-align: center; color: inherit; margin-top: 0; margin-bottom: 20px;'>\u00a1El poder del acceso en tus manos!<\/h1>\n<p style='font-size: 15px; color: inherit;'>Potencia la seguridad de tu hogar o negocio con nuestro videoportero IP que te permite ver y comunicarte con tus visitantes desde cualquier lugar. \u00bfNecesitas abrir la puerta mientras est\u00e1s fuera? \u00a1No hay problema! Nuestra aplicaci\u00f3n Hik-Connect te permite realizar aperturas remotas de manera conveniente.<\/p>\n<p style='font-size: 15px; color: inherit;'>Adem\u00e1s cuenta con una c\u00e1mara de alta resoluci\u00f3n de 1080p captura im\u00e1genes n\u00edtidas y claras&comma; incluso en la oscuridad gracias a su tecnolog\u00eda IR de 3 metros. Con un amplio \u00e1ngulo de visi\u00f3n de 129\u00b0&comma; no te perder\u00e1s ning\u00fan detalle&comma; el audio bidireccional te permite mantener conversaciones fluidas con tus visitantes&comma; brind\u00e1ndote una comunicaci\u00f3n clara y efectiva.<\/p>\n<\/p><\/div>\n<p> <!-- Informaci\u00f3n de inclusi\u00f3n --> <\/p>\n<div style='margin-bottom: 30px;'>\n<h2 style='font-size: 24px; color: inherit; margin-top: 0; margin-bottom: 20px; text-align: center;'>Incluye:<\/h2>\n<div style='display: flex; flex-wrap: wrap; justify-content: center; gap: 15px;'>\n<div style='flex: 1 1 300px; min-width: 250px; text-align: center;'>\n<p style='font-size: 15px; margin: 0; padding: 10px; color: inherit;'>1 x <a style='color: inherit; text-decoration: underline;' href='https:\/\/www.syscom.mx\/producto\/DS-KV6113-WPE1C-HIKVISION-209203.html' target='_blank' rel='noopener'>DS-KV6113-WPE1(C)<\/a><\/p>\n<\/p><\/div>\n<div style='flex: 1 1 300px; min-width: 250px; text-align: center;'>\n<p style='font-size: 15px; margin: 0; padding: 10px; color: inherit;'>1 x <a style='color: inherit; text-decoration: underline;' href='https:\/\/www.syscom.mx\/principal\/searchcont?route=DS-KH6320-WTE1-HIKVISION-170761&#038;autodetect=dskh6320' target='_blank' rel='noopener'>DS-KH6320-WTE1<\/a><\/p>\n<\/p><\/div>\n<div style='flex: 1 1 300px; min-width: 250px; text-align: center;'>\n<p style='font-size: 15px; margin: 0; padding: 10px; color: inherit;'>1 x <a style='color: inherit; text-decoration: underline;' href='https:\/\/www.syscom.mx\/principal\/searchcont?route=DS-KH6320-WTE1-HIKVISION-170761&#038;autodetect=dskh6320' target='_blank' rel='noopener'>DS-3E1505P-EI\/M<\/a><\/p>\n<\/p><\/div>\n<\/p><\/div>\n<\/p><\/div>\n<p> <!-- Tarjetas de producto --> <\/p>\n<div style='display: flex; flex-wrap: wrap; gap: 20px; margin-bottom: 30px;'> <!-- Frente de calle --> <\/p>\n<div style='flex: 1 1 300px; min-width: 280px; border: 1px solid rgba(150&comma; 150&comma; 150&comma; 0.4); border-radius: 8px; overflow: hidden; display: flex; flex-direction: column;'>\n<div style='padding: 15px; border-bottom: 1px solid rgba(150&comma; 150&comma; 150&comma; 0.2); font-weight: bold; font-size: 18px; color: inherit;'>Frente de calle IP 2 Megapixeles<\/div>\n<div style='padding: 15px; color: inherit;'> <img style='width: 100%; height: auto; border: 1px solid rgba(150&comma;150&comma;150&comma;0.3); border-radius: 8px; margin-bottom: 15px;' src='https:\/\/ftp3.syscom.mx\/usuarios\/fotos\/BancoFotografiasSyscom\/HIKVISION\/DSKV6113WPE1(C)\/DSKV6113WPE1(C)-AD-2-p.PNG' alt='Frente de calle'> <\/p>\n<ul style='padding-left: 20px; margin: 0 0 15px 0; font-size: 14px; list-style-type: disc; color: inherit;'>\n<li style='margin-bottom: 5px;'>Apertura remota desde App Hik-Connect (P2P).<\/li>\n<li style='margin-bottom: 5px;'>C\u00e1mara de 1080p con IR 3m&comma; H.264&comma; \u00c1ngulo 129\u00b0.<\/li>\n<li style='margin-bottom: 5px;'>Micr\u00f3fono y Altavoz integrados para comunicaci\u00f3n bidireccional.<\/li>\n<li style='margin-bottom: 5px;'>WDR para im\u00e1genes de alta calidad en diferentes condiciones de iluminaci\u00f3n.<\/li>\n<li style='margin-bottom: 5px;'>Lector de tarjetas embebido; compatible con hasta 128 Tarjetas Mifare (13.56MHz).<\/li>\n<li style='margin-bottom: 5px;'>Salida Relay x 1 para el control de 1 puerta.<\/li>\n<li style='margin-bottom: 5px;'>12 Vcd (no incluida).<\/li>\n<\/ul>\n<p> <a style='display: inline-block; padding: 8px 16px; background-color: #2880b9; color: white; text-decoration: none; border-radius: 4px; font-size: 14px;' href='https:\/\/www.syscom.mx\/producto\/DS-KV6113-WPE1C-HIKVISION-209203.html' target='_blank' rel='noopener'>Ver producto<\/a> <\/div>\n<\/p><\/div>\n<p> <!-- Monitor IP --> <\/p>\n<div style='flex: 1 1 300px; min-width: 280px; border: 1px solid rgba(150&comma; 150&comma; 150&comma; 0.4); border-radius: 8px; overflow: hidden; display: flex; flex-direction: column;'>\n<div style='padding: 15px; border-bottom: 1px solid rgba(150&comma; 150&comma; 150&comma; 0.2); font-weight: bold; font-size: 18px; color: inherit;'>Monitor IP Wi-Fi de 7&#8242; Pantalla touch screen<\/div>\n<div style='padding: 15px; color: inherit;'> <img style='width: 100%; height: auto; border: 1px solid rgba(150&comma;150&comma;150&comma;0.3); border-radius: 8px; margin-bottom: 15px;' src='https:\/\/ftp3.syscom.mx\/usuarios\/fotos\/BancoFotografiasSyscom\/HIKVISION\/DSKH6320WTE1\/DSKH6320WTE1-p.PNG' alt='Monitor IP'> <\/p>\n<ul style='padding-left: 20px; margin: 0 0 15px 0; font-size: 14px; list-style-type: disc; color: inherit;'>\n<li style='margin-bottom: 5px;'>Pantalla Touch a color de 7&#8242;.<\/li>\n<li style='margin-bottom: 5px;'>Resoluci\u00f3n: 1024 x 600<\/li>\n<li style='margin-bottom: 5px;'>Apertura desde monitor.<\/li>\n<li style='margin-bottom: 5px;'>Vista en vivo de frente de calle.<\/li>\n<li style='margin-bottom: 5px;'>Micr\u00f3fono y altavoz interconstruido.<\/li>\n<li style='margin-bottom: 5px;'>Entrada de Alarma: 8 entradas.<\/li>\n<li style='margin-bottom: 5px;'>Salidas de Alarma: 2 salidas.<\/li>\n<li style='margin-bottom: 5px;'>Soporta micro SD max. 32G. para almacenar capturas de imagen.<\/li>\n<li style='margin-bottom: 5px;'>Red WiFi&comma; Ethernet 10\/100 Mbps. TCP\/IP&comma; SIP&comma; RTSP.<\/li>\n<li style='margin-bottom: 5px;'>Comb\u00ednelo con su sistema de videovigilancia.<\/li>\n<li style='margin-bottom: 5px;'>12 Vcd (no incluida).<\/li>\n<\/ul>\n<p> <a style='display: inline-block; padding: 8px 16px; background-color: #2880b9; color: white; text-decoration: none; border-radius: 4px; font-size: 14px;' href='https:\/\/www.syscom.mx\/principal\/searchcont?route=DS-KH6320-WTE1-HIKVISION-170761&#038;autodetect=dskh6320' target='_blank' rel='noopener'>Ver producto<\/a> <\/div>\n<\/p><\/div>\n<p> <!-- Switch PoE --> <\/p>\n<div style='flex: 1 1 300px; min-width: 280px; border: 1px solid rgba(150&comma; 150&comma; 150&comma; 0.4); border-radius: 8px; overflow: hidden; display: flex; flex-direction: column;'>\n<div style='padding: 15px; border-bottom: 1px solid rgba(150&comma; 150&comma; 150&comma; 0.2); font-weight: bold; font-size: 18px; color: inherit;'>Switch Gigabit PoE+<\/div>\n<div style='padding: 15px; color: inherit;'> <img style='width: 100%; height: auto; border: 1px solid rgba(150&comma;150&comma;150&comma;0.3); border-radius: 8px; margin-bottom: 15px;' src='https:\/\/ftp3.syscom.mx\/usuarios\/fotos\/BancoFotografiasSyscom\/HIKVISION\/DS3E1505PEI_M\/DS3E1505PEI_M-p.PNG' alt='Switch PoE'> <\/p>\n<ul style='padding-left: 20px; margin: 0 0 15px 0; font-size: 14px; list-style-type: disc; color: inherit;'>\n<li style='margin-bottom: 5px;'>Switch de escritorio de 5 puertos 10 \/ 100 \/ 1000 Mbps.<\/li>\n<li style='margin-bottom: 5px;'>Monitoreo y control de datos en puertos importantes.<\/li>\n<li style='margin-bottom: 5px;'>Optimizaci\u00f3n de buffer para garantizar la transmisi\u00f3n de video<\/li>\n<li style='margin-bottom: 5px;'>Tasa de reenv\u00edo de paquetes 7.44 MPPS.<\/li>\n<li style='margin-bottom: 5px;'>No montable en rack.<\/li>\n<li style='margin-bottom: 5px;'>Si va a conectar c\u00e1maras considere el suministro que puede otorgar el switch por PoE para evaluar si cumple con las necesidades energ\u00e9ticas de las c\u00e1maras.<\/li>\n<\/ul>\n<p> <a style='display: inline-block; padding: 8px 16px; background-color: #2880b9; color: white; text-decoration: none; border-radius: 4px; font-size: 14px;' href='https:\/\/www.syscom.mx\/principal\/searchcont?route=DS-KH6320-WTE1-HIKVISION-170761&#038;autodetect=dskh6320' target='_blank' rel='noopener'>Ver producto<\/a> <\/div>\n<\/p><\/div>\n<\/p><\/div>\n<p> <!-- Caracter\u00edsticas adicionales --> <\/p>\n<div style='margin-bottom: 30px;'>\n<h2 style='font-size: 24px; color: inherit; margin-top: 0; margin-bottom: 20px; text-align: center;'>La combinaci\u00f3n perfecta de estilo y funcionalidad<\/h2>\n<div style='display: flex; flex-wrap: wrap; gap: 20px;'>\n<div style='flex: 1 1 300px; min-width: 280px;'>\n<p style='font-size: 14px; color: inherit;'>Combina un rendimiento excepcional con una apariencia elegante y moderna con la capacidad de gestionar 1 puerta. Nuestro videoportero IP te brinda un control total sobre el acceso a tu propiedad&comma; ya sea para tu hogar&comma; tu oficina o cualquier otro entorno.<\/p>\n<\/p><\/div>\n<div style='flex: 1 1 300px; min-width: 280px;'>\n<p style='font-size: 14px; color: inherit;'>La apertura con tarjeta MIFARE proporciona una forma conveniente y segura de otorgar acceso r\u00e1pido y sin complicaciones. Nuestro videoportero IP est\u00e1 dise\u00f1ado para resistir las condiciones m\u00e1s exigentes. Con su clasificaci\u00f3n de protecci\u00f3n IP65&comma; es completamente resistente al polvo y al agua&comma; lo que lo hace ideal para su instalaci\u00f3n en exteriores.<\/p>\n<\/p><\/div>\n<\/p><\/div>\n<\/p><\/div>\n<\/p><\/div>\n","protected":false},"excerpt":{"rendered":"<p>Kit de Videoportero IP + Switch Poe Poe Estandar con llamada a App de Smartphone (HikConnect) \/ Apertura con tarjeta MIFARE \/ Frente de calle IP65 \/ Soporta 1 Departamento<\/p>\n","protected":false},"featured_media":97013,"comment_status":"open","ping_status":"closed","template":"","meta":[],"product_brand":[],"product_cat":[2104],"product_tag":[54,557,857],"class_list":{"0":"post-97014","1":"product","2":"type-product","3":"status-publish","4":"has-post-thumbnail","6":"product_cat-videoporteros-ip-videoporteros-e-interfonos","7":"product_tag-hikvision","8":"product_tag-videoporteros-e-interfonos","9":"product_tag-videoporteros-ip","11":"first","12":"instock","13":"sale","14":"shipping-taxable","15":"purchasable","16":"product-type-simple"},"_links":{"self":[{"href":"https:\/\/soydeaqui.ddns.net\/pachuca\/index.php\/wp-json\/wp\/v2\/product\/97014","targetHints":{"allow":["GET"]}}],"collection":[{"href":"https:\/\/soydeaqui.ddns.net\/pachuca\/index.php\/wp-json\/wp\/v2\/product"}],"about":[{"href":"https:\/\/soydeaqui.ddns.net\/pachuca\/index.php\/wp-json\/wp\/v2\/types\/product"}],"replies":[{"embeddable":true,"href":"https:\/\/soydeaqui.ddns.net\/pachuca\/index.php\/wp-json\/wp\/v2\/comments?post=97014"}],"wp:featuredmedia":[{"embeddable":true,"href":"https:\/\/soydeaqui.ddns.net\/pachuca\/index.php\/wp-json\/wp\/v2\/media\/97013"}],"wp:attachment":[{"href":"https:\/\/soydeaqui.ddns.net\/pachuca\/index.php\/wp-json\/wp\/v2\/media?parent=97014"}],"wp:term":[{"taxonomy":"product_brand","embeddable":true,"href":"https:\/\/soydeaqui.ddns.net\/pachuca\/index.php\/wp-json\/wp\/v2\/product_brand?post=97014"},{"taxonomy":"product_cat","embeddable":true,"href":"https:\/\/soydeaqui.ddns.net\/pachuca\/index.php\/wp-json\/wp\/v2\/product_cat?post=97014"},{"taxonomy":"product_tag","embeddable":true,"href":"https:\/\/soydeaqui.ddns.net\/pachuca\/index.php\/wp-json\/wp\/v2\/product_tag?post=97014"}],"curies":[{"name":"wp","href":"https:\/\/api.w.org\/{rel}","templated":true}]}}