{"id":96986,"date":"2026-03-20T08:37:06","date_gmt":"2026-03-20T08:37:06","guid":{"rendered":"https:\/\/soydeaqui.ddns.net\/pachuca\/index.php\/producto\/camara-bala-ip-termica-y-optica-biespectral-deteccion-termica-de-incendios-y-humos-medicion-de-temperaturas-alcance-hasta-20-3-m-termica-96-x-72-optica-4-mp-colorvu-ip67-audio-y-alarma\/"},"modified":"2026-03-20T08:37:07","modified_gmt":"2026-03-20T08:37:07","slug":"camara-bala-ip-termica-y-optica-biespectral-deteccion-termica-de-incendios-y-humos-medicion-de-temperaturas-alcance-hasta-20-3-m-termica-96-x-72-optica-4-mp-colorvu-ip67-audio-y-alarma","status":"publish","type":"product","link":"https:\/\/soydeaqui.ddns.net\/pachuca\/index.php\/producto\/camara-bala-ip-termica-y-optica-biespectral-deteccion-termica-de-incendios-y-humos-medicion-de-temperaturas-alcance-hasta-20-3-m-termica-96-x-72-optica-4-mp-colorvu-ip67-audio-y-alarma\/","title":{"rendered":"C\u00e1mara Bala IP T\u00e9rmica y \u00d3ptica Biespectral \/ Detecci\u00f3n T\u00e9rmica de Incendios y Humos \/ Medici\u00f3n de Temperaturas \/ Alcance hasta 20.3 m \/ T\u00e9rmica 96 x 72 \/ \u00d3ptica 4 MP ColorVu \/ IP67 \/ Audio y Alarma"},"content":{"rendered":"<div style='width: 100%; max-width: 1200px; margin: 0 auto; font-family: sans-serif; line-height: 1.6; color: inherit; background-color: transparent;'>\n<p style='text-align: center; margin: 0; padding: 15px 0;'><img style='width: 100%; max-width: 300px; height: auto; border: 1px solid rgba(150&comma;150&comma;150&comma;0.3); border-radius: 8px;' src='https:\/\/ftp3.syscom.mx\/usuarios\/jsosa\/HIKVISION\/imagenes\/logo\/hikvision%20see%20far.png' alt='Logo Hikvision'><\/p>\n<div style='position: relative; padding-bottom: 56.25%; height: 0; overflow: hidden; margin: 30px 0;'>   <\/div>\n<div style='display: flex; flex-wrap: wrap; gap: 30px; margin: 30px 0;'>\n<div style='flex: 1 1 50%; min-width: 300px;'>\n<div style='position: relative; padding-bottom: 56.25%; height: 0; overflow: hidden;'>   <\/div>\n<\/p><\/div>\n<div style='flex: 1 1 50%; min-width: 300px;'>\n<div style='position: relative; padding-bottom: 56.25%; height: 0; overflow: hidden;'>   <\/div>\n<\/p><\/div>\n<\/p><\/div>\n<div style='display: flex; flex-wrap: wrap; gap: 30px; margin: 30px 0;'>\n<div style='flex: 1 1 300px; min-width: 280px;'>\n<div style='border: 1px solid rgba(150&comma;150&comma;150&comma;0.4); border-radius: 8px; overflow: hidden; display: flex; flex-direction: column;'>\n<div style='padding: 15px; border-bottom: 1px solid rgba(150&comma;150&comma;150&comma;0.2); font-weight: bold; font-size: 18px; color: inherit; background-color: rgba(255&comma; 0&comma; 0&comma; 0.1);'>Caracter\u00edsticas principales de la c\u00e1mara t\u00e9rmica<\/div>\n<div style='padding: 15px; color: inherit;'>\n<ul style='padding-left: 20px; margin: 0; font-size: 14px; list-style-type: disc;'>\n<li style='margin-bottom: 5px;'>Lente fijo: 1.3 mm.<\/li>\n<li style='margin-bottom: 5px;'>Resoluci\u00f3n: 96 \u00d7 72.<\/li>\n<li style='margin-bottom: 5px;'>Sensor de imagen: \u00f3xido de vanadio&comma; detector de plano focal no refrigerado.<\/li>\n<\/ul><\/div>\n<\/p><\/div>\n<\/p><\/div>\n<div style='flex: 1 1 300px; min-width: 280px;'>\n<div style='border: 1px solid rgba(150&comma;150&comma;150&comma;0.4); border-radius: 8px; overflow: hidden; display: flex; flex-direction: column;'>\n<div style='padding: 15px; border-bottom: 1px solid rgba(150&comma;150&comma;150&comma;0.2); font-weight: bold; font-size: 18px; color: inherit; background-color: rgba(255&comma; 0&comma; 0&comma; 0.1);'>Caracter\u00edsticas principales de la c\u00e1mara \u00f3ptica<\/div>\n<div style='padding: 15px; color: inherit;'>\n<ul style='padding-left: 20px; margin: 0; font-size: 14px; list-style-type: disc;'>\n<li style='margin-bottom: 5px;'>Lente fijo: 4 mm (94\u00ba de apertura).<\/li>\n<li style='margin-bottom: 5px;'>Resoluci\u00f3n: 4 Megapixel (2688 x 1520).<\/li>\n<li style='margin-bottom: 5px;'>Sensor de imagen: 1\/1.8&#8242; CMOS Scan Progresivo.<\/li>\n<li style='margin-bottom: 5px;'>Iluminaci\u00f3n m\u00ednima: Color: 0.0005 Lux @ (F1.0&comma; AGC ON).<\/li>\n<li style='margin-bottom: 5px;'>WDR 120dB \/ Medici\u00f3n de T\u00e9mperatura&comma; Reglas por puntos&comma; area y linea.<\/li>\n<li style='margin-bottom: 5px;'>30 mts Luz Blanca.<\/li>\n<li style='margin-bottom: 5px;'>Precisi\u00f3n de temperatura: M\u00e1ximo (\u00b14\u00b0C\/7.2\u00b0F&comma; \u00b14%) para temperaturas ambientales entre 15\u00b0C y 35\u00b0C (59\u00b0F y 95\u00b0F). M\u00e1ximo (\u00b18\u00b0C\/14.4\u00b0F&comma; \u00b18%) para otras temperaturas ambientales.<\/li>\n<\/ul><\/div>\n<\/p><\/div>\n<\/p><\/div>\n<div style='flex: 1 1 300px; min-width: 280px;'>\n<div style='border: 1px solid rgba(150&comma;150&comma;150&comma;0.4); border-radius: 8px; overflow: hidden; display: flex; flex-direction: column;'>\n<div style='padding: 15px; border-bottom: 1px solid rgba(150&comma;150&comma;150&comma;0.2); font-weight: bold; font-size: 18px; color: inherit; background-color: rgba(255&comma; 0&comma; 0&comma; 0.1);'>Alimentaci\u00f3n y consumo<\/div>\n<div style='padding: 15px; color: inherit;'>\n<ul style='padding-left: 20px; margin: 0; font-size: 14px; list-style-type: disc;'>\n<li style='margin-bottom: 5px;'>Alimentaci\u00f3n: 12 Vcc \/ PoE (802.3 af) \/ 8.5 watts.<\/li>\n<li style='margin-bottom: 5px;'>Temperatura de operaci\u00f3n: -40\u00baC a 65\u00baC.<\/li>\n<li style='margin-bottom: 5px;'>Protecci\u00f3n: IP67&comma; IK10.<\/li>\n<li style='margin-bottom: 5px;'>Dimensiones: 321.3 x 106.1 x 107 mm.<\/li>\n<li style='margin-bottom: 5px;'>Peso: 0.869 Kg.<\/li>\n<\/ul><\/div>\n<\/p><\/div>\n<\/p><\/div>\n<div style='flex: 1 1 300px; min-width: 280px;'>\n<div style='border: 1px solid rgba(150&comma;150&comma;150&comma;0.4); border-radius: 8px; overflow: hidden; display: flex; flex-direction: column;'>\n<div style='padding: 15px; border-bottom: 1px solid rgba(150&comma;150&comma;150&comma;0.2); font-weight: bold; font-size: 18px; color: inherit; background-color: rgba(255&comma; 0&comma; 0&comma; 0.1);'>Integraci\u00f3n<\/div>\n<div style='padding: 15px; color: inherit;'>\n<ul style='padding-left: 20px; margin: 0; font-size: 14px; list-style-type: disc;'>\n<li style='margin-bottom: 5px;'>2 entradas de alarma (0 &#8211; 5 Vcc).<\/li>\n<li style='margin-bottom: 5px;'>2 salidas de alarma.<\/li>\n<li style='margin-bottom: 5px;'>1 puerto de red (10 \/ 100 Mbps).<\/li>\n<li style='margin-bottom: 5px;'>Memoria micro SD hasta 256 Gb.<\/li>\n<\/ul><\/div>\n<\/p><\/div>\n<\/p><\/div>\n<div style='flex: 1 1 300px; min-width: 280px;'>\n<div style='border: 1px solid rgba(150&comma;150&comma;150&comma;0.4); border-radius: 8px; overflow: hidden; display: flex; flex-direction: column;'>\n<div style='padding: 15px; border-bottom: 1px solid rgba(150&comma;150&comma;150&comma;0.2); font-weight: bold; font-size: 18px; color: inherit; background-color: rgba(255&comma; 0&comma; 0&comma; 0.1);'>Funciones avanzadas<\/div>\n<div style='padding: 15px; color: inherit;'>\n<ul style='padding-left: 20px; margin: 0; font-size: 14px; list-style-type: disc;'>\n<li style='margin-bottom: 5px;'>Rango de temperatura: -20\u00baC a 300\u00baC<\/li>\n<li style='margin-bottom: 5px;'>Muestra la temperatura del escenario a visualizar.<\/li>\n<li style='margin-bottom: 5px;'>Luz intermitente y alerta de audio.<\/li>\n<li style='margin-bottom: 5px; font-weight: bold;'>No soporta eventos de protecci\u00f3n perimetral (Cruce de linea \/ Intrusi\u00f3n \/ Entrada y Salida de Area).<\/li>\n<\/ul><\/div>\n<\/p><\/div>\n<\/p><\/div>\n<\/p><\/div>\n<hr style='border: 0; border-top: 1px solid rgba(150&comma;150&comma;150&comma;0.3); margin: 30px 0;'>\n<p style='text-align: center; margin: 0; padding: 15px 0;'> <img style='width: 100%; max-width: 600px; height: auto; border: 1px solid rgba(150&comma;150&comma;150&comma;0.3); border-radius: 8px;' src='https:\/\/ftp3.syscom.mx\/usuarios\/fotos\/DS2TD26082\/QA\/222031-captura_de_pantalla_2023-10-12_a_la(s)_15.48.40.png' alt='Captura de pantalla'> <\/p>\n<\/p><\/div>\n","protected":false},"excerpt":{"rendered":"<p>C\u00e1mara Bala IP T\u00e9rmica y \u00d3ptica Biespectral \/ Detecci\u00f3n T\u00e9rmica de Incendios y Humos \/ Medici\u00f3n de Temperaturas \/ Alcance hasta 20.3 m \/ T\u00e9rmica 96 x 72 \/ \u00d3ptica 4 MP ColorVu \/ IP67 \/ Audio y Alarma<\/p>\n","protected":false},"featured_media":96985,"comment_status":"open","ping_status":"closed","template":"","meta":[],"product_brand":[],"product_cat":[1049],"product_tag":[122,54,1050],"class_list":{"0":"post-96986","1":"product","2":"type-product","3":"status-publish","4":"has-post-thumbnail","6":"product_cat-termicas","7":"product_tag-camaras-ip-y-nvrs","8":"product_tag-hikvision","9":"product_tag-termicas","11":"first","12":"instock","13":"sale","14":"shipping-taxable","15":"purchasable","16":"product-type-simple"},"_links":{"self":[{"href":"https:\/\/soydeaqui.ddns.net\/pachuca\/index.php\/wp-json\/wp\/v2\/product\/96986","targetHints":{"allow":["GET"]}}],"collection":[{"href":"https:\/\/soydeaqui.ddns.net\/pachuca\/index.php\/wp-json\/wp\/v2\/product"}],"about":[{"href":"https:\/\/soydeaqui.ddns.net\/pachuca\/index.php\/wp-json\/wp\/v2\/types\/product"}],"replies":[{"embeddable":true,"href":"https:\/\/soydeaqui.ddns.net\/pachuca\/index.php\/wp-json\/wp\/v2\/comments?post=96986"}],"wp:featuredmedia":[{"embeddable":true,"href":"https:\/\/soydeaqui.ddns.net\/pachuca\/index.php\/wp-json\/wp\/v2\/media\/96985"}],"wp:attachment":[{"href":"https:\/\/soydeaqui.ddns.net\/pachuca\/index.php\/wp-json\/wp\/v2\/media?parent=96986"}],"wp:term":[{"taxonomy":"product_brand","embeddable":true,"href":"https:\/\/soydeaqui.ddns.net\/pachuca\/index.php\/wp-json\/wp\/v2\/product_brand?post=96986"},{"taxonomy":"product_cat","embeddable":true,"href":"https:\/\/soydeaqui.ddns.net\/pachuca\/index.php\/wp-json\/wp\/v2\/product_cat?post=96986"},{"taxonomy":"product_tag","embeddable":true,"href":"https:\/\/soydeaqui.ddns.net\/pachuca\/index.php\/wp-json\/wp\/v2\/product_tag?post=96986"}],"curies":[{"name":"wp","href":"https:\/\/api.w.org\/{rel}","templated":true}]}}