{"id":96983,"date":"2026-03-20T08:36:58","date_gmt":"2026-03-20T08:36:58","guid":{"rendered":"https:\/\/soydeaqui.ddns.net\/pachuca\/index.php\/producto\/disco-duro-sata-de-3-5-serie-plus-capacidad-de-2tb-interfaz-sata-6-gb-s-velocidad-de-rotacion-5400-rpm-cache-de-256-mb-mtbf-de-1-2-millon-de-horas-carga-de-trabajo-de-180-tb-ano\/"},"modified":"2026-03-20T08:37:03","modified_gmt":"2026-03-20T08:37:03","slug":"disco-duro-sata-de-3-5-serie-plus-capacidad-de-2tb-interfaz-sata-6-gb-s-velocidad-de-rotacion-5400-rpm-cache-de-256-mb-mtbf-de-1-2-millon-de-horas-carga-de-trabajo-de-180-tb-ano","status":"publish","type":"product","link":"https:\/\/soydeaqui.ddns.net\/pachuca\/index.php\/producto\/disco-duro-sata-de-3-5-serie-plus-capacidad-de-2tb-interfaz-sata-6-gb-s-velocidad-de-rotacion-5400-rpm-cache-de-256-mb-mtbf-de-1-2-millon-de-horas-carga-de-trabajo-de-180-tb-ano\/","title":{"rendered":"Disco Duro SATA de 3.5&#8243; Serie Plus | Capacidad de 2TB | Interfaz SATA 6 GB\/s | Velocidad de Rotaci\u00f3n 5400 rpm | Cach\u00e9 de 256 MB | MTBF de 1.2 Mill\u00f3n de Horas | Carga de Trabajo de 180 TB\/a\u00f1o ."},"content":{"rendered":"<div style='width: 100%; max-width: 1200px; margin: 0 auto; font-family: sans-serif; line-height: 1.6; color: inherit; background-color: transparent;'>\n<div style='display: flex; flex-wrap: wrap; gap: 30px; margin-bottom: 30px;'>\n<div style='flex: 1 1 300px; min-width: 280px;'>\n<h3 style='font-size: 22px; border-bottom: 2px solid currentColor; padding-bottom: 5px; margin-top: 0; color: inherit; opacity: 0.8;'>Descripci\u00f3n General<\/h3>\n<p style='font-size: 15px; color: inherit;'>Los discos duros SATA de 3.5&#8242; de la serie Plus de Synology est\u00e1n dise\u00f1ados para ofrecer un rendimiento fiable y constante en entornos de almacenamiento NAS para peque\u00f1as y medianas empresas. Con capacidades que van desde 2TB hasta 16TB&comma; estos discos duros est\u00e1n respaldados por un MTBF de hasta 1.2 millones de horas y una clasificaci\u00f3n de carga de trabajo de 180 TB\/a\u00f1o&comma; lo que los hace ideales para cargas de trabajo intensivas y multiusuario.<\/p>\n<\/p><\/div>\n<\/p><\/div>\n<div style='display: flex; flex-wrap: wrap; gap: 30px; margin-bottom: 30px;'>\n<div style='flex: 1 1 300px; min-width: 280px;'>\n<h3 style='font-size: 22px; border-bottom: 2px solid currentColor; padding-bottom: 5px; margin-top: 0; color: inherit; opacity: 0.8;'>Caracter\u00edsticas Principales<\/h3>\n<ul style='padding-left: 20px; font-size: 15px; color: inherit;'>\n<li style='margin-bottom: 5px;'>Funcionamiento fiable e ininterrumpido con MTBF de hasta 1.2 millones de horas<\/li>\n<li style='margin-bottom: 5px;'>Clasificaci\u00f3n de carga de trabajo de 180 TB\/a\u00f1o&comma; ideal para entornos NAS<\/li>\n<li style='margin-bottom: 5px;'>Actualizaciones de firmware sin problemas a trav\u00e9s de Synology DSM<\/li>\n<li style='margin-bottom: 5px;'>Tecnolog\u00eda de grabaci\u00f3n magn\u00e9tica convencional (CMR) para un rendimiento constante<\/li>\n<li style='margin-bottom: 5px;'>Dise\u00f1ados para durar con m\u00e1s de 500&comma;000 horas de pruebas de compatibilidad y estr\u00e9s<\/li>\n<\/ul><\/div>\n<\/p><\/div>\n<div style='display: flex; flex-wrap: wrap; gap: 20px; margin-bottom: 30px;'>\n<div style='flex: 1 1 250px; border: 1px solid rgba(150&comma; 150&comma; 150&comma; 0.4); border-radius: 8px; overflow: hidden; display: flex; flex-direction: column;'>\n<div style='padding: 15px; border-bottom: 1px solid rgba(150&comma; 150&comma; 150&comma; 0.2); font-weight: bold; font-size: 18px; color: inherit;'>Especificaciones<\/div>\n<div style='padding: 15px; color: inherit;'>\n<ul style='padding-left: 20px; margin: 0; font-size: 14px; list-style-type: disc;'>\n<li style='margin-bottom: 5px;'><strong>Capacidades:<\/strong> 2TB&comma; 4TB&comma; 6TB&comma; 8TB&comma; 12TB&comma; 16TB<\/li>\n<li style='margin-bottom: 5px;'><strong>Factor de forma:<\/strong> 3.5&#8242;<\/li>\n<li style='margin-bottom: 5px;'><strong>Interfaz:<\/strong> SATA 6 GB\/s<\/li>\n<li style='margin-bottom: 5px;'><strong>Tama\u00f1o del sector:<\/strong> 512e<\/li>\n<li style='margin-bottom: 5px;'><strong>Velocidad de rotaci\u00f3n:<\/strong> 5400 rpm o 7200 rpm<\/li>\n<li style='margin-bottom: 5px;'><strong>Cach\u00e9:<\/strong> 256 MB o 512 MB<\/li>\n<li style='margin-bottom: 5px;'><strong>Velocidad m\u00e1xima de transferencia de datos sostenida:<\/strong> 180 MB\/s&comma; 202 MB\/s&comma; 281 MB\/s<\/li>\n<\/ul><\/div>\n<\/p><\/div>\n<div style='flex: 1 1 250px; border: 1px solid rgba(150&comma; 150&comma; 150&comma; 0.4); border-radius: 8px; overflow: hidden; display: flex; flex-direction: column;'>\n<div style='padding: 15px; border-bottom: 1px solid rgba(150&comma; 150&comma; 150&comma; 0.2); font-weight: bold; font-size: 18px; color: inherit;'>Interfaces y Conectividad<\/div>\n<div style='padding: 15px; color: inherit;'>\n<ul style='padding-left: 20px; margin: 0; font-size: 14px; list-style-type: disc;'>\n<li style='margin-bottom: 5px;'>Interfaz SATA 6 GB\/s compatible con sistemas NAS Synology<\/li>\n<li style='margin-bottom: 5px;'>Actualizaciones de firmware a trav\u00e9s de Synology DSM<\/li>\n<\/ul><\/div>\n<\/p><\/div>\n<\/p><\/div>\n<div style='display: flex; flex-wrap: wrap; gap: 20px; margin-bottom: 30px;'>\n<div style='flex: 1 1 300px; border: 1px solid rgba(150&comma; 150&comma; 150&comma; 0.4); border-radius: 8px; overflow: hidden; display: flex; flex-direction: column;'>\n<div style='padding: 15px; border-bottom: 1px solid rgba(150&comma; 150&comma; 150&comma; 0.2); font-weight: bold; font-size: 18px; color: inherit;'>Almacenamiento NAS<\/div>\n<div style='padding: 15px; color: inherit;'>\n<p style='margin: 0; font-size: 14px;'>Ideal para sistemas NAS de peque\u00f1as y medianas empresas que requieren un almacenamiento fiable y de alto rendimiento.<\/p>\n<\/p><\/div>\n<\/p><\/div>\n<div style='flex: 1 1 300px; border: 1px solid rgba(150&comma; 150&comma; 150&comma; 0.4); border-radius: 8px; overflow: hidden; display: flex; flex-direction: column;'>\n<div style='padding: 15px; border-bottom: 1px solid rgba(150&comma; 150&comma; 150&comma; 0.2); font-weight: bold; font-size: 18px; color: inherit;'>Cargas de Trabajo Intensivas<\/div>\n<div style='padding: 15px; color: inherit;'>\n<p style='margin: 0; font-size: 14px;'>Perfecto para entornos con cargas de trabajo intensivas y multiusuario&comma; gracias a su alta clasificaci\u00f3n de carga de trabajo.<\/p>\n<\/p><\/div>\n<\/p><\/div>\n<div style='flex: 1 1 300px; border: 1px solid rgba(150&comma; 150&comma; 150&comma; 0.4); border-radius: 8px; overflow: hidden; display: flex; flex-direction: column;'>\n<div style='padding: 15px; border-bottom: 1px solid rgba(150&comma; 150&comma; 150&comma; 0.2); font-weight: bold; font-size: 18px; color: inherit;'>Actualizaciones Sin Interrupciones<\/div>\n<div style='padding: 15px; color: inherit;'>\n<p style='margin: 0; font-size: 14px;'>Permite actualizaciones de firmware sin necesidad de herramientas de terceros o eliminaci\u00f3n de discos&comma; asegurando un tiempo de actividad continuo.<\/p>\n<\/p><\/div>\n<\/p><\/div>\n<\/p><\/div>\n<hr style='border: 0; border-top: 1px solid rgba(150&comma; 150&comma; 150&comma; 0.3); margin: 30px 0;'> <\/div>\n","protected":false},"excerpt":{"rendered":"<p>Disco Duro SATA de 3.5&#8243; Serie Plus | Capacidad de 2TB | Interfaz SATA 6 GB\/s | Velocidad de Rotaci\u00f3n 5400 rpm | Cach\u00e9 de 256 MB | MTBF de 1.2 Mill\u00f3n de Horas | Carga de Trabajo de 180 TB\/a\u00f1o .<\/p>\n","protected":false},"featured_media":96982,"comment_status":"open","ping_status":"closed","template":"","meta":[],"product_brand":[],"product_cat":[2103],"product_tag":[2022,2065,1976],"class_list":{"0":"post-96983","1":"product","2":"type-product","3":"status-publish","4":"has-post-thumbnail","6":"product_cat-discos-duros-mecanicos-hdd-servidores-almacenamiento","7":"product_tag-discos-duros-mecanicos-hdd","8":"product_tag-servidores-almacenamiento","9":"product_tag-synology","11":"first","12":"outofstock","13":"sale","14":"shipping-taxable","15":"purchasable","16":"product-type-simple"},"_links":{"self":[{"href":"https:\/\/soydeaqui.ddns.net\/pachuca\/index.php\/wp-json\/wp\/v2\/product\/96983","targetHints":{"allow":["GET"]}}],"collection":[{"href":"https:\/\/soydeaqui.ddns.net\/pachuca\/index.php\/wp-json\/wp\/v2\/product"}],"about":[{"href":"https:\/\/soydeaqui.ddns.net\/pachuca\/index.php\/wp-json\/wp\/v2\/types\/product"}],"replies":[{"embeddable":true,"href":"https:\/\/soydeaqui.ddns.net\/pachuca\/index.php\/wp-json\/wp\/v2\/comments?post=96983"}],"wp:featuredmedia":[{"embeddable":true,"href":"https:\/\/soydeaqui.ddns.net\/pachuca\/index.php\/wp-json\/wp\/v2\/media\/96982"}],"wp:attachment":[{"href":"https:\/\/soydeaqui.ddns.net\/pachuca\/index.php\/wp-json\/wp\/v2\/media?parent=96983"}],"wp:term":[{"taxonomy":"product_brand","embeddable":true,"href":"https:\/\/soydeaqui.ddns.net\/pachuca\/index.php\/wp-json\/wp\/v2\/product_brand?post=96983"},{"taxonomy":"product_cat","embeddable":true,"href":"https:\/\/soydeaqui.ddns.net\/pachuca\/index.php\/wp-json\/wp\/v2\/product_cat?post=96983"},{"taxonomy":"product_tag","embeddable":true,"href":"https:\/\/soydeaqui.ddns.net\/pachuca\/index.php\/wp-json\/wp\/v2\/product_tag?post=96983"}],"curies":[{"name":"wp","href":"https:\/\/api.w.org\/{rel}","templated":true}]}}