{"id":96979,"date":"2026-03-20T08:36:50","date_gmt":"2026-03-20T08:36:50","guid":{"rendered":"https:\/\/soydeaqui.ddns.net\/pachuca\/index.php\/producto\/turret-ip-dual-termica-2-1-mm-256-x-192-optico-2-2-mm-4-megapixel-termometrica-deteccion-de-temperatura-poe-exterior-ip66-sirena-y-luz-intermitente-integrada-microsd\/"},"modified":"2026-03-20T08:36:52","modified_gmt":"2026-03-20T08:36:52","slug":"turret-ip-dual-termica-2-1-mm-256-x-192-optico-2-2-mm-4-megapixel-termometrica-deteccion-de-temperatura-poe-exterior-ip66-sirena-y-luz-intermitente-integrada-microsd","status":"publish","type":"product","link":"https:\/\/soydeaqui.ddns.net\/pachuca\/index.php\/producto\/turret-ip-dual-termica-2-1-mm-256-x-192-optico-2-2-mm-4-megapixel-termometrica-deteccion-de-temperatura-poe-exterior-ip66-sirena-y-luz-intermitente-integrada-microsd\/","title":{"rendered":"Turret IP Dual \/ T\u00e9rmica 2.1 mm (256 x 192) \/ \u00d3ptico 2.2 mm (4 Megapixel) \/ Termom\u00e9trica \/ Detecci\u00f3n de Temperatura \/ PoE \/Exterior IP66 \/ Sirena y Luz Intermitente Integrada \/ MicroSD"},"content":{"rendered":"<div style='width: 100%; max-width: 1200px; margin: 0 auto; font-family: sans-serif; line-height: 1.6; color: inherit; background-color: transparent;'> <!-- Logo HIKVISION --> <\/p>\n<div style='text-align: center; margin: 20px 0;'> <img style='width: 45%; height: auto; border: 1px solid rgba(150&comma;150&comma;150&comma;0.3); border-radius: 8px;' src='https:\/\/ftp3.syscom.mx\/usuarios\/jsosa\/HIKVISION\/imagenes\/logo\/hikvision%20see%20far.png' alt='Logo HIKVISION'> <\/div>\n<p> <!-- Video principal --> <\/p>\n<div style='position: relative; padding-bottom: 56.25%; height: 0; overflow: hidden; margin: 30px 0;'>   <\/div>\n<p> <!-- Videos secundarios --> <\/p>\n<div style='display: flex; flex-wrap: wrap; gap: 20px; margin-bottom: 30px;'>\n<div style='flex: 1 1 48%; min-width: 300px; position: relative; padding-bottom: 28.125%; height: 0; overflow: hidden;'>   <\/div>\n<div style='flex: 1 1 48%; min-width: 300px; position: relative; padding-bottom: 28.125%; height: 0; overflow: hidden;'>   <\/div>\n<\/p><\/div>\n<p> <!-- Secci\u00f3n de caracter\u00edsticas --> <\/p>\n<div style='display: flex; flex-wrap: wrap; gap: 30px; margin-bottom: 30px;'>\n<div style='flex: 1 1 300px; min-width: 280px;'>\n<h3 style='font-size: 22px; border-bottom: 2px solid currentColor; padding-bottom: 5px; margin-top: 0; color: inherit; opacity: 0.8;'>C\u00e1mara T\u00e9rmica<\/h3>\n<ul style='padding-left: 20px; font-size: 15px; color: inherit;'>\n<li style='margin-bottom: 5px;'><strong>Lente fijo:<\/strong> 2.1 mm<\/li>\n<li style='margin-bottom: 5px;'><strong>Resoluci\u00f3n:<\/strong> 256 x 192<\/li>\n<li style='margin-bottom: 5px;'><strong>Sensor:<\/strong> \u00d3xido de vanadio&comma; detector de plano focal no refrigerado<\/li>\n<li style='margin-bottom: 5px;'><strong>Detecci\u00f3n de personas:<\/strong> 88 mts aproximado<\/li>\n<li style='margin-bottom: 5px;'><strong>Detecci\u00f3n de veh\u00edculos:<\/strong> 268 mts aproximado<\/li>\n<\/ul><\/div>\n<div style='flex: 1 1 300px; min-width: 280px;'>\n<h3 style='font-size: 22px; border-bottom: 2px solid currentColor; padding-bottom: 5px; margin-top: 0; color: inherit; opacity: 0.8;'>C\u00e1mara \u00d3ptica<\/h3>\n<ul style='padding-left: 20px; font-size: 15px; color: inherit;'>\n<li style='margin-bottom: 5px;'><strong>Lente fijo:<\/strong> 2.2 mm (117.8\u00b0 de apertura)<\/li>\n<li style='margin-bottom: 5px;'><strong>Resoluci\u00f3n:<\/strong> 4 Megapixel (2688 \u00d7 1520)<\/li>\n<li style='margin-bottom: 5px;'><strong>Sensor:<\/strong> 1\/2.7 CMOS Scan Progresivo<\/li>\n<li style='margin-bottom: 5px;'><strong>Iluminaci\u00f3n m\u00ednima:<\/strong> Color: 0.0176 Lux @ (F2.25&comma; AGC ON)&comma; B\/W: 0.0035 Lux @ (F2.25&comma; AGC ON)<\/li>\n<li style='margin-bottom: 5px;'><strong>Visi\u00f3n nocturna:<\/strong> 15 mts IR<\/li>\n<li style='margin-bottom: 5px;'><strong>WDR:<\/strong> 120dB<\/li>\n<\/ul><\/div>\n<div style='flex: 1 1 300px; min-width: 280px;'>\n<h3 style='font-size: 22px; border-bottom: 2px solid currentColor; padding-bottom: 5px; margin-top: 0; color: inherit; opacity: 0.8;'>Caracter\u00edsticas F\u00edsicas y El\u00e9ctricas<\/h3>\n<ul style='padding-left: 20px; font-size: 15px; color: inherit;'>\n<li style='margin-bottom: 5px;'><strong>Alimentaci\u00f3n:<\/strong> 12 Vcc \/ PoE (802.3 af) \/ 6.5 watts<\/li>\n<li style='margin-bottom: 5px;'><strong>Temperatura operaci\u00f3n:<\/strong> -40\u00baC a 65\u00baC<\/li>\n<li style='margin-bottom: 5px;'><strong>Protecci\u00f3n:<\/strong> IP66<\/li>\n<li style='margin-bottom: 5px;'><strong>Dimensiones:<\/strong> 138.3 mm \u00d7 138.3 mm \u00d7 123.1 mm<\/li>\n<li style='margin-bottom: 5px;'><strong>Peso:<\/strong> 940 gramos<\/li>\n<\/ul><\/div>\n<div style='flex: 1 1 300px; min-width: 280px;'>\n<h3 style='font-size: 22px; border-bottom: 2px solid currentColor; padding-bottom: 5px; margin-top: 0; color: inherit; opacity: 0.8;'>Funciones Avanzadas<\/h3>\n<ul style='padding-left: 20px; font-size: 15px; color: inherit;'>\n<li style='margin-bottom: 5px;'>4 Videoanal\u00edticos integrados (Cruce de l\u00ednea&comma; Intrusi\u00f3n de \u00e1rea&comma; Regi\u00f3n de entrada \/ Regi\u00f3n de salida)<\/li>\n<li style='margin-bottom: 5px;'><strong>Rango de temperatura:<\/strong> -20\u00baC a 550\u00baC (-4\u00baF a 1022\u00baF)<\/li>\n<li style='margin-bottom: 5px;'><strong>Presici\u00f3n:<\/strong> 2\u00baC<\/li>\n<li style='margin-bottom: 5px;'>Muestra la temperatura del escenario a visualizar<\/li>\n<li style='margin-bottom: 5px;'><strong>Memoria:<\/strong> Ranura para MicroSD de hasta 256Gb<\/li>\n<li style='margin-bottom: 5px;'><strong>Alerta:<\/strong> Luz intermitente y audio pregrabado \/ personalizable (ligado a evento por medio de altavoz integrado)<\/li>\n<\/ul><\/div>\n<div style='flex: 1 1 300px; min-width: 280px;'>\n<h3 style='font-size: 22px; border-bottom: 2px solid currentColor; padding-bottom: 5px; margin-top: 0; color: inherit; opacity: 0.8;'>Imagen y Compresi\u00f3n<\/h3>\n<ul style='padding-left: 20px; font-size: 15px; color: inherit;'>\n<li style='margin-bottom: 5px;'><strong>C\u00e1mara \u00f3ptica:<\/strong> 60Hz: 30 fps (2688 \u00d7 1520&comma; 1920 \u00d7 1080&comma; 1280 \u00d7 720)<\/li>\n<li style='margin-bottom: 5px;'><strong>C\u00e1mara t\u00e9rmica:<\/strong> 25 fps (1280 \u00d7 720&comma; 704 \u00d7 576&comma; 640 \u00d7 480&comma; 352 \u00d7 288&comma; 320 \u00d7 240)<\/li>\n<li style='margin-bottom: 5px;'><strong>Compresi\u00f3n:<\/strong> H.265 \/ H.264 \/ MJPEG<\/li>\n<li style='margin-bottom: 5px;'><strong>Usuarios:<\/strong> Hasta 20 simult\u00e1neos<\/li>\n<\/ul><\/div>\n<\/p><\/div>\n<p> <!-- Imagenes adicionales --> <\/p>\n<div style='display: flex; flex-wrap: wrap; gap: 20px; margin-top: 30px;'>\n<div style='flex: 1 1 100%;'> <img style='width: 100%; height: auto; border: 1px solid rgba(150&comma;150&comma;150&comma;0.3); border-radius: 8px;' src='https:\/\/ftp3.syscom.mx\/usuarios\/fotos\/DS2TD26176\/PA\/188756-captura_de_pantalla_2021-05-15_a_la(s)_12.09.10.png' alt='Captura de pantalla'> <\/div>\n<div style='flex: 1 1 100%;'> <img style='width: 100%; height: auto; border: 1px solid rgba(150&comma;150&comma;150&comma;0.3); border-radius: 8px;' src='https:\/\/ftp3.syscom.mx\/usuarios\/jsosa\/HIKVISION\/imagenes\/banners\/solution%20complete.png' alt='Soluci\u00f3n completa'> <\/div>\n<\/p><\/div>\n<p> <!-- Separador final --> <\/p>\n<hr style='border: 0; border-top: 1px solid rgba(150&comma; 150&comma; 150&comma; 0.3); margin: 30px 0;'> <\/div>\n","protected":false},"excerpt":{"rendered":"<p>Turret IP Dual \/ T\u00e9rmica 2.1 mm (256 x 192) \/ \u00d3ptico 2.2 mm (4 Megapixel) \/ Termom\u00e9trica \/ Detecci\u00f3n de Temperatura \/ PoE \/Exterior IP66 \/ Sirena y Luz Intermitente Integrada \/ MicroSD<\/p>\n","protected":false},"featured_media":96978,"comment_status":"open","ping_status":"closed","template":"","meta":[],"product_brand":[],"product_cat":[1049],"product_tag":[122,54,1050],"class_list":{"0":"post-96979","1":"product","2":"type-product","3":"status-publish","4":"has-post-thumbnail","6":"product_cat-termicas","7":"product_tag-camaras-ip-y-nvrs","8":"product_tag-hikvision","9":"product_tag-termicas","11":"first","12":"outofstock","13":"sale","14":"shipping-taxable","15":"purchasable","16":"product-type-simple"},"_links":{"self":[{"href":"https:\/\/soydeaqui.ddns.net\/pachuca\/index.php\/wp-json\/wp\/v2\/product\/96979","targetHints":{"allow":["GET"]}}],"collection":[{"href":"https:\/\/soydeaqui.ddns.net\/pachuca\/index.php\/wp-json\/wp\/v2\/product"}],"about":[{"href":"https:\/\/soydeaqui.ddns.net\/pachuca\/index.php\/wp-json\/wp\/v2\/types\/product"}],"replies":[{"embeddable":true,"href":"https:\/\/soydeaqui.ddns.net\/pachuca\/index.php\/wp-json\/wp\/v2\/comments?post=96979"}],"wp:featuredmedia":[{"embeddable":true,"href":"https:\/\/soydeaqui.ddns.net\/pachuca\/index.php\/wp-json\/wp\/v2\/media\/96978"}],"wp:attachment":[{"href":"https:\/\/soydeaqui.ddns.net\/pachuca\/index.php\/wp-json\/wp\/v2\/media?parent=96979"}],"wp:term":[{"taxonomy":"product_brand","embeddable":true,"href":"https:\/\/soydeaqui.ddns.net\/pachuca\/index.php\/wp-json\/wp\/v2\/product_brand?post=96979"},{"taxonomy":"product_cat","embeddable":true,"href":"https:\/\/soydeaqui.ddns.net\/pachuca\/index.php\/wp-json\/wp\/v2\/product_cat?post=96979"},{"taxonomy":"product_tag","embeddable":true,"href":"https:\/\/soydeaqui.ddns.net\/pachuca\/index.php\/wp-json\/wp\/v2\/product_tag?post=96979"}],"curies":[{"name":"wp","href":"https:\/\/api.w.org\/{rel}","templated":true}]}}