{"id":96923,"date":"2026-03-20T08:34:35","date_gmt":"2026-03-20T08:34:35","guid":{"rendered":"https:\/\/soydeaqui.ddns.net\/pachuca\/index.php\/producto\/turret-ip-dual-termica-1-8-mm-160-x-120-optico-2-mm-4-megapixel-deteccion-de-personas-53-mts-15-mts-ir-exterior-ip67-poe-termometrica-deteccion-de-temperatura-sirena-y-luz-micr\/"},"modified":"2026-03-20T08:34:37","modified_gmt":"2026-03-20T08:34:37","slug":"turret-ip-dual-termica-1-8-mm-160-x-120-optico-2-mm-4-megapixel-deteccion-de-personas-53-mts-15-mts-ir-exterior-ip67-poe-termometrica-deteccion-de-temperatura-sirena-y-luz-micr","status":"publish","type":"product","link":"https:\/\/soydeaqui.ddns.net\/pachuca\/index.php\/producto\/turret-ip-dual-termica-1-8-mm-160-x-120-optico-2-mm-4-megapixel-deteccion-de-personas-53-mts-15-mts-ir-exterior-ip67-poe-termometrica-deteccion-de-temperatura-sirena-y-luz-micr\/","title":{"rendered":"Turret IP Dual \/ T\u00e9rmica 1.8 mm (160 x 120) \/ \u00d3ptico 2 mm (4 Megapixel) \/ Detecci\u00f3n de Personas 53 mts \/ 15 mts IR \/ Exterior IP67 \/ PoE \/ Termom\u00e9trica \/ Detecci\u00f3n de Temperatura \/ Sirena y Luz \/ Micro SD 32 GB Incluida"},"content":{"rendered":"<div style='width: 100%; max-width: 1200px; margin: 0 auto; font-family: sans-serif; line-height: 1.6; color: inherit; background-color: transparent;'> <!-- Logos --> <\/p>\n<div style='display: flex; justify-content: center; margin-bottom: 30px;'> <img style='width: 45%; height: auto; border: 1px solid rgba(150&comma;150&comma;150&comma;0.3); border-radius: 8px;' src='https:\/\/ftp3.syscom.mx\/usuarios\/jsosa\/HIKVISION\/imagenes\/logo\/hikvision%20see%20far.png' alt='Logo Hikvision'> <\/div>\n<p> <!-- Imagen principal --> <\/p>\n<div style='margin-bottom: 30px;'> <img style='width: 100%; height: auto; border: 1px solid rgba(150&comma;150&comma;150&comma;0.3); border-radius: 8px;' src='https:\/\/ftp3.syscom.mx\/usuarios\/roberto.espino\/FOTOSTERMICAS\/DS2TD12172QA.png' alt='C\u00e1mara t\u00e9rmica'> <\/div>\n<p> <!-- Video principal --> <\/p>\n<div style='position: relative; padding-bottom: 56.25%; height: 0; overflow: hidden; margin-bottom: 30px;'>   <\/div>\n<p> <!-- Videos secundarios --> <\/p>\n<div style='display: flex; flex-wrap: wrap; gap: 30px; margin-bottom: 30px;'>\n<div style='flex: 1 1 500px; min-width: 300px; position: relative; padding-bottom: 56.25%; height: 0; overflow: hidden;'>   <\/div>\n<div style='flex: 1 1 500px; min-width: 300px; position: relative; padding-bottom: 56.25%; height: 0; overflow: hidden;'>   <\/div>\n<\/p><\/div>\n<p> <!-- Secciones de caracter\u00edsticas --> <\/p>\n<div style='display: flex; flex-wrap: wrap; gap: 30px; margin-bottom: 30px;'>\n<div style='flex: 1 1 300px; min-width: 280px;'>\n<h3 style='font-size: 22px; border-bottom: 2px solid currentColor; padding-bottom: 5px; margin-top: 0; color: inherit; opacity: 0.8;'>Caracter\u00edsticas de la c\u00e1mara t\u00e9rmica<\/h3>\n<ul style='padding-left: 20px; font-size: 15px; color: inherit;'>\n<li style='margin-bottom: 5px;'><strong>Lente fijo:<\/strong> 35 mm<\/li>\n<li style='margin-bottom: 5px;'><strong>Resoluci\u00f3n:<\/strong> 640 x 512<\/li>\n<li style='margin-bottom: 5px;'><strong>Sensor de imagen:<\/strong> \u00f3xido de vanadio&comma; detector de plano focal no refrigerado<\/li>\n<li style='margin-bottom: 5px;'><strong>Identificaci\u00f3n de personas:<\/strong> 182 mts aproximado<\/li>\n<li style='margin-bottom: 5px;'><strong>Identificaci\u00f3n de veh\u00edculos:<\/strong> 559 mts aproximado<\/li>\n<\/ul>\n<h3 style='font-size: 22px; border-bottom: 2px solid currentColor; padding-bottom: 5px; margin-top: 25px; margin-bottom: 15px; color: inherit; opacity: 0.8;'>Caracter\u00edsticas de la c\u00e1mara \u00f3ptica PTZ<\/h3>\n<ul style='padding-left: 20px; font-size: 15px; color: inherit;'>\n<li style='margin-bottom: 5px;'><strong>Lente fijo:<\/strong> 4.8 &#8211; 120 mm<\/li>\n<li style='margin-bottom: 5px;'><strong>Resoluci\u00f3n:<\/strong> 4 Megapixel (2560 \u00d7 1440)<\/li>\n<li style='margin-bottom: 5px;'><strong>Sensor de imagen:<\/strong> 1\/2.8 CMOS Scan Progresivo<\/li>\n<li style='margin-bottom: 5px;'><strong>Zoom \u00d3ptico:<\/strong> 25X<\/li>\n<li style='margin-bottom: 5px;'><strong>Pre-ajustes:<\/strong> 300 en total<\/li>\n<li style='margin-bottom: 5px;'><strong>Escaneo de patrullaje:<\/strong> 8<\/li>\n<li style='margin-bottom: 5px;'><strong>Escaneo de patrones:<\/strong> 4<\/li>\n<li style='margin-bottom: 5px;'><strong>Iluminaci\u00f3n m\u00ednima:<\/strong> Color: 0.05 Lux @ (F1.5&comma; AGC ON)<\/li>\n<li style='margin-bottom: 5px;'><strong>Visi\u00f3n nocturna:<\/strong> 100 mts IR<\/li>\n<li style='margin-bottom: 5px;'><strong>WDR:<\/strong> 120dB<\/li>\n<\/ul><\/div>\n<div style='flex: 1 1 300px; min-width: 280px;'>\n<h3 style='font-size: 22px; border-bottom: 2px solid currentColor; padding-bottom: 5px; margin-top: 0; color: inherit; opacity: 0.8;'>Caracter\u00edsticas F\u00edsicas y El\u00e9ctricas<\/h3>\n<ul style='padding-left: 20px; font-size: 15px; color: inherit;'>\n<li style='margin-bottom: 5px;'><strong>Alimentaci\u00f3n:<\/strong> 12 Vcc \/ 20 watts<\/li>\n<li style='margin-bottom: 5px;'><strong>Temperatura de operaci\u00f3n:<\/strong> -20\u00baC a 60\u00baC<\/li>\n<li style='margin-bottom: 5px;'><strong>Protecci\u00f3n:<\/strong> IP67<\/li>\n<li style='margin-bottom: 5px;'><strong>Est\u00e1ndar Wi-Fi:<\/strong> IEEE802.11b&comma; 802.11g&comma; 802.11n<\/li>\n<li style='margin-bottom: 5px;'><strong>Conectividad:<\/strong> Soporta MicroSIM&comma; LTE FDD\/LTE TDD\/WCDMA<\/li>\n<li style='margin-bottom: 5px;'><strong>Audio:<\/strong> Entrada y salida de audio<\/li>\n<li style='margin-bottom: 5px;'><strong>Dimensiones:<\/strong> 138.3 x 138.3 x 123.1 mm<\/li>\n<li style='margin-bottom: 5px;'><strong>Peso:<\/strong> 4.5 Kg<\/li>\n<li style='margin-bottom: 5px;'><strong>Bater\u00eda:<\/strong> Litio<\/li>\n<\/ul><\/div>\n<div style='flex: 1 1 300px; min-width: 280px;'>\n<h3 style='font-size: 22px; border-bottom: 2px solid currentColor; padding-bottom: 5px; margin-top: 0; color: inherit; opacity: 0.8;'>Funciones avanzadas<\/h3>\n<ul style='padding-left: 20px; font-size: 15px; color: inherit;'>\n<li style='margin-bottom: 5px;'>4 Videoanal\u00edticos integrados (Cruce de linea&comma; Intrusi\u00f3n de \u00e1rea&comma; Regi\u00f3n de entrada \/ Regi\u00f3n de salida)<\/li>\n<li style='margin-bottom: 5px;'><strong>Rango de temperatura:<\/strong> -20\u00baC a 150\u00baC (-4\u00baF a 302\u00baF)<\/li>\n<li style='margin-bottom: 5px;'><strong>Tolerancia de rango:<\/strong> 8\u00baC<\/li>\n<li style='margin-bottom: 5px;'>Medici\u00f3n de temperatura: 3 tipos de reglas de medici\u00f3n de temperatura&comma; 273 pre-ajustes por escena&comma; 21 reglas por escena (10 puntos&comma; 10 \u00e1reas y 1 l\u00ednea)<\/li>\n<li style='margin-bottom: 5px;'>Almacenamiento local en tarjeta MicroSD\/SDHC\/SDXC (hasta 256 G)<\/li>\n<li style='margin-bottom: 5px;'>Compatible con HikConnect<\/li>\n<\/ul>\n<h3 style='font-size: 22px; border-bottom: 2px solid currentColor; padding-bottom: 5px; margin-top: 25px; margin-bottom: 15px; color: inherit; opacity: 0.8;'>Imagen y compresi\u00f3n<\/h3>\n<ul style='padding-left: 20px; font-size: 15px; color: inherit;'>\n<li style='margin-bottom: 5px;'><strong>Imagen \u00f3ptico:<\/strong> 50 Hz: 25 fps (2560 \u00d7 1440&comma; 1920 \u00d7 1080&comma; 1280 \u00d7 960&comma; 1280 \u00d7 720) 60 Hz: 30 fps (2560 \u00d7 1440&comma; 1920 \u00d7 1080&comma; 1280 \u00d7 960&comma; 1280 \u00d7 720)<\/li>\n<li style='margin-bottom: 5px;'><strong>Imagen T\u00e9rmico:<\/strong> 25 fps (1280 \u00d7 720&comma; 704 \u00d7 576&comma; 352 \u00d7 288&comma; 384 \u00d7 288)<\/li>\n<li style='margin-bottom: 5px;'><strong>Compresi\u00f3n de v\u00eddeo:<\/strong> H.265+\/H.265\/H.264+\/H.264<\/li>\n<\/ul><\/div>\n<\/p><\/div>\n<p> <!-- Banner final --> <\/p>\n<div style='margin-top: 30px;'> <img style='width: 100%; height: auto; border: 1px solid rgba(150&comma;150&comma;150&comma;0.3); border-radius: 8px;' src='https:\/\/ftp3.syscom.mx\/usuarios\/jsosa\/HIKVISION\/imagenes\/banners\/solution%20complete.png' alt='Soluci\u00f3n completa Hikvision'> <\/div>\n<\/p><\/div>\n","protected":false},"excerpt":{"rendered":"<p>Turret IP Dual \/ T\u00e9rmica 1.8 mm (160 x 120) \/ \u00d3ptico 2 mm (4 Megapixel) \/ Detecci\u00f3n de Personas 53 mts \/ 15 mts IR \/ Exterior IP67 \/ PoE \/ Termom\u00e9trica \/ Detecci\u00f3n de Temperatura \/ Sirena y Luz \/ Micro SD 32 GB Incluida<\/p>\n","protected":false},"featured_media":96922,"comment_status":"open","ping_status":"closed","template":"","meta":[],"product_brand":[],"product_cat":[1049],"product_tag":[122,54,1050],"class_list":{"0":"post-96923","1":"product","2":"type-product","3":"status-publish","4":"has-post-thumbnail","6":"product_cat-termicas","7":"product_tag-camaras-ip-y-nvrs","8":"product_tag-hikvision","9":"product_tag-termicas","11":"first","12":"outofstock","13":"sale","14":"shipping-taxable","15":"purchasable","16":"product-type-simple"},"_links":{"self":[{"href":"https:\/\/soydeaqui.ddns.net\/pachuca\/index.php\/wp-json\/wp\/v2\/product\/96923","targetHints":{"allow":["GET"]}}],"collection":[{"href":"https:\/\/soydeaqui.ddns.net\/pachuca\/index.php\/wp-json\/wp\/v2\/product"}],"about":[{"href":"https:\/\/soydeaqui.ddns.net\/pachuca\/index.php\/wp-json\/wp\/v2\/types\/product"}],"replies":[{"embeddable":true,"href":"https:\/\/soydeaqui.ddns.net\/pachuca\/index.php\/wp-json\/wp\/v2\/comments?post=96923"}],"wp:featuredmedia":[{"embeddable":true,"href":"https:\/\/soydeaqui.ddns.net\/pachuca\/index.php\/wp-json\/wp\/v2\/media\/96922"}],"wp:attachment":[{"href":"https:\/\/soydeaqui.ddns.net\/pachuca\/index.php\/wp-json\/wp\/v2\/media?parent=96923"}],"wp:term":[{"taxonomy":"product_brand","embeddable":true,"href":"https:\/\/soydeaqui.ddns.net\/pachuca\/index.php\/wp-json\/wp\/v2\/product_brand?post=96923"},{"taxonomy":"product_cat","embeddable":true,"href":"https:\/\/soydeaqui.ddns.net\/pachuca\/index.php\/wp-json\/wp\/v2\/product_cat?post=96923"},{"taxonomy":"product_tag","embeddable":true,"href":"https:\/\/soydeaqui.ddns.net\/pachuca\/index.php\/wp-json\/wp\/v2\/product_tag?post=96923"}],"curies":[{"name":"wp","href":"https:\/\/api.w.org\/{rel}","templated":true}]}}