{"id":96913,"date":"2026-03-20T08:34:15","date_gmt":"2026-03-20T08:34:15","guid":{"rendered":"https:\/\/soydeaqui.ddns.net\/pachuca\/index.php\/producto\/dvr-4-canales-turbohd-2-canales-ip-5-megapixel-lite-3k-lite-audio-por-coaxitron-acusense-lite-1-bahia-de-disco-duro-h-265-salida-en-full-hd-2\/"},"modified":"2026-03-20T08:34:16","modified_gmt":"2026-03-20T08:34:16","slug":"dvr-4-canales-turbohd-2-canales-ip-5-megapixel-lite-3k-lite-audio-por-coaxitron-acusense-lite-1-bahia-de-disco-duro-h-265-salida-en-full-hd-2","status":"publish","type":"product","link":"https:\/\/soydeaqui.ddns.net\/pachuca\/index.php\/producto\/dvr-4-canales-turbohd-2-canales-ip-5-megapixel-lite-3k-lite-audio-por-coaxitron-acusense-lite-1-bahia-de-disco-duro-h-265-salida-en-full-hd-2\/","title":{"rendered":"DVR 4 Canales TurboHD + 2 Canales IP \/ 5 Megapixel Lite &#8211; 3K Lite \/ Audio por Coaxitron \/ ACUSENSE Lite \/ 1 Bah\u00eda de Disco Duro \/ H.265+ \/ Salida en Full HD"},"content":{"rendered":"<div style='width: 100%; max-width: 1200px; margin: 0 auto; font-family: sans-serif; line-height: 1.6; color: inherit; background-color: transparent;'>\n<div style='width: 100%; text-align: center; padding: 20px 0;'> <img style='max-height: 6rem; width: auto; border: 1px solid rgba(150&comma;150&comma;150&comma;0.3); border-radius: 8px;' src='https:\/\/ftp3.syscom.mx\/usuarios\/fotos\/logotipos\/hilook_by_hikvision.png' alt='Logo' \/> <\/p>\n<h1 style='font-size: 2.5rem; font-weight: bold; margin: 1.5rem 0 1rem; color: inherit;'>Controla y monitorea tus dispositivos de seguridad<\/h1>\n<p style='font-size: 1.2rem; margin-bottom: 2rem; color: inherit;'>Descarga la app oficial y aprovecha al m\u00e1ximo tu producto inteligente<\/p>\n<\/p><\/div>\n<section style='width: 100%; padding: 30px 0; background-color: rgba(150&comma;150&comma;150&comma;0.05);'>\n<div style='width: 100%; max-width: 1200px; margin: 0 auto;'>\n<h2 style='font-size: 24px; text-align: center; margin-bottom: 25px; font-weight: bold; color: inherit;'>Beneficios principales<\/h2>\n<div style='display: flex; flex-wrap: wrap; gap: 20px; justify-content: center;'>\n<div style='flex: 1 1 200px; min-width: 180px; background: rgba(150&comma;150&comma;150&comma;0.05); border-radius: 8px; padding: 20px; text-align: center;'>\n<div style='width: 60px; height: 60px; margin: 0 auto 0 0; background-color: #007bff; border-radius: 50%;'><\/div>\n<h5 style='margin: 15px 0 10px; font-size: 18px; color: inherit;'>Control remoto<\/h5>\n<p style='margin: 0; color: inherit; opacity: 0.8;'>Controla tus dispositivos desde cualquier lugar<\/p>\n<\/p><\/div>\n<div style='flex: 1 1 200px; min-width: 180px; background: rgba(150&comma;150&comma;150&comma;0.05); border-radius: 8px; padding: 20px; text-align: center;'>\n<div style='width: 60px; height: 60px; margin: 0 auto 0 0; background-color: #28a745; border-radius: 50%;'><\/div>\n<h5 style='margin: 15px 0 10px; font-size: 18px; color: inherit;'>Monitoreo en tiempo real<\/h5>\n<p style='margin: 0; color: inherit; opacity: 0.8;'>Visualiza tus dispositivos al instante<\/p>\n<\/p><\/div>\n<div style='flex: 1 1 200px; min-width: 180px; background: rgba(150&comma;150&comma;150&comma;0.05); border-radius: 8px; padding: 20px; text-align: center;'>\n<div style='width: 60px; height: 60px; margin: 0 auto 0 0; background-color: #17a2b8; border-radius: 50%;'><\/div>\n<h5 style='margin: 15px 0 10px; font-size: 18px; color: inherit;'>Notificaciones<\/h5>\n<p style='margin: 0; color: inherit; opacity: 0.8;'>Recibe notificaciones y alertas de los eventos que registra tu dispositivo.<\/p>\n<\/p><\/div>\n<div style='flex: 1 1 200px; min-width: 180px; background: rgba(150&comma;150&comma;150&comma;0.05); border-radius: 8px; padding: 20px; text-align: center;'>\n<div style='width: 60px; height: 60px; margin: 0 auto 0 0; background-color: #ffc107; border-radius: 50%;'><\/div>\n<h5 style='margin: 15px 0 10px; font-size: 18px; color: inherit;'>Interfaz de usuario sencilla<\/h5>\n<p style='margin: 0; color: inherit; opacity: 0.8;'>Amigable para usuarios finales<\/p>\n<\/p><\/div>\n<\/p><\/div>\n<\/p><\/div>\n<\/section>\n<section style='width: 100%; padding: 30px 0;'>\n<div style='width: 100%; max-width: 1200px; margin: 0 auto;'>\n<div style='display: flex; flex-wrap: wrap; gap: 15px;'>\n<div style='flex: 1 1 220px; min-width: 200px;'> <img style='width: 100%; height: auto; border: 1px solid rgba(150&comma;150&comma;150&comma;0.3); border-radius: 8px;' src='https:\/\/ftp3.syscom.mx\/usuarios\/ftp\/single_page\/hilook\/interfaz.jpg' alt='Imagen 1' \/> <\/div>\n<div style='flex: 1 1 220px; min-width: 200px;'> <img style='width: 100%; height: auto; border: 1px solid rgba(150&comma;150&comma;150&comma;0.3); border-radius: 8px;' src='https:\/\/ftp3.syscom.mx\/usuarios\/ftp\/single_page\/hilook\/grabaciones.jpg' alt='Imagen 2' \/> <\/div>\n<div style='flex: 1 1 220px; min-width: 200px;'> <img style='width: 100%; height: auto; border: 1px solid rgba(150&comma;150&comma;150&comma;0.3); border-radius: 8px;' src='https:\/\/ftp3.syscom.mx\/usuarios\/ftp\/single_page\/hilook\/directo.jpg' alt='Imagen 3' \/> <\/div>\n<div style='flex: 1 1 220px; min-width: 200px;'> <img style='width: 100%; height: auto; border: 1px solid rgba(150&comma;150&comma;150&comma;0.3); border-radius: 8px;' src='https:\/\/ftp3.syscom.mx\/usuarios\/ftp\/single_page\/hilook\/notificaciones2.jpg' alt='Imagen 4' \/> <\/div>\n<\/p><\/div>\n<\/p><\/div>\n<\/section>\n<section style='width: 100%; padding: 30px 0;'>\n<div style='width: 100%; max-width: 1200px; margin: 0 auto;'>\n<div style='position: relative; padding-bottom: 56.25%; height: 0; overflow: hidden; margin-bottom: 30px;'>   <\/div>\n<\/p><\/div>\n<\/section>\n<div style='display: flex; flex-wrap: wrap; gap: 30px; margin: 30px 0;'>\n<div style='flex: 1 1 400px; min-width: 300px;'>\n<div style='border: 1px solid rgba(150&comma; 150&comma; 150&comma; 0.4); border-radius: 8px; overflow: hidden; display: flex; flex-direction: column;'>\n<div style='padding: 15px; border-bottom: 1px solid rgba(150&comma; 150&comma; 150&comma; 0.2); font-weight: bold; font-size: 18px; color: inherit; background-color: #3598db;'>Caracter\u00edsticas Principales:<\/div>\n<div style='padding: 15px; color: inherit;'>\n<ul style='padding-left: 20px; margin: 0; font-size: 14px; list-style-type: disc;'>\n<li style='margin-bottom: 5px;'><span style='font-size: 12pt; font-family: verdana&comma; geneva&comma; sans-serif;'>Soporte de tecnolog\u00edas: HD-TVI \/ HD-CVI \/ AHD \/ Anal\u00f3gico<\/span><\/li>\n<li style='margin-bottom: 5px;'><span style='font-size: 12pt; font-family: verdana&comma; geneva&comma; sans-serif;'>Compatible con Hik-Connect (P2P).<\/span><\/li>\n<li style='margin-bottom: 5px;'><span style='font-size: 12pt; font-family: verdana&comma; geneva&comma; sans-serif;'>Soporta servicio Hik-connect Domain \/ DynDNS \/ NO-IP.<\/span><\/li>\n<li style='margin-bottom: 5px;'><span style='font-size: 12pt; font-family: verdana&comma; geneva&comma; sans-serif;'>Soporta 4 canales TURBOHD \/ anal\u00f3gicos + 2 canal IP = 6 canales en total.<\/span><\/li>\n<li style='margin-bottom: 5px;'><span style='font-size: 12pt; font-family: verdana&comma; geneva&comma; sans-serif;'>H.265+ \/ H.265 \/ H.264<\/span><\/li>\n<li style='margin-bottom: 5px;'><span style='font-size: 12pt; font-family: verdana&comma; geneva&comma; sans-serif;'>HD-TVI: 3K Lite \/ 5 Megap\u00edxel Lite \/ 2 Megapixel.<\/span><\/li>\n<li style='margin-bottom: 5px;'><span style='font-size: 12pt; font-family: verdana&comma; geneva&comma; sans-serif;'>HD-CVI: 3K Lite \/ 5 Megap\u00edxel Lite \/ 2 Megapixel.<\/span><\/li>\n<li style='margin-bottom: 5px;'><span style='font-size: 12pt; font-family: verdana&comma; geneva&comma; sans-serif;'>AHD: 3K Lite \/ 5 Megap\u00edxel Lite \/ 2 Megapixel.<\/span><\/li>\n<li style='margin-bottom: 5px;'><span style='font-size: 12pt; font-family: verdana&comma; geneva&comma; sans-serif;'>IP: 6 Megap\u00edxel \/ 5 Megapixel \/ 4 Megapixel \/ 2 Megapixel.<\/span><\/li>\n<li><span style='font-size: 12pt; font-family: verdana&comma; geneva&comma; sans-serif;'>No soporta canal cero.<\/span><\/li>\n<\/ul><\/div>\n<\/p><\/div>\n<\/p><\/div>\n<div style='flex: 1 1 400px; min-width: 300px;'>\n<div style='border: 1px solid rgba(150&comma; 150&comma; 150&comma; 0.4); border-radius: 8px; overflow: hidden; display: flex; flex-direction: column;'>\n<div style='padding: 15px; border-bottom: 1px solid rgba(150&comma; 150&comma; 150&comma; 0.2); font-weight: bold; font-size: 18px; color: inherit; background-color: #3598db;'>Caracter\u00edsticas F\u00edsicas:<\/div>\n<div style='padding: 15px; color: inherit;'>\n<ul style='padding-left: 20px; margin: 0; font-size: 14px; list-style-type: disc;'>\n<li style='margin-bottom: 5px;'><span style='font-size: 12pt; font-family: verdana&comma; geneva&comma; sans-serif;'>Alimentaci\u00f3n: 12 Vcc.<\/span><\/li>\n<li style='margin-bottom: 5px;'><span style='font-size: 12pt; font-family: verdana&comma; geneva&comma; sans-serif;'>Consumo sin disco duro: 8 W.<\/span><\/li>\n<li style='margin-bottom: 5px;'><span style='font-size: 12pt; font-family: verdana&comma; geneva&comma; sans-serif;'>Temperatura de operaci\u00f3n: -10 \u00baC hasta 55 \u00baC<\/span><\/li>\n<li style='margin-bottom: 5px;'><span style='font-size: 12pt; font-family: verdana&comma; geneva&comma; sans-serif;'>Dimensiones: 260 \u00d7 222 \u00d7 45 mm (W \u00d7 D \u00d7 H)<\/span><\/li>\n<li><span style='font-size: 12pt; font-family: verdana&comma; geneva&comma; sans-serif;'>Peso: 1 Kg sin disco duro.<\/span><\/li>\n<\/ul><\/div>\n<\/p><\/div>\n<div style='border: 1px solid rgba(150&comma; 150&comma; 150&comma; 0.4); border-radius: 8px; overflow: hidden; display: flex; flex-direction: column; margin-top: 20px;'>\n<div style='padding: 15px; border-bottom: 1px solid rgba(150&comma; 150&comma; 150&comma; 0.2); font-weight: bold; font-size: 18px; color: inherit; background-color: #3598db;'>Entradas y Salidas de Audio \/ Alarmas \/ Red \/ Almacenamiento:<\/div>\n<div style='padding: 15px; color: inherit;'>\n<ul style='padding-left: 20px; margin: 0; font-size: 14px; list-style-type: disc;'>\n<li style='margin-bottom: 5px;'><span style='font-size: 12pt; font-family: verdana&comma; geneva&comma; sans-serif;'>Entrada audio: 1 (RCA&comma; 2.0 Vp-p&comma; 1K\u03a9).<\/span><\/li>\n<li style='margin-bottom: 5px;'><span style='font-size: 12pt; font-family: verdana&comma; geneva&comma; sans-serif;'>4 Entradas de audio por coaxitron.<\/span><\/li>\n<li style='margin-bottom: 5px;'><span style='font-size: 12pt; font-family: verdana&comma; geneva&comma; sans-serif;'>Salida audio: 1 (RCA&comma; 2.0 Vp-p&comma; 1K\u03a9).<\/span><\/li>\n<li style='margin-bottom: 5px;'><span style='font-size: 12pt; font-family: verdana&comma; geneva&comma; sans-serif;'>Entrada alarma: N\/A.<\/span><\/li>\n<li style='margin-bottom: 5px;'><span style='font-size: 12pt; font-family: verdana&comma; geneva&comma; sans-serif;'>Salida alarma: N\/A.<\/span><\/li>\n<li style='margin-bottom: 5px;'><span style='font-size: 12pt; font-family: verdana&comma; geneva&comma; sans-serif;'>Interfaz USB: 2 puerto (2.0) trasero.<\/span><\/li>\n<li style='margin-bottom: 5px;'><span style='font-size: 12pt; font-family: verdana&comma; geneva&comma; sans-serif;'>Interfaz red: 1 puerto (RJ-45 10\/100 Mbps).<\/span><\/li>\n<li><span style='font-size: 12pt; font-family: verdana&comma; geneva&comma; sans-serif;'>Capacidad de almacenamiento (HDD): 1 hasta 10 TB.<\/span><\/li>\n<\/ul><\/div>\n<\/p><\/div>\n<\/p><\/div>\n<\/p><\/div>\n<div style='border: 1px solid rgba(150&comma; 150&comma; 150&comma; 0.4); border-radius: 8px; overflow: hidden; display: flex; flex-direction: column; margin: 30px 0;'>\n<div style='padding: 15px; border-bottom: 1px solid rgba(150&comma; 150&comma; 150&comma; 0.2); font-weight: bold; font-size: 18px; color: inherit; background-color: #3598db;'>Caracter\u00edsticas Destacadas:<\/div>\n<div style='padding: 15px; color: inherit;'>\n<ul style='padding-left: 20px; margin: 0; font-size: 14px; list-style-type: disc;'>\n<li style='margin-bottom: 5px;'><span style='font-family: verdana&comma; geneva&comma; sans-serif;'>Permite apagar canales TURBOHD para poder agregar m\u00e1s canales IP (hasta 6 canales IP en total).<\/span><\/li>\n<li style='margin-bottom: 5px;'><span style='font-family: verdana&comma; geneva&comma; sans-serif;'>Para conectar las c\u00e1maras IP requiere utilizar un switch PoE (no incluido).<\/span><\/li>\n<li style='margin-bottom: 5px;'><span style='font-family: verdana&comma; geneva&comma; sans-serif;'>Soporta audio por coaxitr\u00f3n (c\u00e1maras que soporten microfono integrado).<\/span><\/li>\n<li><span style='font-family: verdana&comma; geneva&comma; sans-serif;'>Soporta hasta 4 canales con la tecnolog\u00eda ACUSENSE Lite (humano y vehiculo pero con deteccion de movimiento&comma; no anal\u00edticos).<\/span><\/li>\n<\/ul><\/div>\n<\/p><\/div>\n<div style='width: 100%; margin: 30px 0;'>\n<p style='text-align: center; margin: 0 0 15px; font-weight: bold; color: inherit;'><span style='font-family: verdana&comma; geneva&comma; sans-serif;'>Audio&comma; Video y Datos por el Mismo Cable<\/span><\/p>\n<p> <img style='width: 100%; height: auto; border: 1px solid rgba(150&comma;150&comma;150&comma;0.3); border-radius: 8px;' src='https:\/\/ftp3.syscom.mx\/usuarios\/jsosa\/HIKVISION\/imagenes\/coaxitron\/coaxitron.jpg' alt='Audio&comma; Video y Datos por el Mismo Cable' \/> <\/div>\n<div style='width: 100%; margin: 30px 0;'>\n<h3 style='font-size: 1.5rem; font-weight: bold; margin-bottom: 15px; text-align: center; color: inherit;'>Comparativo 3K Lite vs 3K Est\u00e1ndar<\/h3>\n<div style='overflow-x: auto;'>\n<table style='width: 100%; border-collapse: collapse; border: 1px solid rgba(150&comma;150&comma;150&comma;0.3);'>\n<thead>\n<tr>\n<th style='width: 33%; text-align: center; border: 1px solid rgba(150&comma;150&comma;150&comma;0.3); padding: 8px; background-color: #3598db; color: inherit;'>Caracter\u00edstica<\/th>\n<th style='width: 33%; text-align: center; border: 1px solid rgba(150&comma;150&comma;150&comma;0.3); padding: 8px; background-color: #3598db; color: inherit;'>3K Lite (2.5MP)<\/th>\n<th style='width: 33%; text-align: center; border: 1px solid rgba(150&comma;150&comma;150&comma;0.3); padding: 8px; background-color: #3598db; color: inherit;'>3K Est\u00e1ndar (5MP)<\/th>\n<\/tr>\n<\/thead>\n<tbody>\n<tr>\n<th style='text-align: center; border: 1px solid rgba(150&comma;150&comma;150&comma;0.3); padding: 8px; background-color: rgba(150&comma;150&comma;150&comma;0.05);'>Resoluci\u00f3n<\/th>\n<td style='text-align: center; border: 1px solid rgba(150&comma;150&comma;150&comma;0.3); padding: 8px;'>2560\u00d71440<\/td>\n<td style='text-align: center; border: 1px solid rgba(150&comma;150&comma;150&comma;0.3); padding: 8px;'>2880\u00d71620<\/td>\n<\/tr>\n<tr>\n<th style='text-align: center; border: 1px solid rgba(150&comma;150&comma;150&comma;0.3); padding: 8px; background-color: rgba(150&comma;150&comma;150&comma;0.05);'>Almacenamiento<\/th>\n<td style='text-align: center; border: 1px solid rgba(150&comma;150&comma;150&comma;0.3); padding: 8px;'>Optimizado (+30% duraci\u00f3n)<\/td>\n<td style='text-align: center; border: 1px solid rgba(150&comma;150&comma;150&comma;0.3); padding: 8px;'>Mayor espacio requerido<\/td>\n<\/tr>\n<tr>\n<th style='text-align: center; border: 1px solid rgba(150&comma;150&comma;150&comma;0.3); padding: 8px; background-color: rgba(150&comma;150&comma;150&comma;0.05);'>Uso recomendado<\/th>\n<td style='text-align: center; border: 1px solid rgba(150&comma;150&comma;150&comma;0.3); padding: 8px;'>\u00c1reas medianas\/Interiores<\/td>\n<td style='text-align: center; border: 1px solid rgba(150&comma;150&comma;150&comma;0.3); padding: 8px;'>\u00c1reas extensas\/Exteriores<\/td>\n<\/tr>\n<\/tbody>\n<\/table><\/div>\n<\/p><\/div>\n<div style='display: flex; flex-wrap: wrap; gap: 30px; margin: 30px 0;'>\n<div style='flex: 1 1 400px; min-width: 300px;'>\n<h2 style='font-size: 22px; margin-top: 0; margin-bottom: 15px; font-weight: bold; text-align: center; color: #3598db;'>Audio por Coaxitron en Todos los Canales.<\/h2>\n<p style='text-align: justify; color: inherit;'>Una de las m\u00faltiples ventajas de los nuevos sistemas de videovigilancia es el <strong>audio por coaxitron<\/strong>. Al realizar la combinaci\u00f3n de una c\u00e1mara con <strong>micr\u00f3fono interconstruido<\/strong> y un videograbador con audio por coaxitron&comma; usted podr\u00e1 <strong>almacenar video y audio<\/strong> sin tener que a\u00f1adir componentes extras&comma; ya que la instalaci\u00f3n de una c\u00e1mara con micr\u00f3fono interconstruido es exactamente igual a una que no tenga micr\u00f3fono interconstruido y s\u00ed&#8230; as\u00ed es usted puede a\u00f1adir c\u00e1maras con micr\u00f3fono interconstruido en <strong>todos los canales<\/strong> TurboHD (la funci\u00f3n de audio por coaxitron \u00fanicamente funciona en TVI\/TurboHD).<\/p>\n<p style='text-align: justify; color: inherit;'>Clic aqu\u00ed para <a href='https:\/\/www.syscom.mx\/principal\/promociones\/camaras_con_audio_por_coaxitron_2_mp-5477.html?ordenar=Relevancia&#038;pag=1' target='_blank' rel='noopener' style='color: #3598db; text-decoration: underline;'>Ver modelos compatibles<\/a> con Audio por Coaxitron en C\u00e1maras TurboHD.<\/p>\n<\/p><\/div>\n<div style='flex: 1 1 400px; min-width: 300px;'>\n<div style='position: relative; padding-bottom: 56.25%; height: 0; overflow: hidden; margin-bottom: 30px;'>   <\/div>\n<\/p><\/div>\n<\/p><\/div>\n<div style='width: 100%; margin: 30px 0;'> <img style='width: 100%; height: auto; border: 1px solid rgba(150&comma;150&comma;150&comma;0.3); border-radius: 8px;' src='https:\/\/ftp3.syscom.mx\/usuarios\/yvalenzuela\/Hilook\/hiklook.jpg' alt='Hik-Connect' \/> <\/div>\n<\/p><\/div>\n","protected":false},"excerpt":{"rendered":"<p>DVR 4 Canales TurboHD + 2 Canales IP \/ 5 Megapixel Lite &#8211; 3K Lite \/ Audio por Coaxitron \/ ACUSENSE Lite \/ 1 Bah\u00eda de Disco Duro \/ H.265+ \/ Salida en Full HD<\/p>\n","protected":false},"featured_media":96912,"comment_status":"open","ping_status":"closed","template":"","meta":[],"product_brand":[],"product_cat":[2254],"product_tag":[2255,715,2256],"class_list":{"0":"post-96913","1":"product","2":"type-product","3":"status-publish","4":"has-post-thumbnail","6":"product_cat-videograbadoras-analogicas-turbohd-tvi-ahd-cvi","7":"product_tag-camaras-y-dvrs-hd-turbohd-ahd-hd-tvi","8":"product_tag-hilook-by-hikvision","9":"product_tag-videograbadoras-analogicas-turbohd-tvi-ahd-cvi","11":"first","12":"instock","13":"sale","14":"shipping-taxable","15":"purchasable","16":"product-type-simple"},"_links":{"self":[{"href":"https:\/\/soydeaqui.ddns.net\/pachuca\/index.php\/wp-json\/wp\/v2\/product\/96913","targetHints":{"allow":["GET"]}}],"collection":[{"href":"https:\/\/soydeaqui.ddns.net\/pachuca\/index.php\/wp-json\/wp\/v2\/product"}],"about":[{"href":"https:\/\/soydeaqui.ddns.net\/pachuca\/index.php\/wp-json\/wp\/v2\/types\/product"}],"replies":[{"embeddable":true,"href":"https:\/\/soydeaqui.ddns.net\/pachuca\/index.php\/wp-json\/wp\/v2\/comments?post=96913"}],"wp:featuredmedia":[{"embeddable":true,"href":"https:\/\/soydeaqui.ddns.net\/pachuca\/index.php\/wp-json\/wp\/v2\/media\/96912"}],"wp:attachment":[{"href":"https:\/\/soydeaqui.ddns.net\/pachuca\/index.php\/wp-json\/wp\/v2\/media?parent=96913"}],"wp:term":[{"taxonomy":"product_brand","embeddable":true,"href":"https:\/\/soydeaqui.ddns.net\/pachuca\/index.php\/wp-json\/wp\/v2\/product_brand?post=96913"},{"taxonomy":"product_cat","embeddable":true,"href":"https:\/\/soydeaqui.ddns.net\/pachuca\/index.php\/wp-json\/wp\/v2\/product_cat?post=96913"},{"taxonomy":"product_tag","embeddable":true,"href":"https:\/\/soydeaqui.ddns.net\/pachuca\/index.php\/wp-json\/wp\/v2\/product_tag?post=96913"}],"curies":[{"name":"wp","href":"https:\/\/api.w.org\/{rel}","templated":true}]}}