{"id":96909,"date":"2026-03-20T08:34:09","date_gmt":"2026-03-20T08:34:09","guid":{"rendered":"https:\/\/soydeaqui.ddns.net\/pachuca\/index.php\/producto\/dual-light-colorvu-3-0-hikai-turret-ip-6-megapixel-lente-2-8-mm-30-mts-ir-luz-blanca-2-microfonos-integrados-exterior-ip67-estrobo-azul-y-rojo-wdr-130-db-acusense-3-0-metal-n\/"},"modified":"2026-03-20T08:34:09","modified_gmt":"2026-03-20T08:34:09","slug":"dual-light-colorvu-3-0-hikai-turret-ip-6-megapixel-lente-2-8-mm-30-mts-ir-luz-blanca-2-microfonos-integrados-exterior-ip67-estrobo-azul-y-rojo-wdr-130-db-acusense-3-0-metal-n","status":"publish","type":"product","link":"https:\/\/soydeaqui.ddns.net\/pachuca\/index.php\/producto\/dual-light-colorvu-3-0-hikai-turret-ip-6-megapixel-lente-2-8-mm-30-mts-ir-luz-blanca-2-microfonos-integrados-exterior-ip67-estrobo-azul-y-rojo-wdr-130-db-acusense-3-0-metal-n\/","title":{"rendered":"[Dual Light + ColorVu 3.0 + HikAI] Turret IP 6 Megapixel \/ Lente 2.8 mm \/ 30 mts IR + Luz Blanca \/ 2 Microfonos Integrados \/ Exterior IP67 \/ Estrobo Azul y Rojo \/ WDR 130 dB \/ ACUSENSE 3.0 \/ Metal \/ NEMA 4X \/ ACUSEARCH"},"content":{"rendered":"<div style='width: 100%; max-width: 1200px; margin: 0 auto; font-family: sans-serif; line-height: 1.6; color: inherit; background-color: transparent;'> <!-- Encabezado Principal --> <\/p>\n<div style='width: 100%; margin-bottom: 30px;'> <img style='width: 100%; height: auto; border: 1px solid rgba(150&comma;150&comma;150&comma;0.3); border-radius: 8px; box-shadow: 0 2px 8px rgba(0&comma;0&comma;0&comma;0.1);' src='https:\/\/ftp3.syscom.mx\/usuarios\/ftp\/landingpage\/colorvu\/header.jpg' alt='Serie Pro con ColorVu 3.0'> <\/div>\n<p> <!-- Secci\u00f3n de introducci\u00f3n --> <\/p>\n<div style='display: flex; flex-wrap: wrap; gap: 30px; margin-bottom: 30px;'>\n<div style='flex: 1 1 300px; min-width: 280px;'> <img style='width: 100%; height: auto; border: 1px solid rgba(150&comma;150&comma;150&comma;0.3); border-radius: 8px;' src='https:\/\/ftp3.syscom.mx\/usuarios\/ftp\/landingpage\/syscomexpo\/2024\/colorvu\/turnthepage.png' alt='ColorVu 3.0'> <\/div>\n<div style='flex: 1 1 300px; min-width: 280px;'>\n<p style='font-size: 16px; color: inherit; margin-top: 0;'> Hikvision presenta las nuevas C\u00e1maras de Red ColorVu 3.0&comma; con tecnolog\u00eda mejorada para un rendimiento visual excepcional. Incorpora AcuSense 3.0 con funciones inteligentes y Audio 2.0 para una comunicaci\u00f3n clara y eficiente. <\/p>\n<\/p><\/div>\n<\/p><\/div>\n<p> <!-- Secci\u00f3n de caracter\u00edsticas principales --> <\/p>\n<div style='display: flex; flex-wrap: wrap; gap: 30px; margin-bottom: 30px;'>\n<div style='flex: 1 1 300px; min-width: 280px;'>\n<h3 style='font-size: 22px; border-bottom: 2px solid currentColor; padding-bottom: 5px; margin-top: 0; color: inherit; opacity: 0.8;'>Caracter\u00edsticas Principales<\/h3>\n<ul style='padding-left: 20px; font-size: 15px; color: inherit;'>\n<li style='margin-bottom: 5px;'>Resoluci\u00f3n M\u00e1xima: <strong>6 Megapixel (3200 x 1800)<\/strong><\/li>\n<li style='margin-bottom: 5px;'>Iluminaci\u00f3n m\u00ednima: <strong>0.0005 Lux @ (F1.0&comma; AGC ON)<\/strong><\/li>\n<li style='margin-bottom: 5px;'>Lente fijo: <strong>2.8mm (\u00c1ngulo de apertura 108.8\u00b0)<\/strong><\/li>\n<li style='margin-bottom: 5px;'>IR EXIR: <strong>30 mts (visi\u00f3n nocturna)<\/strong><\/li>\n<li style='margin-bottom: 5px;'>Luz blanca: <strong>30 mts (iluminaci\u00f3n para imagen a color)<\/strong><\/li>\n<li style='margin-bottom: 5px;'>WDR: <strong>130 dB<\/strong><\/li>\n<li style='margin-bottom: 5px;'>Detecci\u00f3n de: <strong>Movimiento \/ Cruce de l\u00ednea \/ Intrusi\u00f3n<\/strong><\/li>\n<li style='margin-bottom: 5px;'>Plataforma compatible: <strong>Hik-Connect P2P<\/strong><\/li>\n<li style='margin-bottom: 5px;'>Audio: <strong>Micr\u00f3fono y altavoz integrado (audio de 2 v\u00edas)<\/strong><\/li>\n<\/ul><\/div>\n<div style='flex: 1 1 300px; min-width: 280px;'>\n<h3 style='font-size: 22px; border-bottom: 2px solid currentColor; padding-bottom: 5px; margin-top: 0; color: inherit; opacity: 0.8;'>Entradas y Salidas<\/h3>\n<ul style='padding-left: 20px; font-size: 15px; color: inherit;'>\n<li style='margin-bottom: 5px;'>Entradas de alarma: <strong>N\/A<\/strong><\/li>\n<li style='margin-bottom: 5px;'>Salidas de alarma: <strong>N\/A<\/strong><\/li>\n<li style='margin-bottom: 5px;'>Entradas de audio: <strong>N\/A<\/strong><\/li>\n<li style='margin-bottom: 5px;'>Salidas de audio: <strong>N\/A<\/strong><\/li>\n<li style='margin-bottom: 5px;'>Micr\u00f3fono: <strong>Dual Integrado<\/strong><\/li>\n<li style='margin-bottom: 5px;'>Estrobo: <strong>Luz Roja y Azul integrada<\/strong><\/li>\n<li style='margin-bottom: 5px;'>Almacenamiento: <strong>Soporta micro SD 512 GB (no incluida)<\/strong><\/li>\n<li style='margin-bottom: 5px;'>Puerto de red: <strong>1 (10 \/ 100 Mbps \/ PoE 802.3at)<\/strong><\/li>\n<li style='margin-bottom: 5px;'>Protocolos: <strong>ONVIF (PROFILE S&comma; G y T) \/ ISAPI&comma; SDK&comma; ISUP<\/strong><\/li>\n<\/ul><\/div>\n<div style='flex: 1 1 300px; min-width: 280px;'>\n<h3 style='font-size: 22px; border-bottom: 2px solid currentColor; padding-bottom: 5px; margin-top: 0; color: inherit; opacity: 0.8;'>Caracter\u00edsticas F\u00edsicas y El\u00e9ctricas<\/h3>\n<ul style='padding-left: 20px; font-size: 15px; color: inherit;'>\n<li style='margin-bottom: 5px;'>Temperatura de Operaci\u00f3n: <strong>-30\u00b0C a 60\u00b0C<\/strong><\/li>\n<li style='margin-bottom: 5px;'>Alimentaci\u00f3n: <strong>12Vcc \/ 15.5 Watts<\/strong><\/li>\n<li style='margin-bottom: 5px;'>PoE: <strong>802.3at \/ 17 Watts<\/strong><\/li>\n<li style='margin-bottom: 5px;'>Protecci\u00f3n: <strong>Interior \/ Exterior IP67<\/strong><\/li>\n<li style='margin-bottom: 5px;'>Material: <strong>Metal<\/strong><\/li>\n<li style='margin-bottom: 5px;'>Dimensiones: <strong>138.3 x 115.4 mm<\/strong><\/li>\n<li style='margin-bottom: 5px;'>Peso: <strong>820 gramos<\/strong><\/li>\n<\/ul><\/div>\n<\/p><\/div>\n<p> <!-- Secci\u00f3n de caracter\u00edsticas destacadas --> <\/p>\n<div style='display: flex; flex-wrap: wrap; gap: 30px; margin-bottom: 30px;'>\n<div style='flex: 1 1 300px; min-width: 280px;'>\n<h3 style='font-size: 22px; border-bottom: 2px solid currentColor; padding-bottom: 5px; margin-top: 0; color: inherit; opacity: 0.8;'>Caracter\u00edsticas Destacadas<\/h3>\n<ul style='padding-left: 20px; font-size: 15px; color: inherit;'>\n<li style='margin-bottom: 5px;'><strong>Requisito AcuSearch:<\/strong> NVR compatible (series: NX-K1(D)&comma; NXI-K2(D)&comma; NXI-I y NXI-M)<\/li>\n<li style='margin-bottom: 5px;'><strong>Plataforma:<\/strong> Compatible con Hik-Connect para conexi\u00f3n r\u00e1pida<\/li>\n<li style='margin-bottom: 5px;'><strong>Anal\u00edticos:<\/strong> ACUSENSE con filtro de humano y veh\u00edculos<\/li>\n<li style='margin-bottom: 5px;'><strong>Dual Light:<\/strong> IR + Luz blanca autom\u00e1tica con detecci\u00f3n de movimiento<\/li>\n<li style='margin-bottom: 5px;'><strong>Anal\u00edticos:<\/strong> Cruce de l\u00ednea&comma; intrusi\u00f3n&comma; entrada\/salida de \u00e1rea<\/li>\n<li style='margin-bottom: 5px;'><strong>Detecci\u00f3n de:<\/strong> Cambio de escena (movimiento f\u00edsico de la c\u00e1mara)<\/li>\n<\/ul><\/div>\n<div style='flex: 1 1 300px; min-width: 280px;'>\n<h3 style='font-size: 22px; border-bottom: 2px solid currentColor; padding-bottom: 5px; margin-top: 0; color: inherit; opacity: 0.8;'>Accesorios Compatibles<\/h3>\n<p style='font-size: 15px; color: inherit; margin-top: 10px;'> Para consultar accesorios compatibles&comma; descargar la ficha t\u00e9cnica desde <a href='https:\/\/ftp3.syscom.mx\/usuarios\/roberto.espino\/Specs\/Modelos%2006-25%20-%2007-25\/Especificaciones%20Tecnicas%20DS-2CD2367G3-LIS2UY_SLRB_20250414.pdf?_gl=1*tkmyyw*_gcl_au*MTc3NjMxMDk4MS4xNzUwMTgxMDMx' style='color: inherit; text-decoration: underline;'>este enlace<\/a>. <\/p>\n<\/p><\/div>\n<\/p><\/div>\n<p> <!-- Secci\u00f3n HikAI-ISP --> <\/p>\n<div style='display: flex; flex-wrap: wrap; gap: 30px; margin-bottom: 30px;'>\n<div style='flex: 1 1 100%;'>\n<h3 style='font-size: 22px; border-bottom: 2px solid currentColor; padding-bottom: 5px; margin-top: 0; color: inherit; opacity: 0.8;'>HikAI-ISP<\/h3>\n<ul style='padding-left: 20px; font-size: 15px; color: inherit;'>\n<li style='margin-bottom: 5px;'>Reducci\u00f3n de ruido por IA con aumento del brillo est\u00e1tico<\/li>\n<li style='margin-bottom: 5px;'>Soporte de ajuste de par\u00e1metros y proceso profesional de prueba<\/li>\n<li style='margin-bottom: 5px;'>Reducci\u00f3n din\u00e1mica de rastros de movimiento en poca luz<\/li>\n<\/ul><\/div>\n<\/p><\/div>\n<p> <!-- Video HikAI-ISP --> <\/p>\n<div style='margin-bottom: 30px;'>\n<div style='position: relative; padding-bottom: 56.25%; height: 0; overflow: hidden;'> <video style='position: absolute; top: 0; left: 0; width: 100%; height: 100%; border: 1px solid rgba(150&comma;150&comma;150&comma;0.3); border-radius: 8px;' muted controls><source src='https:\/\/ftp3.syscom.mx\/usuarios\/ftp\/landingpage\/hikvision\/colorvu30\/aiisp.mp4' type='video\/mp4'>Tu navegador no soporta el elemento de video.<\/video> <\/div>\n<\/p><\/div>\n<p> <!-- Imagen F1CERO --> <\/p>\n<div style='margin-bottom: 30px;'> <img style='width: 100%; height: auto; border: 1px solid rgba(150&comma;150&comma;150&comma;0.3); border-radius: 8px;' src='https:\/\/ftp3.syscom.mx\/usuarios\/ftp\/landingpage\/hikvision\/colorvu30\/F1CERO-Super-Confocal-LenS.jpg' alt='F1CERO'> <\/div>\n<p> <!-- Secci\u00f3n F1.0 Super Confocal Lens --> <\/p>\n<div style='display: flex; flex-wrap: wrap; gap: 30px; margin-bottom: 30px;'>\n<div style='flex: 1 1 300px; min-width: 280px;'>\n<h3 style='font-size: 22px; border-bottom: 2px solid currentColor; padding-bottom: 5px; margin-top: 0; color: inherit; opacity: 0.8;'>F1.0 Super Confocal Lens<\/h3>\n<p style='font-size: 15px; color: inherit; margin-top: 10px;'> Hikvision lidera la industria al lograr un efecto confocal delicado y complejo con un lente de gran apertura F1.0&comma; que garantiza im\u00e1genes igualmente n\u00edtidas tanto en luz IR como visible. El lente Super Confocal F1.0 est\u00e1 dise\u00f1ado con precisi\u00f3n a nivel de micras&comma; permitiendo un enfoque de nivel maestro e im\u00e1genes de alta definici\u00f3n duraderas. <\/p>\n<\/p><\/div>\n<div style='flex: 1 1 300px; min-width: 280px;'>\n<div style='position: relative; padding-bottom: 56.25%; height: 0; overflow: hidden;'>   <\/div>\n<\/p><\/div>\n<\/p><\/div>\n<p> <!-- Secci\u00f3n Smart Hybrid Light --> <\/p>\n<div style='display: flex; flex-wrap: wrap; gap: 30px; margin-bottom: 30px;'>\n<div style='flex: 1 1 300px; min-width: 280px;'>\n<h3 style='font-size: 22px; border-bottom: 2px solid currentColor; padding-bottom: 5px; margin-top: 0; color: inherit; opacity: 0.8;'>Smart Hybrid Light<\/h3>\n<p style='font-size: 15px; color: inherit; margin-top: 10px;'> La iluminaci\u00f3n h\u00edbrida inteligente de Hikvision permite a los usuarios seleccionar el modo de iluminaci\u00f3n que mejor se adapte a sus necesidades: IR&comma; luz blanca o modo inteligente. En el modo inteligente&comma; las c\u00e1maras de red mantienen la iluminaci\u00f3n infrarroja hasta que un evento activa la imagen a color para capturar detalles cr\u00edticos. <\/p>\n<ul style='padding-left: 20px; font-size: 15px; color: inherit;'>\n<li style='margin-bottom: 5px;'>Modo IR<\/li>\n<li style='margin-bottom: 5px;'>Modo luz blanca<\/li>\n<li style='margin-bottom: 5px;'>Modo inteligente autom\u00e1tico<\/li>\n<\/ul><\/div>\n<div style='flex: 1 1 300px; min-width: 280px;'> <img style='width: 100%; height: auto; border: 1px solid rgba(150&comma;150&comma;150&comma;0.3); border-radius: 8px;' src='https:\/\/ftp3.syscom.mx\/usuarios\/ftp\/landingpage\/hikvision\/colorvu30\/smart-hybrid-light02.jpg' alt='Smart Hybrid Light'> <\/div>\n<\/p><\/div>\n<p> <!-- Secci\u00f3n Correcci\u00f3n de Color 3D LUT y WDR con IA --> <\/p>\n<div style='display: flex; flex-wrap: wrap; gap: 30px; margin-bottom: 30px;'>\n<div style='flex: 1 1 100%;'>\n<h3 style='font-size: 22px; border-bottom: 2px solid currentColor; padding-bottom: 5px; margin-top: 0; color: inherit; opacity: 0.8;'>Correcci\u00f3n de Color 3D LUT y WDR con IA<\/h3>\n<p style='font-size: 15px; color: inherit; margin-top: 10px;'> La calibraci\u00f3n precisa del color y la delicada combinaci\u00f3n de colores mejoran el brillo de la imagen con poca luz y restauran el color verdadero de las cosas&comma; haciendo que las im\u00e1genes nocturnas capturadas por las c\u00e1maras de seguridad EasyIP sean tan brillantes como durante el d\u00eda. <\/p>\n<h4 style='font-size: 18px; color: inherit; margin-top: 15px;'>AI WDR<\/h4>\n<p style='font-size: 15px; color: inherit; margin-top: 10px;'> El WDR mejorado con IA permite que las \u00e1reas brillantes de una imagen no est\u00e9n sobreexpuestas&comma; mientras que los detalles en las \u00e1reas oscuras no se pierdan. El WDR con IA permite que las c\u00e1maras de seguridad determinen si activar o desactivar la funci\u00f3n WDR seg\u00fan el brillo del escenario&comma; sin necesidad de ajustes manuales. <\/p>\n<\/p><\/div>\n<\/p><\/div>\n<p> <!-- Imagen 3D LUT --> <\/p>\n<div style='margin-bottom: 30px;'> <img style='width: 100%; height: auto; border: 1px solid rgba(150&comma;150&comma;150&comma;0.3); border-radius: 8px;' src='https:\/\/ftp3.syscom.mx\/usuarios\/ftp\/landingpage\/hikvision\/colorvu30\/3D-LUT-Color-Correction2.jpg' alt='Correcci\u00f3n de Color 3D LUT'> <\/div>\n<p> <!-- Secci\u00f3n AcuSense 3.0 --> <\/p>\n<div style='margin-bottom: 30px;'> <img style='width: 100%; height: auto; border: 1px solid rgba(150&comma;150&comma;150&comma;0.3); border-radius: 8px;' src='https:\/\/www.hikvision.com\/content\/dam\/hikvision\/en\/marketing\/image\/products\/ip-products\/pro-series-with-colorvu-3-0\/acusense.jpg' alt='AcuSense 3.0'> <\/div>\n<p> <!-- Videos AcuSense 3.0 --> <\/p>\n<div style='display: flex; flex-wrap: wrap; gap: 20px; margin-bottom: 30px;'>\n<div style='flex: 1 1 300px; min-width: 280px;'>\n<div style='position: relative; padding-bottom: 56.25%; height: 0; overflow: hidden;'> <video style='position: absolute; top: 0; left: 0; width: 100%; height: 100%; border: 1px solid rgba(150&comma;150&comma;150&comma;0.3); border-radius: 8px;' muted controls><source src='https:\/\/ftp3.syscom.mx\/usuarios\/ftp\/landingpage\/hikvision\/colorvu30\/acusense.mp4' type='video\/mp4'>Tu navegador no soporta el elemento de video.<\/video> <\/div>\n<\/p><\/div>\n<div style='flex: 1 1 300px; min-width: 280px;'>\n<div style='position: relative; padding-bottom: 56.25%; height: 0; overflow: hidden;'> <video style='position: absolute; top: 0; left: 0; width: 100%; height: 100%; border: 1px solid rgba(150&comma;150&comma;150&comma;0.3); border-radius: 8px;' muted controls><source src='https:\/\/ftp3.syscom.mx\/usuarios\/ftp\/landingpage\/hikvision\/colorvu30\/AcuSense-960px.mp4' type='video\/mp4'>Tu navegador no soporta el elemento de video.<\/video> <\/div>\n<\/p><\/div>\n<\/p><\/div>\n<p> <!-- Secci\u00f3n Audio 2.0 --> <\/p>\n<div style='display: flex; flex-wrap: wrap; gap: 30px; margin-bottom: 30px;'>\n<div style='flex: 1 1 100%;'> <img style='width: 100%; height: auto; border: 1px solid rgba(150&comma;150&comma;150&comma;0.3); border-radius: 8px;' src='https:\/\/ftp3.syscom.mx\/usuarios\/ftp\/landingpage\/hikvision\/colorvu30\/audio-top.png' alt='Audio 2.0'> <\/div>\n<\/p><\/div>\n<div style='display: flex; flex-wrap: wrap; gap: 30px; margin-bottom: 30px;'>\n<div style='flex: 1 1 300px; min-width: 280px;'>\n<h3 style='font-size: 22px; border-bottom: 2px solid currentColor; padding-bottom: 5px; margin-top: 0; color: inherit; opacity: 0.8;'>Voz Clara y M\u00e1s Potente<\/h3>\n<ul style='padding-left: 20px; font-size: 15px; color: inherit;'>\n<li style='margin-bottom: 5px;'>Sistema de altavoces de mayor potencia con Smart PA (Amplificador de Potencia Inteligente)<\/li>\n<li style='margin-bottom: 5px;'>Mayor cobertura de sonido del altavoz<\/li>\n<li style='margin-bottom: 5px;'>Mejor efecto de advertencia para disuasi\u00f3n de intrusos<\/li>\n<li style='margin-bottom: 5px;'>Audio bidireccional optimizado para comunicaci\u00f3n eficiente<\/li>\n<\/ul><\/div>\n<div style='flex: 1 1 300px; min-width: 280px;'>\n<h3 style='font-size: 22px; border-bottom: 2px solid currentColor; padding-bottom: 5px; margin-top: 0; color: inherit; opacity: 0.8;'>Calidad de Audio Superior<\/h3>\n<ul style='padding-left: 20px; font-size: 15px; color: inherit;'>\n<li style='margin-bottom: 5px;'>Sistema de reducci\u00f3n de ruido avanzado para comunicaci\u00f3n clara<\/li>\n<li style='margin-bottom: 5px;'>Mayor rango de cobertura de audio para vigilancia efectiva<\/li>\n<li style='margin-bottom: 5px;'>Integraci\u00f3n perfecta con sistemas de seguridad existentes<\/li>\n<\/ul><\/div>\n<\/p><\/div>\n<div style='margin-bottom: 30px;'> <img style='width: 100%; height: auto; border: 1px solid rgba(150&comma;150&comma;150&comma;0.3); border-radius: 8px;' src='https:\/\/ftp3.syscom.mx\/usuarios\/ftp\/landingpage\/hikvision\/colorvu30\/audiobottom2.png' alt='Audio 2.0 Adicional'> <\/div>\n<p> <!-- Imagen adicional --> <\/p>\n<div style='margin-bottom: 30px;'> <img style='width: 100%; height: auto; border: 1px solid rgba(150&comma;150&comma;150&comma;0.3); border-radius: 8px;' src='https:\/\/ftp3.syscom.mx\/usuarios\/ftp\/landingpage\/hikvision\/imagen\/image%20%2819%29.png' alt='Audio 2.0 Adicional'> <\/div>\n<\/p><\/div>\n","protected":false},"excerpt":{"rendered":"<p>[Dual Light + ColorVu 3.0 + HikAI] Turret IP 6 Megapixel \/ Lente 2.8 mm \/ 30 mts IR + Luz Blanca \/ 2 Microfonos Integrados \/ Exterior IP67 \/ Estrobo Azul y Rojo \/ WDR 130 dB \/ ACUSENSE 3.0 \/ Metal \/ NEMA 4X \/ ACUSEARCH<\/p>\n","protected":false},"featured_media":96908,"comment_status":"open","ping_status":"closed","template":"","meta":[],"product_brand":[],"product_cat":[2056],"product_tag":[122,2057,54],"class_list":{"0":"post-96909","1":"product","2":"type-product","3":"status-publish","4":"has-post-thumbnail","6":"product_cat-domo-eyeball-turret","7":"product_tag-camaras-ip-y-nvrs","8":"product_tag-domo-eyeball-turret","9":"product_tag-hikvision","11":"first","12":"instock","13":"sale","14":"shipping-taxable","15":"purchasable","16":"product-type-simple"},"_links":{"self":[{"href":"https:\/\/soydeaqui.ddns.net\/pachuca\/index.php\/wp-json\/wp\/v2\/product\/96909","targetHints":{"allow":["GET"]}}],"collection":[{"href":"https:\/\/soydeaqui.ddns.net\/pachuca\/index.php\/wp-json\/wp\/v2\/product"}],"about":[{"href":"https:\/\/soydeaqui.ddns.net\/pachuca\/index.php\/wp-json\/wp\/v2\/types\/product"}],"replies":[{"embeddable":true,"href":"https:\/\/soydeaqui.ddns.net\/pachuca\/index.php\/wp-json\/wp\/v2\/comments?post=96909"}],"wp:featuredmedia":[{"embeddable":true,"href":"https:\/\/soydeaqui.ddns.net\/pachuca\/index.php\/wp-json\/wp\/v2\/media\/96908"}],"wp:attachment":[{"href":"https:\/\/soydeaqui.ddns.net\/pachuca\/index.php\/wp-json\/wp\/v2\/media?parent=96909"}],"wp:term":[{"taxonomy":"product_brand","embeddable":true,"href":"https:\/\/soydeaqui.ddns.net\/pachuca\/index.php\/wp-json\/wp\/v2\/product_brand?post=96909"},{"taxonomy":"product_cat","embeddable":true,"href":"https:\/\/soydeaqui.ddns.net\/pachuca\/index.php\/wp-json\/wp\/v2\/product_cat?post=96909"},{"taxonomy":"product_tag","embeddable":true,"href":"https:\/\/soydeaqui.ddns.net\/pachuca\/index.php\/wp-json\/wp\/v2\/product_tag?post=96909"}],"curies":[{"name":"wp","href":"https:\/\/api.w.org\/{rel}","templated":true}]}}