{"id":96879,"date":"2026-03-20T08:32:59","date_gmt":"2026-03-20T08:32:59","guid":{"rendered":"https:\/\/soydeaqui.ddns.net\/pachuca\/index.php\/producto\/disco-duro-sata-de-35-serie-enterprise-hat5300-capacidad-de-4tb-7200-rpm-cache-de-256-mb-mtbf-2-5-millones-de-horas-carga-de-trabajo-550-tb-al-ano\/"},"modified":"2026-03-20T08:33:04","modified_gmt":"2026-03-20T08:33:04","slug":"disco-duro-sata-de-35-serie-enterprise-hat5300-capacidad-de-4tb-7200-rpm-cache-de-256-mb-mtbf-2-5-millones-de-horas-carga-de-trabajo-550-tb-al-ano","status":"publish","type":"product","link":"https:\/\/soydeaqui.ddns.net\/pachuca\/index.php\/producto\/disco-duro-sata-de-35-serie-enterprise-hat5300-capacidad-de-4tb-7200-rpm-cache-de-256-mb-mtbf-2-5-millones-de-horas-carga-de-trabajo-550-tb-al-ano\/","title":{"rendered":"Disco Duro SATA de 3,5&#8243; Serie Enterprise HAT5300 | Capacidad de 4TB | 7200 RPM | Cach\u00e9 de 256 MB | MTBF 2.5 Millones de Horas | Carga de Trabajo 550 TB al A\u00f1o."},"content":{"rendered":"<div style='width: 100%; max-width: 1200px; margin: 0 auto; font-family: sans-serif; line-height: 1.6; color: inherit; background-color: transparent;'>\n<div style='margin-bottom: 30px;'>\n<p style='font-size: 18px; line-height: 1.6; color: inherit; margin-bottom: 15px;'>El disco duro SATA de 3&comma;5&#8242; serie Enterprise HAT5300 de Synology est\u00e1 dise\u00f1ado para cargas de trabajo exigentes y matrices de alta capacidad. Con capacidades de hasta 20 TB&comma; una velocidad de rotaci\u00f3n de 7200 RPM y una cach\u00e9 de 256 MB o 512 MB&comma; ofrece un rendimiento superior y una fiabilidad inquebrantable. Validado con m\u00e1s de 500&comma;000 horas de pruebas&comma; este disco duro es ideal para videovigilancia a gran escala&comma; posproducci\u00f3n multimedia y entornos de servidores de archivos empresariales.<\/p>\n<\/p><\/div>\n<div style='margin-bottom: 30px;'>\n<h2 style='font-size: 24px; font-weight: 600; color: inherit; margin-bottom: 20px; border-bottom: 2px solid rgba(150&comma;150&comma;150&comma;0.3); padding-bottom: 5px;'>Caracter\u00edsticas Principales<\/h2>\n<div style='display: flex; flex-wrap: wrap; gap: 20px;'>\n<div style='flex: 1 1 280px; min-width: 280px; border: 1px solid rgba(150&comma; 150&comma; 150&comma; 0.4); border-radius: 8px; overflow: hidden; display: flex; flex-direction: column;'>\n<div style='padding: 15px; border-bottom: 1px solid rgba(150&comma; 150&comma; 150&comma; 0.2); font-weight: bold; font-size: 18px; color: inherit;'>Caracter\u00edsticas<\/div>\n<div style='padding: 15px; color: inherit;'>\n<ul style='padding-left: 20px; margin: 0; font-size: 14px; list-style-type: disc;'>\n<li style='margin-bottom: 5px;'>Fiabilidad y durabilidad empresariales con un MTBF de hasta 2.5 millones de horas<\/li>\n<li style='margin-bottom: 5px;'>Tecnolog\u00eda de cach\u00e9 de escritura persistente para minimizar la corrupci\u00f3n de datos<\/li>\n<li style='margin-bottom: 5px;'>Rendimiento de lectura secuencial multicliente un 23% superior a unidades de terceros<\/li>\n<li style='margin-bottom: 5px;'>Actualizaci\u00f3n de firmware con un solo clic a trav\u00e9s de DiskStation Manager (DSM)<\/li>\n<li style='margin-bottom: 5px;'>Garant\u00eda limitada de Synology de 5 a\u00f1os<\/li>\n<\/ul><\/div>\n<\/p><\/div>\n<\/p><\/div>\n<\/p><\/div>\n<div style='margin-bottom: 30px;'>\n<h2 style='font-size: 24px; font-weight: 600; color: inherit; margin-bottom: 20px; border-bottom: 2px solid rgba(150&comma;150&comma;150&comma;0.3); padding-bottom: 5px;'>Detalles T\u00e9cnicos<\/h2>\n<div style='display: flex; flex-wrap: wrap; gap: 20px;'>\n<div style='flex: 1 1 250px; border: 1px solid rgba(150&comma; 150&comma; 150&comma; 0.4); border-radius: 8px; overflow: hidden; display: flex; flex-direction: column;'>\n<div style='padding: 15px; border-bottom: 1px solid rgba(150&comma; 150&comma; 150&comma; 0.2); font-weight: bold; font-size: 18px; color: inherit;'>Especificaciones<\/div>\n<div style='padding: 15px; color: inherit;'>\n<ul style='padding-left: 20px; margin: 0; font-size: 14px; list-style-type: disc;'>\n<li style='margin-bottom: 5px;'>Capacidades: 4 TB&comma; 8 TB&comma; 12 TB&comma; 16 TB&comma; 18 TB&comma; 20 TB<\/li>\n<li style='margin-bottom: 5px;'>Velocidad de rotaci\u00f3n: 7200 RPM<\/li>\n<li style='margin-bottom: 5px;'>Cach\u00e9: 256 MB o 512 MB<\/li>\n<li style='margin-bottom: 5px;'>Velocidad m\u00e1xima de transferencia de datos sostenida: 255 MB\/s a 281 MB\/s<\/li>\n<li style='margin-bottom: 5px;'>Consumo el\u00e9ctrico: 4.07 W a 9.29 W<\/li>\n<\/ul><\/div>\n<\/p><\/div>\n<div style='flex: 1 1 250px; border: 1px solid rgba(150&comma; 150&comma; 150&comma; 0.4); border-radius: 8px; overflow: hidden; display: flex; flex-direction: column;'>\n<div style='padding: 15px; border-bottom: 1px solid rgba(150&comma; 150&comma; 150&comma; 0.2); font-weight: bold; font-size: 18px; color: inherit;'>Interfaces y Conectividad<\/div>\n<div style='padding: 15px; color: inherit;'>\n<ul style='padding-left: 20px; margin: 0; font-size: 14px; list-style-type: disc;'>\n<li style='margin-bottom: 5px;'>Interfaz: SATA<\/li>\n<li style='margin-bottom: 5px;'>Velocidad de interfaz: 6.0 Gb\/s&comma; 3.0 Gb\/s&comma; 1.5 Gb\/s<\/li>\n<li style='margin-bottom: 5px;'>Tama\u00f1o del sector: 512e<\/li>\n<\/ul><\/div>\n<\/p><\/div>\n<\/p><\/div>\n<\/p><\/div>\n<div style='margin-bottom: 30px;'>\n<h2 style='font-size: 24px; font-weight: 600; color: inherit; margin-bottom: 20px; border-bottom: 2px solid rgba(150&comma;150&comma;150&comma;0.3); padding-bottom: 5px;'>Aplicaciones y Casos de Uso<\/h2>\n<div style='display: flex; flex-wrap: wrap; gap: 20px;'>\n<div style='flex: 1 1 250px; border: 1px solid rgba(150&comma; 150&comma; 150&comma; 0.4); border-radius: 8px; overflow: hidden; display: flex; flex-direction: column;'>\n<div style='padding: 15px; border-bottom: 1px solid rgba(150&comma; 150&comma; 150&comma; 0.2); font-weight: bold; font-size: 18px; color: inherit;'>Videovigilancia a Gran Escala<\/div>\n<div style='padding: 15px; color: inherit;'>\n<p style='margin: 0; font-size: 14px;'>Ideal para sistemas de videovigilancia que requieren almacenamiento masivo y alta fiabilidad.<\/p>\n<\/p><\/div>\n<\/p><\/div>\n<div style='flex: 1 1 250px; border: 1px solid rgba(150&comma; 150&comma; 150&comma; 0.4); border-radius: 8px; overflow: hidden; display: flex; flex-direction: column;'>\n<div style='padding: 15px; border-bottom: 1px solid rgba(150&comma; 150&comma; 150&comma; 0.2); font-weight: bold; font-size: 18px; color: inherit;'>Posproducci\u00f3n Multimedia<\/div>\n<div style='padding: 15px; color: inherit;'>\n<p style='margin: 0; font-size: 14px;'>Perfecto para entornos de posproducci\u00f3n que necesitan un rendimiento r\u00e1pido y consistente.<\/p>\n<\/p><\/div>\n<\/p><\/div>\n<div style='flex: 1 1 250px; border: 1px solid rgba(150&comma; 150&comma; 150&comma; 0.4); border-radius: 8px; overflow: hidden; display: flex; flex-direction: column;'>\n<div style='padding: 15px; border-bottom: 1px solid rgba(150&comma; 150&comma; 150&comma; 0.2); font-weight: bold; font-size: 18px; color: inherit;'>Servidores de Archivos Empresariales<\/div>\n<div style='padding: 15px; color: inherit;'>\n<p style='margin: 0; font-size: 14px;'>Dise\u00f1ado para entornos empresariales que requieren alta capacidad y fiabilidad.<\/p>\n<\/p><\/div>\n<\/p><\/div>\n<\/p><\/div>\n<\/p><\/div>\n<\/p><\/div>\n","protected":false},"excerpt":{"rendered":"<p>Disco Duro SATA de 3,5&#8243; Serie Enterprise HAT5300 | Capacidad de 4TB | 7200 RPM | Cach\u00e9 de 256 MB | MTBF 2.5 Millones de Horas | Carga de Trabajo 550 TB al A\u00f1o.<\/p>\n","protected":false},"featured_media":96878,"comment_status":"open","ping_status":"closed","template":"","meta":[],"product_brand":[],"product_cat":[2103],"product_tag":[2022,2065,1976],"class_list":{"0":"post-96879","1":"product","2":"type-product","3":"status-publish","4":"has-post-thumbnail","6":"product_cat-discos-duros-mecanicos-hdd-servidores-almacenamiento","7":"product_tag-discos-duros-mecanicos-hdd","8":"product_tag-servidores-almacenamiento","9":"product_tag-synology","11":"first","12":"outofstock","13":"sale","14":"shipping-taxable","15":"purchasable","16":"product-type-simple"},"_links":{"self":[{"href":"https:\/\/soydeaqui.ddns.net\/pachuca\/index.php\/wp-json\/wp\/v2\/product\/96879","targetHints":{"allow":["GET"]}}],"collection":[{"href":"https:\/\/soydeaqui.ddns.net\/pachuca\/index.php\/wp-json\/wp\/v2\/product"}],"about":[{"href":"https:\/\/soydeaqui.ddns.net\/pachuca\/index.php\/wp-json\/wp\/v2\/types\/product"}],"replies":[{"embeddable":true,"href":"https:\/\/soydeaqui.ddns.net\/pachuca\/index.php\/wp-json\/wp\/v2\/comments?post=96879"}],"wp:featuredmedia":[{"embeddable":true,"href":"https:\/\/soydeaqui.ddns.net\/pachuca\/index.php\/wp-json\/wp\/v2\/media\/96878"}],"wp:attachment":[{"href":"https:\/\/soydeaqui.ddns.net\/pachuca\/index.php\/wp-json\/wp\/v2\/media?parent=96879"}],"wp:term":[{"taxonomy":"product_brand","embeddable":true,"href":"https:\/\/soydeaqui.ddns.net\/pachuca\/index.php\/wp-json\/wp\/v2\/product_brand?post=96879"},{"taxonomy":"product_cat","embeddable":true,"href":"https:\/\/soydeaqui.ddns.net\/pachuca\/index.php\/wp-json\/wp\/v2\/product_cat?post=96879"},{"taxonomy":"product_tag","embeddable":true,"href":"https:\/\/soydeaqui.ddns.net\/pachuca\/index.php\/wp-json\/wp\/v2\/product_tag?post=96879"}],"curies":[{"name":"wp","href":"https:\/\/api.w.org\/{rel}","templated":true}]}}