{"id":96859,"date":"2026-03-20T08:32:04","date_gmt":"2026-03-20T08:32:04","guid":{"rendered":"https:\/\/soydeaqui.ddns.net\/pachuca\/index.php\/producto\/mini-domo-panovu-2-megapixel-1-ptz-4x-zoom-3-lentes-panoramicos-360-h-265-10-mts-ir-uso-en-interior-poe-dwdr-micro-sd\/"},"modified":"2026-03-20T08:32:05","modified_gmt":"2026-03-20T08:32:05","slug":"mini-domo-panovu-2-megapixel-1-ptz-4x-zoom-3-lentes-panoramicos-360-h-265-10-mts-ir-uso-en-interior-poe-dwdr-micro-sd","status":"publish","type":"product","link":"https:\/\/soydeaqui.ddns.net\/pachuca\/index.php\/producto\/mini-domo-panovu-2-megapixel-1-ptz-4x-zoom-3-lentes-panoramicos-360-h-265-10-mts-ir-uso-en-interior-poe-dwdr-micro-sd\/","title":{"rendered":"Mini Domo PanoVu 2 Megapixel \/ 1 PTZ 4X Zoom + 3 Lentes Panor\u00e1micos 360\u00b0 \/ H.265 \/ 10 mts IR \/ Uso en Interior \/ PoE+ \/ dWDR \/ Micro SD"},"content":{"rendered":"<div style='width: 100%; max-width: 1200px; margin: 0 auto; font-family: sans-serif; line-height: 1.6; color: inherit; background-color: transparent;'>\n<p style='text-align: center;'><img style='width: 45%; height: auto; border: 1px solid rgba(150&comma;150&comma;150&comma;0.3); border-radius: 8px;' src='https:\/\/ftp3.syscom.mx\/usuarios\/jsosa\/HIKVISION\/imagenes\/logo\/hikvision%20see%20far.png' alt='Logo Hikvision'><\/p>\n<div style='display: flex; flex-wrap: wrap; gap: 30px; margin-bottom: 30px;'>\n<div style='flex: 1 1 300px; min-width: 280px;'>\n<h3 style='font-size: 22px; border-bottom: 2px solid currentColor; padding-bottom: 5px; margin-top: 0; color: inherit; opacity: 0.8;'>Caracter\u00edsticas c\u00e1mara panor\u00e1mica<\/h3>\n<ul style='padding-left: 20px; font-size: 15px; color: inherit;'>\n<li style='margin-bottom: 5px;'><strong>Sensores:<\/strong> Three 1\/2.8&#8242; Scan Progresivo CMOS<\/li>\n<li style='margin-bottom: 5px;'><strong>Resoluci\u00f3n:<\/strong> 2 Megapixel (1920 x 1080)<\/li>\n<li style='margin-bottom: 5px;'><strong>Iluminaci\u00f3n M\u00ednima:<\/strong><\/li>\n<ul style='padding-left: 40px; margin-top: 5px; margin-bottom: 15px;'>\n<li style='margin-bottom: 5px;'><strong>Color:<\/strong> 0.05 Lux (F2.0&comma; AGC ON)<\/li>\n<li style='margin-bottom: 5px;'><strong>B\/W:<\/strong> 0.01 Lux (F2.0&comma; AGC ON)<\/li>\n<\/ul>\n<li style='margin-bottom: 5px;'><strong>D\u00eda \/ Noche:<\/strong> Real Filtro ICR<\/li>\n<li style='margin-bottom: 5px;'><strong>\u00c1ngulo de visi\u00f3n:<\/strong> 360\u00ba<\/li>\n<li style='margin-bottom: 5px;'><strong>Funciones:<\/strong> HLC \/ BLC \/ EIS \/ 3D DNR<\/li>\n<\/ul><\/div>\n<div style='flex: 1 1 300px; min-width: 280px;'>\n<h3 style='font-size: 22px; border-bottom: 2px solid currentColor; padding-bottom: 5px; margin-top: 0; color: inherit; opacity: 0.8;'>Caracter\u00edsticas c\u00e1mara PTZ<\/h3>\n<ul style='padding-left: 20px; font-size: 15px; color: inherit;'>\n<li style='margin-bottom: 5px;'><strong>Sensor:<\/strong> CMOS 1\/2.8&#8242; Scan Progresivo<\/li>\n<li style='margin-bottom: 5px;'><strong>Iluminaci\u00f3n M\u00ednima:<\/strong><\/li>\n<ul style='padding-left: 40px; margin-top: 5px; margin-bottom: 15px;'>\n<li style='margin-bottom: 5px;'><strong>Color:<\/strong> 0.05 Lux (F1.2&comma; AGC ON)<\/li>\n<li style='margin-bottom: 5px;'><strong>B\/N:<\/strong> 0.01 Lux (F1.2&comma; AGC ON)<\/li>\n<\/ul>\n<li style='margin-bottom: 5px;'><strong>D\u00eda \/ Noche:<\/strong> Real (Filtro ICR)<\/li>\n<li style='margin-bottom: 5px;'><strong>Zoom:<\/strong> 40X \u00f3ptico (2.8 &#8211; 12 mm) \/ 4X digital<\/li>\n<li style='margin-bottom: 5px;'><strong>Funciones:<\/strong> dWDR \/ HLC \/ BLC \/ EIS \/ 3D DNR<\/li>\n<li style='margin-bottom: 5px;'><strong>Funciones Smart:<\/strong> Detecci\u00f3n de intrusi\u00f3n \/ Detecci\u00f3n de cruce de l\u00ednea<\/li>\n<\/ul><\/div>\n<div style='flex: 1 1 300px; min-width: 280px;'>\n<h3 style='font-size: 22px; border-bottom: 2px solid currentColor; padding-bottom: 5px; margin-top: 0; color: inherit; opacity: 0.8;'>Caracter\u00edsticas F\u00edsicas y El\u00e9ctricas<\/h3>\n<ul style='padding-left: 20px; font-size: 15px; color: inherit;'>\n<li style='margin-bottom: 5px;'><strong>Alimentaci\u00f3n:<\/strong> 12 Vcc&comma; 2 Amper \/ PoE+ (802.3 at) \/ 24 W<\/li>\n<li style='margin-bottom: 5px;'><strong>Temperatura de operaci\u00f3n:<\/strong> -10\u00b0C a 50\u00b0C \/ Humedad al 90% m\u00e1ximo<\/li>\n<li style='margin-bottom: 5px;'><strong>Uso:<\/strong> Interior<\/li>\n<li style='margin-bottom: 5px;'><strong>Protecci\u00f3n:<\/strong> Contra sobretensiones y voltajes transitorios<\/li>\n<li style='margin-bottom: 5px;'><strong>Dimensiones:<\/strong> 183 x 133.2 mm<\/li>\n<li style='margin-bottom: 5px;'><strong>Peso:<\/strong> 0.9 grs<\/li>\n<li style='margin-bottom: 5px;'><strong>Accesorios:<\/strong><\/li>\n<ul style='padding-left: 40px; margin-top: 5px; margin-bottom: 15px;'>\n<li style='margin-bottom: 5px;'><a href='https:\/\/www.syscom.mx\/producto\/DS-1294ZJ-TRL-HIKVISION-156795.html' style='color: inherit; text-decoration: underline;'>Montaje de Techo para interior&comma; modelo: DS-1294ZJ-TRL<\/a><\/li>\n<li style='margin-bottom: 5px;'><a href='https:\/\/www.syscom.mx\/producto\/DS-1271ZJ-PT10-HIKVISION-159536.html' style='color: inherit; text-decoration: underline;' target='_blank' rel='noopener'>Montaje de Techo para interior&comma; modelo: DS-1271ZJ-PT10<\/a><\/li>\n<\/ul>\n<li style='margin-bottom: 5px;'><strong>Fuente:<\/strong> No incluye fuente de alimentaci\u00f3n<\/li>\n<\/ul><\/div>\n<\/p><\/div>\n<div style='display: flex; flex-wrap: wrap; gap: 20px; margin-bottom: 30px;'>\n<div style='flex: 1 1 250px; border: 1px solid rgba(150&comma; 150&comma; 150&comma; 0.4); border-radius: 8px; overflow: hidden; display: flex; flex-direction: column;'>\n<div style='padding: 15px; border-bottom: 1px solid rgba(150&comma; 150&comma; 150&comma; 0.2); font-weight: bold; font-size: 18px; color: inherit;'>PAN \/ TILT<\/div>\n<div style='padding: 15px; color: inherit;'>\n<ul style='padding-left: 20px; margin: 0; font-size: 14px; list-style-type: disc;'>\n<li style='margin-bottom: 5px;'><strong>Pan:<\/strong> 350\u00b0<\/li>\n<li style='margin-bottom: 5px;'><strong>Tilt:<\/strong> -0\u00b0~90\u00b0<\/li>\n<li style='margin-bottom: 5px;'><strong>Preset:<\/strong> 300 (No soporta patrol \/ pattern)<\/li>\n<li style='margin-bottom: 5px;'><strong>Tareas:<\/strong> Calendarizadas<\/li>\n<\/ul><\/div>\n<\/p><\/div>\n<div style='flex: 1 1 250px; border: 1px solid rgba(150&comma; 150&comma; 150&comma; 0.4); border-radius: 8px; overflow: hidden; display: flex; flex-direction: column;'>\n<div style='padding: 15px; border-bottom: 1px solid rgba(150&comma; 150&comma; 150&comma; 0.2); font-weight: bold; font-size: 18px; color: inherit;'>Interfaces<\/div>\n<div style='padding: 15px; color: inherit;'>\n<ul style='padding-left: 20px; margin: 0; font-size: 14px; list-style-type: disc;'>\n<li style='margin-bottom: 5px;'><strong>Red:<\/strong> RJ45 (10M \/ 100M)<\/li>\n<li style='margin-bottom: 5px;'><strong>Entrada de Audio:<\/strong> 1 puerto<\/li>\n<li style='margin-bottom: 5px;'><strong>Salida de Audio:<\/strong> 1 puerto<\/li>\n<li style='margin-bottom: 5px;'><strong>Entrada de Alarma:<\/strong> N\/A<\/li>\n<li style='margin-bottom: 5px;'><strong>Salida de Alarma:<\/strong> N\/A<\/li>\n<li style='margin-bottom: 5px;'><strong>Tarjeta de memoria:<\/strong> Micro SD\/SDHC\/SDXC hasta 256 GB (No incluida)<\/li>\n<li style='margin-bottom: 5px;'><strong>Conectividad:<\/strong> Hik-Connect<\/li>\n<li style='margin-bottom: 5px;'><strong>Usuarios:<\/strong> Hasta 32 simult\u00e1neos<\/li>\n<li style='margin-bottom: 5px;'><strong>Protocolo:<\/strong> ONVIF<\/li>\n<\/ul><\/div>\n<\/p><\/div>\n<\/p><\/div>\n<hr style='border: 0; border-top: 1px solid rgba(150&comma; 150&comma; 150&comma; 0.3); margin: 30px 0;'>\n<p style='text-align: center;'><img style='width: 100%; height: auto; border: 1px solid rgba(150&comma;150&comma;150&comma;0.3); border-radius: 8px;' src='https:\/\/ftp3.syscom.mx\/usuarios\/jsosa\/HIKVISION\/imagenes\/banners\/solution%20complete.png' alt='Banner Soluci\u00f3n Completa'><\/p>\n<\/p><\/div>\n","protected":false},"excerpt":{"rendered":"<p>Mini Domo PanoVu 2 Megapixel \/ 1 PTZ 4X Zoom + 3 Lentes Panor\u00e1micos 360\u00b0 \/ H.265 \/ 10 mts IR \/ Uso en Interior \/ PoE+ \/ dWDR \/ Micro SD<\/p>\n","protected":false},"featured_media":96858,"comment_status":"open","ping_status":"closed","template":"","meta":[],"product_brand":[],"product_cat":[2248],"product_tag":[122,2249,54],"class_list":{"0":"post-96859","1":"product","2":"type-product","3":"status-publish","4":"has-post-thumbnail","6":"product_cat-fisheye-y-hemisfericas","7":"product_tag-camaras-ip-y-nvrs","8":"product_tag-fisheye-y-hemisfericas","9":"product_tag-hikvision","11":"first","12":"outofstock","13":"sale","14":"shipping-taxable","15":"purchasable","16":"product-type-simple"},"_links":{"self":[{"href":"https:\/\/soydeaqui.ddns.net\/pachuca\/index.php\/wp-json\/wp\/v2\/product\/96859","targetHints":{"allow":["GET"]}}],"collection":[{"href":"https:\/\/soydeaqui.ddns.net\/pachuca\/index.php\/wp-json\/wp\/v2\/product"}],"about":[{"href":"https:\/\/soydeaqui.ddns.net\/pachuca\/index.php\/wp-json\/wp\/v2\/types\/product"}],"replies":[{"embeddable":true,"href":"https:\/\/soydeaqui.ddns.net\/pachuca\/index.php\/wp-json\/wp\/v2\/comments?post=96859"}],"wp:featuredmedia":[{"embeddable":true,"href":"https:\/\/soydeaqui.ddns.net\/pachuca\/index.php\/wp-json\/wp\/v2\/media\/96858"}],"wp:attachment":[{"href":"https:\/\/soydeaqui.ddns.net\/pachuca\/index.php\/wp-json\/wp\/v2\/media?parent=96859"}],"wp:term":[{"taxonomy":"product_brand","embeddable":true,"href":"https:\/\/soydeaqui.ddns.net\/pachuca\/index.php\/wp-json\/wp\/v2\/product_brand?post=96859"},{"taxonomy":"product_cat","embeddable":true,"href":"https:\/\/soydeaqui.ddns.net\/pachuca\/index.php\/wp-json\/wp\/v2\/product_cat?post=96859"},{"taxonomy":"product_tag","embeddable":true,"href":"https:\/\/soydeaqui.ddns.net\/pachuca\/index.php\/wp-json\/wp\/v2\/product_tag?post=96859"}],"curies":[{"name":"wp","href":"https:\/\/api.w.org\/{rel}","templated":true}]}}