{"id":96851,"date":"2026-03-20T08:31:45","date_gmt":"2026-03-20T08:31:45","guid":{"rendered":"https:\/\/soydeaqui.ddns.net\/pachuca\/index.php\/producto\/bateria-de-litio-12-8-vcc-9-ah-tecnologia-lifepo4-2000-ciclos-de-vida-para-uso-en-equipo-electronico-ups-litio-incendio-control-de-acceso-video-vigilancia-terminales-f1-incluye-adapt\/"},"modified":"2026-03-20T08:31:46","modified_gmt":"2026-03-20T08:31:46","slug":"bateria-de-litio-12-8-vcc-9-ah-tecnologia-lifepo4-2000-ciclos-de-vida-para-uso-en-equipo-electronico-ups-litio-incendio-control-de-acceso-video-vigilancia-terminales-f1-incluye-adapt","status":"publish","type":"product","link":"https:\/\/soydeaqui.ddns.net\/pachuca\/index.php\/producto\/bateria-de-litio-12-8-vcc-9-ah-tecnologia-lifepo4-2000-ciclos-de-vida-para-uso-en-equipo-electronico-ups-litio-incendio-control-de-acceso-video-vigilancia-terminales-f1-incluye-adapt\/","title":{"rendered":"Bater\u00eda de Litio 12.8 Vcc \/ 9 Ah \/ Tecnolog\u00eda LiFePO4 \/2000 Ciclos de Vida\/ Para uso en equipo electr\u00f3nico, UPS (litio) \/ Incendio\/ Control de acceso \/ Video Vigilancia \/ Terminales F1 ( Incluye adaptador para terminal F2 )"},"content":{"rendered":"<div style='width: 100%; max-width: 1200px; margin: 0 auto; font-family: sans-serif; line-height: 1.6; color: inherit; background-color: transparent;'> <!-- Advertencias importantes --> <\/p>\n<div style='display: flex; flex-wrap: wrap; gap: 30px; margin-bottom: 30px;'>\n<div style='flex: 1 1 300px; min-width: 280px;'>\n<h3 style='font-size: 22px; border-bottom: 2px solid currentColor; padding-bottom: 5px; margin-top: 0; color: inherit; opacity: 0.8;'>Advertencias Importantes<\/h3>\n<ul style='padding-left: 20px; font-size: 15px; color: inherit;'>\n<li style='margin-bottom: 5px;'>La carga y descarga de esta bater\u00eda de Litio (LiFePO<sub>4<\/sub>) se deber\u00e1 hacer respetando los par\u00e1metros en la especificaci\u00f3n del producto.<\/li>\n<li style='margin-bottom: 5px;'>Para sistemas de respaldo se recomienda utilizar fuentes que permitan la carga adecuada a litio o UPS con la misma funci\u00f3n<\/li>\n<\/ul><\/div>\n<\/p><\/div>\n<p> <!-- Especificaciones t\u00e9cnicas --> <\/p>\n<div style='display: flex; flex-wrap: wrap; gap: 20px; margin-bottom: 30px;'>\n<div style='flex: 1 1 250px; border: 1px solid rgba(150&comma; 150&comma; 150&comma; 0.4); border-radius: 8px; overflow: hidden; display: flex; flex-direction: column;'>\n<div style='padding: 15px; border-bottom: 1px solid rgba(150&comma; 150&comma; 150&comma; 0.2); font-weight: bold; font-size: 18px; color: inherit;'>Especificaciones T\u00e9cnicas<\/div>\n<div style='padding: 15px; color: inherit;'>\n<ul style='padding-left: 20px; margin: 0; font-size: 14px; list-style-type: disc;'>\n<li style='margin-bottom: 5px;'><strong>Capacidad:<\/strong> 9 Ah<\/li>\n<li style='margin-bottom: 5px;'><strong>Voltaje Nominal:<\/strong> 12.8 Vcc<\/li>\n<li style='margin-bottom: 5px;'><strong>Voltaje de Corte:<\/strong> 10 Vcc<\/li>\n<li style='margin-bottom: 5px;'><strong>Corriente de Descarga normal:<\/strong> 9 A<\/li>\n<li style='margin-bottom: 5px;'><strong>Corriente de Descarga M\u00e1xima:<\/strong> 9 A<\/li>\n<li style='margin-bottom: 5px;'><strong>Temperatura de Operaci\u00f3n:<\/strong> -20\u00b0C a +60\u00b0C<\/li>\n<li style='margin-bottom: 5px;'><strong>Peso:<\/strong> 1.1 kg<\/li>\n<li style='margin-bottom: 5px;'><strong>Dimensiones:<\/strong> 151 x 65 x 93.5 mm<\/li>\n<\/ul><\/div>\n<\/p><\/div>\n<p> <!-- Par\u00e1metros de carga --> <\/p>\n<div style='flex: 1 1 250px; border: 1px solid rgba(150&comma; 150&comma; 150&comma; 0.4); border-radius: 8px; overflow: hidden; display: flex; flex-direction: column;'>\n<div style='padding: 15px; border-bottom: 1px solid rgba(150&comma; 150&comma; 150&comma; 0.2); font-weight: bold; font-size: 18px; color: inherit;'>Par\u00e1metros de Carga<\/div>\n<div style='padding: 15px; color: inherit;'>\n<ul style='padding-left: 20px; margin: 0; font-size: 14px; list-style-type: disc;'>\n<li style='margin-bottom: 5px;'><strong>Modo de Carga:<\/strong> CC\/CV<\/li>\n<li style='margin-bottom: 5px;'><strong>Voltaje de Ciclo de Carga:<\/strong> 14.6 Vcc<\/li>\n<li style='margin-bottom: 5px;'><strong>Voltaje de Flotaci\u00f3n:<\/strong> 13.5 Vcc<\/li>\n<li style='margin-bottom: 5px;'><strong>Corriente de Carga:<\/strong> 4.5 A<\/li>\n<\/ul><\/div>\n<\/p><\/div>\n<p> <!-- Precauciones --> <\/p>\n<div style='flex: 1 1 250px; border: 1px solid rgba(150&comma; 150&comma; 150&comma; 0.4); border-radius: 8px; overflow: hidden; display: flex; flex-direction: column;'>\n<div style='padding: 15px; border-bottom: 1px solid rgba(150&comma; 150&comma; 150&comma; 0.2); font-weight: bold; font-size: 18px; color: inherit;'>Precauciones<\/div>\n<div style='padding: 15px; color: inherit;'>\n<ul style='padding-left: 20px; margin: 0; font-size: 14px; list-style-type: disc;'>\n<li style='margin-bottom: 5px;'>No haga corto entre terminales o invierta la polaridad<\/li>\n<li style='margin-bottom: 5px;'>No desensamble o modifique la bater\u00eda<\/li>\n<li style='margin-bottom: 5px;'>Mantenga la bater\u00eda lejos del alcance de los ni\u00f1os<\/li>\n<li style='margin-bottom: 5px;'>No exponga la bater\u00eda a temperaturas superiores a 60\u00b0C<\/li>\n<li style='margin-bottom: 5px;'>No utilizar en sistemas de arranque de Veh\u00edculos<\/li>\n<li style='margin-bottom: 5px;'>No hacer m\u00e1s de 2 paralelos<\/li>\n<li style='margin-bottom: 5px;'>No hacer m\u00e1s de 4 series<\/li>\n<li style='margin-bottom: 5px;'>No usar en m\u00e1s de 48 Vcc<\/li>\n<\/ul><\/div>\n<\/p><\/div>\n<\/p><\/div>\n<p> <!-- Soporte t\u00e9cnico --> <\/p>\n<div style='margin-top: 30px; padding: 20px; border-left: 4px solid rgba(0&comma; 123&comma; 255&comma; 0.6); background-color: rgba(0&comma; 123&comma; 255&comma; 0.05);'>\n<p style='margin: 0; font-weight: bold; color: inherit;'>Para soporte t\u00e9cnico comunicarse a nuestro departamento de Ingenier\u00eda<\/p>\n<\/p><\/div>\n<p> <!-- Separador --> <\/p>\n<hr style='border: 0; border-top: 1px solid rgba(150&comma; 150&comma; 150&comma; 0.3); margin: 30px 0;'> <\/div>\n","protected":false},"excerpt":{"rendered":"<p>Bater\u00eda de Litio 12.8 Vcc \/ 9 Ah \/ Tecnolog\u00eda LiFePO4 \/2000 Ciclos de Vida\/ Para uso en equipo electr\u00f3nico, UPS (litio) \/ Incendio\/ Control de acceso \/ Video Vigilancia \/ Terminales F1 ( Incluye adaptador para terminal F2 )<\/p>\n","protected":false},"featured_media":96850,"comment_status":"open","ping_status":"closed","template":"","meta":[],"product_brand":[],"product_cat":[1160],"product_tag":[143,142,435],"class_list":{"0":"post-96851","1":"product","2":"type-product","3":"status-publish","4":"has-post-thumbnail","6":"product_cat-baterias-energia-videovigilancia","7":"product_tag-baterias","8":"product_tag-energia","9":"product_tag-linkedpro-by-epcom","11":"first","12":"instock","13":"sale","14":"shipping-taxable","15":"purchasable","16":"product-type-simple"},"_links":{"self":[{"href":"https:\/\/soydeaqui.ddns.net\/pachuca\/index.php\/wp-json\/wp\/v2\/product\/96851","targetHints":{"allow":["GET"]}}],"collection":[{"href":"https:\/\/soydeaqui.ddns.net\/pachuca\/index.php\/wp-json\/wp\/v2\/product"}],"about":[{"href":"https:\/\/soydeaqui.ddns.net\/pachuca\/index.php\/wp-json\/wp\/v2\/types\/product"}],"replies":[{"embeddable":true,"href":"https:\/\/soydeaqui.ddns.net\/pachuca\/index.php\/wp-json\/wp\/v2\/comments?post=96851"}],"wp:featuredmedia":[{"embeddable":true,"href":"https:\/\/soydeaqui.ddns.net\/pachuca\/index.php\/wp-json\/wp\/v2\/media\/96850"}],"wp:attachment":[{"href":"https:\/\/soydeaqui.ddns.net\/pachuca\/index.php\/wp-json\/wp\/v2\/media?parent=96851"}],"wp:term":[{"taxonomy":"product_brand","embeddable":true,"href":"https:\/\/soydeaqui.ddns.net\/pachuca\/index.php\/wp-json\/wp\/v2\/product_brand?post=96851"},{"taxonomy":"product_cat","embeddable":true,"href":"https:\/\/soydeaqui.ddns.net\/pachuca\/index.php\/wp-json\/wp\/v2\/product_cat?post=96851"},{"taxonomy":"product_tag","embeddable":true,"href":"https:\/\/soydeaqui.ddns.net\/pachuca\/index.php\/wp-json\/wp\/v2\/product_tag?post=96851"}],"curies":[{"name":"wp","href":"https:\/\/api.w.org\/{rel}","templated":true}]}}