{"id":96842,"date":"2026-03-20T08:31:26","date_gmt":"2026-03-20T08:31:26","guid":{"rendered":"https:\/\/soydeaqui.ddns.net\/pachuca\/index.php\/producto\/dual-light-colorvu-3-0-hikai-bala-ip-6-megapixel-lente-2-8-mm-40-mts-ir-luz-blanca-2-microfonos-integrados-exterior-ip67-wdr-130-db-acusense-3-0-metal-nema-4x-acusearch\/"},"modified":"2026-03-20T08:31:26","modified_gmt":"2026-03-20T08:31:26","slug":"dual-light-colorvu-3-0-hikai-bala-ip-6-megapixel-lente-2-8-mm-40-mts-ir-luz-blanca-2-microfonos-integrados-exterior-ip67-wdr-130-db-acusense-3-0-metal-nema-4x-acusearch","status":"publish","type":"product","link":"https:\/\/soydeaqui.ddns.net\/pachuca\/index.php\/producto\/dual-light-colorvu-3-0-hikai-bala-ip-6-megapixel-lente-2-8-mm-40-mts-ir-luz-blanca-2-microfonos-integrados-exterior-ip67-wdr-130-db-acusense-3-0-metal-nema-4x-acusearch\/","title":{"rendered":"[Dual Light + ColorVu 3.0 + HikAI] Bala IP 6 Megapixel \/ Lente 2.8 mm \/ 40 mts IR + Luz Blanca \/ 2 Microfonos Integrados \/ Exterior IP67 \/  WDR 130 dB \/ ACUSENSE 3.0 \/ Metal \/ NEMA 4X \/ ACUSEARCH"},"content":{"rendered":"<div style='width: 100%; max-width: 1200px; margin: 0 auto; font-family: sans-serif; line-height: 1.6; color: inherit; background-color: transparent;'> <!-- Imagen principal --> <\/p>\n<div style='width: 100%; margin-bottom: 30px;'> <img style='width: 100%; height: auto; border: 1px solid rgba(150&comma;150&comma;150&comma;0.3); border-radius: 8px;' src='https:\/\/ftp3.syscom.mx\/usuarios\/ftp\/landingpage\/colorvu\/header.jpg' alt='Serie Pro con ColorVu 3.0'> <\/div>\n<p> <!-- Secci\u00f3n de introducci\u00f3n --> <\/p>\n<div style='display: flex; flex-wrap: wrap; gap: 30px; margin-bottom: 30px;'>\n<div style='flex: 1 1 300px; min-width: 280px;'>\n<p style='font-size: 15px; color: inherit; margin-top: 0;'>Hikvision presenta las nuevas C\u00e1maras de Red ColorVu 3.0&comma; con tecnolog\u00eda mejorada para un rendimiento visual excepcional. Incorpora AcuSense 3.0 con funciones inteligentes y Audio 2.0 para una comunicaci\u00f3n clara y eficiente.<\/p>\n<\/p><\/div>\n<\/p><\/div>\n<p> <!-- Secci\u00f3n de especificaciones --> <\/p>\n<div style='display: flex; flex-wrap: wrap; gap: 20px; margin-bottom: 30px;'> <!-- Caracter\u00edsticas principales --> <\/p>\n<div style='flex: 1 1 300px; min-width: 280px;'>\n<div style='border: 1px solid rgba(150&comma; 150&comma; 150&comma; 0.4); border-radius: 8px; overflow: hidden; display: flex; flex-direction: column;'>\n<div style='padding: 15px; border-bottom: 1px solid rgba(150&comma; 150&comma; 150&comma; 0.2); font-weight: bold; font-size: 18px; color: inherit; background-color: #df001e; color: white;'> Caracter\u00edsticas Principales: <\/div>\n<div style='padding: 15px; color: inherit;'>\n<ul style='padding-left: 20px; margin: 0; font-size: 14px; list-style-type: disc;'>\n<li style='margin-bottom: 5px;'><strong>Resoluci\u00f3n M\u00e1xima:<\/strong> 6 Megapixel (3200 x 1800)<\/li>\n<li style='margin-bottom: 5px;'><strong>Iluminaci\u00f3n m\u00ednima:<\/strong> 0.0005 Lux @ (F1.0&comma; AGC ON)<\/li>\n<li style='margin-bottom: 5px;'><strong>Lente fijo:<\/strong> 2.8mm (\u00c1ngulo de apertura 108.8\u00b0)<\/li>\n<li style='margin-bottom: 5px;'><strong>40 m de IR EXIR:<\/strong> (visi\u00f3n nocturna)<\/li>\n<li style='margin-bottom: 5px;'><strong>40 m de luz blanca:<\/strong> (ayuda a iluminar el sitio para mantener la imagen siempre a color)<\/li>\n<li style='margin-bottom: 5px;'><strong>WDR:<\/strong> 130 dB<\/li>\n<li style='margin-bottom: 5px;'><strong>Detecci\u00f3n:<\/strong> Movimiento \/ Cruce de l\u00ednea \/ Intrusi\u00f3n<\/li>\n<li style='margin-bottom: 5px;'><strong>Compatible:<\/strong> Plataforma Hik-Connect P2P <a href='https:\/\/appstore.hikvision.com\/' style='color: #232a6f; text-decoration: underline;' target='_blank' rel='noopener'>https:\/\/appstore.hikvision.com\/<\/a><\/li>\n<li style='margin-bottom: 5px;'><strong>Nota:<\/strong> No soporta audio de 2 v\u00edas<\/li>\n<\/ul><\/div>\n<\/p><\/div>\n<\/p><\/div>\n<p> <!-- Entradas y salidas --> <\/p>\n<div style='flex: 1 1 300px; min-width: 280px;'>\n<div style='border: 1px solid rgba(150&comma; 150&comma; 150&comma; 0.4); border-radius: 8px; overflow: hidden; display: flex; flex-direction: column;'>\n<div style='padding: 15px; border-bottom: 1px solid rgba(150&comma; 150&comma; 150&comma; 0.2); font-weight: bold; font-size: 18px; color: inherit; background-color: #df001e; color: white;'> Entradas y Salidas de Audio \/ Alarma \/ Red \/ Almacenamiento: <\/div>\n<div style='padding: 15px; color: inherit;'>\n<ul style='padding-left: 20px; margin: 0; font-size: 14px; list-style-type: disc;'>\n<li style='margin-bottom: 5px;'><strong>Entradas de alarma:<\/strong> N\/A<\/li>\n<li style='margin-bottom: 5px;'><strong>Salidas de alarma:<\/strong> N\/A<\/li>\n<li style='margin-bottom: 5px;'><strong>Entradas de audio:<\/strong> N\/A<\/li>\n<li style='margin-bottom: 5px;'><strong>Salidas de audio:<\/strong> N\/A<\/li>\n<li style='margin-bottom: 5px;'><strong>Micr\u00f3fono:<\/strong> Dual Integrado<\/li>\n<li style='margin-bottom: 5px;'><strong>Almacenamiento:<\/strong> Soporta micro SD 512 GB (no incluida)<\/li>\n<li style='margin-bottom: 5px;'><strong>Puerto de red:<\/strong> 1 (10 \/ 100 Mbps \/ PoE 802.3af)<\/li>\n<li style='margin-bottom: 5px;'><strong>Compatibilidad:<\/strong> ONVIF (PROFILE S&comma; G y T) \/ ISAPI&comma; SDK&comma; ISUP<\/li>\n<\/ul><\/div>\n<\/p><\/div>\n<\/p><\/div>\n<p> <!-- Caracter\u00edsticas f\u00edsicas --> <\/p>\n<div style='flex: 1 1 300px; min-width: 280px;'>\n<div style='border: 1px solid rgba(150&comma; 150&comma; 150&comma; 0.4); border-radius: 8px; overflow: hidden; display: flex; flex-direction: column;'>\n<div style='padding: 15px; border-bottom: 1px solid rgba(150&comma; 150&comma; 150&comma; 0.2); font-weight: bold; font-size: 18px; color: inherit; background-color: #df001e; color: white;'> Caracter\u00edsticas F\u00edsicas y El\u00e9ctricas: <\/div>\n<div style='padding: 15px; color: inherit;'>\n<ul style='padding-left: 20px; margin: 0; font-size: 14px; list-style-type: disc;'>\n<li style='margin-bottom: 5px;'><strong>Temperatura de Operaci\u00f3n:<\/strong> -30\u00b0C a 60\u00b0C<\/li>\n<li style='margin-bottom: 5px;'><strong>Alimentaci\u00f3n:<\/strong> 12Vcc \/ 5.4 Watts<\/li>\n<li style='margin-bottom: 5px;'><strong>PoE:<\/strong> Soporta 802.3af \/ 7 Watts<\/li>\n<li style='margin-bottom: 5px;'><strong>Protecci\u00f3n:<\/strong> Interior \/ Exterior IP67<\/li>\n<li style='margin-bottom: 5px;'><strong>Fabricaci\u00f3n:<\/strong> Metal<\/li>\n<li style='margin-bottom: 5px;'><strong>Color:<\/strong> Negro<\/li>\n<li style='margin-bottom: 5px;'><strong>Dimensiones:<\/strong> 74.4 x 176.3 mm<\/li>\n<li style='margin-bottom: 5px;'><strong>Peso:<\/strong> 530 gramos<\/li>\n<\/ul><\/div>\n<\/p><\/div>\n<\/p><\/div>\n<p> <!-- Accesorios --> <\/p>\n<div style='flex: 1 1 300px; min-width: 280px;'>\n<div style='border: 1px solid rgba(150&comma; 150&comma; 150&comma; 0.4); border-radius: 8px; overflow: hidden; display: flex; flex-direction: column;'>\n<div style='padding: 15px; border-bottom: 1px solid rgba(150&comma; 150&comma; 150&comma; 0.2); font-weight: bold; font-size: 18px; color: inherit; background-color: #df001e; color: white;'> Accesorios Opcionales: <\/div>\n<div style='padding: 15px; color: inherit;'>\n<ul style='padding-left: 20px; margin: 0; font-size: 14px; list-style-type: disc;'>\n<li style='margin-bottom: 5px;'><a href='https:\/\/ftp3.syscom.mx\/usuarios\/roberto.espino\/Specs\/Modelos%2006-25%20-%2007-25\/Especificaciones%20Tecnicas%20DS-2CD2067G3-LI2UY_20250620.pdf?_gl=1*10tuxj7*_gcl_au*MTc3NjMxMDk4MS4xNzUwMTgxMDMx' target='_blank' rel='noopener' style='color: #232a6f; text-decoration: underline;'>Consulte la ficha t\u00e9cnica para validar los accesorios compatibles<\/a><\/li>\n<\/ul><\/div>\n<\/p><\/div>\n<\/p><\/div>\n<\/p><\/div>\n<p> <!-- Secci\u00f3n de caracter\u00edsticas generales --> <\/p>\n<div style='display: flex; flex-wrap: wrap; gap: 30px; margin-bottom: 30px;'>\n<div style='flex: 1 1 300px; min-width: 280px;'>\n<div style='border: 1px solid rgba(150&comma; 150&comma; 150&comma; 0.4); border-radius: 8px; overflow: hidden; display: flex; flex-direction: column;'>\n<div style='padding: 15px; border-bottom: 1px solid rgba(150&comma; 150&comma; 150&comma; 0.2); font-weight: bold; font-size: 18px; color: inherit; background-color: #df001e; color: white;'> Caracter\u00edsticas Generales: <\/div>\n<div style='padding: 15px; color: inherit;'>\n<ul style='padding-left: 20px; margin: 0; font-size: 14px; list-style-type: disc;'>\n<li style='margin-bottom: 5px;'>Para utilizar la funci\u00f3n AcuSearch&comma; es necesario contar con un NVR compatible. Modelos soportados: series NX-K1(D)&comma; NXI-K2(D)&comma; NXI-I y NXI-M<\/li>\n<li style='margin-bottom: 5px;'>Compatible con la plataforma Hik-Connect para conexi\u00f3n r\u00e1pida y sencilla<\/li>\n<li style='margin-bottom: 5px;'>Soporta anal\u00edtico de ACUSENSE para eventos inteligentes con filtro de humano y veh\u00edculos<\/li>\n<li style='margin-bottom: 5px;'>Soporta tecnolog\u00eda Dual Light para imagen en B\/N con IR y color con luz blanca al detectar movimiento<\/li>\n<li style='margin-bottom: 5px;'>Soporta anal\u00edtico de cruce de l\u00ednea e intrusi\u00f3n de \u00e1rea<\/li>\n<li style='margin-bottom: 5px;'>Soporta anal\u00edtico de cambio de escena<\/li>\n<\/ul><\/div>\n<\/p><\/div>\n<\/p><\/div>\n<\/p><\/div>\n<p> <!-- Secci\u00f3n HikAI-ISP --> <\/p>\n<div style='display: flex; flex-wrap: wrap; gap: 30px; margin-bottom: 30px;'>\n<div style='flex: 1 1 300px; min-width: 280px;'>\n<h3 style='font-size: 22px; border-bottom: 2px solid currentColor; padding-bottom: 5px; margin-top: 0; color: inherit; opacity: 0.8;'>HikAI-ISP<\/h3>\n<ul style='padding-left: 20px; font-size: 15px; color: inherit;'>\n<li style='margin-bottom: 5px;'>La reducci\u00f3n de ruido por IA brinda un aumento en el brillo est\u00e1tico<\/li>\n<li style='margin-bottom: 5px;'>Potente soporte de ajuste de par\u00e1metros y proceso profesional de prueba de efectos<\/li>\n<li style='margin-bottom: 5px;'>La reducci\u00f3n din\u00e1mica de rastros de movimiento permite calidad de imagen cristalina en condiciones de poca luz<\/li>\n<\/ul><\/div>\n<\/p><\/div>\n<p> <!-- Video HikAI-ISP --> <\/p>\n<div style='width: 100%; margin-bottom: 30px;'>\n<div style='position: relative; padding-bottom: 56.25%; height: 0; overflow: hidden;'> <video style='position: absolute; top: 0; left: 0; width: 100%; height: 100%; border: none; border-radius: 8px;' muted controls><source src='https:\/\/ftp3.syscom.mx\/usuarios\/ftp\/landingpage\/hikvision\/colorvu30\/aiisp.mp4' type='video\/mp4'>Tu navegador no soporta el elemento de video.<\/video> <\/div>\n<\/p><\/div>\n<p> <!-- Imagen F1CERO --> <\/p>\n<div style='width: 100%; margin-bottom: 30px;'> <img style='width: 100%; height: auto; border: 1px solid rgba(150&comma;150&comma;150&comma;0.3); border-radius: 8px;' src='https:\/\/ftp3.syscom.mx\/usuarios\/ftp\/landingpage\/hikvision\/colorvu30\/F1.0-Super-Confocal-LenS.jpg' alt='F1CERO'> <\/div>\n<p> <!-- Secci\u00f3n F1.0 Super Confocal Lens --> <\/p>\n<div style='display: flex; flex-wrap: wrap; gap: 30px; margin-bottom: 30px;'>\n<div style='flex: 1 1 300px; min-width: 280px;'>\n<h3 style='font-size: 22px; border-bottom: 2px solid currentColor; padding-bottom: 5px; margin-top: 0; color: inherit; opacity: 0.8;'>F1.0 Super Confocal Lens<\/h3>\n<p style='font-size: 15px; color: inherit; margin-top: 0;'>Hikvision lidera la industria al lograr un efecto confocal delicado y complejo con un lente de gran apertura F1.0&comma; que garantiza im\u00e1genes igualmente n\u00edtidas tanto en luz IR como visible. El lente Super Confocal F1.0 est\u00e1 dise\u00f1ado con precisi\u00f3n a nivel de micras&comma; permitiendo un enfoque de nivel maestro e im\u00e1genes de alta definici\u00f3n duraderas.<\/p>\n<\/p><\/div>\n<\/p><\/div>\n<p> <!-- Video F1.0 Super Confocal Lens --> <\/p>\n<div style='width: 100%; margin-bottom: 30px;'>\n<div style='position: relative; padding-bottom: 56.25%; height: 0; overflow: hidden;'>   <\/div>\n<\/p><\/div>\n<p> <!-- Secci\u00f3n Smart Hybrid Light --> <\/p>\n<div style='display: flex; flex-wrap: wrap; gap: 30px; margin-bottom: 30px;'>\n<div style='flex: 1 1 300px; min-width: 280px;'>\n<h3 style='font-size: 22px; border-bottom: 2px solid currentColor; padding-bottom: 5px; margin-top: 0; color: inherit; opacity: 0.8;'>Smart Hybrid Light<\/h3>\n<p style='font-size: 15px; color: inherit; margin-top: 0;'>La iluminaci\u00f3n h\u00edbrida inteligente de Hikvision permite a los usuarios seleccionar el modo de iluminaci\u00f3n que mejor se adapte a sus necesidades: IR&comma; luz blanca o modo inteligente. En el modo inteligente&comma; las c\u00e1maras de red mantienen la iluminaci\u00f3n infrarroja hasta que un evento activa la imagen a color para capturar detalles cr\u00edticos.<\/p>\n<\/p><\/div>\n<\/p><\/div>\n<p> <!-- Imagen Smart Hybrid Light --> <\/p>\n<div style='width: 100%; margin-bottom: 30px;'> <img style='width: 100%; height: auto; border: 1px solid rgba(150&comma;150&comma;150&comma;0.3); border-radius: 8px;' src='https:\/\/ftp3.syscom.mx\/usuarios\/ftp\/landingpage\/hikvision\/colorvu30\/smart-hybrid-light02.jpg' alt='Smart Hybrid Light'> <\/div>\n<p> <!-- Secci\u00f3n 3D LUT Color Correction --> <\/p>\n<div style='display: flex; flex-wrap: wrap; gap: 30px; margin-bottom: 30px;'>\n<div style='flex: 1 1 300px; min-width: 280px;'>\n<h3 style='font-size: 22px; border-bottom: 2px solid currentColor; padding-bottom: 5px; margin-top: 0; color: inherit; opacity: 0.8;'>Correcci\u00f3n de Color 3D LUT y WDR con IA<\/h3>\n<p style='font-size: 15px; color: inherit; margin-top: 0;'>La calibraci\u00f3n precisa del color y la delicada combinaci\u00f3n de colores mejoran el brillo de la imagen con poca luz y restauran el color verdadero de las cosas&comma; haciendo que las im\u00e1genes nocturnas capturadas por las c\u00e1maras de seguridad sean tan brillantes como durante el d\u00eda.<\/p>\n<h4 style='font-size: 18px; margin-top: 20px; margin-bottom: 10px; color: inherit; opacity: 0.8;'>AI WDR<\/h4>\n<p style='font-size: 15px; color: inherit; margin-top: 0;'>El WDR mejorado con IA permite que las \u00e1reas brillantes de una imagen no est\u00e9n sobreexpuestas&comma; mientras que los detalles en las \u00e1reas oscuras no se pierdan. El WDR con IA permite que las c\u00e1maras determinen si activar o desactivar la funci\u00f3n WDR seg\u00fan el brillo del escenario&comma; sin necesidad de ajustes manuales.<\/p>\n<\/p><\/div>\n<\/p><\/div>\n<p> <!-- Imagen 3D LUT Color Correction --> <\/p>\n<div style='width: 100%; margin-bottom: 30px;'> <img style='width: 100%; height: auto; border: 1px solid rgba(150&comma;150&comma;150&comma;0.3); border-radius: 8px;' src='https:\/\/ftp3.syscom.mx\/usuarios\/ftp\/landingpage\/hikvision\/colorvu30\/3D-LUT-Color-Correction2.jpg' alt='Correcci\u00f3n de Color 3D LUT'> <\/div>\n<p> <!-- Secci\u00f3n AcuSense 3.0 --> <\/p>\n<div style='width: 100%; margin-bottom: 30px;'> <img style='width: 100%; height: auto; border: 1px solid rgba(150&comma;150&comma;150&comma;0.3); border-radius: 8px;' src='https:\/\/www.hikvision.com\/content\/dam\/hikvision\/en\/marketing\/image\/products\/ip-products\/pro-series-with-colorvu-3-0\/acusense.jpg' alt='AcuSense 3.0'> <\/div>\n<p> <!-- Videos AcuSense 3.0 --> <\/p>\n<div style='width: 100%; margin-bottom: 30px;'>\n<div style='position: relative; padding-bottom: 56.25%; height: 0; overflow: hidden; margin-bottom: 30px;'> <video style='position: absolute; top: 0; left: 0; width: 100%; height: 100%; border: none; border-radius: 8px;' muted controls><source src='https:\/\/ftp3.syscom.mx\/usuarios\/ftp\/landingpage\/hikvision\/colorvu30\/acusense.mp4' type='video\/mp4'>Tu navegador no soporta el elemento de video.<\/video> <\/div>\n<div style='position: relative; padding-bottom: 56.25%; height: 0; overflow: hidden;'> <video style='position: absolute; top: 0; left: 0; width: 100%; height: 100%; border: none; border-radius: 8px;' muted controls><source src='https:\/\/ftp3.syscom.mx\/usuarios\/ftp\/landingpage\/hikvision\/colorvu30\/AcuSense-960px.mp4' type='video\/mp4'>Tu navegador no soporta el elemento de video.<\/video> <\/div>\n<\/p><\/div>\n<p> <!-- Secci\u00f3n Audio 2.0 --> <\/p>\n<div style='width: 100%; margin-bottom: 30px; background-color: #eff3fe; padding: 20px; border-radius: 8px;'>\n<div style='display: flex; flex-wrap: wrap; gap: 30px;'>\n<div style='flex: 1 1 300px; min-width: 280px;'> <img style='width: 100%; height: auto; border: 1px solid rgba(150&comma;150&comma;150&comma;0.3); border-radius: 8px;' src='https:\/\/ftp3.syscom.mx\/usuarios\/ftp\/landingpage\/hikvision\/colorvu30\/audio-top.png' alt='Audio 2.0'> <\/div>\n<div style='flex: 1 1 300px; min-width: 280px;'>\n<h3 style='font-size: 22px; border-bottom: 2px solid currentColor; padding-bottom: 5px; margin-top: 0; color: inherit; opacity: 0.8;'>Voz Clara y M\u00e1s Potente<\/h3>\n<ul style='padding-left: 20px; font-size: 15px; color: inherit;'>\n<li style='margin-bottom: 5px;'>Sistema de altavoces de mayor potencia con Smart PA (Amplificador de Potencia Inteligente)<\/li>\n<li style='margin-bottom: 5px;'>Mejor efecto de advertencia para mejorar la disuasi\u00f3n de intrusos<\/li>\n<li style='margin-bottom: 5px;'>Audio bidireccional optimizado para comunicaci\u00f3n m\u00e1s eficiente<\/li>\n<\/ul><\/div>\n<\/p><\/div>\n<\/p><\/div>\n<p> <!-- Secci\u00f3n Calidad de Audio --> <\/p>\n<div style='width: 100%; margin-bottom: 30px; background-color: #eff3fe; padding: 20px; border-radius: 8px;'>\n<div style='display: flex; flex-wrap: wrap; gap: 30px;'>\n<div style='flex: 1 1 300px; min-width: 280px;'>\n<h3 style='font-size: 22px; border-bottom: 2px solid currentColor; padding-bottom: 5px; margin-top: 0; color: inherit; opacity: 0.8;'>Calidad de Audio Superior<\/h3>\n<ul style='padding-left: 20px; font-size: 15px; color: inherit;'>\n<li style='margin-bottom: 5px;'>Sistema de reducci\u00f3n de ruido avanzado para comunicaci\u00f3n m\u00e1s clara<\/li>\n<li style='margin-bottom: 5px;'>Mayor rango de cobertura de audio para vigilancia m\u00e1s efectiva<\/li>\n<li style='margin-bottom: 5px;'>Integraci\u00f3n perfecta con sistemas de seguridad existentes<\/li>\n<\/ul><\/div>\n<div style='flex: 1 1 300px; min-width: 280px;'> <img style='width: 100%; height: auto; border: 1px solid rgba(150&comma;150&comma;150&comma;0.3); border-radius: 8px;' src='https:\/\/ftp3.syscom.mx\/usuarios\/ftp\/landingpage\/hikvision\/colorvu30\/audiobottom2.png' alt='Audio 2.0 Adicional'> <\/div>\n<\/p><\/div>\n<\/p><\/div>\n<p> <!-- Separador final --> <\/p>\n<hr style='border: 0; border-top: 1px solid rgba(150&comma; 150&comma; 150&comma; 0.3); margin: 30px 0;'> <\/div>\n","protected":false},"excerpt":{"rendered":"<p>[Dual Light + ColorVu 3.0 + HikAI] Bala IP 6 Megapixel \/ Lente 2.8 mm \/ 40 mts IR + Luz Blanca \/ 2 Microfonos Integrados \/ Exterior IP67 \/  WDR 130 dB \/ ACUSENSE 3.0 \/ Metal \/ NEMA 4X \/ ACUSEARCH<\/p>\n","protected":false},"featured_media":96841,"comment_status":"open","ping_status":"closed","template":"","meta":[],"product_brand":[],"product_cat":[438],"product_tag":[439,122,54],"class_list":{"0":"post-96842","1":"product","2":"type-product","3":"status-publish","4":"has-post-thumbnail","6":"product_cat-bala","7":"product_tag-bala","8":"product_tag-camaras-ip-y-nvrs","9":"product_tag-hikvision","11":"first","12":"instock","13":"sale","14":"shipping-taxable","15":"purchasable","16":"product-type-simple"},"_links":{"self":[{"href":"https:\/\/soydeaqui.ddns.net\/pachuca\/index.php\/wp-json\/wp\/v2\/product\/96842","targetHints":{"allow":["GET"]}}],"collection":[{"href":"https:\/\/soydeaqui.ddns.net\/pachuca\/index.php\/wp-json\/wp\/v2\/product"}],"about":[{"href":"https:\/\/soydeaqui.ddns.net\/pachuca\/index.php\/wp-json\/wp\/v2\/types\/product"}],"replies":[{"embeddable":true,"href":"https:\/\/soydeaqui.ddns.net\/pachuca\/index.php\/wp-json\/wp\/v2\/comments?post=96842"}],"wp:featuredmedia":[{"embeddable":true,"href":"https:\/\/soydeaqui.ddns.net\/pachuca\/index.php\/wp-json\/wp\/v2\/media\/96841"}],"wp:attachment":[{"href":"https:\/\/soydeaqui.ddns.net\/pachuca\/index.php\/wp-json\/wp\/v2\/media?parent=96842"}],"wp:term":[{"taxonomy":"product_brand","embeddable":true,"href":"https:\/\/soydeaqui.ddns.net\/pachuca\/index.php\/wp-json\/wp\/v2\/product_brand?post=96842"},{"taxonomy":"product_cat","embeddable":true,"href":"https:\/\/soydeaqui.ddns.net\/pachuca\/index.php\/wp-json\/wp\/v2\/product_cat?post=96842"},{"taxonomy":"product_tag","embeddable":true,"href":"https:\/\/soydeaqui.ddns.net\/pachuca\/index.php\/wp-json\/wp\/v2\/product_tag?post=96842"}],"curies":[{"name":"wp","href":"https:\/\/api.w.org\/{rel}","templated":true}]}}