{"id":96816,"date":"2026-03-20T08:30:23","date_gmt":"2026-03-20T08:30:23","guid":{"rendered":"https:\/\/soydeaqui.ddns.net\/pachuca\/index.php\/producto\/riel-de-montaje-para-soporte-de-videowall-led-68-cm-fabricado-en-aluminio\/"},"modified":"2026-03-20T08:30:24","modified_gmt":"2026-03-20T08:30:24","slug":"riel-de-montaje-para-soporte-de-videowall-led-68-cm-fabricado-en-aluminio","status":"publish","type":"product","link":"https:\/\/soydeaqui.ddns.net\/pachuca\/index.php\/producto\/riel-de-montaje-para-soporte-de-videowall-led-68-cm-fabricado-en-aluminio\/","title":{"rendered":"RIEL DE MONTAJE PARA SOPORTE DE VIDEOWALL LED  68 CM, FABRICADO EN ALUMINIO"},"content":{"rendered":"<div style='width: 100%; max-width: 1200px; margin: 0 auto; font-family: sans-serif; line-height: 1.6; color: inherit; background-color: transparent;'> <!-- Banner principal --> <\/p>\n<div style='width: 100%; margin-bottom: 20px;'> <img style='width: 100%; height: auto; border: 1px solid rgba(150&comma;150&comma;150&comma;0.3); border-radius: 8px; display: block; margin: 0 auto;' src='https:\/\/ftp3.syscom.mx\/usuarios\/albamaria\/albamaria\/Epcomindustrial\/imagenes\/banner.png' alt=''> <\/div>\n<p> <!-- Imagen principal del producto --> <\/p>\n<div style='width: 100%; margin-bottom: 30px;'> <img style='width: 100%; height: auto; border: 1px solid rgba(150&comma;150&comma;150&comma;0.3); border-radius: 8px; display: block; margin: 0 auto;' src='https:\/\/ftp3.syscom.mx\/usuarios\/albamaria\/albamaria\/Epcomindustrial\/imagenes\/SDJH102\/GENERAL.png' alt=''> <\/div>\n<p> <!-- Secci\u00f3n de descripci\u00f3n general --> <\/p>\n<div style='width: 100%; margin-bottom: 30px;'>\n<div style='background-color: rgba(0&comma;0&comma;0&comma;0.03); border: 1px solid rgba(150&comma;150&comma;150&comma;0.3); border-radius: 8px; overflow: hidden;'>\n<div style='padding: 15px; border-bottom: 1px solid rgba(150&comma;150&comma;150&comma;0.2); font-weight: bold; font-size: 18px; color: inherit; background-color: #080808; color: #f7f9f9;'>Descripci\u00f3n General<\/div>\n<div style='padding: 15px; color: inherit;'>\n<p style='margin: 0; text-align: justify;'>Optimiza el espacio en tu comercio u oficina con nuestros sistemas de montaje para videowall. Dise\u00f1ados para ofrecer una visualizaci\u00f3n impecable desde cualquier \u00e1ngulo&comma; estos sistemas combinan funcionalidad y elegancia&comma; integr\u00e1ndose perfectamente en cualquier entorno.<\/p>\n<\/p><\/div>\n<\/p><\/div>\n<\/p><\/div>\n<p> <!-- Secci\u00f3n de caracter\u00edsticas --> <\/p>\n<div style='width: 100%; margin-bottom: 30px;'>\n<div style='background-color: rgba(0&comma;0&comma;0&comma;0.03); border: 1px solid rgba(150&comma;150&comma;150&comma;0.3); border-radius: 8px; overflow: hidden;'>\n<div style='padding: 15px; border-bottom: 1px solid rgba(150&comma;150&comma;150&comma;0.2); font-weight: bold; font-size: 18px; color: inherit; background-color: #080808; color: #f7f9f9;'>Caracter\u00edsticas Principales<\/div>\n<div style='padding: 15px; color: inherit;'>\n<p style='margin: 0; text-align: justify;'>Riel de aluminio de 680mm&comma; 1 pieza.<\/p>\n<\/p><\/div>\n<\/p><\/div>\n<\/p><\/div>\n<p> <!-- Secci\u00f3n de dimensiones --> <\/p>\n<div style='width: 100%; margin-bottom: 30px;'>\n<div style='background-color: rgba(0&comma;0&comma;0&comma;0.03); border: 1px solid rgba(150&comma;150&comma;150&comma;0.3); border-radius: 8px; overflow: hidden;'>\n<div style='padding: 15px; border-bottom: 1px solid rgba(150&comma;150&comma;150&comma;0.2); font-weight: bold; font-size: 18px; color: inherit; background-color: #080808; color: #f7f9f9;'>Dimensiones<\/div>\n<div style='padding: 15px; color: inherit;'>\n<div style='width: 100%;'> <img style='width: 100%; height: auto; border: 1px solid rgba(150&comma;150&comma;150&comma;0.3); border-radius: 8px; display: block; margin: 0 auto;' src='https:\/\/ftp3.syscom.mx\/usuarios\/albamaria\/albamaria\/Epcomindustrial\/imagenes\/SDJH102\/DIMENSIONES.png' alt=''> <\/div>\n<\/p><\/div>\n<\/p><\/div>\n<\/p><\/div>\n<p> <!-- Secci\u00f3n de armado y torniller\u00eda --> <\/p>\n<div style='width: 100%; margin-bottom: 30px;'>\n<div style='background-color: rgba(0&comma;0&comma;0&comma;0.03); border: 1px solid rgba(150&comma;150&comma;150&comma;0.3); border-radius: 8px; overflow: hidden;'>\n<div style='padding: 15px; border-bottom: 1px solid rgba(150&comma;150&comma;150&comma;0.2); font-weight: bold; font-size: 18px; color: inherit; background-color: #080808; color: #f7f9f9;'>Armado y Torniller\u00eda<\/div>\n<div style='padding: 15px; color: inherit;'>\n<div style='width: 100%;'> <img style='width: 100%; height: auto; border: 1px solid rgba(150&comma;150&comma;150&comma;0.3); border-radius: 8px; display: block; margin: 0 auto;' src='https:\/\/ftp3.syscom.mx\/usuarios\/albamaria\/albamaria\/Epcomindustrial\/imagenes\/SDJH102\/TORNILLERIA.png' alt=''> <\/div>\n<\/p><\/div>\n<\/p><\/div>\n<\/p><\/div>\n<\/p><\/div>\n","protected":false},"excerpt":{"rendered":"<p>RIEL DE MONTAJE PARA SOPORTE DE VIDEOWALL LED  68 CM, FABRICADO EN ALUMINIO<\/p>\n","protected":false},"featured_media":96815,"comment_status":"open","ping_status":"closed","template":"","meta":[],"product_brand":[],"product_cat":[2115],"product_tag":[93,181,2089],"class_list":{"0":"post-96816","1":"product","2":"type-product","3":"status-publish","4":"has-post-thumbnail","6":"product_cat-accesorios-monitores-pantallas-y-mobiliario","7":"product_tag-accesorios","8":"product_tag-epcom-industrial","9":"product_tag-monitores-pantallas-y-mobiliario","11":"first","12":"instock","13":"sale","14":"shipping-taxable","15":"purchasable","16":"product-type-simple"},"_links":{"self":[{"href":"https:\/\/soydeaqui.ddns.net\/pachuca\/index.php\/wp-json\/wp\/v2\/product\/96816","targetHints":{"allow":["GET"]}}],"collection":[{"href":"https:\/\/soydeaqui.ddns.net\/pachuca\/index.php\/wp-json\/wp\/v2\/product"}],"about":[{"href":"https:\/\/soydeaqui.ddns.net\/pachuca\/index.php\/wp-json\/wp\/v2\/types\/product"}],"replies":[{"embeddable":true,"href":"https:\/\/soydeaqui.ddns.net\/pachuca\/index.php\/wp-json\/wp\/v2\/comments?post=96816"}],"wp:featuredmedia":[{"embeddable":true,"href":"https:\/\/soydeaqui.ddns.net\/pachuca\/index.php\/wp-json\/wp\/v2\/media\/96815"}],"wp:attachment":[{"href":"https:\/\/soydeaqui.ddns.net\/pachuca\/index.php\/wp-json\/wp\/v2\/media?parent=96816"}],"wp:term":[{"taxonomy":"product_brand","embeddable":true,"href":"https:\/\/soydeaqui.ddns.net\/pachuca\/index.php\/wp-json\/wp\/v2\/product_brand?post=96816"},{"taxonomy":"product_cat","embeddable":true,"href":"https:\/\/soydeaqui.ddns.net\/pachuca\/index.php\/wp-json\/wp\/v2\/product_cat?post=96816"},{"taxonomy":"product_tag","embeddable":true,"href":"https:\/\/soydeaqui.ddns.net\/pachuca\/index.php\/wp-json\/wp\/v2\/product_tag?post=96816"}],"curies":[{"name":"wp","href":"https:\/\/api.w.org\/{rel}","templated":true}]}}