{"id":96801,"date":"2026-03-20T08:29:45","date_gmt":"2026-03-20T08:29:45","guid":{"rendered":"https:\/\/soydeaqui.ddns.net\/pachuca\/index.php\/producto\/ptz-ip-8-megapixel-25x-zoom-150-mts-ir-darkfighter-acusense-captura-facial-exterior-ip66-wdr-120-db-poe-alarmas-y-audio-i-o-micro-sd-metal-24-vca\/"},"modified":"2026-03-20T08:29:46","modified_gmt":"2026-03-20T08:29:46","slug":"ptz-ip-8-megapixel-25x-zoom-150-mts-ir-darkfighter-acusense-captura-facial-exterior-ip66-wdr-120-db-poe-alarmas-y-audio-i-o-micro-sd-metal-24-vca","status":"publish","type":"product","link":"https:\/\/soydeaqui.ddns.net\/pachuca\/index.php\/producto\/ptz-ip-8-megapixel-25x-zoom-150-mts-ir-darkfighter-acusense-captura-facial-exterior-ip66-wdr-120-db-poe-alarmas-y-audio-i-o-micro-sd-metal-24-vca\/","title":{"rendered":"PTZ IP 8 Megapixel \/ 25X Zoom \/ 150 mts IR \/ DARKFIGHTER \/ ACUSENSE \/ Captura Facial \/ Exterior IP66 \/ WDR 120 dB \/ PoE+ \/ Alarmas y Audio I\/O \/ Micro SD \/ Metal \/ 24 VCA"},"content":{"rendered":"<div style='width: 100%; max-width: 1200px; margin: 0 auto; font-family: sans-serif; line-height: 1.6; color: inherit; background-color: transparent;'> <!-- Logo --> <\/p>\n<div style='text-align: center; margin-bottom: 30px;'> <img style='width: 100%; height: auto; max-width: 583px; border: 1px solid rgba(150&comma;150&comma;150&comma;0.3); border-radius: 8px;' src='https:\/\/ftp3.syscom.mx\/usuarios\/jsosa\/HIKVISION\/imagenes\/logo\/hikvision%20see%20far.png' alt='Logo Hikvision'> <\/div>\n<p> <!-- Grid principal --> <\/p>\n<div style='display: flex; flex-wrap: wrap; gap: 30px;'> <!-- Columna izquierda --> <\/p>\n<div style='flex: 1 1 300px; min-width: 280px;'> <!-- Caracter\u00edsticas Principales --> <\/p>\n<div style='border: 1px solid rgba(150&comma; 150&comma; 150&comma; 0.4); border-radius: 8px; overflow: hidden; margin-bottom: 20px;'>\n<div style='padding: 15px; border-bottom: 1px solid rgba(150&comma; 150&comma; 150&comma; 0.2); font-weight: bold; font-size: 18px; background-color: #df001e; color: white; border-bottom: 1px solid #a80000;'>Caracter\u00edsticas Principales:<\/div>\n<div style='padding: 15px; color: inherit;'>\n<ul style='padding-left: 20px; margin: 0; font-size: 14px; list-style-type: disc;'>\n<li style='margin-bottom: 5px;'><span style='font-family: verdana&comma; geneva&comma; sans-serif;'>Sensor CMOS 1\/2.8\u201d scan progresivo (High performance).<\/span><\/li>\n<li style='margin-bottom: 5px;'><span style='font-family: verdana&comma; geneva&comma; sans-serif;'>Resoluci\u00f3n 8 Megapixel (3840 x 2160).<\/span><\/li>\n<li style='margin-bottom: 5px;'><span style='font-family: verdana&comma; geneva&comma; sans-serif;'>Funci\u00f3n D\u00eda\/Noche Real.<\/span><\/li>\n<li style='margin-bottom: 5px;'><span style='font-family: verdana&comma; geneva&comma; sans-serif;'>Distancia del IR: 150 mts con Smart IR<\/span><\/li>\n<li style='margin-bottom: 5px;'><span style='font-family: verdana&comma; geneva&comma; sans-serif;'>Iluminaci\u00f3n m\u00ednima a color 0.005 Lux (F1.5&comma; AGC ON).<\/span><\/li>\n<li style='margin-bottom: 5px;'><span style='font-family: verdana&comma; geneva&comma; sans-serif;'>Distancia focal de 5.9 a 147.5 mm (25X zoom optico \/ 16X digital).<\/span><\/li>\n<\/ul><\/div>\n<\/p><\/div>\n<p> <!-- Entradas y Salidas --> <\/p>\n<div style='border: 1px solid rgba(150&comma; 150&comma; 150&comma; 0.4); border-radius: 8px; overflow: hidden; margin-bottom: 20px;'>\n<div style='padding: 15px; border-bottom: 1px solid rgba(150&comma; 150&comma; 150&comma; 0.2); font-weight: bold; font-size: 18px; background-color: #df001e; color: white; border-bottom: 1px solid #a80000;'>Entradas y Salidas de Audio \/ Alarmas \/ Red \/ Almacenamiento:<\/div>\n<div style='padding: 15px; color: inherit;'>\n<ul style='padding-left: 20px; margin: 0; font-size: 14px; list-style-type: disc;'>\n<li style='margin-bottom: 5px;'><span style='font-family: verdana&comma; geneva&comma; sans-serif;'>Entrada de alarmas: 2.<\/span><\/li>\n<li style='margin-bottom: 5px;'><span style='font-family: verdana&comma; geneva&comma; sans-serif;'>Salida de alarmas: 1.<\/span><\/li>\n<li style='margin-bottom: 5px;'><span style='font-family: verdana&comma; geneva&comma; sans-serif;'>Entrada de audio: 1.<\/span><\/li>\n<li style='margin-bottom: 5px;'><span style='font-family: verdana&comma; geneva&comma; sans-serif;'>Salida de audio: 1.<\/span><\/li>\n<li style='margin-bottom: 5px;'><span style='font-family: verdana&comma; geneva&comma; sans-serif;'>Soporta memoria micro SD de hasta 512 GB (no inccluido).<\/span><\/li>\n<\/ul><\/div>\n<\/p><\/div>\n<p> <!-- Caracter\u00edsticas Destacadas --> <\/p>\n<div style='border: 1px solid rgba(150&comma; 150&comma; 150&comma; 0.4); border-radius: 8px; overflow: hidden;'>\n<div style='padding: 15px; border-bottom: 1px solid rgba(150&comma; 150&comma; 150&comma; 0.2); font-weight: bold; font-size: 18px; background-color: #df001e; color: white; border-bottom: 1px solid #a80000;'>Caracter\u00edsticas Destacadas:<\/div>\n<div style='padding: 15px; color: inherit;'>\n<ul style='padding-left: 20px; margin: 0; font-size: 14px; list-style-type: disc;'>\n<li style='margin-bottom: 5px;'><span style='font-family: verdana&comma; geneva&comma; sans-serif;'>Captura Facial: Podemos tener reconocimiento facial (base de datos) si usamos un NVR que soporte la funci\u00f3n de reconocimiento facial (NXI-K \/ NXI-M).<\/span><\/li>\n<li style='margin-bottom: 5px;'><span style='font-family: verdana&comma; geneva&comma; sans-serif;'>Protecci\u00f3n perimetral (ACUSENSE): Permite evitar falsas alarmas ocasionadas por los movimientos de pixeles como son las ramas de \u00e1rboles&comma; movimiento de cortinas&comma; lluvias&comma; etc&#8230;<\/span><\/li>\n<\/ul><\/div>\n<\/p><\/div>\n<\/p><\/div>\n<p> <!-- Columna derecha --> <\/p>\n<div style='flex: 1 1 300px; min-width: 280px;'> <!-- Caracter\u00edsticas F\u00edsicas y El\u00e9ctricas --> <\/p>\n<div style='border: 1px solid rgba(150&comma; 150&comma; 150&comma; 0.4); border-radius: 8px; overflow: hidden; margin-bottom: 20px;'>\n<div style='padding: 15px; border-bottom: 1px solid rgba(150&comma; 150&comma; 150&comma; 0.2); font-weight: bold; font-size: 18px; background-color: #df001e; color: white; border-bottom: 1px solid #a80000;'>Caracter\u00edsticas F\u00edsicas y El\u00e9ctricas:<\/div>\n<div style='padding: 15px; color: inherit;'>\n<ul style='padding-left: 20px; margin: 0; font-size: 14px; list-style-type: disc;'>\n<li style='margin-bottom: 5px;'><span style='font-family: verdana&comma; geneva&comma; sans-serif;'>Protecci\u00f3n contra picos de corriente y descargas atmosf\u00e9ricas.<\/span><\/li>\n<li style='margin-bottom: 5px;'><span style='font-family: verdana&comma; geneva&comma; sans-serif;'>Temperatura de Operaci\u00f3n: -30 ~ 65\u00baC.<\/span><\/li>\n<li style='margin-bottom: 5px;'><span style='font-family: verdana&comma; geneva&comma; sans-serif;'>El PTZ incluye brazo de pared (<strong><a href='https:\/\/www.syscom.mx\/producto\/DS-1602ZJ-HIKVISION-77700.html' target='_blank' rel='noopener' style='color: inherit; text-decoration: underline;'>DS-1602ZJ<\/a><\/strong>).<\/span><\/li>\n<li style='margin-bottom: 5px;'><span style='font-family: verdana&comma; geneva&comma; sans-serif;'>Alimentaci\u00f3n: 24 VCA (Fuente no incluida) \/ PoE+.<\/span><\/li>\n<li style='margin-bottom: 5px;'><span style='font-family: verdana&comma; geneva&comma; sans-serif;'>Consumo electrico: 30 W (IR encendido).<\/span><\/li>\n<li style='margin-bottom: 5px;'><span style='font-family: verdana&comma; geneva&comma; sans-serif;'>Dimensiones: 210 x 344.7 mm.<\/span><\/li>\n<li style='margin-bottom: 5px;'><span style='font-family: verdana&comma; geneva&comma; sans-serif;'>Peso: 3.0 Kg.<\/span><\/li>\n<\/ul><\/div>\n<\/p><\/div>\n<p> <!-- Accesorios Opcionales --> <\/p>\n<div style='border: 1px solid rgba(150&comma; 150&comma; 150&comma; 0.4); border-radius: 8px; overflow: hidden;'>\n<div style='padding: 15px; border-bottom: 1px solid rgba(150&comma; 150&comma; 150&comma; 0.2); font-weight: bold; font-size: 18px; background-color: #df001e; color: white; border-bottom: 1px solid #a80000;'>Accesorios Opcionales:<\/div>\n<div style='padding: 15px; color: inherit;'>\n<ul style='padding-left: 20px; margin: 0; font-size: 14px; list-style-type: disc;'>\n<li style='margin-bottom: 5px; line-height: 1.5;'><span style='font-family: verdana&comma; geneva&comma; sans-serif;'>Montaje de techo tipo tubo&comma; modelo:<\/span> <a href='https:\/\/www.syscom.mx\/producto\/DS-1661ZJ-HIKVISION-69425.html' target='_blank' rel='noopener' style='color: inherit; text-decoration: underline;'>DS-1661ZJ<\/a><\/li>\n<li style='margin-bottom: 5px; line-height: 1.5;'><span style='font-family: verdana&comma; geneva&comma; sans-serif;'>Montaje de poste&comma; modelo:<\/span> <a href='https:\/\/www.syscom.mx\/producto\/DS-1604ZJ-POLE-HIKVISION-175737.html' target='_blank' rel='noopener' style='color: inherit; text-decoration: underline;'>DS-1604ZJ-POLE<\/a><\/li>\n<li style='margin-bottom: 5px; line-height: 1.5;'><span style='font-family: verdana&comma; geneva&comma; sans-serif;'>Montaje de pared con caja de conexion&comma; modelo:<\/span> <a href='https:\/\/www.syscom.mx\/producto\/DS-1604ZJ-BOX-POLE-HIKVISION-158618.html' target='_blank' rel='noopener' style='color: inherit; text-decoration: underline;'>DS-1604ZJ-BOX-POLE<\/a><\/li>\n<li style='margin-bottom: 5px; line-height: 1.5;'><span style='font-family: verdana&comma; geneva&comma; sans-serif;'>Montaje de techo sin tubo de extension&comma; modelo:<\/span> <a href='https:\/\/www.syscom.mx\/producto\/DS-1663ZJ-HIKVISION-75318.html' target='_blank' rel='noopener' style='color: inherit; text-decoration: underline;'>DS-1663ZJ<\/a><\/li>\n<li style='margin-bottom: 5px; line-height: 1.5;'><span style='font-family: verdana&comma; geneva&comma; sans-serif;'>Montaje tipo ganzo&comma; modelo:<\/span> <a href='https:\/\/www.syscom.mx\/producto\/DS-1619ZJ-HIKVISION-84690.html' target='_blank' rel='noopener' style='color: inherit; text-decoration: underline;'>DS-1619ZJ<\/a><\/li>\n<li style='margin-bottom: 5px; line-height: 1.5;'><span style='font-family: verdana&comma; geneva&comma; sans-serif;'>Montaje parapeto sobre pared&comma; modelo:<\/span> <a href='https:\/\/www.syscom.mx\/producto\/DS-1660ZJ-HIKVISION-82609.html' target='_blank' rel='noopener' style='color: inherit; text-decoration: underline;'>DS-1660ZJ<\/a><\/li>\n<li style='margin-bottom: 5px; line-height: 1.5;'><span style='font-family: verdana&comma; geneva&comma; sans-serif;'>Montaje de pared para exterior&comma; modelo: <a href='https:\/\/www.syscom.mx\/producto\/DS-1604ZJ-BOX-HIKVISION-190298.html' target='_blank' rel='noopener' style='color: inherit; text-decoration: underline;'>DS-1604ZJ-BOX<\/a><\/span><\/li>\n<li style='margin-bottom: 5px; line-height: 1.5;'><span style='font-family: verdana&comma; geneva&comma; sans-serif;'>Montaje de techo tipo tubo&comma; modelo:<\/span> <a href='https:\/\/www.syscom.mx\/producto\/DS-1662ZJ-HIKVISION-69426.html' target='_blank' rel='noopener' style='color: inherit; text-decoration: underline;'>DS-1662ZJ<\/a><\/li>\n<li style='margin-bottom: 5px; line-height: 1.5;'><span style='font-family: verdana&comma; geneva&comma; sans-serif;'>Joystick USB&comma; modelo: <a href='https:\/\/www.syscom.mx\/producto\/DS-1005KI-HIKVISION-74492.html' target='_blank' rel='noopener' style='color: inherit; text-decoration: underline;'>DS-1005KI<\/a><\/span><\/li>\n<li style='margin-bottom: 5px; line-height: 1.5;'><span style='font-family: verdana&comma; geneva&comma; sans-serif;'>Montaje de esquina con caja de conexion&comma; modelo:<\/span> <a href='https:\/\/www.syscom.mx\/producto\/DS-1604ZJ-BOX-CORNER-HIKVISION-201010.html' target='_blank' rel='noopener' style='color: inherit; text-decoration: underline;'>DS-1604ZJ-BOX-CORNER<\/a><\/li>\n<li style='margin-bottom: 5px; line-height: 1.5;'><span style='font-family: verdana&comma; geneva&comma; sans-serif;'>Montaje de pared para exterior&comma; modelo: <a href='https:\/\/www.syscom.mx\/producto\/DS-1604ZJ-HIKVISION-157288.html' target='_blank' rel='noopener' style='color: inherit; text-decoration: underline;'>DS-1604ZJ<\/a><\/span><\/li>\n<li style='margin-bottom: 5px; line-height: 1.5;'><span style='font-family: verdana&comma; geneva&comma; sans-serif;'>Montaje de domo&comma; modelo:<\/span> <a href='https:\/\/www.syscom.mx\/producto\/DS-1681ZJ-HIKVISION-205961.html' target='_blank' rel='noopener' style='color: inherit; text-decoration: underline;'>DS-1681ZJ<\/a><\/li>\n<\/ul><\/div>\n<\/p><\/div>\n<\/p><\/div>\n<\/p><\/div>\n<p> <!-- Imagen final --> <\/p>\n<div style='margin-top: 30px; text-align: center;'> <img style='width: 100%; height: auto; border: 1px solid rgba(150&comma;150&comma;150&comma;0.3); border-radius: 8px; max-width: 1200px;' src='https:\/\/ftp3.syscom.mx\/usuarios\/jsosa\/HIKVISION\/imagenes\/banners\/solution%20complete.png' alt='Banner Hikvision'> <\/div>\n<\/p><\/div>\n","protected":false},"excerpt":{"rendered":"<p>PTZ IP 8 Megapixel \/ 25X Zoom \/ 150 mts IR \/ DARKFIGHTER \/ ACUSENSE \/ Captura Facial \/ Exterior IP66 \/ WDR 120 dB \/ PoE+ \/ Alarmas y Audio I\/O \/ Micro SD \/ Metal \/ 24 VCA<\/p>\n","protected":false},"featured_media":96800,"comment_status":"open","ping_status":"closed","template":"","meta":[],"product_brand":[],"product_cat":[1224],"product_tag":[122,54,1225],"class_list":{"0":"post-96801","1":"product","2":"type-product","3":"status-publish","4":"has-post-thumbnail","6":"product_cat-ptz","7":"product_tag-camaras-ip-y-nvrs","8":"product_tag-hikvision","9":"product_tag-ptz","11":"first","12":"instock","13":"sale","14":"shipping-taxable","15":"purchasable","16":"product-type-simple"},"_links":{"self":[{"href":"https:\/\/soydeaqui.ddns.net\/pachuca\/index.php\/wp-json\/wp\/v2\/product\/96801","targetHints":{"allow":["GET"]}}],"collection":[{"href":"https:\/\/soydeaqui.ddns.net\/pachuca\/index.php\/wp-json\/wp\/v2\/product"}],"about":[{"href":"https:\/\/soydeaqui.ddns.net\/pachuca\/index.php\/wp-json\/wp\/v2\/types\/product"}],"replies":[{"embeddable":true,"href":"https:\/\/soydeaqui.ddns.net\/pachuca\/index.php\/wp-json\/wp\/v2\/comments?post=96801"}],"wp:featuredmedia":[{"embeddable":true,"href":"https:\/\/soydeaqui.ddns.net\/pachuca\/index.php\/wp-json\/wp\/v2\/media\/96800"}],"wp:attachment":[{"href":"https:\/\/soydeaqui.ddns.net\/pachuca\/index.php\/wp-json\/wp\/v2\/media?parent=96801"}],"wp:term":[{"taxonomy":"product_brand","embeddable":true,"href":"https:\/\/soydeaqui.ddns.net\/pachuca\/index.php\/wp-json\/wp\/v2\/product_brand?post=96801"},{"taxonomy":"product_cat","embeddable":true,"href":"https:\/\/soydeaqui.ddns.net\/pachuca\/index.php\/wp-json\/wp\/v2\/product_cat?post=96801"},{"taxonomy":"product_tag","embeddable":true,"href":"https:\/\/soydeaqui.ddns.net\/pachuca\/index.php\/wp-json\/wp\/v2\/product_tag?post=96801"}],"curies":[{"name":"wp","href":"https:\/\/api.w.org\/{rel}","templated":true}]}}