{"id":96787,"date":"2026-03-20T08:29:09","date_gmt":"2026-03-20T08:29:09","guid":{"rendered":"https:\/\/soydeaqui.ddns.net\/pachuca\/index.php\/producto\/relevador-rs-485-para-control-de-puerta-proteccion-contra-vandalismo-compatible-con-frente-de-calle-akuvox-agrega-una-puerta-al-frente-de-calle-comunicacion-encriptada-compacto-instalacion\/"},"modified":"2026-03-20T08:29:19","modified_gmt":"2026-03-20T08:29:19","slug":"relevador-rs-485-para-control-de-puerta-proteccion-contra-vandalismo-compatible-con-frente-de-calle-akuvox-agrega-una-puerta-al-frente-de-calle-comunicacion-encriptada-compacto-instalacion","status":"publish","type":"product","link":"https:\/\/soydeaqui.ddns.net\/pachuca\/index.php\/producto\/relevador-rs-485-para-control-de-puerta-proteccion-contra-vandalismo-compatible-con-frente-de-calle-akuvox-agrega-una-puerta-al-frente-de-calle-comunicacion-encriptada-compacto-instalacion\/","title":{"rendered":"Relevador RS-485 Para Control de Puerta \/ Protecci\u00f3n Contra Vandalismo \/ Compatible Con Frente de Calle AKUVOX \/ Agrega Una Puerta al Frente de Calle \/ Comunicaci\u00f3n Encriptada \/ Compacto \/ Instalaci\u00f3n en Cajas Est\u00e1ndar"},"content":{"rendered":"<div style='width: 100%; max-width: 1200px; margin: 0 auto; font-family: sans-serif; line-height: 1.6; color: inherit; background-color: transparent;'>\n<div style='width: 100%; background: linear-gradient(55deg&comma; #CCD0FA 0%&comma; #0212AA 100%); border-bottom: 6px solid #0212AA; border-left: 6px solid #CCD0FA; border-right: 6px solid #0212AA; display: flex; flex-direction: column; align-items: center; padding: 20px; margin-bottom: 30px;'> <img style='width: 450px; height: 150px; margin-bottom: 8px; margin-left: auto; margin-right: auto; border: 1px solid rgba(150&comma;150&comma;150&comma;0.3); border-radius: 8px;' src='https:\/\/shop.domo-supply.com\/img\/m\/126.jpg' alt=''> <\/p>\n<h2 style='color: darkslategray; font-size: 18px; font-family: Franklin Gothic; text-align: center; margin: 0; padding: 0;'><span style='font-family: Franklin Gothic;'>M\u00d3DULO DE I\/O PARA CONTROL DE PUERTA \/ COMUNICACI\u00d3N ENCRIPTADA \/ USO INTERIOR \/ TAMA\u00d1O COMPACTO \/ INSTALACI\u00d3N EN CAJAS EST\u00c1NDAR \/ TEMPERATURA DE TRABAJO: -20\u00b0C ~ +60\u00b0C<\/span><\/h2>\n<\/p><\/div>\n<div style='display: flex; flex-wrap: wrap; gap: 30px; margin-bottom: 30px;'>\n<div style='flex: 1 1 300px; min-width: 280px;'>\n<h3 style='font-size: 22px; border-bottom: 2px solid currentColor; padding-bottom: 5px; margin-top: 0; color: inherit; opacity: 0.8;'>Caracter\u00edsticas Principales<\/h3>\n<ul style='padding-left: 20px; font-size: 15px; color: inherit;'>\n<li style='margin-bottom: 5px;'>Entorno: Interior<\/li>\n<li style='margin-bottom: 5px;'>Cubierta: Pl\u00e1stico<\/li>\n<li style='margin-bottom: 5px;'>Dimensiones: 31x56x24 mm<\/li>\n<li style='margin-bottom: 5px;'>Humedad de Trabajo: 10~90%<\/li>\n<li style='margin-bottom: 5px;'>Temperatura de Trabajo: -20\u00b0C ~ +60\u00b0C<\/li>\n<\/ul><\/div>\n<div style='flex: 1 1 300px; min-width: 280px;'>\n<h3 style='font-size: 22px; border-bottom: 2px solid currentColor; padding-bottom: 5px; margin-top: 0; color: inherit; opacity: 0.8;'>Funcionalidades<\/h3>\n<ul style='padding-left: 20px; font-size: 15px; color: inherit;'>\n<li style='margin-bottom: 5px;'>Control seguro de puerta v\u00eda comunicaci\u00f3n encriptada<\/li>\n<li style='margin-bottom: 5px;'>Corte de la conexi\u00f3n al intento de vandalismo<\/li>\n<\/ul><\/div>\n<\/p><\/div>\n<div style='display: flex; flex-wrap: wrap; gap: 30px; margin-bottom: 30px;'>\n<div style='flex: 1 1 300px; min-width: 280px;'>\n<h3 style='font-size: 22px; border-bottom: 2px solid currentColor; padding-bottom: 5px; margin-top: 0; color: inherit; opacity: 0.8;'>Interfaces y Conectividad<\/h3>\n<ul style='padding-left: 20px; font-size: 15px; color: inherit;'>\n<li style='margin-bottom: 5px;'>Agrega 1 puerta al frente de calle<\/li>\n<li style='margin-bottom: 5px;'>Salida Relay NO\/COM\/NC: 1<\/li>\n<li style='margin-bottom: 5px;'>Salida de Voltaje 12 VCD\/5mA para contrachapa<\/li>\n<li style='margin-bottom: 5px;'>RS485: 1<\/li>\n<li style='margin-bottom: 5px;'>Entrada de bot\u00f3n de salida: 1<\/li>\n<li style='margin-bottom: 5px;'>Indicador LED<\/li>\n<li style='margin-bottom: 5px;'>Fuente de alimentaci\u00f3n (No incluida): 12VCD\/1A (Min.)<\/li>\n<\/ul><\/div>\n<div style='flex: 1 1 300px; min-width: 280px;'>\n<h3 style='font-size: 22px; border-bottom: 2px solid currentColor; padding-bottom: 5px; margin-top: 0; color: inherit; opacity: 0.8;'>Requisitos y Compatibilidad<\/h3>\n<ul style='padding-left: 20px; font-size: 15px; color: inherit;'>\n<li style='margin-bottom: 5px;'>Compatible con frente de calle Akuvox con comunicaci\u00f3n por RS-485<\/li>\n<li style='margin-bottom: 5px;'>Adecuado para instalaci\u00f3n en cajas de est\u00e1ndar<\/li>\n<\/ul><\/div>\n<\/p><\/div>\n<div style='margin-bottom: 30px;'>\n<h3 style='font-size: 22px; border-bottom: 2px solid currentColor; padding-bottom: 5px; margin-top: 0; color: inherit; opacity: 0.8;'>Aplicaciones y Casos de Uso<\/h3>\n<div style='display: grid; grid-template-columns: repeat(auto-fill&comma; minmax(250px&comma; 1fr)); gap: 15px; margin-top: 15px;'>\n<div style='background-color: rgba(150&comma;150&comma;150&comma;0.05); border: 1px solid rgba(150&comma;150&comma;150&comma;0.3); border-radius: 8px; padding: 15px;'>\n<p style='margin: 0; font-size: 14px; color: inherit;'>Puesto en el lado seguro de la puerta para evitar manipulaciones<\/p>\n<\/p><\/div>\n<div style='background-color: rgba(150&comma;150&comma;150&comma;0.05); border: 1px solid rgba(150&comma;150&comma;150&comma;0.3); border-radius: 8px; padding: 15px;'>\n<p style='margin: 0; font-size: 14px; color: inherit;'>Utilizado en sistemas de control de acceso seguros requeridos en \u00e1reas internas<\/p>\n<\/p><\/div>\n<\/p><\/div>\n<\/p><\/div>\n<div style='margin-bottom: 30px;'>\n<h3 style='font-size: 22px; border-bottom: 2px solid currentColor; padding-bottom: 5px; margin-top: 0; color: inherit; opacity: 0.8;'>Descripci\u00f3n Detallada<\/h3>\n<p style='margin-top: 15px; font-size: 15px; color: inherit;'> Akuvox SR01 es un m\u00f3dulo de I\/O de puerta de seguridad compacta dise\u00f1ado para su uso en interiores. Proporciona control de puerta seguro mediante comunicaci\u00f3n encriptada cuando se combina con otros dispositivos Akuvox. Su forma ultra-compacta permite su f\u00e1cil colocaci\u00f3n en la mayor\u00eda de las cajas de instalaci\u00f3n est\u00e1ndar y se instala en el lado seguro de la puerta&comma; asegurando que incluso en caso de intento de desmonte o vandalismo&comma; la puerta permanezca cerrada. <\/p>\n<\/p><\/div>\n<div style='display: flex; flex-wrap: wrap; gap: 20px; margin-bottom: 30px;'>\n<div style='flex: 1 1 300px; min-width: 280px;'> <img style='width: 100%; height: auto; border: 1px solid rgba(150&comma;150&comma;150&comma;0.3); border-radius: 8px;' src='https:\/\/ftp3.syscom.mx\/usuarios\/hsanchez\/SR01\/SR01-1%20%281%29.jpg' alt=''> <\/div>\n<div style='flex: 1 1 300px; min-width: 280px;'> <img style='width: 100%; height: auto; border: 1px solid rgba(150&comma;150&comma;150&comma;0.3); border-radius: 8px;' src='https:\/\/ftp3.syscom.mx\/usuarios\/hsanchez\/SR01\/SR01-2%20%281%29.jpg' alt=''> <\/div>\n<\/p><\/div>\n<div style='margin-bottom: 30px;'>\n<h3 style='font-size: 22px; border-bottom: 2px solid currentColor; padding-bottom: 5px; margin-top: 0; text-align: center; color: inherit; opacity: 0.8;'>Video de Instalaci\u00f3n de SR01 con Videoportero Akuvox<\/h3>\n<div style='position: relative; padding-bottom: 56.25%; height: 0; overflow: hidden; margin-top: 20px;'>   <\/div>\n<\/p><\/div>\n<hr style='border: 0; border-top: 1px solid rgba(150&comma; 150&comma; 150&comma; 0.3); margin: 30px 0;'> <\/div>\n","protected":false},"excerpt":{"rendered":"<p>Relevador RS-485 Para Control de Puerta \/ Protecci\u00f3n Contra Vandalismo \/ Compatible Con Frente de Calle AKUVOX \/ Agrega Una Puerta al Frente de Calle \/ Comunicaci\u00f3n Encriptada \/ Compacto \/ Instalaci\u00f3n en Cajas Est\u00e1ndar<\/p>\n","protected":false},"featured_media":96786,"comment_status":"open","ping_status":"closed","template":"","meta":[],"product_brand":[],"product_cat":[556],"product_tag":[93,786,557],"class_list":{"0":"post-96787","1":"product","2":"type-product","3":"status-publish","4":"has-post-thumbnail","6":"product_cat-accesorios-videoporteros-e-interfonos","7":"product_tag-accesorios","8":"product_tag-akuvox","9":"product_tag-videoporteros-e-interfonos","11":"first","12":"instock","13":"sale","14":"shipping-taxable","15":"purchasable","16":"product-type-simple"},"_links":{"self":[{"href":"https:\/\/soydeaqui.ddns.net\/pachuca\/index.php\/wp-json\/wp\/v2\/product\/96787","targetHints":{"allow":["GET"]}}],"collection":[{"href":"https:\/\/soydeaqui.ddns.net\/pachuca\/index.php\/wp-json\/wp\/v2\/product"}],"about":[{"href":"https:\/\/soydeaqui.ddns.net\/pachuca\/index.php\/wp-json\/wp\/v2\/types\/product"}],"replies":[{"embeddable":true,"href":"https:\/\/soydeaqui.ddns.net\/pachuca\/index.php\/wp-json\/wp\/v2\/comments?post=96787"}],"wp:featuredmedia":[{"embeddable":true,"href":"https:\/\/soydeaqui.ddns.net\/pachuca\/index.php\/wp-json\/wp\/v2\/media\/96786"}],"wp:attachment":[{"href":"https:\/\/soydeaqui.ddns.net\/pachuca\/index.php\/wp-json\/wp\/v2\/media?parent=96787"}],"wp:term":[{"taxonomy":"product_brand","embeddable":true,"href":"https:\/\/soydeaqui.ddns.net\/pachuca\/index.php\/wp-json\/wp\/v2\/product_brand?post=96787"},{"taxonomy":"product_cat","embeddable":true,"href":"https:\/\/soydeaqui.ddns.net\/pachuca\/index.php\/wp-json\/wp\/v2\/product_cat?post=96787"},{"taxonomy":"product_tag","embeddable":true,"href":"https:\/\/soydeaqui.ddns.net\/pachuca\/index.php\/wp-json\/wp\/v2\/product_tag?post=96787"}],"curies":[{"name":"wp","href":"https:\/\/api.w.org\/{rel}","templated":true}]}}