{"id":96778,"date":"2026-03-20T08:28:40","date_gmt":"2026-03-20T08:28:40","guid":{"rendered":"https:\/\/soydeaqui.ddns.net\/pachuca\/index.php\/producto\/envr-unifi-enterprise-con-soporte-para-hasta-210-camaras-hd-140-camaras-2k-o-70-camaras-4k-con-unifi-protect-access-1-puerto-rj45-10g-2-puertos-sfp-10g-y-16-bahias-para-discos-duros\/"},"modified":"2026-03-20T08:29:03","modified_gmt":"2026-03-20T08:29:03","slug":"envr-unifi-enterprise-con-soporte-para-hasta-210-camaras-hd-140-camaras-2k-o-70-camaras-4k-con-unifi-protect-access-1-puerto-rj45-10g-2-puertos-sfp-10g-y-16-bahias-para-discos-duros","status":"publish","type":"product","link":"https:\/\/soydeaqui.ddns.net\/pachuca\/index.php\/producto\/envr-unifi-enterprise-con-soporte-para-hasta-210-camaras-hd-140-camaras-2k-o-70-camaras-4k-con-unifi-protect-access-1-puerto-rj45-10g-2-puertos-sfp-10g-y-16-bahias-para-discos-duros\/","title":{"rendered":"ENVR UniFi Enterprise con Soporte para hasta 210 C\u00e1maras HD, 140 C\u00e1maras 2K o 70 C\u00e1maras 4K, con UniFi Protect &#038; Access, 1 Puerto RJ45 10G, 2 Puertos SFP+ 10G y 16 Bah\u00edas para Discos Duros"},"content":{"rendered":"<div style='width: 100%; max-width: 1200px; margin: 0 auto; font-family: sans-serif; line-height: 1.6; color: inherit; background-color: transparent;'> <!-- Hero Section --> <\/p>\n<div style='display: flex; flex-wrap: wrap; gap: 30px; align-items: center; border: 1px solid rgba(150&comma;150&comma;150&comma;0.3); border-radius: 12px; padding: 20px; margin-bottom: 30px;'>\n<div style='flex: 1 1 320px; min-width: 280px;'> <!-- Video container --> <\/p>\n<div style='position: relative; padding-bottom: 56.25%; height: 0; overflow: hidden; margin-bottom: 10px;'> <video style='position: absolute; top: 0; left: 0; width: 100%; height: 100%; border: 1px solid rgba(150&comma;150&comma;150&comma;0.3); border-radius: 8px; display: block;' autoplay muted loop playsinline><source src='https:\/\/ftp3.syscom.mx\/usuarios\/adiaz\/Ubiquiti\/Imagenes\/ENVR\/ENVRloop.mp4' type='video\/mp4'><!-- Fallback image --> <img style='position: absolute; top: 0; left: 0; width: 100%; height: 100%; border: 1px solid rgba(150&comma;150&comma;150&comma;0.3); border-radius: 8px; display: block;' src='https:\/\/ftp3.syscom.mx\/usuarios\/adiaz\/Ubiquiti\/Imagenes\/ENVR\/fallback.avif' alt='Ubiquiti ENVR'><\/video> <\/div>\n<\/p><\/div>\n<div style='flex: 1 1 360px; min-width: 280px;'>\n<h2 style='font-size: 22px; margin-top: 0; margin-bottom: 10px; color: inherit; opacity: 0.9;'>Enterprise Network Video Recorder<\/h2>\n<div style='margin-bottom: 15px; font-weight: 600; color: inherit; opacity: 0.7;'>Modelo: <span style='font-weight: 700;'>ENVR<\/span><\/div>\n<p style='margin: 0; font-size: 15px; color: inherit; opacity: 0.9;'>NVR 3U de rack <strong style='color: inherit; opacity: 1;'>empresarial<\/strong> con (16) bah\u00edas de unidades de 2&comma;5\/3&comma;5\u201d&comma; compatible con hasta (70) c\u00e1maras 4K o (210) c\u00e1maras Full HD.<\/p>\n<\/p><\/div>\n<\/p><\/div>\n<p> <!-- Especificaciones Title --> <\/p>\n<div style='text-align: center; margin: 40px 0 20px;'> <span style='font-size: 24px; font-weight: 700; color: #0d6efd;'>Especificaciones<\/span> <\/div>\n<p> <!-- Specifications Grid --> <\/p>\n<div style='display: flex; flex-wrap: wrap; gap: 20px; margin-bottom: 30px;'> <!-- Card: Caracter\u00edsticas principales --> <\/p>\n<div style='flex: 1 1 250px; border: 1px solid rgba(150&comma; 150&comma; 150&comma; 0.4); border-radius: 8px; overflow: hidden; display: flex; flex-direction: column;'>\n<div style='padding: 15px; border-bottom: 1px solid rgba(150&comma; 150&comma; 150&comma; 0.2); font-weight: bold; font-size: 18px; color: inherit;'>Caracter\u00edsticas principales<\/div>\n<div style='padding: 15px; color: inherit;'>\n<ul style='padding-left: 20px; margin: 0; font-size: 14px; list-style-type: disc;'>\n<li style='margin-bottom: 5px;'>(16) Soporte para HDD\/SSD de 3&comma;5&#8242;<\/li>\n<li style='margin-bottom: 5px;'>(2) Puertos ascendentes SFP+ de 10 G y (1) Puerto RJ45 de 10 GbE<\/li>\n<li style='margin-bottom: 5px;'>Protecci\u00f3n de datos con tecnolog\u00eda de almacenamiento RAID<\/li>\n<li style='margin-bottom: 5px;'>(2) Incluye fuentes de alimentaci\u00f3n intercambiables en caliente para redundancia de energ\u00eda<\/li>\n<li style='margin-bottom: 5px;'>Suite de Aplicaciones UniFi: <strong style='color: inherit; opacity: 0.9;'>Protect<\/strong> y <strong style='color: inherit; opacity: 0.9;'>Access<\/strong><\/li>\n<\/ul><\/div>\n<\/p><\/div>\n<p> <!-- Card: F\u00edsicas y el\u00e9ctricas --> <\/p>\n<div style='flex: 1 1 250px; border: 1px solid rgba(150&comma; 150&comma; 150&comma; 0.4); border-radius: 8px; overflow: hidden; display: flex; flex-direction: column;'>\n<div style='padding: 15px; border-bottom: 1px solid rgba(150&comma; 150&comma; 150&comma; 0.2); font-weight: bold; font-size: 18px; color: inherit;'>Caracter\u00edsticas f\u00edsicas y el\u00e9ctricas<\/div>\n<div style='padding: 15px; color: inherit;'>\n<ul style='padding-left: 20px; margin: 0; font-size: 14px; list-style-type: disc;'>\n<li style='margin-bottom: 5px;'>481.4 x 480 x 132 mm (19 x 18.9 x 5.2&#8242;)<\/li>\n<li style='margin-bottom: 5px;'>Peso: <strong style='color: inherit; opacity: 0.9;'>Sin rieles<\/strong> 16.6 kg (36.6 lb) y <strong style='color: inherit; opacity: 0.9;'>Con rieles<\/strong> 19.5 kg (43.0 lb)<\/li>\n<li style='margin-bottom: 5px;'>Material de la carcasa: Acero SGCC<\/li>\n<li style='margin-bottom: 5px;'>Alimentaci\u00f3n: 100\u2014240V~ 7A Max.&comma; 50\/60 Hz&comma; Redundante e intercambiables en caliente<\/li>\n<li style='margin-bottom: 5px;'>Temperatura de operaci\u00f3n: -5 a 40 \u00b0C (23 a 104 \u00b0F)<\/li>\n<li style='margin-bottom: 5px;'>Humedad de operaci\u00f3n: 5\u201395% sin condensaci\u00f3n<\/li>\n<\/ul><\/div>\n<\/p><\/div>\n<p> <!-- Card: Rendimiento --> <\/p>\n<div style='flex: 1 1 250px; border: 1px solid rgba(150&comma; 150&comma; 150&comma; 0.4); border-radius: 8px; overflow: hidden; display: flex; flex-direction: column;'>\n<div style='padding: 15px; border-bottom: 1px solid rgba(150&comma; 150&comma; 150&comma; 0.2); font-weight: bold; font-size: 18px; color: inherit;'>Rendimiento<\/div>\n<div style='padding: 15px; color: inherit;'>\n<ul style='padding-left: 20px; margin: 0; font-size: 14px; list-style-type: disc;'>\n<li style='margin-bottom: 5px;'>Cantidad de c\u00e1maras soportadas: 210 HD; 140 2K y 70 4K<\/li>\n<li style='margin-bottom: 5px;'>Capacidad de almacenamiento: (16) bah\u00edas de unidad de 3&comma;5&#8242;<\/li>\n<li style='margin-bottom: 5px;'>Protecci\u00f3n de datos<\/li>\n<li style='margin-bottom: 5px;'>Soporta Vantage Point<\/li>\n<\/ul><\/div>\n<\/p><\/div>\n<p> <!-- Card: Almacenamiento Recomendado --> <\/p>\n<div style='flex: 1 1 250px; border: 1px solid rgba(150&comma; 150&comma; 150&comma; 0.4); border-radius: 8px; overflow: hidden; display: flex; flex-direction: column;'>\n<div style='padding: 15px; border-bottom: 1px solid rgba(150&comma; 150&comma; 150&comma; 0.2); font-weight: bold; font-size: 18px; color: inherit;'>Almacenamiento Recomendado<\/div>\n<div style='padding: 15px; color: inherit;'>\n<ul style='padding-left: 20px; margin: 0; font-size: 14px; list-style-type: disc;'>\n<li style='margin-bottom: 5px;'><strong style='color: inherit; opacity: 0.9;'>Tipo de almacenamiento:<\/strong> HDD 3.5&#8242;<\/li>\n<li style='margin-bottom: 5px;'><strong style='color: inherit; opacity: 0.9;'>Consolas UniFi aplicables:<\/strong> Consolas est\u00e1ndar en rack (ej. UNVR-Pro&comma; UNAS-Pro&comma; UDM-Pro)<\/li>\n<li style='margin-bottom: 5px;'><strong style='color: inherit; opacity: 0.9;'>Almacenamiento recomendado:<\/strong> HDD oficial UniFi: 8\/16\/24TB<\/li>\n<li style='margin-bottom: 5px;'><strong style='color: inherit; opacity: 0.9;'>Requisitos generales:<\/strong> Disco CMR de 1TB o mayor con velocidad de 7200RPM<\/li>\n<\/ul><\/div>\n<\/p><\/div>\n<p> <!-- Card: Almacenamiento Incompatible --> <\/p>\n<div style='flex: 1 1 250px; border: 1px solid rgba(150&comma; 150&comma; 150&comma; 0.4); border-radius: 8px; overflow: hidden; display: flex; flex-direction: column;'>\n<div style='padding: 15px; border-bottom: 1px solid rgba(150&comma; 150&comma; 150&comma; 0.2); font-weight: bold; font-size: 18px; color: inherit;'>Almacenamiento Incompatible<\/div>\n<div style='padding: 15px; color: inherit;'>\n<ul style='padding-left: 20px; margin: 0; font-size: 14px; list-style-type: disc;'>\n<li style='margin-bottom: 5px;'><strong style='color: inherit; opacity: 0.9;'>Seagate SkyHawk ST10000VX0004 (10TB):<\/strong> No cabe en la bandeja de discos.<\/li>\n<li style='margin-bottom: 5px;'><strong style='color: inherit; opacity: 0.9;'>Seagate Ultrathin ST500LT032 (500GB):<\/strong> No tiene tornillos inferiores.<\/li>\n<li style='margin-bottom: 5px;'><strong style='color: inherit; opacity: 0.9;'>Western Digital UltraSlim WD5000MPCK (500GB):<\/strong> No tiene tornillos inferiores y los conectores no se ajustan a la bandeja.<\/li>\n<li style='margin-bottom: 5px;'><strong style='color: inherit; opacity: 0.9;'>Cualquier disco SMR:<\/strong> Aunque caben en la bandeja&comma; generan problemas de funcionamiento.<\/li>\n<\/ul><\/div>\n<\/p><\/div>\n<\/p><\/div>\n<p> <!-- Accesorios Recomendados --> <\/p>\n<div style='border: 1px solid rgba(150&comma; 150&comma; 150&comma; 0.4); border-radius: 8px; padding: 20px; margin: 30px 0; text-align: center; max-width: 800px; margin-left: auto; margin-right: auto;'>\n<h3 style='font-size: 18px; margin-top: 0; margin-bottom: 20px; font-weight: 600; color: inherit; opacity: 0.9;'>Accesorios Recomendados<\/h3>\n<div style='display: flex; flex-wrap: wrap; gap: 20px; justify-content: center;'> <!-- Accesorio 1 --> <a href='https:\/\/syscom.pro\/products\/187902' target='_blank' style='flex: 0 1 160px; text-decoration: none; color: inherit;'> <\/p>\n<div style='border: 1px solid rgba(150&comma; 150&comma; 150&comma; 0.4); border-radius: 8px; padding: 15px; text-align: center; background-color: rgba(150&comma; 150&comma; 150&comma; 0.1);'> <img src='https:\/\/ftp3.syscom.mx\/usuarios\/adiaz\/Ubiquiti\/Imagenes\/ENVR\/ufp-viewport-4.png' alt='UFP-VIEWPORT' style='max-width: 35%; height: auto; border: none;' class='fr-fic fr-dib'> <\/p>\n<div style='font-weight: 600; color: #0d6efd; font-size: 16px; margin-top: 10px;'>UFP-VIEWPORT<\/div>\n<\/p><\/div>\n<p> <\/a> <!-- Accesorio 2 --> <a href='https:\/\/syscom.pro\/products\/240679' target='_blank' style='flex: 0 1 160px; text-decoration: none; color: inherit;'> <\/p>\n<div style='border: 1px solid rgba(150&comma; 150&comma; 150&comma; 0.4); border-radius: 8px; padding: 15px; text-align: center; background-color: rgba(150&comma; 150&comma; 150&comma; 0.1);'> <img src='https:\/\/ftp3.syscom.mx\/usuarios\/adiaz\/Ubiquiti\/Imagenes\/ENVR\/uacc-envr-bezel-3.png' alt='UACC-ENVR-Bezel' style='max-width: 35%; height: auto; border: none;' class='fr-fic fr-dib'> <\/p>\n<div style='font-weight: 600; color: #0d6efd; font-size: 16px; margin-top: 10px;'>UACC-ENVR-Bezel<\/div>\n<\/p><\/div>\n<p> <\/a> <\/div>\n<\/p><\/div>\n<p> <!-- Contenido del Paquete --> <\/p>\n<div style='border: 1px solid rgba(150&comma; 150&comma; 150&comma; 0.4); border-radius: 8px; padding: 20px; margin: 30px 0; text-align: center; max-width: 800px; margin-left: auto; margin-right: auto;'>\n<h3 style='font-size: 20px; margin-top: 0; margin-bottom: 20px; font-weight: 600; color: inherit; opacity: 0.9;'>Contenido del Paquete<\/h3>\n<p> <img style='width: 100%; height: auto; border: 1px solid rgba(150&comma;150&comma;150&comma;0.3); border-radius: 8px;' src='https:\/\/ftp3.syscom.mx\/usuarios\/adiaz\/Ubiquiti\/Imagenes\/ENVR\/Contenido.avif' alt='Contenido del paquete ENVR'> <\/div>\n<\/p><\/div>\n","protected":false},"excerpt":{"rendered":"<p>ENVR UniFi Enterprise con Soporte para hasta 210 C\u00e1maras HD, 140 C\u00e1maras 2K o 70 C\u00e1maras 4K, con UniFi Protect &#038; Access, 1 Puerto RJ45 10G, 2 Puertos SFP+ 10G y 16 Bah\u00edas para Discos Duros<\/p>\n","protected":false},"featured_media":96777,"comment_status":"open","ping_status":"closed","template":"","meta":[],"product_brand":[],"product_cat":[2234],"product_tag":[122,2235,166],"class_list":{"0":"post-96778","1":"product","2":"type-product","3":"status-publish","4":"has-post-thumbnail","6":"product_cat-nvrs-network-video-recorders","7":"product_tag-camaras-ip-y-nvrs","8":"product_tag-nvrs-network-video-recorders","9":"product_tag-ubiquiti","11":"first","12":"outofstock","13":"sale","14":"shipping-taxable","15":"purchasable","16":"product-type-simple"},"_links":{"self":[{"href":"https:\/\/soydeaqui.ddns.net\/pachuca\/index.php\/wp-json\/wp\/v2\/product\/96778","targetHints":{"allow":["GET"]}}],"collection":[{"href":"https:\/\/soydeaqui.ddns.net\/pachuca\/index.php\/wp-json\/wp\/v2\/product"}],"about":[{"href":"https:\/\/soydeaqui.ddns.net\/pachuca\/index.php\/wp-json\/wp\/v2\/types\/product"}],"replies":[{"embeddable":true,"href":"https:\/\/soydeaqui.ddns.net\/pachuca\/index.php\/wp-json\/wp\/v2\/comments?post=96778"}],"wp:featuredmedia":[{"embeddable":true,"href":"https:\/\/soydeaqui.ddns.net\/pachuca\/index.php\/wp-json\/wp\/v2\/media\/96777"}],"wp:attachment":[{"href":"https:\/\/soydeaqui.ddns.net\/pachuca\/index.php\/wp-json\/wp\/v2\/media?parent=96778"}],"wp:term":[{"taxonomy":"product_brand","embeddable":true,"href":"https:\/\/soydeaqui.ddns.net\/pachuca\/index.php\/wp-json\/wp\/v2\/product_brand?post=96778"},{"taxonomy":"product_cat","embeddable":true,"href":"https:\/\/soydeaqui.ddns.net\/pachuca\/index.php\/wp-json\/wp\/v2\/product_cat?post=96778"},{"taxonomy":"product_tag","embeddable":true,"href":"https:\/\/soydeaqui.ddns.net\/pachuca\/index.php\/wp-json\/wp\/v2\/product_tag?post=96778"}],"curies":[{"name":"wp","href":"https:\/\/api.w.org\/{rel}","templated":true}]}}