{"id":96767,"date":"2026-03-20T08:28:11","date_gmt":"2026-03-20T08:28:11","guid":{"rendered":"https:\/\/soydeaqui.ddns.net\/pachuca\/index.php\/producto\/pantalla-lcd-46-para-tv-wall-entrada-hdmi-vga-dvi-dp-monitor-robusto-bisel-delgado-2-5-mm-soportan-daisy-chain-conexion-en-cadena-sin-software\/"},"modified":"2026-03-20T08:28:25","modified_gmt":"2026-03-20T08:28:25","slug":"pantalla-lcd-46-para-tv-wall-entrada-hdmi-vga-dvi-dp-monitor-robusto-bisel-delgado-2-5-mm-soportan-daisy-chain-conexion-en-cadena-sin-software","status":"publish","type":"product","link":"https:\/\/soydeaqui.ddns.net\/pachuca\/index.php\/producto\/pantalla-lcd-46-para-tv-wall-entrada-hdmi-vga-dvi-dp-monitor-robusto-bisel-delgado-2-5-mm-soportan-daisy-chain-conexion-en-cadena-sin-software\/","title":{"rendered":"Pantalla LCD 46&#8243; para TV WALL \/ Entrada HDMI &#8211; VGA &#8211; DVI &#8211; DP \/ Monitor Robusto \/ Bisel Delgado (2.5 mm) \/ Soportan Daisy Chain (Conexi\u00f3n en Cadena sin Software)"},"content":{"rendered":"<div style='width: 100%; max-width: 1200px; margin: 0 auto; font-family: sans-serif; line-height: 1.6; color: inherit; background-color: transparent;'>\n<p style='text-align: center;'><img style='width: 100%; height: auto; border: 1px solid rgba(150&comma;150&comma;150&comma;0.3); border-radius: 8px;' src='https:\/\/ftp3.syscom.mx\/usuarios\/nortega\/hikvision\/HPD.png' alt='Pantalla LCD 46'><\/p>\n<div style='display: flex; flex-wrap: wrap; gap: 30px; margin: 30px 0;'>\n<div style='flex: 1 1 300px; min-width: 280px;'>\n<h3 style='font-size: 22px; border-bottom: 2px solid currentColor; padding-bottom: 5px; margin-top: 0; color: inherit; opacity: 0.8;'>Caracter\u00edsticas principales<\/h3>\n<ul style='padding-left: 20px; font-size: 15px; color: inherit;'>\n<li style='margin-bottom: 5px;'>Resolucion: <strong>1920 x 1080 (Full HD) 60Hz<\/strong><\/li>\n<li style='margin-bottom: 5px;'>Tama\u00f1o de pantalla: <strong>46&#8242;<\/strong><\/li>\n<li style='margin-bottom: 5px;'>Bisel: <strong>1.5mm (arriba\/izquierda)&comma; 1.0mm (abajo\/derecha)<\/strong><\/li>\n<li style='margin-bottom: 5px;'>Brillo: <strong>500 cd\/m\u00b2<\/strong><\/li>\n<li style='margin-bottom: 5px;'>\u00c1ngulo de visi\u00f3n: <strong>Horizontal: 178\u00b0&comma; vertical: 178\u00b0<\/strong><\/li>\n<li style='margin-bottom: 5px;'>Control remoto: <strong>Incluido<\/strong><\/li>\n<li style='margin-bottom: 5px;'>Entradas: <strong>HDMI&comma; DVI&comma; VGA&comma; Display Port&comma; USB<\/strong><\/li>\n<\/ul><\/div>\n<div style='flex: 1 1 300px; min-width: 280px;'>\n<h3 style='font-size: 22px; border-bottom: 2px solid currentColor; padding-bottom: 5px; margin-top: 0; color: inherit; opacity: 0.8;'>Caracter\u00edsticas F\u00edsicas y El\u00e9ctricas<\/h3>\n<ul style='padding-left: 20px; font-size: 15px; color: inherit;'>\n<li style='margin-bottom: 5px;'>Alimentaci\u00f3n: <strong>100 &#8211; 240 Vca<\/strong><\/li>\n<li style='margin-bottom: 5px;'>Consumo: <strong>187 Watts<\/strong><\/li>\n<li style='margin-bottom: 5px;'>Temperatura de operaci\u00f3n: <strong>0\u00b0 a 40\u00b0<\/strong><\/li>\n<li style='margin-bottom: 5px;'>Dimensiones: <strong>1021.98 mm x 576.57 mm x 72.25 mm<\/strong><\/li>\n<li style='margin-bottom: 5px;'>Tiempo de vida: <strong>60&comma;000 horas<\/strong><\/li>\n<\/ul><\/div>\n<div style='flex: 1 1 300px; min-width: 280px;'>\n<h3 style='font-size: 22px; border-bottom: 2px solid currentColor; padding-bottom: 5px; margin-top: 0; color: inherit; opacity: 0.8;'>Accesorios incluidos<\/h3>\n<ul style='padding-left: 20px; font-size: 15px; color: inherit;'>\n<li style='margin-bottom: 5px;'>Cable de corriente: <strong>1 x<\/strong><\/li>\n<li style='margin-bottom: 5px;'>Cable de red RJ45: <strong>1 x<\/strong><\/li>\n<li style='margin-bottom: 5px;'>Cable HDMI 2m: <strong>1 x<\/strong><\/li>\n<li style='margin-bottom: 5px;'>Control remoto: <strong>1 x<\/strong><\/li>\n<li style='margin-bottom: 5px;'>Receptor IR: <strong>1 x<\/strong><\/li>\n<li style='margin-bottom: 5px;'>Convertidor RS-232: <strong>1 x<\/strong><\/li>\n<\/ul><\/div>\n<\/p><\/div>\n<hr style='border: 0; border-top: 1px solid rgba(150&comma; 150&comma; 150&comma; 0.3); margin: 30px 0;'>\n<div style='text-align: center; margin: 30px 0; font-size: 15px; color: inherit;'> Cree un videowall de manera aut\u00f3noma de hasta 30 pantallas mediante HDMI (Daisy Chain)&comma; sin necesidad de licencias adicionales&comma; controlador o decodificador. <\/div>\n<hr style='border: 0; border-top: 1px solid rgba(150&comma; 150&comma; 150&comma; 0.3); margin: 30px 0;'>\n<div style='display: flex; flex-wrap: wrap; gap: 30px; justify-content: center; margin: 30px 0;'>\n<div style='flex: 1 1 300px; min-width: 280px; max-width: 500px;'>\n<p style='text-align: center; margin-bottom: 10px; font-size: 15px; color: inherit;'><strong>Videowall 2&#215;2 (Vista Frontal)<\/strong><\/p>\n<p> <img style='width: 100%; height: auto; border: 1px solid rgba(150&comma;150&comma;150&comma;0.3); border-radius: 8px;' src='https:\/\/ftp3.syscom.mx\/usuarios\/nortega\/hikvision\/pantallas%20vw\/2x2.png' alt='Videowall 2x2 frontal'> <\/div>\n<div style='flex: 1 1 300px; min-width: 280px; max-width: 500px;'>\n<p style='text-align: center; margin-bottom: 10px; font-size: 15px; color: inherit;'><strong>Videowall 2&#215;2 (Vista posterior)<\/strong><\/p>\n<p> <img style='width: 100%; height: auto; border: 1px solid rgba(150&comma;150&comma;150&comma;0.3); border-radius: 8px;' src='https:\/\/ftp3.syscom.mx\/usuarios\/nortega\/hikvision\/pantallas%20vw\/2x2back1.png' alt='Videowall 2x2 posterior'> <\/div>\n<\/p><\/div>\n<div style='text-align: center; margin: 30px 0;'> <img style='width: 100%; height: auto; border: 1px solid rgba(150&comma;150&comma;150&comma;0.3); border-radius: 8px;' src='https:\/\/ftp3.syscom.mx\/usuarios\/nortega\/hikvision\/imagenes\/HIKVISION-VW-DS.png' alt='Diagrama de videowall Hikvision'> <\/div>\n<\/p><\/div>\n","protected":false},"excerpt":{"rendered":"<p>Pantalla LCD 46&#8243; para TV WALL \/ Entrada HDMI &#8211; VGA &#8211; DVI &#8211; DP \/ Monitor Robusto \/ Bisel Delgado (2.5 mm) \/ Soportan Daisy Chain (Conexi\u00f3n en Cadena sin Software)<\/p>\n","protected":false},"featured_media":96766,"comment_status":"open","ping_status":"closed","template":"","meta":[],"product_brand":[],"product_cat":[2088],"product_tag":[54,2089,2090],"class_list":{"0":"post-96767","1":"product","2":"type-product","3":"status-publish","4":"has-post-thumbnail","6":"product_cat-videowall-seguridad","7":"product_tag-hikvision","8":"product_tag-monitores-pantallas-y-mobiliario","9":"product_tag-videowall-seguridad","11":"first","12":"instock","13":"sale","14":"shipping-taxable","15":"purchasable","16":"product-type-simple"},"_links":{"self":[{"href":"https:\/\/soydeaqui.ddns.net\/pachuca\/index.php\/wp-json\/wp\/v2\/product\/96767","targetHints":{"allow":["GET"]}}],"collection":[{"href":"https:\/\/soydeaqui.ddns.net\/pachuca\/index.php\/wp-json\/wp\/v2\/product"}],"about":[{"href":"https:\/\/soydeaqui.ddns.net\/pachuca\/index.php\/wp-json\/wp\/v2\/types\/product"}],"replies":[{"embeddable":true,"href":"https:\/\/soydeaqui.ddns.net\/pachuca\/index.php\/wp-json\/wp\/v2\/comments?post=96767"}],"wp:featuredmedia":[{"embeddable":true,"href":"https:\/\/soydeaqui.ddns.net\/pachuca\/index.php\/wp-json\/wp\/v2\/media\/96766"}],"wp:attachment":[{"href":"https:\/\/soydeaqui.ddns.net\/pachuca\/index.php\/wp-json\/wp\/v2\/media?parent=96767"}],"wp:term":[{"taxonomy":"product_brand","embeddable":true,"href":"https:\/\/soydeaqui.ddns.net\/pachuca\/index.php\/wp-json\/wp\/v2\/product_brand?post=96767"},{"taxonomy":"product_cat","embeddable":true,"href":"https:\/\/soydeaqui.ddns.net\/pachuca\/index.php\/wp-json\/wp\/v2\/product_cat?post=96767"},{"taxonomy":"product_tag","embeddable":true,"href":"https:\/\/soydeaqui.ddns.net\/pachuca\/index.php\/wp-json\/wp\/v2\/product_tag?post=96767"}],"curies":[{"name":"wp","href":"https:\/\/api.w.org\/{rel}","templated":true}]}}