{"id":96762,"date":"2026-03-20T08:27:57","date_gmt":"2026-03-20T08:27:57","guid":{"rendered":"https:\/\/soydeaqui.ddns.net\/pachuca\/index.php\/producto\/ups-de-6000-va-5400-w-online-doble-conversion-200-240-vac-de-entrada-hardwire-onda-senoidal-pura-torre-o-rack-de-6-ur-con-2-tomas-nema-l6-20r-y-2-nema-l6-30r\/"},"modified":"2026-03-20T08:28:07","modified_gmt":"2026-03-20T08:28:07","slug":"ups-de-6000-va-5400-w-online-doble-conversion-200-240-vac-de-entrada-hardwire-onda-senoidal-pura-torre-o-rack-de-6-ur-con-2-tomas-nema-l6-20r-y-2-nema-l6-30r","status":"publish","type":"product","link":"https:\/\/soydeaqui.ddns.net\/pachuca\/index.php\/producto\/ups-de-6000-va-5400-w-online-doble-conversion-200-240-vac-de-entrada-hardwire-onda-senoidal-pura-torre-o-rack-de-6-ur-con-2-tomas-nema-l6-20r-y-2-nema-l6-30r\/","title":{"rendered":"UPS de 6000 VA\/5400 W, Online Doble Conversi\u00f3n, 200 &#8211; 240 Vac de Entrada Hardwire, Onda Senoidal Pura, Torre o Rack de 6 UR, Con 2 Tomas NEMA L6-20R y 2 NEMA L6-30R"},"content":{"rendered":"<div style='width: 100%; max-width: 1200px; margin: 0 auto; font-family: sans-serif; line-height: 1.6; color: inherit; background-color: transparent;'> <!-- Imagen logo --> <\/p>\n<div style='width: 100%; margin-bottom: 20px;'> <img style='width: 100%; max-width: 600px; height: auto; border: 1px solid rgba(150&comma;150&comma;150&comma;0.3); border-radius: 8px;' src='https:\/\/ftp3.syscom.mx\/usuarios\/fotos\/logotipos\/cyberpower.png' alt=''> <\/div>\n<p> <!-- Notas importantes --> <\/p>\n<div style='margin-bottom: 30px;'>\n<div style='background-color: rgba(255&comma; 0&comma; 0&comma; 0.05); border-left: 4px solid #ff0000; padding: 15px; margin-bottom: 15px;'> <strong style='color: inherit;'>*Nota:<\/strong> Este equipo debe ser arrancado por un experto de CyberPower para hacer efectiva la garant\u00eda. Para m\u00e1s informaci\u00f3n comunicarse con el departamento de Ingenier\u00eda. <\/div>\n<div style='background-color: rgba(255&comma; 0&comma; 0&comma; 0.05); border-left: 4px solid #ff0000; padding: 15px;'> <strong style='color: inherit;'>*Nota 2:<\/strong> Este equipo entrega voltaje a la salida de 200-240 Vca y NO deriva a 120 Vca por fase. S\u00ed se requiere voltaje de salida a 120 Vca se requiere forzosamente el modelo OL6KRTF con transformador de bajada a la salida. <\/div>\n<\/p><\/div>\n<p> <!-- Requisitos de instalaci\u00f3n --> <\/p>\n<div style='margin-bottom: 30px;'>\n<h3 style='font-size: 20px; border-bottom: 2px solid currentColor; padding-bottom: 5px; margin-top: 0; color: inherit; opacity: 0.8;'>Requisitos de Instalaci\u00f3n<\/h3>\n<ul style='padding-left: 20px; font-size: 15px; color: inherit;'>\n<li>Cable 8 AWG del cableado al UPS.<\/li>\n<li>Nivel de voltaje de alimentaci\u00f3n adecuado de 200-240 VAC.<\/li>\n<li>Interruptor de entrada de 60 Ampers (2&#215;30).<\/li>\n<li>Sistema de aterrizaje aislado bien referenciado a tierra.<\/li>\n<\/ul><\/div>\n<p> <!-- Aplicaciones --> <\/p>\n<div style='margin-bottom: 30px;'>\n<h3 style='font-size: 20px; border-bottom: 2px solid currentColor; padding-bottom: 5px; margin-top: 0; color: inherit; opacity: 0.8;'>Aplicaciones<\/h3>\n<p style='margin-top: 0;'>Garantiza protecci\u00f3n de respaldo de energ\u00eda para equipos de TI&comma; servidores&comma; estaciones de trabajo&comma; NAS \/ dispositivos de almacenamiento&comma; dispositivos de telecomunicaciones&comma; dispositivos de red&comma; sistemas de seguridad \/ emergencia y sistemas de vigilancia. El UPS adopta una topolog\u00eda de doble conversi\u00f3n para proporcionar potencia de salida de alta calidad con Modo ECO adicional para ahorrar energ\u00eda y reducir costos operativos.<\/p>\n<p style='margin-top: 15px;'>Este UPS compatible con generador incluye paquetes de bater\u00edas intercambiables en caliente para mantenimiento sin interrupci\u00f3n de energ\u00eda y un interruptor de apagado de emergencia (EPO) para permitir a los usuarios apagar el UPS inmediatamente durante una emergencia.<\/p>\n<\/p><\/div>\n<p> <!-- Especificaciones t\u00e9cnicas --> <\/p>\n<div style='margin-bottom: 30px;'>\n<h3 style='font-size: 20px; border-bottom: 2px solid currentColor; padding-bottom: 5px; margin-top: 0; color: inherit; opacity: 0.8;'>Especificaciones T\u00e9cnicas<\/h3>\n<div style='display: flex; flex-wrap: wrap; gap: 20px; margin-top: 15px;'>\n<div style='flex: 1 1 250px; border: 1px solid rgba(150&comma; 150&comma; 150&comma; 0.4); border-radius: 8px; overflow: hidden; display: flex; flex-direction: column;'>\n<div style='padding: 15px; border-bottom: 1px solid rgba(150&comma; 150&comma; 150&comma; 0.2); font-weight: bold; font-size: 18px; color: inherit;'>Energ\u00eda<\/div>\n<div style='padding: 15px; color: inherit;'>\n<ul style='padding-left: 20px; margin: 0; font-size: 14px; list-style-type: disc;'>\n<li style='margin-bottom: 5px;'><strong>Voltaje de entrada:<\/strong> 200-240 Vac<\/li>\n<li style='margin-bottom: 5px;'><strong>Frecuencia de entrada:<\/strong> 40-70 Hz<\/li>\n<li style='margin-bottom: 5px;'><strong>Tipo de Entrada:<\/strong> Hardwire<\/li>\n<li style='margin-bottom: 5px;'><strong>Longitud del cable:<\/strong> 3 m<\/li>\n<li style='margin-bottom: 5px;'><strong>Salida VA:<\/strong> 6&comma;000<\/li>\n<li style='margin-bottom: 5px;'><strong>Salida Watts:<\/strong> 5&comma;400<\/li>\n<li style='margin-bottom: 5px;'><strong>Factor de Potencia:<\/strong> 0.9<\/li>\n<\/ul><\/div>\n<\/p><\/div>\n<div style='flex: 1 1 250px; border: 1px solid rgba(150&comma; 150&comma; 150&comma; 0.4); border-radius: 8px; overflow: hidden; display: flex; flex-direction: column;'>\n<div style='padding: 15px; border-bottom: 1px solid rgba(150&comma; 150&comma; 150&comma; 0.2); font-weight: bold; font-size: 18px; color: inherit;'>Bater\u00eda<\/div>\n<div style='padding: 15px; color: inherit;'>\n<ul style='padding-left: 20px; margin: 0; font-size: 14px; list-style-type: disc;'>\n<li style='margin-bottom: 5px;'><strong>Bater\u00edas:<\/strong> 20 x 12V\/7Ah<\/li>\n<li style='margin-bottom: 5px;'><strong>Tiempo de respaldo con carga completa (5&comma;400 W):<\/strong> 5.4 Minutos<\/li>\n<li style='margin-bottom: 5px;'><strong>Tiempo de respaldo con media carga (2700 W):<\/strong> 15 Minutos<\/li>\n<\/ul><\/div>\n<\/p><\/div>\n<div style='flex: 1 1 250px; border: 1px solid rgba(150&comma; 150&comma; 150&comma; 0.4); border-radius: 8px; overflow: hidden; display: flex; flex-direction: column;'>\n<div style='padding: 15px; border-bottom: 1px solid rgba(150&comma; 150&comma; 150&comma; 0.2); font-weight: bold; font-size: 18px; color: inherit;'>Salida<\/div>\n<div style='padding: 15px; color: inherit;'>\n<ul style='padding-left: 20px; margin: 0; font-size: 14px; list-style-type: disc;'>\n<li style='margin-bottom: 5px;'><strong>Voltaje en Bater\u00eda:<\/strong> 200&comma; 208&comma; 220&comma; 230&comma; 240 Vac (Configurable) \u00b12%<\/li>\n<li style='margin-bottom: 5px;'><strong>No entrega salida de 120 Vca<\/strong><\/li>\n<li style='margin-bottom: 5px;'><strong>Total de tomas de salida:<\/strong> 4<\/li>\n<li style='margin-bottom: 5px;'><strong>Tipo de tomas:<\/strong> NEMA L6-20R (2) <img style='width: 40px; height: 40px; vertical-align: middle; border: 1px solid rgba(150&comma;150&comma;150&comma;0.3); border-radius: 4px;' src='https:\/\/www.cyberpower.com\/mx\/es\/File\/GetImageByDocId\/GeneralAttribute-245' alt=''> y NEMA L6-30R (2) <img style='width: 40px; height: 40px; vertical-align: middle; border: 1px solid rgba(150&comma;150&comma;150&comma;0.3); border-radius: 4px;' src='https:\/\/www.cyberpower.com\/mx\/es\/File\/GetImageByDocId\/GeneralAttribute-247' alt=''><\/li>\n<\/ul><\/div>\n<\/p><\/div>\n<div style='flex: 1 1 250px; border: 1px solid rgba(150&comma; 150&comma; 150&comma; 0.4); border-radius: 8px; overflow: hidden; display: flex; flex-direction: column;'>\n<div style='padding: 15px; border-bottom: 1px solid rgba(150&comma; 150&comma; 150&comma; 0.2); font-weight: bold; font-size: 18px; color: inherit;'>Caracter\u00edsticas F\u00edsicas<\/div>\n<div style='padding: 15px; color: inherit;'>\n<ul style='padding-left: 20px; margin: 0; font-size: 14px; list-style-type: disc;'>\n<li style='margin-bottom: 5px;'><strong>Protecci\u00f3n de picos:<\/strong> Grado de red<\/li>\n<li style='margin-bottom: 5px;'><strong>Administraci\u00f3n Remota SNMP \/ HTTP:<\/strong> RMCARD205 (Opcional)<\/li>\n<li style='margin-bottom: 5px;'><strong>M\u00f3dulo de Bater\u00edas Extendidas:<\/strong> BP240V50ART3U o BP240VL3U01<\/li>\n<li style='margin-bottom: 5px;'><strong>Indicadores:<\/strong> Pantalla LCD de lectura<\/li>\n<li style='margin-bottom: 5px;'><strong>Tama\u00f1o en Rack:<\/strong> 6 UR<\/li>\n<li style='margin-bottom: 5px;'><strong>Dimensiones:<\/strong> 433 x 266 x 660 mm (Ancho x Alto x Profundidad)<\/li>\n<li style='margin-bottom: 5px;'><strong>Peso:<\/strong> 100 Kg (incluye bater\u00eda)<\/li>\n<\/ul><\/div>\n<\/p><\/div>\n<\/p><\/div>\n<\/p><\/div>\n<p> <!-- Separador final --> <\/p>\n<hr style='border: 0; border-top: 1px solid rgba(150&comma; 150&comma; 150&comma; 0.3); margin: 30px 0;'> <\/div>\n","protected":false},"excerpt":{"rendered":"<p>UPS de 6000 VA\/5400 W, Online Doble Conversi\u00f3n, 200 &#8211; 240 Vac de Entrada Hardwire, Onda Senoidal Pura, Torre o Rack de 6 UR, Con 2 Tomas NEMA L6-20R y 2 NEMA L6-30R<\/p>\n","protected":false},"featured_media":96761,"comment_status":"open","ping_status":"closed","template":"","meta":[],"product_brand":[],"product_cat":[1231],"product_tag":[677,142,1232],"class_list":{"0":"post-96762","1":"product","2":"type-product","3":"status-publish","4":"has-post-thumbnail","6":"product_cat-ups-no-break-energia-videovigilancia","7":"product_tag-cyberpower","8":"product_tag-energia","9":"product_tag-ups-no-break-2","11":"first","12":"outofstock","13":"sale","14":"shipping-taxable","15":"purchasable","16":"product-type-simple"},"_links":{"self":[{"href":"https:\/\/soydeaqui.ddns.net\/pachuca\/index.php\/wp-json\/wp\/v2\/product\/96762","targetHints":{"allow":["GET"]}}],"collection":[{"href":"https:\/\/soydeaqui.ddns.net\/pachuca\/index.php\/wp-json\/wp\/v2\/product"}],"about":[{"href":"https:\/\/soydeaqui.ddns.net\/pachuca\/index.php\/wp-json\/wp\/v2\/types\/product"}],"replies":[{"embeddable":true,"href":"https:\/\/soydeaqui.ddns.net\/pachuca\/index.php\/wp-json\/wp\/v2\/comments?post=96762"}],"wp:featuredmedia":[{"embeddable":true,"href":"https:\/\/soydeaqui.ddns.net\/pachuca\/index.php\/wp-json\/wp\/v2\/media\/96761"}],"wp:attachment":[{"href":"https:\/\/soydeaqui.ddns.net\/pachuca\/index.php\/wp-json\/wp\/v2\/media?parent=96762"}],"wp:term":[{"taxonomy":"product_brand","embeddable":true,"href":"https:\/\/soydeaqui.ddns.net\/pachuca\/index.php\/wp-json\/wp\/v2\/product_brand?post=96762"},{"taxonomy":"product_cat","embeddable":true,"href":"https:\/\/soydeaqui.ddns.net\/pachuca\/index.php\/wp-json\/wp\/v2\/product_cat?post=96762"},{"taxonomy":"product_tag","embeddable":true,"href":"https:\/\/soydeaqui.ddns.net\/pachuca\/index.php\/wp-json\/wp\/v2\/product_tag?post=96762"}],"curies":[{"name":"wp","href":"https:\/\/api.w.org\/{rel}","templated":true}]}}