{"id":96728,"date":"2026-03-20T08:26:23","date_gmt":"2026-03-20T08:26:23","guid":{"rendered":"https:\/\/soydeaqui.ddns.net\/pachuca\/index.php\/producto\/doble-poder-de-decodificacion-nvr-32-megapixel-8k-32-canales-ip-16-puertos-poe-acusense-anpr-conteo-de-personas-heat-map-4-bahias-de-disco-duro-hdmi-en-8k-soporta-pos-alarmas\/"},"modified":"2026-03-20T08:26:25","modified_gmt":"2026-03-20T08:26:25","slug":"doble-poder-de-decodificacion-nvr-32-megapixel-8k-32-canales-ip-16-puertos-poe-acusense-anpr-conteo-de-personas-heat-map-4-bahias-de-disco-duro-hdmi-en-8k-soporta-pos-alarmas","status":"publish","type":"product","link":"https:\/\/soydeaqui.ddns.net\/pachuca\/index.php\/producto\/doble-poder-de-decodificacion-nvr-32-megapixel-8k-32-canales-ip-16-puertos-poe-acusense-anpr-conteo-de-personas-heat-map-4-bahias-de-disco-duro-hdmi-en-8k-soporta-pos-alarmas\/","title":{"rendered":"[Doble Poder de Decodificaci\u00f3n] NVR 32 Megapixel (8K) \/ 32 Canales IP \/ 16 Puertos PoE+ \/ AcuSense \/ ANPR \/ Conteo de Personas \/ Heat Map \/ 4 Bah\u00edas de Disco Duro  \/ HDMI en 8K \/ Soporta POS \/ Alarmas I\/O \/ 2 Salidas HDMI \/ ACUSEARCH"},"content":{"rendered":"<div style='width: 100%; max-width: 1200px; margin: 0 auto; font-family: sans-serif; line-height: 1.6; color: inherit; background-color: transparent;'> <!-- Banner inicial --> <\/p>\n<div style='text-align: center; margin: 30px 0;'> <img style='width: 45%; height: auto; border: 1px solid rgba(150&comma;150&comma;150&comma;0.3); border-radius: 8px;' src='https:\/\/ftp3.syscom.mx\/usuarios\/jsosa\/HIKVISION\/imagenes\/logo\/hikvision%20see%20far.png' alt='Logo Hikvision'> <\/div>\n<p> <!-- Secci\u00f3n de especificaciones --> <\/p>\n<div style='display: flex; flex-wrap: wrap; gap: 30px; margin-bottom: 30px;'>\n<div style='flex: 1 1 300px; min-width: 280px;'>\n<h3 style='font-size: 22px; border-bottom: 2px solid currentColor; padding-bottom: 5px; margin-top: 0; color: inherit; opacity: 0.8;'>Caracter\u00edsticas principales<\/h3>\n<ul style='padding-left: 20px; font-size: 15px; color: inherit;'>\n<li style='margin-bottom: 5px;'><span style='color: inherit; font-family: inherit;'>Compresi\u00f3n de v\u00eddeo: H.265+ \/ H.265 \/ H.264+ \/ H.264.<\/span><\/li>\n<li style='margin-bottom: 5px;'><span style='color: inherit; font-family: inherit;'>16 Puertos PoE (soporta est\u00e1ndar af \/ at).<\/span><\/li>\n<li style='margin-bottom: 5px;'><span style='color: inherit; font-family: inherit;'>200 watts total en sus puertos PoE+.<\/span><\/li>\n<li style='margin-bottom: 5px;'><span style='color: inherit; font-family: inherit;'>Soporta mouse USB para operar (incluido).<\/span><\/li>\n<li style='margin-bottom: 5px;'><span style='color: inherit; font-family: inherit;'>Soporta 4 HDD&#8217;s de hasta 16 TB. (no incluido).<\/span><\/li>\n<li style='margin-bottom: 5px;'><span style='color: inherit; font-family: inherit;'>Soporta tecnolog\u00eda ANR con c\u00e1mara IP HIKVISION cuando la red esta desconectada.<\/span><\/li>\n<li style='margin-bottom: 5px;'><span style='color: inherit; font-family: inherit;'>Soporta DDNS (Hik-Connect&comma; DynDNS&comma; No-IP&comma; etc).<\/span><\/li>\n<li style='margin-bottom: 5px;'><span style='color: inherit; font-family: inherit;'>Soporta Hik-Connect (P2P) (<a style='color: #0066cc; text-decoration: underline;' href='https:\/\/appstore.hikvision.com\/' target='_blank' rel='noopener'>https:\/\/appstore.hikvision.com\/<\/a>).<\/span><\/li>\n<li style='margin-bottom: 5px;'><span style='color: inherit; font-family: inherit;'>Acceso remoto v\u00eda tel\u00e9fono: Android&comma; iPhone&comma; iPad (Hik-Connect).<\/span><\/li>\n<li style='margin-bottom: 5px;'><span style='color: inherit; font-family: inherit;'>Compatibilidad con navegadores EDGE (ietab)&comma; Chrome.<\/span><\/li>\n<li style='margin-bottom: 5px;'><span style='color: inherit; font-family: inherit;'>Software cliente IVMS-4200 (gratuito).<\/span><\/li>\n<li style='margin-bottom: 5px;'><span style='color: inherit; font-family: inherit;'>Soporta m\u00faltiples marcas usando el protocolo ONVIF.<\/span><\/li>\n<\/ul><\/div>\n<div style='flex: 1 1 300px; min-width: 280px;'>\n<h3 style='font-size: 22px; border-bottom: 2px solid currentColor; padding-bottom: 5px; margin-top: 0; color: inherit; opacity: 0.8;'>Caracter\u00edsticas F\u00edsicas y El\u00e9ctricas<\/h3>\n<ul style='padding-left: 20px; font-size: 15px; color: inherit;'>\n<li style='margin-bottom: 5px;'><span style='color: inherit; font-family: inherit;'>Dimensiones: 445 x 400 x 75 mm.<\/span><\/li>\n<li style='margin-bottom: 5px;'><span style='color: inherit; font-family: inherit;'>Alimentaci\u00f3n: 100 a 240 Vca \/ 15 W.<\/span><\/li>\n<li style='margin-bottom: 5px;'><span style='color: inherit; font-family: inherit;'>Temperatura de operaci\u00f3n: -10\u00b0C a 55\u00b0C.<\/span><\/li>\n<li style='margin-bottom: 5px;'><span style='color: inherit; font-family: inherit;'>Peso: 5 Kg sin HDD.<\/span><\/li>\n<li style='margin-bottom: 5px;'><span style='color: inherit; font-family: inherit;'>Garant\u00eda: 5 a\u00f1os.<\/span><\/li>\n<\/ul><\/div>\n<div style='flex: 1 1 300px; min-width: 280px;'>\n<h3 style='font-size: 22px; border-bottom: 2px solid currentColor; padding-bottom: 5px; margin-top: 0; color: inherit; opacity: 0.8;'>Resoluci\u00f3n de Grabaci\u00f3n por Canal<\/h3>\n<ul style='padding-left: 20px; font-size: 15px; color: inherit;'>\n<li style='margin-bottom: 5px;'><span style='color: inherit; font-family: inherit;'>2 MP (1080P): 32 Canales &#8211; 30 IPS.<\/span><\/li>\n<li style='margin-bottom: 5px;'><span style='color: inherit; font-family: inherit;'>4 MP: 32 Canales &#8211; 30 IPS.<\/span><\/li>\n<li style='margin-bottom: 5px;'><span style='color: inherit; font-family: inherit;'>5 MP: 32 Canales &#8211; 30 IPS.<\/span><\/li>\n<li style='margin-bottom: 5px;'><span style='color: inherit; font-family: inherit;'>6 MP: 32 Canales &#8211; 30 IPS.<\/span><\/li>\n<li style='margin-bottom: 5px;'><span style='color: inherit; font-family: inherit;'>4K (8 MP): 32 Canales &#8211; 30 IPS.<\/span><\/li>\n<li style='margin-bottom: 5px;'><span style='color: inherit; font-family: inherit;'>4K (12 MP): 32 Canales &#8211; 22 IPS.<\/span><\/li>\n<li style='margin-bottom: 5px;'><span style='color: inherit; font-family: inherit;'>Reproducci\u00f3n s\u00edncrona en canales: 16 Canales.<\/span><\/li>\n<\/ul><\/div>\n<div style='flex: 1 1 300px; min-width: 280px;'>\n<h3 style='font-size: 22px; border-bottom: 2px solid currentColor; padding-bottom: 5px; margin-top: 0; color: inherit; opacity: 0.8;'>Capacidad de procesamiento y funciones de red<\/h3>\n<ul style='padding-left: 20px; font-size: 15px; color: inherit;'>\n<li style='margin-bottom: 5px;'><span style='color: inherit; font-family: inherit;'>Throughput entrada: 320 Mbps.<\/span><\/li>\n<li style='margin-bottom: 5px;'><span style='color: inherit; font-family: inherit;'>Throughput salida: 400 Mbps.<\/span><\/li>\n<li style='margin-bottom: 5px;'><span style='color: inherit; font-family: inherit;'>1 puerto red RJ-45: 10 \/ 100 \/ 1000 Mbps. (LAN)<\/span><\/li>\n<li style='margin-bottom: 5px;'><span style='color: inherit; font-family: inherit;'>Configuraci\u00f3n local y remota de par\u00e1metros.<\/span><\/li>\n<li style='margin-bottom: 5px;'><span style='color: inherit; font-family: inherit;'>Descarga y reproducci\u00f3n por red de los archivos grabados en la NVR.<\/span><\/li>\n<\/ul><\/div>\n<div style='flex: 1 1 300px; min-width: 280px;'>\n<h3 style='font-size: 22px; border-bottom: 2px solid currentColor; padding-bottom: 5px; margin-top: 0; color: inherit; opacity: 0.8;'>Funciones de Grabaci\u00f3n y Visualizaci\u00f3n<\/h3>\n<ul style='padding-left: 20px; font-size: 15px; color: inherit;'>\n<li style='margin-bottom: 5px;'><span style='color: inherit; font-family: inherit;'>Detecci\u00f3n de movimiento multizona.<\/span><\/li>\n<li style='margin-bottom: 5px;'><span style='color: inherit; font-family: inherit;'>Zoom digital en visualizaci\u00f3n y grabaci\u00f3n.<\/span><\/li>\n<li style='margin-bottom: 5px;'><span style='color: inherit; font-family: inherit;'>Dual stream (main stream y sub stream).<\/span><\/li>\n<li style='margin-bottom: 5px;'><span style='color: inherit; font-family: inherit;'>Soporta avance r\u00e1pido&comma; lento&comma; cuadro a cuadro&comma; etc.<\/span><\/li>\n<li style='margin-bottom: 5px;'><span style='color: inherit; font-family: inherit;'>Soporta tecnolog\u00eda de discos duros S.M.A.R.T.<\/span><\/li>\n<li style='margin-bottom: 5px;'><span style='color: inherit; font-family: inherit;'>Soporta m\u00faltiples tipos de grabaci\u00f3n&comma; incluyendo tiempo real&comma; grabaci\u00f3n manual&comma; videosensor&comma; videosensor y alarma&comma; videosensor o alarma.<\/span><\/li>\n<li style='margin-bottom: 5px;'><span style='color: inherit; font-family: inherit;'>Soporta grabaci\u00f3n c\u00edclica (sobreescritura) y no c\u00edclica.<\/span><\/li>\n<\/ul><\/div>\n<div style='flex: 1 1 300px; min-width: 280px;'>\n<h3 style='font-size: 22px; border-bottom: 2px solid currentColor; padding-bottom: 5px; margin-top: 0; color: inherit; opacity: 0.8;'>Interfaces Entradas \/ Salidas<\/h3>\n<ul style='padding-left: 20px; font-size: 15px; color: inherit;'>\n<li style='margin-bottom: 5px;'><span style='color: inherit; font-family: inherit; font-weight: bold;'>Salida simultanea HDMI 1 y VGA.<\/span><\/li>\n<li style='margin-bottom: 5px;'><span style='color: inherit; font-family: inherit; font-weight: bold;'>Salida independiente HDMI 2 y VGA.<\/span><\/li>\n<li style='margin-bottom: 5px;'><span style='color: inherit; font-family: inherit;'>Resoluci\u00f3n HDMI 1: 8K \/ 4K \/ 1080p \/ 720p.<\/span><\/li>\n<li style='margin-bottom: 5px;'><span style='color: inherit; font-family: inherit;'>Resoluci\u00f3n HDMI 2: 4K \/ 1080p \/ 720p.<\/span><\/li>\n<li style='margin-bottom: 5px;'><span style='color: inherit; font-family: inherit;'>Resoluci\u00f3n VGA: 1080p \/ 720p.<\/span><\/li>\n<li style='margin-bottom: 5px;'><span style='color: inherit; font-family: inherit;'>Entrada de Audio: 1 Canal.<\/span><\/li>\n<li style='margin-bottom: 5px;'><span style='color: inherit; font-family: inherit;'>Salida de Audio: 1 Canal.<\/span><\/li>\n<li style='margin-bottom: 5px;'><span style='color: inherit; font-family: inherit;'>Entrada de Alarma: 16.<\/span><\/li>\n<li style='margin-bottom: 5px;'><span style='color: inherit; font-family: inherit;'>Salida de Alarma: 9.<\/span><\/li>\n<li style='margin-bottom: 5px;'><span style='color: inherit; font-family: inherit;'>Soporta audio bidireccional (audio de dos v\u00edas).<\/span><\/li>\n<\/ul><\/div>\n<\/p><\/div>\n<p> <!-- Separador --> <\/p>\n<hr style='border: 0; border-top: 1px solid rgba(150&comma; 150&comma; 150&comma; 0.3); margin: 30px 0;'> <!-- Caracter\u00edsticas Destacadas --> <\/p>\n<div style='display: flex; flex-wrap: wrap; gap: 30px; margin-bottom: 30px;'>\n<div style='flex: 1 1 100%;'>\n<h3 style='font-size: 22px; border-bottom: 2px solid currentColor; padding-bottom: 5px; margin-top: 0; color: inherit; opacity: 0.8;'>Caracter\u00edsticas Destacadas<\/h3>\n<\/p><\/div>\n<\/p><\/div>\n<p> <!-- Secci\u00f3n de cards con caracter\u00edsticas destacadas --> <\/p>\n<div style='display: flex; flex-wrap: wrap; gap: 20px; margin-bottom: 30px;'>\n<div style='flex: 1 1 100%; border: 1px solid rgba(150&comma; 150&comma; 150&comma; 0.4); border-radius: 8px; overflow: hidden; display: flex; flex-direction: column;'>\n<div style='padding: 15px; border-bottom: 1px solid rgba(150&comma; 150&comma; 150&comma; 0.2); font-weight: bold; font-size: 18px; color: inherit;'>ACUSENSE (Filtro de Falsas Alarmas)<\/div>\n<div style='padding: 15px; color: inherit;'>\n<ul style='padding-left: 20px; margin: 0; font-size: 14px; list-style-type: disc;'>\n<li style='margin-bottom: 5px;'><span style='color: inherit; font-family: inherit;'>Con tecnolog\u00eda ACUSENSE podemos evitar falsas alarmas como movimiento de arboles&comma; animales&comma; etc.<\/span><\/li>\n<li style='margin-bottom: 5px;'><span style='color: inherit; font-family: inherit;'>Al activar la tecnolog\u00eda ACUSENSE solo detecta cuerpo humano y veh\u00edculos para detectar realmente eventos importantes y asi eliminar falsas alarmas.<\/span><\/li>\n<li style='margin-bottom: 5px;'><span style='color: inherit; font-family: inherit;'>Soporta hasta 32 canales con ACUSENSE utilizando c\u00e1maras: DS-2CD2XX7G2 \/ DS-2CD2XX3G2 \/ IDS-2CD7 \/ DS-2CD3XXG2 \/ DS-2CD3XX7G2 (que soporte ACUSENSE).<\/span><\/li>\n<li style='margin-bottom: 5px;'><span style='color: inherit; font-family: inherit;'>Soporta hasta 32 canales con la tecnolog\u00eda ACUSENSE Lite (humano y vehiculo pero con deteccion de movimiento&comma; no analiticos) usando c\u00e1maras DS-2CD1XX3G2 y DS-2CD1XX3G7G2 (que soporte ACUSENSE Lite).<\/span><\/li>\n<\/ul><\/div>\n<\/p><\/div>\n<div style='flex: 1 1 100%; border: 1px solid rgba(150&comma; 150&comma; 150&comma; 0.4); border-radius: 8px; overflow: hidden; display: flex; flex-direction: column;'>\n<div style='padding: 15px; border-bottom: 1px solid rgba(150&comma; 150&comma; 150&comma; 0.2); font-weight: bold; font-size: 18px; color: inherit;'>Soporta POS (Punto de Venta)<\/div>\n<div style='padding: 15px; color: inherit;'>\n<ul style='padding-left: 20px; margin: 0; font-size: 14px; list-style-type: disc;'>\n<li style='margin-bottom: 5px;'><span style='color: inherit; font-family: inherit;'>Soporta 16 canales con la integraci\u00f3n POS. El sistema de POS a integrar se recomienda que soporte dos impresiones&comma; una fisica (ticket de la compra) y una digital (para mandar el texto al NVR).<\/span><\/li>\n<\/ul><\/div>\n<\/p><\/div>\n<div style='flex: 1 1 100%; border: 1px solid rgba(150&comma; 150&comma; 150&comma; 0.4); border-radius: 8px; overflow: hidden; display: flex; flex-direction: column;'>\n<div style='padding: 15px; border-bottom: 1px solid rgba(150&comma; 150&comma; 150&comma; 0.2); font-weight: bold; font-size: 18px; color: inherit;'>Heat Map (Mapa de Calor)<\/div>\n<div style='padding: 15px; color: inherit;'>\n<ul style='padding-left: 20px; margin: 0; font-size: 14px; list-style-type: disc;'>\n<li style='margin-bottom: 5px;'><span style='color: inherit; font-family: inherit;'>Usando c\u00e1maras fisheye o domos IP que soporten la analitica de calor para poder realizar analisis del movimiento segun el escenario por medio de pixeles (paleta de colores)&comma; eso nos permite tomar una desici\u00f3n de los movimientos mas frecuentes segun el escenario.<\/span><\/li>\n<\/ul><\/div>\n<\/p><\/div>\n<div style='flex: 1 1 100%; border: 1px solid rgba(150&comma; 150&comma; 150&comma; 0.4); border-radius: 8px; overflow: hidden; display: flex; flex-direction: column;'>\n<div style='padding: 15px; border-bottom: 1px solid rgba(150&comma; 150&comma; 150&comma; 0.2); font-weight: bold; font-size: 18px; color: inherit;'>People Counting (Conteo de Personas)<\/div>\n<div style='padding: 15px; color: inherit;'>\n<ul style='padding-left: 20px; margin: 0; font-size: 14px; list-style-type: disc;'>\n<li style='margin-bottom: 5px;'><span style='color: inherit; font-family: inherit;'>Usando c\u00e1maras IP con analitica de conteo de personas (base de datos) podemos realizar un conteo de de personas por medio de la captura facial&comma; esto hace que nos permita tener una efectividad mayor para evitar posibles duplicaciones. Podemos tener diferentes tipos de analisis como entrada&comma; salida y duplicados (varias veces entran y salen). Podemos tener excepciones de rostros que no cuenten por ser miembros o personas dentro del mismo local.<\/span><\/li>\n<\/ul><\/div>\n<\/p><\/div>\n<div style='flex: 1 1 100%; border: 1px solid rgba(150&comma; 150&comma; 150&comma; 0.4); border-radius: 8px; overflow: hidden; display: flex; flex-direction: column;'>\n<div style='padding: 15px; border-bottom: 1px solid rgba(150&comma; 150&comma; 150&comma; 0.2); font-weight: bold; font-size: 18px; color: inherit;'>ANPR (Lectura de Placas)<\/div>\n<div style='padding: 15px; color: inherit;'>\n<ul style='padding-left: 20px; margin: 0; font-size: 14px; list-style-type: disc;'>\n<li style='margin-bottom: 5px;'><span style='color: inherit; font-family: inherit;'>Usando c\u00e1maras con analitica de ANPR podemos tener lectura de placas (base de datos) y podemos tener tambien diferentes caracteristicas del automovil como tipo del vehiculo&comma; color&comma; tama\u00f1o&comma; etc&#8230;<\/span><\/li>\n<\/ul><\/div>\n<\/p><\/div>\n<\/p><\/div>\n<p> <!-- Banner final --> <\/p>\n<div style='text-align: center; margin: 30px 0;'> <img style='width: 100%; height: auto; border: 1px solid rgba(150&comma;150&comma;150&comma;0.3); border-radius: 8px;' src='https:\/\/ftp3.syscom.mx\/usuarios\/jsosa\/HIKVISION\/imagenes\/banners\/solution%20complete.png' alt='Banner Hikvision'> <\/div>\n<\/p><\/div>\n","protected":false},"excerpt":{"rendered":"<p>[Doble Poder de Decodificaci\u00f3n] NVR 32 Megapixel (8K) \/ 32 Canales IP \/ 16 Puertos PoE+ \/ AcuSense \/ ANPR \/ Conteo de Personas \/ Heat Map \/ 4 Bah\u00edas de Disco Duro  \/ HDMI en 8K \/ Soporta POS \/ Alarmas I\/O \/ 2 Salidas HDMI \/ ACUSEARCH<\/p>\n","protected":false},"featured_media":32,"comment_status":"open","ping_status":"closed","template":"","meta":[],"product_brand":[],"product_cat":[2234],"product_tag":[122,54,2235],"class_list":{"0":"post-96728","1":"product","2":"type-product","3":"status-publish","4":"has-post-thumbnail","6":"product_cat-nvrs-network-video-recorders","7":"product_tag-camaras-ip-y-nvrs","8":"product_tag-hikvision","9":"product_tag-nvrs-network-video-recorders","11":"first","12":"outofstock","13":"sale","14":"shipping-taxable","15":"purchasable","16":"product-type-simple"},"_links":{"self":[{"href":"https:\/\/soydeaqui.ddns.net\/pachuca\/index.php\/wp-json\/wp\/v2\/product\/96728","targetHints":{"allow":["GET"]}}],"collection":[{"href":"https:\/\/soydeaqui.ddns.net\/pachuca\/index.php\/wp-json\/wp\/v2\/product"}],"about":[{"href":"https:\/\/soydeaqui.ddns.net\/pachuca\/index.php\/wp-json\/wp\/v2\/types\/product"}],"replies":[{"embeddable":true,"href":"https:\/\/soydeaqui.ddns.net\/pachuca\/index.php\/wp-json\/wp\/v2\/comments?post=96728"}],"wp:featuredmedia":[{"embeddable":true,"href":"https:\/\/soydeaqui.ddns.net\/pachuca\/index.php\/wp-json\/wp\/v2\/media\/32"}],"wp:attachment":[{"href":"https:\/\/soydeaqui.ddns.net\/pachuca\/index.php\/wp-json\/wp\/v2\/media?parent=96728"}],"wp:term":[{"taxonomy":"product_brand","embeddable":true,"href":"https:\/\/soydeaqui.ddns.net\/pachuca\/index.php\/wp-json\/wp\/v2\/product_brand?post=96728"},{"taxonomy":"product_cat","embeddable":true,"href":"https:\/\/soydeaqui.ddns.net\/pachuca\/index.php\/wp-json\/wp\/v2\/product_cat?post=96728"},{"taxonomy":"product_tag","embeddable":true,"href":"https:\/\/soydeaqui.ddns.net\/pachuca\/index.php\/wp-json\/wp\/v2\/product_tag?post=96728"}],"curies":[{"name":"wp","href":"https:\/\/api.w.org\/{rel}","templated":true}]}}