{"id":96727,"date":"2026-03-20T08:26:21","date_gmt":"2026-03-20T08:26:21","guid":{"rendered":"https:\/\/soydeaqui.ddns.net\/pachuca\/index.php\/producto\/bala-ip-4-megapixel-deepinview-temperaturas-ambientales-de-hasta-60c-50-mts-ir-lente-mot-2-8-a-12mm-ik10-h-265-wdr-140-db-micro-sd\/"},"modified":"2026-03-20T08:26:21","modified_gmt":"2026-03-20T08:26:21","slug":"bala-ip-4-megapixel-deepinview-temperaturas-ambientales-de-hasta-60c-50-mts-ir-lente-mot-2-8-a-12mm-ik10-h-265-wdr-140-db-micro-sd","status":"publish","type":"product","link":"https:\/\/soydeaqui.ddns.net\/pachuca\/index.php\/producto\/bala-ip-4-megapixel-deepinview-temperaturas-ambientales-de-hasta-60c-50-mts-ir-lente-mot-2-8-a-12mm-ik10-h-265-wdr-140-db-micro-sd\/","title":{"rendered":"Bala  IP 4 Megapixel \/ DeepinView  \/ temperaturas ambientales de hasta -60?\u00b0C. \/ 50 mts IR \/ Lente Mot. 2.8 a 12mm \/ IK10 \/ H.265+ \/ WDR 140 dB  \/ Micro SD"},"content":{"rendered":"<div style='width: 100%; max-width: 1200px; margin: 0 auto; font-family: sans-serif; line-height: 1.6; color: inherit; background-color: transparent;'> <!-- Imagen logo --> <\/p>\n<div style='text-align: center; margin: 30px 0;'> <img style='width: 45%; max-width: 400px; height: auto; border: 1px solid rgba(150&comma;150&comma;150&comma;0.3); border-radius: 8px;' src='https:\/\/ftp3.syscom.mx\/usuarios\/jsosa\/HIKVISION\/imagenes\/logo\/hikvision%20see%20far.png' alt='Logo Hikvision'> <\/div>\n<p> <!-- Grid de contenido --> <\/p>\n<div style='display: flex; flex-wrap: wrap; gap: 30px;'>\n<div style='flex: 1 1 400px; min-width: 300px;'>\n<div style='border: 1px solid rgba(150&comma; 150&comma; 150&comma; 0.4); border-radius: 8px; overflow: hidden; margin-bottom: 30px;'>\n<div style='padding: 15px; background-color: #df001e; border-bottom: 1px solid #a80000; color: white; font-weight: bold; font-size: 18px; color: inherit;'>Caracter\u00edsticas Principales<\/div>\n<div style='padding: 15px; color: inherit;'>\n<ul style='padding-left: 20px; margin: 0; list-style-position: outside; font-size: 14px; color: inherit;'>\n<li style='margin-bottom: 8px;'><span style='color: inherit;'>Sensor de imagen dual: 1\/1.8&#8242; CMOS Scan Progresivo<\/span><\/li>\n<li style='margin-bottom: 8px;'><span style='color: inherit;'>Formato de compresi\u00f3n: H.265+ \/ H.265 \/ H.264+ \/ H.264<\/span><\/li>\n<li style='margin-bottom: 8px;'><span style='color: inherit;'>Resoluci\u00f3n m\u00e1xima: 4 Megapixel (2688 x 1520)<\/span><\/li>\n<li style='margin-bottom: 8px;'><span style='color: inherit;'>Iluminaci\u00f3n m\u00ednima: Color: 0.0036 Lux @ (F1.6&comma; AGC ON)&comma; 0 Lux with IR<\/span><\/li>\n<li style='margin-bottom: 8px;'><span style='color: inherit;'>Distancia focal: 2.8 a 12 mm (110\u00b0 a 46.2\u00b0)<\/span><\/li>\n<li style='margin-bottom: 8px;'><span style='color: inherit;'>Distancia de IR: 50 metros IR inteligente<\/span><\/li>\n<li style='margin-bottom: 8px;'><span style='color: inherit;'>Dia \/ Noche real (filtro ICR)<\/span><\/li>\n<li style='margin-bottom: 8px;'><span style='color: inherit;'>Funciones: WDR 140 dB&comma; BLC&comma; HLC&comma; 3D DNR&comma; Defog&comma; EIS<\/span><\/li>\n<li style='margin-bottom: 8px;'><span style='color: inherit;'>Soporta ONVIF (profile S&comma; profile G&comma; profile T)&comma; ISAPI&comma; SDK<\/span><\/li>\n<\/ul><\/div>\n<\/p><\/div>\n<div style='border: 1px solid rgba(150&comma; 150&comma; 150&comma; 0.4); border-radius: 8px; overflow: hidden; margin-bottom: 30px;'>\n<div style='padding: 15px; background-color: #df001e; border-bottom: 1px solid #a80000; color: white; font-weight: bold; font-size: 18px; color: inherit;'>Entradas y Salidas de Audio \/ Alarmas \/ Red \/ Almacenamiento<\/div>\n<div style='padding: 15px; color: inherit;'>\n<ul style='padding-left: 20px; margin: 0; list-style-position: outside; font-size: 14px; color: inherit;'>\n<li style='margin-bottom: 8px;'><span style='color: inherit;'>Entradas de alarma: N\/A<\/span><\/li>\n<li style='margin-bottom: 8px;'><span style='color: inherit;'>Salidas de alarma: N\/A<\/span><\/li>\n<li style='margin-bottom: 8px;'><span style='color: inherit;'>Entradas de audio: N\/A<\/span><\/li>\n<li style='margin-bottom: 8px;'><span style='color: inherit;'>Salidas de audio: N\/A<\/span><\/li>\n<li style='margin-bottom: 8px;'><span style='color: inherit;'>Puerto de red: 1 (10 \/ 100 Mbps \/ PoE 802.3af)<\/span><\/li>\n<li style='margin-bottom: 8px;'><span style='color: inherit;'>Soporta ONVIF (PROFILE S) \/ ISAPI<\/span><\/li>\n<li style='margin-bottom: 8px;'><span style='color: inherit;'>Red: 1 puerto RJ45 (10 \/ 100 \/ 1000 Mbps)<\/span><\/li>\n<li style='margin-bottom: 8px;'><span style='color: inherit;'>Soporta memoria micro SD de 256 GB m\u00e1ximo (no incluida)<\/span><\/li>\n<\/ul><\/div>\n<\/p><\/div>\n<\/p><\/div>\n<div style='flex: 1 1 400px; min-width: 300px;'>\n<div style='border: 1px solid rgba(150&comma; 150&comma; 150&comma; 0.4); border-radius: 8px; overflow: hidden; margin-bottom: 30px;'>\n<div style='padding: 15px; background-color: #df001e; border-bottom: 1px solid #a80000; color: white; font-weight: bold; font-size: 18px; color: inherit;'>Caracter\u00edsticas F\u00edsicas y El\u00e9ctricas<\/div>\n<div style='padding: 15px; color: inherit;'>\n<ul style='padding-left: 20px; margin: 0; list-style-position: outside; font-size: 14px; color: inherit;'>\n<li style='margin-bottom: 8px;'><span style='color: inherit;'>Protecci\u00f3n: IK10<\/span><\/li>\n<li style='margin-bottom: 8px;'><span style='color: inherit;'>Temperatura de operaci\u00f3n: -60\u00b0C a 60\u00b0C<\/span><\/li>\n<li style='margin-bottom: 8px;'><span style='color: inherit;'>Alimentaci\u00f3n \/ Consumo: 12 Vcc \/ 51.4 W \/ 4.28 A<\/span><\/li>\n<li style='margin-bottom: 8px;'><span style='color: inherit;'>Dimensiones: 140.5 x 367.8 mm<\/span><\/li>\n<li style='margin-bottom: 8px;'><span style='color: inherit;'>Peso: 1.82 gramos<\/span><\/li>\n<li style='margin-bottom: 8px;'><span style='color: inherit;'>Fabricada en metal<\/span><\/li>\n<\/ul><\/div>\n<\/p><\/div>\n<div style='border: 1px solid rgba(150&comma; 150&comma; 150&comma; 0.4); border-radius: 8px; overflow: hidden; margin-bottom: 30px;'>\n<div style='padding: 15px; background-color: #df001e; border-bottom: 1px solid #a80000; color: white; font-weight: bold; font-size: 18px; color: inherit;'>Accesorios Opcionales<\/div>\n<div style='padding: 15px; color: inherit;'>\n<ul style='padding-left: 20px; margin: 0; list-style-position: outside; font-size: 14px; color: inherit;'>\n<li style='margin-bottom: 8px;'><a href='https:\/\/www.syscom.mx\/producto\/DS-1475ZJ-SUS-HIKVISION-156174.html' target='_blank' rel='noopener' style='color: inherit; text-decoration: none; border-bottom: 1px dotted; opacity: 0.9;'>Montaje para poste&comma; modelo: DS-1475ZJ-SUS<\/a><\/li>\n<li style='margin-bottom: 8px;'><a href='https:\/\/www.syscom.mx\/producto\/DS-1476ZJ-SUS-HIKVISION-156175.html' target='_blank' rel='noopener' style='color: inherit; text-decoration: none; border-bottom: 1px dotted; opacity: 0.9;'>Montaje de esquina&comma; modelo: DS-1476ZJ-SUS<\/a><\/li>\n<li style='margin-bottom: 8px;'><a href='https:\/\/www.syscom.mx\/producto\/DS-1275ZJ-S-SUS-HIKVISION-170377.html' target='_blank' rel='noopener' style='color: inherit; text-decoration: none; border-bottom: 1px dotted; opacity: 0.9;'>Montaje de poste&comma; modelo: DS-1275ZJ-S-SUS<\/a><\/li>\n<\/ul><\/div>\n<\/p><\/div>\n<\/p><\/div>\n<\/p><\/div>\n<p> <!-- Secci\u00f3n de caracter\u00edsticas destacadas --> <\/p>\n<div style='border: 1px solid rgba(150&comma; 150&comma; 150&comma; 0.4); border-radius: 8px; overflow: hidden; margin-bottom: 30px;'>\n<div style='padding: 15px; background-color: #df001e; border-bottom: 1px solid #a80000; color: white; font-weight: bold; font-size: 18px; color: inherit;'>Caracter\u00edsticas Destacadas<\/div>\n<div style='padding: 15px; color: inherit;'>\n<ul style='padding-left: 20px; margin: 0; list-style-position: outside; font-size: 14px; color: inherit;'>\n<li style='margin-bottom: 15px;'><span style='color: inherit;'>El sistema est\u00e1 dise\u00f1ado para operar de manera continua y confiable en entornos de clima extremo&comma; con una tolerancia t\u00e9rmica que permite su funcionamiento estable a temperaturas ambientales de hasta -60 \u00b0C<\/span><\/li>\n<li style='margin-bottom: 15px;'><span style='color: inherit;'>Incluye calefactor interno (heater) y funci\u00f3n de desempa\u00f1ado (demist)<\/span><\/li>\n<li style='margin-bottom: 15px;'><span style='color: inherit;'>La c\u00e1mara incorpora tecnolog\u00eda LightFighter&comma; dise\u00f1ada para ofrecer im\u00e1genes n\u00edtidas y detalladas en escenas con alto contraste de iluminaci\u00f3n&comma; optimizando la exposici\u00f3n en condiciones de contraluz extremo mediante un procesamiento avanzado de rango din\u00e1mico<\/span><\/li>\n<\/ul><\/div>\n<\/p><\/div>\n<p> <!-- Imagen final --> <\/p>\n<div style='margin: 30px 0;'> <img style='width: 100%; height: auto; border: 1px solid rgba(150&comma;150&comma;150&comma;0.3); border-radius: 8px;' src='https:\/\/ftp3.syscom.mx\/usuarios\/jsosa\/HIKVISION\/imagenes\/banners\/solution%20complete.png' alt='Soluci\u00f3n completa'> <\/div>\n<\/p><\/div>\n","protected":false},"excerpt":{"rendered":"<p>Bala  IP 4 Megapixel \/ DeepinView  \/ temperaturas ambientales de hasta -60?\u00b0C. \/ 50 mts IR \/ Lente Mot. 2.8 a 12mm \/ IK10 \/ H.265+ \/ WDR 140 dB  \/ Micro SD<\/p>\n","protected":false},"featured_media":96726,"comment_status":"open","ping_status":"closed","template":"","meta":[],"product_brand":[],"product_cat":[438],"product_tag":[439,122,54],"class_list":{"0":"post-96727","1":"product","2":"type-product","3":"status-publish","4":"has-post-thumbnail","6":"product_cat-bala","7":"product_tag-bala","8":"product_tag-camaras-ip-y-nvrs","9":"product_tag-hikvision","11":"first","12":"instock","13":"sale","14":"shipping-taxable","15":"purchasable","16":"product-type-simple"},"_links":{"self":[{"href":"https:\/\/soydeaqui.ddns.net\/pachuca\/index.php\/wp-json\/wp\/v2\/product\/96727","targetHints":{"allow":["GET"]}}],"collection":[{"href":"https:\/\/soydeaqui.ddns.net\/pachuca\/index.php\/wp-json\/wp\/v2\/product"}],"about":[{"href":"https:\/\/soydeaqui.ddns.net\/pachuca\/index.php\/wp-json\/wp\/v2\/types\/product"}],"replies":[{"embeddable":true,"href":"https:\/\/soydeaqui.ddns.net\/pachuca\/index.php\/wp-json\/wp\/v2\/comments?post=96727"}],"wp:featuredmedia":[{"embeddable":true,"href":"https:\/\/soydeaqui.ddns.net\/pachuca\/index.php\/wp-json\/wp\/v2\/media\/96726"}],"wp:attachment":[{"href":"https:\/\/soydeaqui.ddns.net\/pachuca\/index.php\/wp-json\/wp\/v2\/media?parent=96727"}],"wp:term":[{"taxonomy":"product_brand","embeddable":true,"href":"https:\/\/soydeaqui.ddns.net\/pachuca\/index.php\/wp-json\/wp\/v2\/product_brand?post=96727"},{"taxonomy":"product_cat","embeddable":true,"href":"https:\/\/soydeaqui.ddns.net\/pachuca\/index.php\/wp-json\/wp\/v2\/product_cat?post=96727"},{"taxonomy":"product_tag","embeddable":true,"href":"https:\/\/soydeaqui.ddns.net\/pachuca\/index.php\/wp-json\/wp\/v2\/product_tag?post=96727"}],"curies":[{"name":"wp","href":"https:\/\/api.w.org\/{rel}","templated":true}]}}