{"id":96709,"date":"2026-03-20T08:25:35","date_gmt":"2026-03-20T08:25:35","guid":{"rendered":"https:\/\/soydeaqui.ddns.net\/pachuca\/index.php\/producto\/protector-contra-sobretensiones-poe-hipoe-hasta-10-gbe-para-camaras-ip-poe-wap-control-de-acceso-iluminacion-poe\/"},"modified":"2026-03-20T08:25:37","modified_gmt":"2026-03-20T08:25:37","slug":"protector-contra-sobretensiones-poe-hipoe-hasta-10-gbe-para-camaras-ip-poe-wap-control-de-acceso-iluminacion-poe","status":"publish","type":"product","link":"https:\/\/soydeaqui.ddns.net\/pachuca\/index.php\/producto\/protector-contra-sobretensiones-poe-hipoe-hasta-10-gbe-para-camaras-ip-poe-wap-control-de-acceso-iluminacion-poe\/","title":{"rendered":"Protector Contra Sobretensiones PoE\/HiPoE Hasta 10 GbE, Para C\u00e1maras IP PoE, WAP, Control de Acceso, Iluminaci\u00f3n PoE"},"content":{"rendered":"<div style='width: 100%; max-width: 1200px; margin: 0 auto; font-family: sans-serif; line-height: 1.6; color: inherit; background-color: transparent;'>\n<div style='display: flex; flex-wrap: wrap; gap: 30px; margin-bottom: 30px;'>\n<div style='flex: 1 1 300px; min-width: 280px;'>\n<h3 style='font-size: 22px; border-bottom: 2px solid currentColor; padding-bottom: 5px; margin-top: 0; color: inherit; opacity: 0.8;'>Caracter\u00edsticas principales<\/h3>\n<ul style='padding-left: 20px; font-size: 15px; color: inherit;'>\n<li style='margin-bottom: 5px;'>Admite velocidades de datos de hasta 10 GbE sin degradaci\u00f3n de la se\u00f1al<\/li>\n<li style='margin-bottom: 5px;'>Conexiones RJ45 hembra con tornillo externo de puesta a tierra<\/li>\n<li style='margin-bottom: 5px;'>Cumple con todas las normas IEEE Power over Ethernet<\/li>\n<li style='margin-bottom: 5px;'>Listado UL497B<\/li>\n<li style='margin-bottom: 5px;'>Compatible con PoE\/HiPoE<\/li>\n<li style='margin-bottom: 5px;'><strong>Aplicaciones:<\/strong> C\u00e1maras IP PoE&comma; NVR&#8217;s&comma; Puntos de Acceso inal\u00e1mbricos&comma; Pantallas y PAD&#8217;s sensibles al tacto de audio y video&comma; Control de Acceso e Iluminaci\u00f3n PoE<\/li>\n<\/ul><\/div>\n<div style='flex: 1 1 300px; min-width: 280px;'>\n<h3 style='font-size: 22px; border-bottom: 2px solid currentColor; padding-bottom: 5px; margin-top: 0; color: inherit; opacity: 0.8;'>Caracter\u00edsticas el\u00e9ctricas y f\u00edsicas<\/h3>\n<ul style='padding-left: 20px; font-size: 15px; color: inherit;'>\n<li style='margin-bottom: 5px;'><strong>M\u00e9todo de conexi\u00f3n:<\/strong> Conector hembra RJ45 para entrada\/salida<\/li>\n<li style='margin-bottom: 5px;'><strong>Material:<\/strong> Pl\u00e1stico ABS<\/li>\n<li style='margin-bottom: 5px;'><strong>Temperatura de operaci\u00f3n:<\/strong> -40\u00b0C a 70\u00b0C (-40\u00b0F a 158\u00b0F)<\/li>\n<li style='margin-bottom: 5px;'><strong>Dimensiones:<\/strong> 76 x 43 x 30 mm<\/li>\n<li style='margin-bottom: 5px;'><strong>Peso:<\/strong> 113 g<\/li>\n<li style='margin-bottom: 5px;'><strong>Compatible con montaje en Riel DIN<\/strong> <a href='https:\/\/www.syscom.mx\/producto\/DTK-DRK-DITEK-165179.html' target='_blank' rel='noopener' style='color: inherit; text-decoration: underline;'>DTK-DRK<\/a><\/li>\n<li style='margin-bottom: 5px;'><a title='Ficha t\u00e9cnica' href='https:\/\/ftp3.syscom.mx\/usuarios\/scorrea\/A\/DITEK\/DTKMRJPOE\/Hoja_de_especificaciones.pdf' target='_blank' rel='noopener' style='color: inherit; text-decoration: underline;'>Revise la ficha completa<\/a><\/li>\n<\/ul><\/div>\n<div style='flex: 1 1 300px; min-width: 280px;'>\n<h3 style='font-size: 22px; border-bottom: 2px solid currentColor; padding-bottom: 5px; margin-top: 0; color: inherit; opacity: 0.8;'>Caracter\u00edsticas Destacadas<\/h3>\n<p style='color: inherit; font-size: 15px;'>El DTK-MRJPOE de DITEK protege los circuitos que utilizan conexiones Power over Ethernet de \u00faltima generaci\u00f3n.<\/p>\n<p style='color: inherit; font-size: 15px;'>Este protector contra sobretensiones de punto de uso es compatible con la infraestructura de cableado CAT5e&comma; CAT6 y CAT6A&comma; y se puede instalar en el extremo del equipo o antes de los inyectores o conmutadores de red. Su dise\u00f1o h\u00edbrido de varias etapas proporciona una protecci\u00f3n superior para las aplicaciones PoE.<\/p>\n<\/p><\/div>\n<\/p><\/div>\n<hr style='border: 0; border-top: 1px solid rgba(150&comma; 150&comma; 150&comma; 0.3); margin: 30px 0;'>\n<div style='display: flex; flex-wrap: wrap; justify-content: center; gap: 20px; margin-bottom: 30px;'>\n<div style='flex: 1 1 300px; min-width: 280px;'> <img style='width: 100%; height: auto; border: 1px solid rgba(150&comma;150&comma;150&comma;0.3); border-radius: 8px;' src='https:\/\/ftp3.syscom.mx\/usuarios\/scorrea\/A\/DITEK\/DTKMRJPOE\/DTKMRJPOE_Grabador.png' alt='Grabador'> <\/div>\n<div style='flex: 1 1 300px; min-width: 280px;'> <img style='width: 100%; height: auto; border: 1px solid rgba(150&comma;150&comma;150&comma;0.3); border-radius: 8px;' src='https:\/\/ftp3.syscom.mx\/usuarios\/scorrea\/A\/DITEK\/DTKMRJPOE\/DTKMRJPOE_Inyector.png' alt='Inyector'> <\/div>\n<\/p><\/div>\n<\/p><\/div>\n","protected":false},"excerpt":{"rendered":"<p>Protector Contra Sobretensiones PoE\/HiPoE Hasta 10 GbE, Para C\u00e1maras IP PoE, WAP, Control de Acceso, Iluminaci\u00f3n PoE<\/p>\n","protected":false},"featured_media":32,"comment_status":"open","ping_status":"closed","template":"","meta":[],"product_brand":[],"product_cat":[953],"product_tag":[534,898,954],"class_list":{"0":"post-96709","1":"product","2":"type-product","3":"status-publish","4":"has-post-thumbnail","6":"product_cat-redes","7":"product_tag-ditek","8":"product_tag-proteccion-contra-descargas","9":"product_tag-redes","11":"first","12":"outofstock","13":"sale","14":"shipping-taxable","15":"purchasable","16":"product-type-simple"},"_links":{"self":[{"href":"https:\/\/soydeaqui.ddns.net\/pachuca\/index.php\/wp-json\/wp\/v2\/product\/96709","targetHints":{"allow":["GET"]}}],"collection":[{"href":"https:\/\/soydeaqui.ddns.net\/pachuca\/index.php\/wp-json\/wp\/v2\/product"}],"about":[{"href":"https:\/\/soydeaqui.ddns.net\/pachuca\/index.php\/wp-json\/wp\/v2\/types\/product"}],"replies":[{"embeddable":true,"href":"https:\/\/soydeaqui.ddns.net\/pachuca\/index.php\/wp-json\/wp\/v2\/comments?post=96709"}],"wp:featuredmedia":[{"embeddable":true,"href":"https:\/\/soydeaqui.ddns.net\/pachuca\/index.php\/wp-json\/wp\/v2\/media\/32"}],"wp:attachment":[{"href":"https:\/\/soydeaqui.ddns.net\/pachuca\/index.php\/wp-json\/wp\/v2\/media?parent=96709"}],"wp:term":[{"taxonomy":"product_brand","embeddable":true,"href":"https:\/\/soydeaqui.ddns.net\/pachuca\/index.php\/wp-json\/wp\/v2\/product_brand?post=96709"},{"taxonomy":"product_cat","embeddable":true,"href":"https:\/\/soydeaqui.ddns.net\/pachuca\/index.php\/wp-json\/wp\/v2\/product_cat?post=96709"},{"taxonomy":"product_tag","embeddable":true,"href":"https:\/\/soydeaqui.ddns.net\/pachuca\/index.php\/wp-json\/wp\/v2\/product_tag?post=96709"}],"curies":[{"name":"wp","href":"https:\/\/api.w.org\/{rel}","templated":true}]}}