{"id":96691,"date":"2026-03-20T08:24:45","date_gmt":"2026-03-20T08:24:45","guid":{"rendered":"https:\/\/soydeaqui.ddns.net\/pachuca\/index.php\/producto\/pantalla-lcd-55-para-videowall-entrada-hdmi-vga-dvi-dp-monitor-robusto-bisel-delgado-3-5-mm-daisy-chain-conexion-en-cadena-sin-software\/"},"modified":"2026-03-20T08:24:58","modified_gmt":"2026-03-20T08:24:58","slug":"pantalla-lcd-55-para-videowall-entrada-hdmi-vga-dvi-dp-monitor-robusto-bisel-delgado-3-5-mm-daisy-chain-conexion-en-cadena-sin-software","status":"publish","type":"product","link":"https:\/\/soydeaqui.ddns.net\/pachuca\/index.php\/producto\/pantalla-lcd-55-para-videowall-entrada-hdmi-vga-dvi-dp-monitor-robusto-bisel-delgado-3-5-mm-daisy-chain-conexion-en-cadena-sin-software\/","title":{"rendered":"Pantalla LCD 55&#8243; para Videowall \/ Entrada HDMI &#8211; VGA &#8211; DVI &#8211; DP \/ Monitor Robusto \/ Bisel Delgado (3.5 mm) \/ Daisy Chain (Conexion en Cadena sin Software)"},"content":{"rendered":"<div style='width: 100%; max-width: 1200px; margin: 0 auto; font-family: sans-serif; line-height: 1.6; color: inherit; background-color: transparent;'> <!-- Imagen principal --> <\/p>\n<div style='text-align: center; margin-bottom: 30px;'> <img style='width: 100%; max-width: 600px; height: auto; border: 1px solid rgba(150&comma;150&comma;150&comma;0.3); border-radius: 8px;' src='https:\/\/ftp3.syscom.mx\/usuarios\/nortega\/hikvision\/HPD.png' alt='Pantalla LCD 55'> <\/div>\n<p> <!-- Secci\u00f3n de caracter\u00edsticas con flex --> <\/p>\n<div style='display: flex; flex-wrap: wrap; gap: 30px; margin-bottom: 30px;'> <!-- Caracter\u00edsticas principales --> <\/p>\n<div style='flex: 1 1 300px; min-width: 280px;'>\n<h3 style='font-size: 22px; border-bottom: 2px solid currentColor; padding-bottom: 5px; margin-top: 0; color: inherit; opacity: 0.8;'>Caracter\u00edsticas principales:<\/h3>\n<ul style='padding-left: 20px; font-size: 15px; color: inherit;'>\n<li style='margin-bottom: 5px;'><strong>Tama\u00f1o:<\/strong> 55&#8242; (diagonal)<\/li>\n<li style='margin-bottom: 5px;'><strong>Resoluci\u00f3n:<\/strong> 1920 x 1080 (Full HD) 60Hz<\/li>\n<li style='margin-bottom: 5px;'><strong>\u00c1ngulo de visi\u00f3n:<\/strong> Horizontal: 178\u00b0&comma; vertical: 178\u00b0<\/li>\n<li style='margin-bottom: 5px;'><strong>Entradas de video:<\/strong> 1 puerto HDMI&comma; 1 puerto DVI&comma; 1 puerto VGA&comma; 1 puerto Display Port<\/li>\n<li style='margin-bottom: 5px;'><strong>Salida de video:<\/strong> 1 puerto HDMI (Loop)<\/li>\n<li style='margin-bottom: 5px;'><strong>Puertos de control:<\/strong> 1 puerto RS232-IN&comma; 1 puerto RS232-OUT&comma; 1 puerto IR<\/li>\n<li style='margin-bottom: 5px;'>Antirreflejo&comma; Alta definici\u00f3n&comma; alto brillo&comma; alta gama de colores e im\u00e1genes vividas<\/li>\n<\/ul><\/div>\n<p> <!-- Caracter\u00edsticas F\u00edsicas y El\u00e9ctricas --> <\/p>\n<div style='flex: 1 1 300px; min-width: 280px;'>\n<h3 style='font-size: 22px; border-bottom: 2px solid currentColor; padding-bottom: 5px; margin-top: 0; color: inherit; opacity: 0.8;'>Caracter\u00edsticas F\u00edsicas y El\u00e9ctricas:<\/h3>\n<ul style='padding-left: 20px; font-size: 15px; color: inherit;'>\n<li style='margin-bottom: 5px;'><strong>Alimentaci\u00f3n:<\/strong> 100 &#8211; 240 Vca<\/li>\n<li style='margin-bottom: 5px;'><strong>Consumo:<\/strong> 187 Watts<\/li>\n<li style='margin-bottom: 5px;'><strong>Temperatura de operaci\u00f3n:<\/strong> 0\u00b0 a 40\u00b0<\/li>\n<li style='margin-bottom: 5px;'><strong>Dimensiones:<\/strong> 1213.5 mm x 684.3 mm x 71.74 mm<\/li>\n<li style='margin-bottom: 5px;'><strong>\u00c1rea de imagen:<\/strong> 1209.6 mm x 680.4 mm<\/li>\n<li style='margin-bottom: 5px;'><strong>Ancho de bisel:<\/strong> 2.3 mm (superior\/izquierda)&comma; 1.2 mm (inferior\/derecha)<\/li>\n<li style='margin-bottom: 5px;'><strong>Peso:<\/strong> 27.23 kg (\u00b1.5kg)<\/li>\n<li style='margin-bottom: 5px;'>Carcasa de metal para evitar la radiaci\u00f3n e interferencia de campos magn\u00e9ticos y el\u00e9ctricos<\/li>\n<li style='margin-bottom: 5px;'><strong>VESA:<\/strong> 600 x 400<\/li>\n<li style='margin-bottom: 5px;'><strong>Capacidad de trabajo:<\/strong> 24\/7<\/li>\n<li style='margin-bottom: 5px;'><strong>Tiempo de vida:<\/strong> 60&comma;000 horas<\/li>\n<\/ul><\/div>\n<p> <!-- Accesorios incluidos --> <\/p>\n<div style='flex: 1 1 300px; min-width: 280px;'>\n<h3 style='font-size: 22px; border-bottom: 2px solid currentColor; padding-bottom: 5px; margin-top: 0; color: inherit; opacity: 0.8;'>Accesorios incluidos:<\/h3>\n<ul style='padding-left: 20px; font-size: 15px; color: inherit;'>\n<li style='margin-bottom: 5px;'>1 x Cable de corriente<\/li>\n<li style='margin-bottom: 5px;'>1 x Cable de red RJ45<\/li>\n<li style='margin-bottom: 5px;'>1 x Cable HDMI 2m<\/li>\n<li style='margin-bottom: 5px;'>1 x Control remoto<\/li>\n<li style='margin-bottom: 5px;'>1 x Receptor IR<\/li>\n<li style='margin-bottom: 5px;'>1 x Convertidor RS-232<\/li>\n<\/ul><\/div>\n<\/p><\/div>\n<p> <!-- Informaci\u00f3n adicional --> <\/p>\n<div style='margin-bottom: 30px; font-size: 15px; color: inherit;'>\n<p style='text-align: center;'>Cree un videowall de manera autonoma de hasta 30 pantallas mediante HDMI (Daisy Chain)&comma; sin necesidad de licencias adicionales&comma; controlador o decodificador.<\/p>\n<\/p><\/div>\n<p> <!-- Galer\u00eda de im\u00e1genes --> <\/p>\n<div style='display: flex; flex-wrap: wrap; gap: 30px; margin-bottom: 30px; justify-content: center;'>\n<div style='flex: 1 1 300px; min-width: 280px;'>\n<p style='text-align: center; font-size: 15px; margin-bottom: 10px; color: inherit;'><strong>Videowall 2&#215;2<\/strong><\/p>\n<p style='text-align: center; font-size: 13px; margin-bottom: 15px; color: inherit;'>(Vista Frontal)<\/p>\n<p> <img style='width: 100%; height: auto; border: 1px solid rgba(150&comma;150&comma;150&comma;0.3); border-radius: 8px;' src='https:\/\/ftp3.syscom.mx\/usuarios\/nortega\/hikvision\/pantallas%20vw\/2x2.png' alt='Videowall 2x2 - Vista Frontal'> <\/div>\n<div style='flex: 1 1 300px; min-width: 280px;'>\n<p style='text-align: center; font-size: 15px; margin-bottom: 10px; color: inherit;'><strong>Videowall 2&#215;2<\/strong><\/p>\n<p style='text-align: center; font-size: 13px; margin-bottom: 15px; color: inherit;'>(Vista posterior)<\/p>\n<p> <img style='width: 100%; height: auto; border: 1px solid rgba(150&comma;150&comma;150&comma;0.3); border-radius: 8px;' src='https:\/\/ftp3.syscom.mx\/usuarios\/nortega\/hikvision\/pantallas%20vw\/2x2back1.png' alt='Videowall 2x2 - Vista posterior'> <\/div>\n<\/p><\/div>\n<p> <!-- Imagen final --> <\/p>\n<div style='text-align: center; margin-bottom: 30px;'> <img style='width: 100%; max-width: 800px; height: auto; border: 1px solid rgba(150&comma;150&comma;150&comma;0.3); border-radius: 8px;' src='https:\/\/ftp3.syscom.mx\/usuarios\/nortega\/hikvision\/imagenes\/HIKVISION-VW-DS.png' alt='Videowall HIKVISION'> <\/div>\n<\/p><\/div>\n","protected":false},"excerpt":{"rendered":"<p>Pantalla LCD 55&#8243; para Videowall \/ Entrada HDMI &#8211; VGA &#8211; DVI &#8211; DP \/ Monitor Robusto \/ Bisel Delgado (3.5 mm) \/ Daisy Chain (Conexion en Cadena sin Software)<\/p>\n","protected":false},"featured_media":96690,"comment_status":"open","ping_status":"closed","template":"","meta":[],"product_brand":[],"product_cat":[2088],"product_tag":[54,2089,2090],"class_list":{"0":"post-96691","1":"product","2":"type-product","3":"status-publish","4":"has-post-thumbnail","6":"product_cat-videowall-seguridad","7":"product_tag-hikvision","8":"product_tag-monitores-pantallas-y-mobiliario","9":"product_tag-videowall-seguridad","11":"first","12":"outofstock","13":"sale","14":"shipping-taxable","15":"purchasable","16":"product-type-simple"},"_links":{"self":[{"href":"https:\/\/soydeaqui.ddns.net\/pachuca\/index.php\/wp-json\/wp\/v2\/product\/96691","targetHints":{"allow":["GET"]}}],"collection":[{"href":"https:\/\/soydeaqui.ddns.net\/pachuca\/index.php\/wp-json\/wp\/v2\/product"}],"about":[{"href":"https:\/\/soydeaqui.ddns.net\/pachuca\/index.php\/wp-json\/wp\/v2\/types\/product"}],"replies":[{"embeddable":true,"href":"https:\/\/soydeaqui.ddns.net\/pachuca\/index.php\/wp-json\/wp\/v2\/comments?post=96691"}],"wp:featuredmedia":[{"embeddable":true,"href":"https:\/\/soydeaqui.ddns.net\/pachuca\/index.php\/wp-json\/wp\/v2\/media\/96690"}],"wp:attachment":[{"href":"https:\/\/soydeaqui.ddns.net\/pachuca\/index.php\/wp-json\/wp\/v2\/media?parent=96691"}],"wp:term":[{"taxonomy":"product_brand","embeddable":true,"href":"https:\/\/soydeaqui.ddns.net\/pachuca\/index.php\/wp-json\/wp\/v2\/product_brand?post=96691"},{"taxonomy":"product_cat","embeddable":true,"href":"https:\/\/soydeaqui.ddns.net\/pachuca\/index.php\/wp-json\/wp\/v2\/product_cat?post=96691"},{"taxonomy":"product_tag","embeddable":true,"href":"https:\/\/soydeaqui.ddns.net\/pachuca\/index.php\/wp-json\/wp\/v2\/product_tag?post=96691"}],"curies":[{"name":"wp","href":"https:\/\/api.w.org\/{rel}","templated":true}]}}