{"id":96661,"date":"2026-03-20T08:23:24","date_gmt":"2026-03-20T08:23:24","guid":{"rendered":"https:\/\/soydeaqui.ddns.net\/pachuca\/index.php\/producto\/frente-de-calle-adicional-para-videoportero-turbohd-4-hilos-resolucion-1-megapixel-vision-nocturna-3-metros-130-grados-de-vision-exterior-policarbonato-compatible-con-ds-kis212-ds-kh22\/"},"modified":"2026-03-20T08:23:30","modified_gmt":"2026-03-20T08:23:30","slug":"frente-de-calle-adicional-para-videoportero-turbohd-4-hilos-resolucion-1-megapixel-vision-nocturna-3-metros-130-grados-de-vision-exterior-policarbonato-compatible-con-ds-kis212-ds-kh22","status":"publish","type":"product","link":"https:\/\/soydeaqui.ddns.net\/pachuca\/index.php\/producto\/frente-de-calle-adicional-para-videoportero-turbohd-4-hilos-resolucion-1-megapixel-vision-nocturna-3-metros-130-grados-de-vision-exterior-policarbonato-compatible-con-ds-kis212-ds-kh22\/","title":{"rendered":"Frente de Calle Adicional para Videoportero TurboHD \/ 4 Hilos \/ Resoluci\u00f3n 1 Megapixel \/ Visi\u00f3n Nocturna 3 Metros \/ 130 Grados de Visi\u00f3n \/ Exterior \/ Policarbonato \/ Compatible con DS-KIS212 \/ DS-KH2230T"},"content":{"rendered":"<div style='width: 100%; max-width: 1200px; margin: 0 auto; font-family: sans-serif; line-height: 1.6; color: inherit;'> <!-- Imagen principal --> <\/p>\n<div style='width: 100%; margin-bottom: 30px;'> <img style='width: 100%; height: auto; border: 1px solid rgba(150&comma;150&comma;150&comma;0.3); border-radius: 8px;' src='https:\/\/ftp3.syscom.mx\/usuarios\/nicolas.jimenez\/NUEVOS-VIDEOPORTEROS-2%20%282%29.jpg' alt='Frente de Calle Adicional para Videoportero TurboHD'> <\/div>\n<p> <!-- Videos --> <\/p>\n<div style='display: flex; flex-wrap: wrap; gap: 30px; margin-bottom: 30px;'>\n<div style='flex: 1 1 500px; min-width: 300px;'>\n<div style='position: relative; padding-bottom: 56.25%; height: 0; overflow: hidden;'>   <\/div>\n<\/p><\/div>\n<div style='flex: 1 1 500px; min-width: 300px;'>\n<div style='position: relative; padding-bottom: 56.25%; height: 0; overflow: hidden;'>   <\/div>\n<\/p><\/div>\n<\/p><\/div>\n<p> <!-- Contenido principal --> <\/p>\n<div style='display: flex; flex-wrap: wrap; gap: 30px; margin-bottom: 30px;'> <!-- Columna izquierda --> <\/p>\n<div style='flex: 1 1 500px; min-width: 300px;'>\n<div style='border: 1px solid rgba(150&comma;150&comma;150&comma;0.3); border-radius: 8px; padding: 15px; background-color: rgba(255&comma; 0&comma; 0&comma; 0.05);'> <img style='width: 100%; height: auto; border: 1px solid rgba(150&comma;150&comma;150&comma;0.3); border-radius: 8px;' src='https:\/\/ftp3.syscom.mx\/usuarios\/emendoza\/elesbanmch\/HIKVISON\/IMAGENES\/KB2412-F.png' alt='Frente de Calle DS-KB2412T-IM'> <\/p>\n<h3 style='font-size: 22px; border-bottom: 2px solid currentColor; padding-bottom: 5px; margin-top: 15px; color: inherit; opacity: 0.8;'>Caracter\u00edsticas del Frente de Calle<\/h3>\n<ul style='padding-left: 20px; font-size: 15px; color: inherit;'>\n<li style='margin-bottom: 5px;'>IR EXIR auto adaptable incluido para 3 mts.<\/li>\n<li style='margin-bottom: 5px;'>Conexi\u00f3n a 4 Hilos (UTP no compatible)<\/li>\n<li style='margin-bottom: 5px;'>C\u00e1mara tipo pinhole de 1Megapixel 1280 x 720 @ 60 fps. Angulo de visi\u00f3n 130\u00b0.<\/li>\n<li style='margin-bottom: 5px;'>Salida de relevador de contacto seco para apertura.<\/li>\n<li style='margin-bottom: 5px;'>Altavoz interconstruido (El volumen no es configurable).<\/li>\n<li style='margin-bottom: 5px;'>Material: Policarbonato<\/li>\n<li style='margin-bottom: 5px;'>Consumo el\u00e9ctrico: 4 W.<\/li>\n<li style='margin-bottom: 5px;'>Temperatura de operaci\u00f3n: -30\u00ba ~ 60\u00ba C (-22\u00ba ~ 140\u00ba F)<\/li>\n<li style='margin-bottom: 5px;'>Dimensiones: 136 \u00d7 51 \u00d7 20 mm (7.7&#8242; \u00d7 5.2&#8242; \u00d7 0.7&#8242;).<\/li>\n<li style='margin-bottom: 5px;'>Solo es compatible con el monitor TurboHD<\/li>\n<\/ul><\/div>\n<\/p><\/div>\n<p> <!-- Columna derecha --> <\/p>\n<div style='flex: 1 1 500px; min-width: 300px;'>\n<div style='border: 1px solid rgba(150&comma;150&comma;150&comma;0.3); border-radius: 8px; padding: 15px; background-color: rgba(255&comma; 0&comma; 0&comma; 0.05);'> <img style='width: 100%; height: auto; border: 1px solid rgba(150&comma;150&comma;150&comma;0.3); border-radius: 8px;' src='https:\/\/ftp3.syscom.mx\/usuarios\/jdelafuente\/HIKVISION\/Intercom\/intercom%20.png' alt='Intercom'> <\/div>\n<\/p><\/div>\n<\/p><\/div>\n<p> <!-- Caracter\u00edsticas destacadas --> <\/p>\n<div style='margin-bottom: 30px;'>\n<div style='border: 1px solid rgba(150&comma;150&comma;150&comma;0.3); border-radius: 8px; padding: 15px; background-color: rgba(255&comma; 0&comma; 0&comma; 0.05);'>\n<h3 style='font-size: 22px; border-bottom: 2px solid currentColor; padding-bottom: 5px; margin-top: 0; color: inherit; opacity: 0.8;'>Caracter\u00edsticas destacadas<\/h3>\n<p style='margin-bottom: 10px;'><strong>F\u00e1cil instalaci\u00f3n<\/strong> a 4 hilos podemos alcanzar una m\u00e1xima distancia de 100 mts con cable calibre 18.<\/p>\n<p style='margin-bottom: 10px;'>No se recomienda utilizar cable UTP para la instalaci\u00f3n.<\/p>\n<p style='margin-bottom: 5px;'><strong>Alcances:<\/strong><\/p>\n<ul style='padding-left: 20px; margin-top: 5px; font-size: 15px; color: inherit;'>\n<li style='margin-bottom: 5px;'>Expandible solo hasta 3 monitores.<\/li>\n<li style='margin-bottom: 5px;'>Expandible solo hasta 2 frentes de calle.<\/li>\n<\/ul><\/div>\n<\/p><\/div>\n<p> <!-- Video adicional --> <\/p>\n<div style='margin-bottom: 30px;'>\n<div style='position: relative; padding-bottom: 56.25%; height: 0; overflow: hidden;'>   <\/div>\n<\/p><\/div>\n<\/p><\/div>\n","protected":false},"excerpt":{"rendered":"<p>Frente de Calle Adicional para Videoportero TurboHD \/ 4 Hilos \/ Resoluci\u00f3n 1 Megapixel \/ Visi\u00f3n Nocturna 3 Metros \/ 130 Grados de Visi\u00f3n \/ Exterior \/ Policarbonato \/ Compatible con DS-KIS212 \/ DS-KH2230T<\/p>\n","protected":false},"featured_media":96660,"comment_status":"open","ping_status":"closed","template":"","meta":[],"product_brand":[],"product_cat":[974],"product_tag":[54,872,557],"class_list":{"0":"post-96661","1":"product","2":"type-product","3":"status-publish","4":"has-post-thumbnail","6":"product_cat-videoporteros-analogicos-videoporteros-e-interfonos","7":"product_tag-hikvision","8":"product_tag-videoporteros-analogicos","9":"product_tag-videoporteros-e-interfonos","11":"first","12":"instock","13":"sale","14":"shipping-taxable","15":"purchasable","16":"product-type-simple"},"_links":{"self":[{"href":"https:\/\/soydeaqui.ddns.net\/pachuca\/index.php\/wp-json\/wp\/v2\/product\/96661","targetHints":{"allow":["GET"]}}],"collection":[{"href":"https:\/\/soydeaqui.ddns.net\/pachuca\/index.php\/wp-json\/wp\/v2\/product"}],"about":[{"href":"https:\/\/soydeaqui.ddns.net\/pachuca\/index.php\/wp-json\/wp\/v2\/types\/product"}],"replies":[{"embeddable":true,"href":"https:\/\/soydeaqui.ddns.net\/pachuca\/index.php\/wp-json\/wp\/v2\/comments?post=96661"}],"wp:featuredmedia":[{"embeddable":true,"href":"https:\/\/soydeaqui.ddns.net\/pachuca\/index.php\/wp-json\/wp\/v2\/media\/96660"}],"wp:attachment":[{"href":"https:\/\/soydeaqui.ddns.net\/pachuca\/index.php\/wp-json\/wp\/v2\/media?parent=96661"}],"wp:term":[{"taxonomy":"product_brand","embeddable":true,"href":"https:\/\/soydeaqui.ddns.net\/pachuca\/index.php\/wp-json\/wp\/v2\/product_brand?post=96661"},{"taxonomy":"product_cat","embeddable":true,"href":"https:\/\/soydeaqui.ddns.net\/pachuca\/index.php\/wp-json\/wp\/v2\/product_cat?post=96661"},{"taxonomy":"product_tag","embeddable":true,"href":"https:\/\/soydeaqui.ddns.net\/pachuca\/index.php\/wp-json\/wp\/v2\/product_tag?post=96661"}],"curies":[{"name":"wp","href":"https:\/\/api.w.org\/{rel}","templated":true}]}}