{"id":96656,"date":"2026-03-20T08:23:12","date_gmt":"2026-03-20T08:23:12","guid":{"rendered":"https:\/\/soydeaqui.ddns.net\/pachuca\/index.php\/producto\/bala-ip-4-megapixel-anpr-radar-interconstruido-medicion-de-10-a-100-km-h-reconocimiento-y-captura-de-placas-vehiculares-para-trafico-de-alta-velocidad-darkfighter-wdr-140-db-ip67-ik10\/"},"modified":"2026-03-20T08:23:16","modified_gmt":"2026-03-20T08:23:16","slug":"bala-ip-4-megapixel-anpr-radar-interconstruido-medicion-de-10-a-100-km-h-reconocimiento-y-captura-de-placas-vehiculares-para-trafico-de-alta-velocidad-darkfighter-wdr-140-db-ip67-ik10","status":"publish","type":"product","link":"https:\/\/soydeaqui.ddns.net\/pachuca\/index.php\/producto\/bala-ip-4-megapixel-anpr-radar-interconstruido-medicion-de-10-a-100-km-h-reconocimiento-y-captura-de-placas-vehiculares-para-trafico-de-alta-velocidad-darkfighter-wdr-140-db-ip67-ik10\/","title":{"rendered":"Bala IP 4 Megapixel \/ ANPR \/ Radar Interconstruido Medici\u00f3n de 10 a 100 Km\/h \/ Reconocimiento y Captura de Placas Vehiculares para Trafico de Alta Velocidad \/ DARKFIGHTER \/ WDR 140 dB \/ IP67 \/ IK10 \/ Lente Mot. 8 a 32 mm \/ 100 mts IR \/ MicroSD"},"content":{"rendered":"<div style='width: 100%; max-width: 1200px; margin: 0 auto; font-family: sans-serif; line-height: 1.6; color: inherit; background-color: transparent;'> <!-- Banner inicio --> <\/p>\n<div style='text-align: center; margin: 30px 0;'> <img style='width: 45%; height: auto; border: 1px solid rgba(150&comma;150&comma;150&comma;0.3); border-radius: 8px;' src='https:\/\/ftp3.syscom.mx\/usuarios\/jsosa\/HIKVISION\/imagenes\/logo\/hikvision%20see%20far.png' alt='Banner Hikvision'> <\/div>\n<p> <!-- Secci\u00f3n de caracter\u00edsticas --> <\/p>\n<div style='display: flex; flex-wrap: wrap; gap: 30px; margin-bottom: 30px;'>\n<div style='flex: 1 1 300px; min-width: 280px;'>\n<h3 style='font-size: 22px; border-bottom: 2px solid currentColor; padding-bottom: 5px; margin-top: 0; color: inherit; opacity: 0.8;'>Caracter\u00edsticas Generales:<\/h3>\n<ul style='padding-left: 20px; font-size: 15px; color: inherit;'>\n<li style='margin-bottom: 5px;'>Resoluci\u00f3n m\u00e1xima de 2688 \u00d7 1520<\/li>\n<li style='margin-bottom: 5px;'>Sensor 1\/1.8&#8242; CMOS<\/li>\n<li style='margin-bottom: 5px;'>Canal 1: Lente ajustable de 10 a 50 mm<\/li>\n<li style='margin-bottom: 5px;'>Canal 2: Lente fija de 8 mm<\/li>\n<li style='margin-bottom: 5px;'>Luz suplementaria IR incorporada hasta 50 m<\/li>\n<li style='margin-bottom: 5px;'>Detecci\u00f3n y medici\u00f3n de velocidad por radar (50 m&comma; 79-81 GHz)<\/li>\n<li style='margin-bottom: 5px;'>Detecci\u00f3n de movimiento de veh\u00edculos y LPR en m\u00faltiples regiones<\/li>\n<\/ul><\/div>\n<div style='flex: 1 1 300px; min-width: 280px;'>\n<h3 style='font-size: 22px; border-bottom: 2px solid currentColor; padding-bottom: 5px; margin-top: 0; color: inherit; opacity: 0.8;'>Caracter\u00edsticas F\u00edsicas y El\u00e9ctricas:<\/h3>\n<ul style='padding-left: 20px; font-size: 15px; color: inherit;'>\n<li style='margin-bottom: 5px;'>Potencia: DC 36 V \u00b1 20%&comma; 42 W m\u00e1xima<\/li>\n<li style='margin-bottom: 5px;'>Temperatura de funcionamiento: De -30 \u00b0C a 70 \u00b0C (de -22 \u00b0F a 158 \u00b0F)<\/li>\n<li style='margin-bottom: 5px;'>Humedad: del 5% al 95% (sin condensaci\u00f3n)<\/li>\n<li style='margin-bottom: 5px;'>Protecci\u00f3n IP66<\/li>\n<li style='margin-bottom: 5px;'>Interfaces y Conectividad: &#8211; Interfaz Ethernet RJ45 10M\/100M\/1000M &#8211; Soporte para microSD\/SDHC\/SDXC hasta 512GB &#8211; 1 entrada y 1 salida de alarma &#8211; 1 puerto RS-485<\/li>\n<\/ul><\/div>\n<\/p><\/div>\n<p> <!-- Secci\u00f3n de caracter\u00edsticas destacadas --> <\/p>\n<div style='display: flex; flex-wrap: wrap; gap: 30px; margin-bottom: 30px;'>\n<div style='flex: 1 1 100%;'>\n<h3 style='font-size: 22px; border-bottom: 2px solid currentColor; padding-bottom: 5px; margin-top: 0; color: inherit; opacity: 0.8;'>Caracter\u00edsticas destacadas:<\/h3>\n<p style='font-size: 15px; color: inherit;'> La Hikvision iDS-TCM441-FIR es una c\u00e1mara bullet multi-sensor dise\u00f1ada para ofrecer im\u00e1genes detalladas mediante un dise\u00f1o de doble canal que permite vistas detalladas y panor\u00e1micas. Integrando un radar de onda milim\u00e9trica de alta frecuencia&comma; esta c\u00e1mara es capaz de funcionar en cualquier clima&comma; proporcionando im\u00e1genes claras incluso con luz de fondo intensa gracias a su tecnolog\u00eda WDR de 140 dB. Soporta codificaci\u00f3n de video H.265&comma; H.264 y MJPEG&comma; adecuada para diversas necesidades de seguridad y monitoreo. <\/p>\n<\/p><\/div>\n<\/p><\/div>\n<p> <!-- Banner final --> <\/p>\n<div style='text-align: center; margin: 30px 0;'> <img style='width: 100%; height: auto; border: 1px solid rgba(150&comma;150&comma;150&comma;0.3); border-radius: 8px;' src='https:\/\/ftp3.syscom.mx\/usuarios\/jsosa\/HIKVISION\/imagenes\/banners\/solution%20complete.png' alt='Banner final Hikvision'> <\/div>\n<\/p><\/div>\n","protected":false},"excerpt":{"rendered":"<p>Bala IP 4 Megapixel \/ ANPR \/ Radar Interconstruido Medici\u00f3n de 10 a 100 Km\/h \/ Reconocimiento y Captura de Placas Vehiculares para Trafico de Alta Velocidad \/ DARKFIGHTER \/ WDR 140 dB \/ IP67 \/ IK10 \/ Lente Mot. 8 a 32 mm \/ 100 mts IR \/ MicroSD<\/p>\n","protected":false},"featured_media":96655,"comment_status":"open","ping_status":"closed","template":"","meta":[],"product_brand":[],"product_cat":[438],"product_tag":[439,122,54],"class_list":{"0":"post-96656","1":"product","2":"type-product","3":"status-publish","4":"has-post-thumbnail","6":"product_cat-bala","7":"product_tag-bala","8":"product_tag-camaras-ip-y-nvrs","9":"product_tag-hikvision","11":"first","12":"outofstock","13":"sale","14":"shipping-taxable","15":"purchasable","16":"product-type-simple"},"_links":{"self":[{"href":"https:\/\/soydeaqui.ddns.net\/pachuca\/index.php\/wp-json\/wp\/v2\/product\/96656","targetHints":{"allow":["GET"]}}],"collection":[{"href":"https:\/\/soydeaqui.ddns.net\/pachuca\/index.php\/wp-json\/wp\/v2\/product"}],"about":[{"href":"https:\/\/soydeaqui.ddns.net\/pachuca\/index.php\/wp-json\/wp\/v2\/types\/product"}],"replies":[{"embeddable":true,"href":"https:\/\/soydeaqui.ddns.net\/pachuca\/index.php\/wp-json\/wp\/v2\/comments?post=96656"}],"wp:featuredmedia":[{"embeddable":true,"href":"https:\/\/soydeaqui.ddns.net\/pachuca\/index.php\/wp-json\/wp\/v2\/media\/96655"}],"wp:attachment":[{"href":"https:\/\/soydeaqui.ddns.net\/pachuca\/index.php\/wp-json\/wp\/v2\/media?parent=96656"}],"wp:term":[{"taxonomy":"product_brand","embeddable":true,"href":"https:\/\/soydeaqui.ddns.net\/pachuca\/index.php\/wp-json\/wp\/v2\/product_brand?post=96656"},{"taxonomy":"product_cat","embeddable":true,"href":"https:\/\/soydeaqui.ddns.net\/pachuca\/index.php\/wp-json\/wp\/v2\/product_cat?post=96656"},{"taxonomy":"product_tag","embeddable":true,"href":"https:\/\/soydeaqui.ddns.net\/pachuca\/index.php\/wp-json\/wp\/v2\/product_tag?post=96656"}],"curies":[{"name":"wp","href":"https:\/\/api.w.org\/{rel}","templated":true}]}}