{"id":96647,"date":"2026-03-20T08:22:49","date_gmt":"2026-03-20T08:22:49","guid":{"rendered":"https:\/\/soydeaqui.ddns.net\/pachuca\/index.php\/producto\/ups-de-20-kva-20-kw-online-doble-conversion-220-vac-l-l-de-entrada-3-fases-entrada-hardwired-onda-senoidal-pura-torre-o-rack\/"},"modified":"2026-03-20T08:22:52","modified_gmt":"2026-03-20T08:22:52","slug":"ups-de-20-kva-20-kw-online-doble-conversion-220-vac-l-l-de-entrada-3-fases-entrada-hardwired-onda-senoidal-pura-torre-o-rack","status":"publish","type":"product","link":"https:\/\/soydeaqui.ddns.net\/pachuca\/index.php\/producto\/ups-de-20-kva-20-kw-online-doble-conversion-220-vac-l-l-de-entrada-3-fases-entrada-hardwired-onda-senoidal-pura-torre-o-rack\/","title":{"rendered":"UPS de 20 KVA\/20 kW, Online Doble Conversi\u00f3n, 220 Vac L-L de Entrada 3 Fases, Entrada Hardwired, Onda Senoidal Pura, Torre o Rack"},"content":{"rendered":"<div style='width: 100%; max-width: 1200px; margin: 0 auto; font-family: sans-serif; line-height: 1.6; color: inherit; background-color: transparent;'> <!-- Notas importantes --> <\/p>\n<div style='background-color: rgba(255&comma; 255&comma; 255&comma; 0.05); border-left: 4px solid #e74c3c; padding: 15px 20px; margin-bottom: 20px; font-size: 14px;'>\n<p style='margin: 0 0 10px 0;'><strong style='color: inherit;'>*Nota:<\/strong> Este equipo debe ser arrancado por un experto para hacer efectiva la garant\u00eda.<\/p>\n<p style='margin: 0;'><strong style='color: inherit;'>Para m\u00e1s informaci\u00f3n comunicarse con el departamento de Ingenier\u00eda.<\/strong><\/p>\n<\/p><\/div>\n<div style='background-color: rgba(255&comma; 255&comma; 255&comma; 0.05); border-left: 4px solid #e74c3c; padding: 15px 20px; margin-bottom: 20px; font-size: 14px;'>\n<p style='margin: 0;'><span style='color: inherit;'>Equipo no incluye banco de bater\u00edas externo ni bater\u00edas internas&comma; se deben cotizar por separado&comma; consultar con departamento de ingenier\u00eda modelo y cantidad adecuada.<\/span><\/p>\n<\/p><\/div>\n<p> <!-- Requisitos de instalaci\u00f3n --> <\/p>\n<div style='margin-bottom: 30px;'>\n<h3 style='font-size: 18px; border-bottom: 2px solid currentColor; padding-bottom: 5px; margin-top: 0; color: inherit; opacity: 0.8;'>Requisitos para arranque del equipo<\/h3>\n<ul style='padding-left: 20px; font-size: 14px; color: inherit;'>\n<li style='margin-bottom: 5px;'>Cable 6 AWG del cableado al UPS<\/li>\n<li style='margin-bottom: 5px;'>Nivel de voltaje de alimentaci\u00f3n adecuado de 200-240 VAC<\/li>\n<li style='margin-bottom: 5px;'>Interruptor de entrada de 60 Ampers (2&#215;30)<\/li>\n<li style='margin-bottom: 5px;'>Sistema de aterrizaje aislado bien referenciado a tierra<\/li>\n<\/ul><\/div>\n<p> <!-- Aplicaciones --> <\/p>\n<div style='margin-bottom: 30px;'>\n<h3 style='font-size: 18px; border-bottom: 2px solid currentColor; padding-bottom: 5px; margin-top: 0; color: inherit; opacity: 0.8;'>Aplicaciones<\/h3>\n<p style='font-size: 14px; color: inherit; margin: 0;'>Garantiza protecci\u00f3n de respaldo de energ\u00eda para equipos de TI&comma; servidores&comma; estaciones de trabajo&comma; NAS \/ dispositivos de almacenamiento&comma; dispositivos de telecomunicaciones&comma; dispositivos de red&comma; sistemas de seguridad \/ emergencia y sistemas de vigilancia. El UPS adopta una topolog\u00eda de doble conversi\u00f3n para proporcionar potencia de salida de alta calidad con modo ECO adicional para ahorrar energ\u00eda y reducir costos. Este UPS compatible con generador incluye paquetes de bater\u00edas intercambiables en caliente para mantenimiento sin interrupci\u00f3n de energ\u00eda y un interruptor de apagado de emergencia (EPO) para permitir a los usuarios apagar el UPS inmediatamente durante una emergencia.<\/p>\n<\/p><\/div>\n<p> <!-- Especificaciones t\u00e9cnicas --> <\/p>\n<div style='margin-bottom: 30px;'>\n<h3 style='font-size: 18px; border-bottom: 2px solid currentColor; padding-bottom: 5px; margin-top: 0; color: inherit; opacity: 0.8;'>Especificaciones t\u00e9cnicas<\/h3>\n<div style='display: flex; flex-wrap: wrap; gap: 20px;'>\n<div style='flex: 1 1 250px; border: 1px solid rgba(150&comma; 150&comma; 150&comma; 0.4); border-radius: 8px; overflow: hidden; display: flex; flex-direction: column;'>\n<div style='padding: 15px; border-bottom: 1px solid rgba(150&comma; 150&comma; 150&comma; 0.2); font-weight: bold; font-size: 16px; color: inherit;'>Entrada<\/div>\n<div style='padding: 15px; color: inherit;'>\n<ul style='padding-left: 20px; margin: 0; font-size: 14px; list-style-type: disc;'>\n<li style='margin-bottom: 5px;'><strong>Voltaje:<\/strong> 200-240 VAC<\/li>\n<li style='margin-bottom: 5px;'><strong>Frecuencia:<\/strong> 40-70 Hz<\/li>\n<li style='margin-bottom: 5px;'><strong>Factor de Potencia:<\/strong> 1<\/li>\n<li style='margin-bottom: 5px;'><strong>Entrada:<\/strong> Hardwired (Cable de Uso Rudo)<\/li>\n<li style='margin-bottom: 5px;'><strong>Longitud del cable:<\/strong> N\/A<\/li>\n<\/ul><\/div>\n<\/p><\/div>\n<div style='flex: 1 1 250px; border: 1px solid rgba(150&comma; 150&comma; 150&comma; 0.4); border-radius: 8px; overflow: hidden; display: flex; flex-direction: column;'>\n<div style='padding: 15px; border-bottom: 1px solid rgba(150&comma; 150&comma; 150&comma; 0.2); font-weight: bold; font-size: 16px; color: inherit;'>Salida<\/div>\n<div style='padding: 15px; color: inherit;'>\n<ul style='padding-left: 20px; margin: 0; font-size: 14px; list-style-type: disc;'>\n<li style='margin-bottom: 5px;'><strong>Salida VA:<\/strong> 10&comma;000<\/li>\n<li style='margin-bottom: 5px;'><strong>Salida Watts:<\/strong> 10&comma;000<\/li>\n<li style='margin-bottom: 5px;'><strong>Voltaje en Bater\u00eda:<\/strong> 120 Vac; 200&comma; 208&comma; 220&comma; 230&comma; 240 Vac (Configurable) \u00b12%<\/li>\n<li style='margin-bottom: 5px;'><strong>Total de tomas:<\/strong> 10<\/li>\n<li style='margin-bottom: 5px;'><strong>Tipo de tomas:<\/strong> NEMA 5-20R (6)&comma; NEMA L6-30R (3)&comma; Bloque Terminal Hardwired (1)<\/li>\n<\/ul><\/div>\n<\/p><\/div>\n<div style='flex: 1 1 250px; border: 1px solid rgba(150&comma; 150&comma; 150&comma; 0.4); border-radius: 8px; overflow: hidden; display: flex; flex-direction: column;'>\n<div style='padding: 15px; border-bottom: 1px solid rgba(150&comma; 150&comma; 150&comma; 0.2); font-weight: bold; font-size: 16px; color: inherit;'>Bater\u00edas<\/div>\n<div style='padding: 15px; color: inherit;'>\n<ul style='padding-left: 20px; margin: 0; font-size: 14px; list-style-type: disc;'>\n<li style='margin-bottom: 5px;'><strong>Tipo:<\/strong> 20 x 12V\/9Ah<\/li>\n<li style='margin-bottom: 5px;'><strong>Tiempo de respaldo (carga completa):<\/strong> 3.6 minutos<\/li>\n<li style='margin-bottom: 5px;'><strong>Tiempo de respaldo (media carga):<\/strong> 10 minutos<\/li>\n<li style='margin-bottom: 5px;'><strong>Incluye:<\/strong> Bater\u00eda interna<\/li>\n<\/ul><\/div>\n<\/p><\/div>\n<div style='flex: 1 1 250px; border: 1px solid rgba(150&comma; 150&comma; 150&comma; 0.4); border-radius: 8px; overflow: hidden; display: flex; flex-direction: column;'>\n<div style='padding: 15px; border-bottom: 1px solid rgba(150&comma; 150&comma; 150&comma; 0.2); font-weight: bold; font-size: 16px; color: inherit;'>Caracter\u00edsticas f\u00edsicas<\/div>\n<div style='padding: 15px; color: inherit;'>\n<ul style='padding-left: 20px; margin: 0; font-size: 14px; list-style-type: disc;'>\n<li style='margin-bottom: 5px;'><strong>Tama\u00f1o en Rack:<\/strong> 8 UR<\/li>\n<li style='margin-bottom: 5px;'><strong>Dimensiones:<\/strong> 433 x 352 x 660 mm (Ancho x Alto x Profundidad)<\/li>\n<li style='margin-bottom: 5px;'><strong>Peso:<\/strong> 157.4 kg<\/li>\n<\/ul><\/div>\n<\/p><\/div>\n<div style='flex: 1 1 250px; border: 1px solid rgba(150&comma; 150&comma; 150&comma; 0.4); border-radius: 8px; overflow: hidden; display: flex; flex-direction: column;'>\n<div style='padding: 15px; border-bottom: 1px solid rgba(150&comma; 150&comma; 150&comma; 0.2); font-weight: bold; font-size: 16px; color: inherit;'>Caracter\u00edsticas adicionales<\/div>\n<div style='padding: 15px; color: inherit;'>\n<ul style='padding-left: 20px; margin: 0; font-size: 14px; list-style-type: disc;'>\n<li style='margin-bottom: 5px;'><strong>Protecci\u00f3n:<\/strong> Grado de red<\/li>\n<li style='margin-bottom: 5px;'><strong>Administraci\u00f3n:<\/strong> SNMP \/ HTTP (RMCARD205 opcional)<\/li>\n<li style='margin-bottom: 5px;'><strong>M\u00f3dulo de Bater\u00edas Extendidas:<\/strong> BP240VL3U01<\/li>\n<li style='margin-bottom: 5px;'><strong>Indicadores:<\/strong> Pantalla LCD de lectura<\/li>\n<\/ul><\/div>\n<\/p><\/div>\n<\/p><\/div>\n<\/p><\/div>\n<\/p><\/div>\n","protected":false},"excerpt":{"rendered":"<p>UPS de 20 KVA\/20 kW, Online Doble Conversi\u00f3n, 220 Vac L-L de Entrada 3 Fases, Entrada Hardwired, Onda Senoidal Pura, Torre o Rack<\/p>\n","protected":false},"featured_media":96646,"comment_status":"open","ping_status":"closed","template":"","meta":[],"product_brand":[],"product_cat":[1231],"product_tag":[142,435,1232],"class_list":{"0":"post-96647","1":"product","2":"type-product","3":"status-publish","4":"has-post-thumbnail","6":"product_cat-ups-no-break-energia-videovigilancia","7":"product_tag-energia","8":"product_tag-linkedpro-by-epcom","9":"product_tag-ups-no-break-2","11":"first","12":"instock","13":"sale","14":"shipping-taxable","15":"purchasable","16":"product-type-simple"},"_links":{"self":[{"href":"https:\/\/soydeaqui.ddns.net\/pachuca\/index.php\/wp-json\/wp\/v2\/product\/96647","targetHints":{"allow":["GET"]}}],"collection":[{"href":"https:\/\/soydeaqui.ddns.net\/pachuca\/index.php\/wp-json\/wp\/v2\/product"}],"about":[{"href":"https:\/\/soydeaqui.ddns.net\/pachuca\/index.php\/wp-json\/wp\/v2\/types\/product"}],"replies":[{"embeddable":true,"href":"https:\/\/soydeaqui.ddns.net\/pachuca\/index.php\/wp-json\/wp\/v2\/comments?post=96647"}],"wp:featuredmedia":[{"embeddable":true,"href":"https:\/\/soydeaqui.ddns.net\/pachuca\/index.php\/wp-json\/wp\/v2\/media\/96646"}],"wp:attachment":[{"href":"https:\/\/soydeaqui.ddns.net\/pachuca\/index.php\/wp-json\/wp\/v2\/media?parent=96647"}],"wp:term":[{"taxonomy":"product_brand","embeddable":true,"href":"https:\/\/soydeaqui.ddns.net\/pachuca\/index.php\/wp-json\/wp\/v2\/product_brand?post=96647"},{"taxonomy":"product_cat","embeddable":true,"href":"https:\/\/soydeaqui.ddns.net\/pachuca\/index.php\/wp-json\/wp\/v2\/product_cat?post=96647"},{"taxonomy":"product_tag","embeddable":true,"href":"https:\/\/soydeaqui.ddns.net\/pachuca\/index.php\/wp-json\/wp\/v2\/product_tag?post=96647"}],"curies":[{"name":"wp","href":"https:\/\/api.w.org\/{rel}","templated":true}]}}