{"id":96608,"date":"2026-03-20T08:21:00","date_gmt":"2026-03-20T08:21:00","guid":{"rendered":"https:\/\/soydeaqui.ddns.net\/pachuca\/index.php\/producto\/convertidor-de-camaras-analogas-hd-a-ip-16-canales-hasta-5mp-4-tecnologias-tvi-ahd-cvi-y-cvbs\/"},"modified":"2026-03-20T08:21:11","modified_gmt":"2026-03-20T08:21:11","slug":"convertidor-de-camaras-analogas-hd-a-ip-16-canales-hasta-5mp-4-tecnologias-tvi-ahd-cvi-y-cvbs","status":"publish","type":"product","link":"https:\/\/soydeaqui.ddns.net\/pachuca\/index.php\/producto\/convertidor-de-camaras-analogas-hd-a-ip-16-canales-hasta-5mp-4-tecnologias-tvi-ahd-cvi-y-cvbs\/","title":{"rendered":"Convertidor de c\u00e1maras an\u00e1logas HD a IP \/ 16 canales \/ Hasta 5MP \/ 4 Tecnolog\u00edas (TVI, AHD, CVI y CVBS)"},"content":{"rendered":"<div style='width: 100%; max-width: 1200px; margin: 0 auto; font-family: sans-serif; line-height: 1.6; color: inherit; background-color: transparent;'>\n<div style='display: flex; flex-wrap: wrap; gap: 30px; margin-bottom: 30px;'>\n<div style='flex: 1 1 300px; min-width: 280px;'>\n<h3 style='font-size: 22px; border-bottom: 2px solid currentColor; padding-bottom: 5px; margin-top: 0; color: inherit; opacity: 0.8;'><span style='color: #f37934;'>Codificador de video.<\/span><span> Convierta sus c\u00e1maras an\u00e1logas HD en tecnolog\u00eda IP.<\/span><\/h3>\n<ul style='padding-left: 20px; font-size: 15px; color: inherit;'>\n<li style='margin-bottom: 5px;'><strong>Entradas de video:<\/strong> 16 Entradas de video en BNC<\/li>\n<li style='margin-bottom: 5px;'><strong>Detecci\u00f3n autom\u00e1tica:<\/strong> CVBS&comma; AHD&comma; CVI&comma; TVI (1 a 5MP)<\/li>\n<li style='margin-bottom: 5px;'><strong>Salida de video:<\/strong> 1 HDMI (multi imagen 16 canales&comma; 1080p)<\/li>\n<li style='margin-bottom: 5px;'><strong>Compresi\u00f3n de video:<\/strong> H.265&comma; H.264&comma; MPEG-4&comma; MJPEG<\/li>\n<li style='margin-bottom: 5px;'><strong>Resoluci\u00f3n m\u00e1xima:<\/strong> 5MP<\/li>\n<li style='margin-bottom: 5px;'><strong>Streaming:<\/strong> M\u00faltiple Streaming&comma; hasta 3 perfiles por canal<\/li>\n<li style='margin-bottom: 5px;'><strong>Conectividad:<\/strong> Conexi\u00f3n Ethernet por RJ45 (10\/100\/1000 BASE-T)<\/li>\n<li style='margin-bottom: 5px;'><strong>Comunicaci\u00f3n:<\/strong> 1 RS485 Half duplex<\/li>\n<li style='margin-bottom: 5px;'><strong>Compatibilidad:<\/strong> Onvif perfil S<\/li>\n<li style='margin-bottom: 5px;'><strong>Consumo:<\/strong> 20W<\/li>\n<li style='margin-bottom: 5px;'><strong>Temperatura de operaci\u00f3n:<\/strong> -10 a 50\u00b0C<\/li>\n<li style='margin-bottom: 5px;'><strong>Alimentaci\u00f3n:<\/strong> 12Vcc (No Incluida)<\/li>\n<li style='margin-bottom: 5px;'><strong>Dimensiones:<\/strong> 370 x 44 x 320 mm<\/li>\n<li style='margin-bottom: 5px;'><strong>Peso:<\/strong> 2.32 kg<\/li>\n<\/ul><\/div>\n<\/p><\/div>\n<\/p><\/div>\n","protected":false},"excerpt":{"rendered":"<p>Convertidor de c\u00e1maras an\u00e1logas HD a IP \/ 16 canales \/ Hasta 5MP \/ 4 Tecnolog\u00edas (TVI, AHD, CVI y CVBS)<\/p>\n","protected":false},"featured_media":96607,"comment_status":"open","ping_status":"closed","template":"","meta":[],"product_brand":[],"product_cat":[2264],"product_tag":[122,2265,1055],"class_list":{"0":"post-96608","1":"product","2":"type-product","3":"status-publish","4":"has-post-thumbnail","6":"product_cat-codificadores-y-decodificadores-de-video","7":"product_tag-camaras-ip-y-nvrs","8":"product_tag-codificadores-y-decodificadores-de-video","9":"product_tag-hanwha-vision","11":"first","12":"outofstock","13":"sale","14":"shipping-taxable","15":"purchasable","16":"product-type-simple"},"_links":{"self":[{"href":"https:\/\/soydeaqui.ddns.net\/pachuca\/index.php\/wp-json\/wp\/v2\/product\/96608","targetHints":{"allow":["GET"]}}],"collection":[{"href":"https:\/\/soydeaqui.ddns.net\/pachuca\/index.php\/wp-json\/wp\/v2\/product"}],"about":[{"href":"https:\/\/soydeaqui.ddns.net\/pachuca\/index.php\/wp-json\/wp\/v2\/types\/product"}],"replies":[{"embeddable":true,"href":"https:\/\/soydeaqui.ddns.net\/pachuca\/index.php\/wp-json\/wp\/v2\/comments?post=96608"}],"wp:featuredmedia":[{"embeddable":true,"href":"https:\/\/soydeaqui.ddns.net\/pachuca\/index.php\/wp-json\/wp\/v2\/media\/96607"}],"wp:attachment":[{"href":"https:\/\/soydeaqui.ddns.net\/pachuca\/index.php\/wp-json\/wp\/v2\/media?parent=96608"}],"wp:term":[{"taxonomy":"product_brand","embeddable":true,"href":"https:\/\/soydeaqui.ddns.net\/pachuca\/index.php\/wp-json\/wp\/v2\/product_brand?post=96608"},{"taxonomy":"product_cat","embeddable":true,"href":"https:\/\/soydeaqui.ddns.net\/pachuca\/index.php\/wp-json\/wp\/v2\/product_cat?post=96608"},{"taxonomy":"product_tag","embeddable":true,"href":"https:\/\/soydeaqui.ddns.net\/pachuca\/index.php\/wp-json\/wp\/v2\/product_tag?post=96608"}],"curies":[{"name":"wp","href":"https:\/\/api.w.org\/{rel}","templated":true}]}}