{"id":96595,"date":"2026-03-20T08:20:25","date_gmt":"2026-03-20T08:20:25","guid":{"rendered":"https:\/\/soydeaqui.ddns.net\/pachuca\/index.php\/producto\/kit-de-videoportero-akuvox-wifi-monitor-linux-de-7-pulgadas-100-en-la-nube-poe-bluetooth-nfc-lector-de-tarjetas-mifare-onvif-ip65-camara-2-mp-boton-con-iluminacion-control-de-1-pue\/"},"modified":"2026-03-20T08:20:29","modified_gmt":"2026-03-20T08:20:29","slug":"kit-de-videoportero-akuvox-wifi-monitor-linux-de-7-pulgadas-100-en-la-nube-poe-bluetooth-nfc-lector-de-tarjetas-mifare-onvif-ip65-camara-2-mp-boton-con-iluminacion-control-de-1-pue","status":"publish","type":"product","link":"https:\/\/soydeaqui.ddns.net\/pachuca\/index.php\/producto\/kit-de-videoportero-akuvox-wifi-monitor-linux-de-7-pulgadas-100-en-la-nube-poe-bluetooth-nfc-lector-de-tarjetas-mifare-onvif-ip65-camara-2-mp-boton-con-iluminacion-control-de-1-pue\/","title":{"rendered":"Kit de Videoportero Akuvox WIFI\/ Monitor Linux de 7 Pulgadas\/ 100% en la Nube \/ POE \/ Bluetooth \/ NFC \/ Lector de Tarjetas MIFARE \/ ONVIF \/ IP65 \/ C\u00e1mara 2 MP \/ Bot\u00f3n con Iluminaci\u00f3n \/ Control de 1 Puerta \/ Entradas de Alarma"},"content":{"rendered":"<div style=\"width: 100%; max-width: 1200px; margin: 0 auto; font-family: sans-serif; line-height: 1.6; color: inherit; background-color: transparent;\"><!-- BANNER --><\/p>\n<div style=\"background: linear-gradient(55deg&comma; #CCD0FA 0%&comma; #0212AA 100%); border-bottom: 6px solid #0212AA; border-left: 6px solid #CCD0FA; border-right: 6px solid #0212AA; padding: 20px; text-align: center;\"><img decoding=\"async\" style=\"width: 100%; max-width: 450px; height: auto; border: 1px solid rgba(150&comma; 150&comma; 150&comma; 0.3); border-radius: 8px;\" src=\"https:\/\/shop.domo-supply.com\/img\/m\/126.jpg\" alt=\"Banner\" class=\"fr-fic fr-dii\"><\/p>\n<h2 style=\"color: darkslategray; font-size: 20px; margin: 0;\"><span style=\"font-family: Franklin Gothic;\">Frente de calle \/ Programaci&oacute;n en la nube \/ Notificaci&oacute;n a app celular \/ Notificaci&oacute;n por llamada telef&oacute;nica \/ SIP \/ IP65 \/ NFC \/ Bluetooth \/ ONVIF \/ Lector RFID \/ WIFI \/ POE<\/span><\/h2>\n<\/div>\n<p><!-- Videos --><\/p>\n<div style=\"display: flex; flex-wrap: wrap; gap: 20px; margin: 30px 0;\">\n<div style=\"flex: 1 1 45%; min-width: 300px; position: relative; padding-bottom: 56.25%; height: 0; overflow: hidden;\"> <\/div>\n<div style=\"flex: 1 1 45%; min-width: 300px; position: relative; padding-bottom: 56.25%; height: 0; overflow: hidden;\"> <\/div>\n<\/div>\n<p><!-- Secci\u00f3n de contenido con cards --><\/p>\n<div style=\"display: flex; flex-wrap: wrap; gap: 30px; margin-bottom: 30px;\">\n<div style=\"flex: 1 1 45%; min-width: 300px;\">\n<h3 style=\"font-size: 22px; border-bottom: 2px solid currentColor; padding-bottom: 5px; margin-top: 0; color: inherit; opacity: 0.8;\">Gesti&oacute;n 100% en la nube<\/h3>\n<div style=\"margin-bottom: 20px;\">\n<p style=\"font-size: 15px; color: inherit; margin-bottom: 15px;\">Akuvox Cloud es una plataforma en la nube que permite la gesti&oacute;n y configuraci&oacute;n de los equipos Akuvox para sistemas de videportero y control de acceso facilitando la instalaci&oacute;n y administraci&oacute;n.<\/p>\n<p style=\"font-size: 15px; color: inherit;\">La APP Smart Plus para Android y iOS permite la comunicaci&oacute;n de los usuarios con sus visitas&comma; gesti&oacute;n de pases temporales para visitantes&comma; control de acceso de las puertas&comma; gesti&oacute;n de sus propias credenciales de acceso&comma; transmisi&oacute;n en vivo de video entre muchas funciones m&aacute;s.<\/p>\n<\/div>\n<p><img decoding=\"async\" style=\"width: 100%; height: auto; border: 1px solid rgba(150&comma; 150&comma; 150&comma; 0.3); border-radius: 8px;\" src=\"https:\/\/ftp3.syscom.mx\/usuarios\/hsanchez\/Akuvox\/APP%20y%20CLOUD.png\" alt=\"APP y CLOUD\" class=\"fr-fic fr-dii\"><\/div>\n<div style=\"flex: 1 1 45%; min-width: 300px;\">\n<h3 style=\"font-size: 22px; border-bottom: 2px solid currentColor; padding-bottom: 5px; margin-top: 0; color: inherit; opacity: 0.8;\">&iquest;Qu&eacute; es Akuvox?<\/h3>\n<div style=\"margin-bottom: 20px;\">\n<p style=\"font-size: 15px; color: inherit; margin-bottom: 15px;\">Akuvox es una marca l&iacute;der mundial de productos y soluciones Smart Intercom&comma; ofreciendo el poder de las tecnolog&iacute;as para mejorar la vida de las personas con una mejor comunicaci&oacute;n&comma; mayor seguridad y mayor comodidad.<\/p>\n<p style=\"font-size: 15px; color: inherit; margin-bottom: 15px;\">Al abarcar la inteligencia artificial&comma; SIP&comma; Android&comma; la nube&comma; la seguridad y otras tecnolog&iacute;as avanzadas&comma; impulsamos continuamente cambios innovadores en la industria y ofrecemos de manera creativa una cartera inigualable de productos y soluciones de intercomunicaci&oacute;n inteligente.<\/p>\n<\/div>\n<p><img decoding=\"async\" style=\"width: 100%; height: auto; border: 1px solid rgba(150&comma; 150&comma; 150&comma; 0.3); border-radius: 8px;\" src=\"https:\/\/ftp3.syscom.mx\/usuarios\/hsanchez\/Akuvox\/Akuvox%20logo%20%28blue%29-20180329.png\" alt=\"Logo Akuvox\" class=\"fr-fic fr-dii\"><\/div>\n<\/div>\n<p><!-- Escenario de aplicaci\u00f3n --><\/p>\n<div style=\"display: flex; flex-wrap: wrap; gap: 30px; margin-bottom: 30px;\">\n<div style=\"flex: 1 1 45%; min-width: 300px;\">\n<h3 style=\"font-size: 22px; border-bottom: 2px solid currentColor; padding-bottom: 5px; margin-top: 0; color: inherit; opacity: 0.8;\">Escenario de aplicaci&oacute;n:<\/h3>\n<p style=\"font-size: 15px; color: inherit; margin-bottom: 15px;\">Uso multiapartamento&comma; residencial o corporativo<\/p>\n<ul style=\"padding-left: 20px; font-size: 14px; color: inherit;\">\n<li style=\"margin-bottom: 8px;\"><strong>Videoportero<\/strong> para oficinas con los sistemas IP PBX en sitio o alojados<\/li>\n<li style=\"margin-bottom: 8px;\"><strong>Configuraci&oacute;n y gesti&oacute;n<\/strong> de entrada remota a trav&eacute;s de Internet<\/li>\n<li style=\"margin-bottom: 8px;\"><strong>Intercomunicador<\/strong> para apartamentos o pisos con control de acceso<\/li>\n<li style=\"margin-bottom: 8px;\"><strong>Informaci&oacute;n comercial<\/strong> o una experiencia de bienvenida para los invitados<\/li>\n<\/ul>\n<\/div>\n<div style=\"flex: 1 1 45%; min-width: 300px;\"><img decoding=\"async\" style=\"width: 100%; height: auto; border: 1px solid rgba(150&comma; 150&comma; 150&comma; 0.3); border-radius: 8px;\" src=\"https:\/\/ftp3.syscom.mx\/usuarios\/hsanchez\/Akuvox\/aplicacion.jpg\" alt=\"Escenario de aplicaci\u00f3n\" class=\"fr-fic fr-dii\"><\/div>\n<\/div>\n<p><!-- Caracter\u00edsticas f\u00edsicas y el\u00e9ctricas --><\/p>\n<div style=\"display: flex; flex-wrap: wrap; gap: 30px; margin-bottom: 30px;\">\n<div style=\"flex: 1 1 45%; min-width: 300px;\">\n<h3 style=\"font-size: 22px; border-bottom: 2px solid currentColor; padding-bottom: 5px; margin-top: 0; color: inherit; opacity: 0.8;\">Caracter&iacute;sticas principales del modelo E12W<\/h3>\n<ul style=\"padding-left: 20px; font-size: 14px; color: inherit;\">\n<li style=\"margin-bottom: 5px;\"><strong>Material del cuerpo:<\/strong> Pl&aacute;stico<\/li>\n<li style=\"margin-bottom: 5px;\"><strong>C&aacute;mara:<\/strong> p&iacute;xeles de 2 M&comma; iluminaci&oacute;n autom&aacute;tica<\/li>\n<li style=\"margin-bottom: 5px;\"><strong>Bot&oacute;n:<\/strong> 1 bot&oacute;n de llamada con retroiluminaci&oacute;n<\/li>\n<li style=\"margin-bottom: 5px;\"><strong>Puerto de Wiegand:<\/strong> Soporte<\/li>\n<li style=\"margin-bottom: 5px;\"><strong>Lector de tarjetas RF:<\/strong> 13.56 MHz<\/li>\n<li style=\"margin-bottom: 5px;\"><strong>Sensor de luz:<\/strong> 1<\/li>\n<li style=\"margin-bottom: 5px;\"><strong>Rel&eacute;s hacia fuera:<\/strong> 1<\/li>\n<li style=\"margin-bottom: 5px;\"><strong>Entradas:<\/strong> 2<\/li>\n<li style=\"margin-bottom: 5px;\"><strong>Ranura para tarjeta Micro SD:<\/strong> 1<\/li>\n<li style=\"margin-bottom: 5px;\"><strong>Micr&oacute;fono:<\/strong> -36dB<\/li>\n<li style=\"margin-bottom: 5px;\"><strong>Altavoz:<\/strong> 8&Omega; \/ 1.5 W<\/li>\n<li style=\"margin-bottom: 5px;\"><strong>Puerto Ethernet:<\/strong> RJ45&comma; 10 \/ 100Mbps adaptable<\/li>\n<li style=\"margin-bottom: 5px;\"><strong>BLE:<\/strong> S&iacute;<\/li>\n<li style=\"margin-bottom: 5px;\"><strong>WiFi:<\/strong> IEEE802.11b\/g\/n&comma; 2.4 GHz<\/li>\n<li style=\"margin-bottom: 5px;\"><strong>Alarma vand&aacute;lica:<\/strong> S&iacute;<\/li>\n<li style=\"margin-bottom: 5px;\"><strong>Alimentaci&oacute;n:<\/strong> PoE 802.3af<\/li>\n<li style=\"margin-bottom: 5px;\"><strong>Conector de 12V DC:<\/strong> (si no se usa PoE)<\/li>\n<li style=\"margin-bottom: 5px;\"><strong>Protecci&oacute;n:<\/strong> IP65<\/li>\n<li style=\"margin-bottom: 5px;\"><strong>Instalaci&oacute;n:<\/strong> Montado en la pared<\/li>\n<li style=\"margin-bottom: 5px;\"><strong>Tama&ntilde;o:<\/strong> 146x70x23mm<\/li>\n<li style=\"margin-bottom: 5px;\"><strong>Humedad de trabajo:<\/strong> 10~90%<\/li>\n<li style=\"margin-bottom: 5px;\"><strong>Temperatura de Trabajo:<\/strong> -40&deg;C ~ +60&deg;C<\/li>\n<li style=\"margin-bottom: 5px;\"><strong>Temperatura de almacenamiento:<\/strong> -40 &deg;C ~ +70&deg;C<\/li>\n<\/ul>\n<\/div>\n<div style=\"flex: 1 1 45%; min-width: 300px;\">\n<h3 style=\"font-size: 22px; border-bottom: 2px solid currentColor; padding-bottom: 5px; margin-top: 0; color: inherit; opacity: 0.8;\">Caracter&iacute;sticas principales del modelo C313W<\/h3>\n<ul style=\"padding-left: 20px; font-size: 14px; color: inherit;\">\n<li style=\"margin-bottom: 5px;\"><strong>Panel frontal:<\/strong> Pl&aacute;stico<\/li>\n<li style=\"margin-bottom: 5px;\"><strong>RAM\/ROM:<\/strong> 1 GB\/8 GB<\/li>\n<li style=\"margin-bottom: 5px;\"><strong>M&oacute;dulo de pantalla:<\/strong> TFT LCD de 7 pulgadas<\/li>\n<li style=\"margin-bottom: 5px;\"><strong>Pantalla:<\/strong> t&aacute;ctil capacitiva de 7 pulgadas<\/li>\n<li style=\"margin-bottom: 5px;\"><strong>Wi-Fi:<\/strong> IEEE802.11b\/g\/n&comma; @2.4GHz<\/li>\n<li style=\"margin-bottom: 5px;\"><strong>Puerto RS485:<\/strong> Soporte<\/li>\n<li style=\"margin-bottom: 5px;\"><strong>Salida de rel&eacute;:<\/strong> 1<\/li>\n<li style=\"margin-bottom: 5px;\"><strong>Entrada de timbre:<\/strong> 1<\/li>\n<li style=\"margin-bottom: 5px;\"><strong>E\/S:<\/strong> 8<\/li>\n<li style=\"margin-bottom: 5px;\"><strong>Micr&oacute;fono:<\/strong> -58dB<\/li>\n<li style=\"margin-bottom: 5px;\"><strong>Altavoz:<\/strong> 4&Omega;\/2W<\/li>\n<li style=\"margin-bottom: 5px;\"><strong>Puertos Ethernet:<\/strong> 2xRJ45 adaptativo de 10\/100Mbps<\/li>\n<li style=\"margin-bottom: 5px;\"><strong>PoE:<\/strong> 802.3af<\/li>\n<li style=\"margin-bottom: 5px;\"><strong>Conector de corriente 12V:<\/strong> (si no se usa PoE)<\/li>\n<li style=\"margin-bottom: 5px;\"><strong>Instalaci&oacute;n:<\/strong> montaje en pared o en escritorio<\/li>\n<li style=\"margin-bottom: 5px;\"><strong>Dimensi&oacute;n:<\/strong> 200.2&#215;132.2&#215;27.2mm<\/li>\n<li style=\"margin-bottom: 5px;\"><strong>Rango de humedad:<\/strong> 10~90%<\/li>\n<li style=\"margin-bottom: 5px;\"><strong>Rango de temperatura:<\/strong> -10&deg;C~+45&deg;C<\/li>\n<li style=\"margin-bottom: 5px;\"><strong>Temperatura de almacenamiento:<\/strong> -20&deg;C~+70&deg;C<\/li>\n<li style=\"margin-bottom: 5px;\"><strong>Pantalla t&aacute;ctil:<\/strong> capacitiva proyectada<\/li>\n<li style=\"margin-bottom: 5px;\"><strong>Resoluci&oacute;n:<\/strong> 800&#215;480<\/li>\n<li style=\"margin-bottom: 5px;\"><strong>Relaci&oacute;n de contraste:<\/strong> 500:1<\/li>\n<li style=\"margin-bottom: 5px;\"><strong>Luminosidad:<\/strong> 220 cd\/m&sup2;<\/li>\n<li style=\"margin-bottom: 5px;\"><strong>&Aacute;ngulo de visi&oacute;n:<\/strong> 50&deg; a la izquierda&comma; 50&deg; a la derecha&comma; 40&deg; superior&comma; 50&deg; inferior<\/li>\n<\/ul>\n<\/div>\n<\/div>\n<p><!-- Especificaciones t\u00e9cnicas --><\/p>\n<div style=\"display: flex; flex-wrap: wrap; gap: 30px; margin-bottom: 30px;\">\n<div style=\"flex: 1 1 45%; min-width: 300px;\">\n<h3 style=\"font-size: 22px; border-bottom: 2px solid currentColor; padding-bottom: 5px; margin-top: 0; color: inherit; opacity: 0.8;\">Especificaciones de audio<\/h3>\n<ul style=\"padding-left: 20px; font-size: 14px; color: inherit;\">\n<li style=\"margin-bottom: 5px;\">SIP v1 (RFC2543)&comma; SIP v2 (RFC3261)<\/li>\n<li style=\"margin-bottom: 5px;\">C&oacute;dec de audio de banda estrecha: G.711a&comma; G.711&mu;&comma; G.729<\/li>\n<li style=\"margin-bottom: 5px;\">C&oacute;dec de audio de banda ancha: G.722<\/li>\n<li style=\"margin-bottom: 5px;\">DTMF: DTMF en banda&comma; fuera de banda (RFC2833)&comma; Informaci&oacute;n SIP<\/li>\n<li style=\"margin-bottom: 5px;\">Cancelaci&oacute;n de Eco<\/li>\n<li style=\"margin-bottom: 5px;\">Detecci&oacute;n de Activaci&oacute;n por Voz<\/li>\n<li style=\"margin-bottom: 5px;\">Generador de Ruido de Confort<\/li>\n<\/ul>\n<\/div>\n<div style=\"flex: 1 1 45%; min-width: 300px;\">\n<h3 style=\"font-size: 22px; border-bottom: 2px solid currentColor; padding-bottom: 5px; margin-top: 0; color: inherit; opacity: 0.8;\">Especificaciones de video<\/h3>\n<ul style=\"padding-left: 20px; font-size: 14px; color: inherit;\">\n<li style=\"margin-bottom: 5px;\"><strong>Sensor:<\/strong> 1\/2.7&#39;&comma; CMOS<\/li>\n<li style=\"margin-bottom: 5px;\"><strong>P&iacute;xeles:<\/strong> CIF&comma; QCIF&comma; VGA&comma; 4CIF&comma; 720p&comma; 1080p<\/li>\n<li style=\"margin-bottom: 5px;\"><strong>C&oacute;dec de v&iacute;deo:<\/strong> H.264&comma; H.265<\/li>\n<li style=\"margin-bottom: 5px;\"><strong>Resoluci&oacute;n:<\/strong> hasta 1920x1080p<\/li>\n<li style=\"margin-bottom: 5px;\"><strong>Velocidad de transferencia:<\/strong> 1080p 25fps<\/li>\n<li style=\"margin-bottom: 5px;\"><strong>&Aacute;ngulo de visi&oacute;n:<\/strong> 123&deg;(H) \/ 69&deg;(V)<\/li>\n<li style=\"margin-bottom: 5px;\"><strong>Iluminaci&oacute;n:<\/strong> LED blancos con sensor de luz<\/li>\n<\/ul>\n<\/div>\n<\/div>\n<p><!-- Caracter\u00edsticas de red --><\/p>\n<div style=\"display: flex; flex-wrap: wrap; gap: 30px; margin-bottom: 30px;\">\n<div style=\"flex: 1 1 45%; min-width: 300px;\">\n<h3 style=\"font-size: 22px; border-bottom: 2px solid currentColor; padding-bottom: 5px; margin-top: 0; color: inherit; opacity: 0.8;\">Caracter&iacute;sticas de red<\/h3>\n<ul style=\"padding-left: 20px; font-size: 14px; color: inherit;\">\n<li style=\"margin-bottom: 5px;\">IPv4&comma; IPv6&comma; HTTP&comma; HTTPS&comma; FTP&comma; TFTP&comma; SNMP&comma; DNS&comma; SNTP<\/li>\n<li style=\"margin-bottom: 5px;\">RTSP&comma; SRTP&comma; RTP&comma; TCP&comma; UDP&comma; TLS&comma; ICMP&comma; DHCP&comma; ARP<\/li>\n<li style=\"margin-bottom: 5px;\">Compatibilidad con protocolo SIP<\/li>\n<\/ul>\n<\/div>\n<div style=\"flex: 1 1 45%; min-width: 300px;\">\n<h3 style=\"font-size: 22px; border-bottom: 2px solid currentColor; padding-bottom: 5px; margin-top: 0; color: inherit; opacity: 0.8;\">Implementaci&oacute;n y mantenimiento<\/h3>\n<ul style=\"padding-left: 20px; font-size: 14px; color: inherit;\">\n<li style=\"margin-bottom: 5px;\">Auto-Aprovisionamiento<\/li>\n<li style=\"margin-bottom: 5px;\">Portal de gesti&oacute;n web<\/li>\n<li style=\"margin-bottom: 5px;\">Copia de seguridad \/ restauraci&oacute;n de la configuraci&oacute;n<\/li>\n<li style=\"margin-bottom: 5px;\">Exportaci&oacute;n de registro de entrada<\/li>\n<li style=\"margin-bottom: 5px;\">Actualizaci&oacute;n de firmware<\/li>\n<li style=\"margin-bottom: 5px;\">Registros del sistema (incluye registros de acceso a puertas)<\/li>\n<\/ul>\n<\/div>\n<\/div>\n<p><!-- \u00bfPor qu\u00e9 elegir Akuvox? --><\/p>\n<div style=\"display: flex; flex-wrap: wrap; gap: 30px; margin-bottom: 30px;\">\n<div style=\"flex: 1 1 45%; min-width: 300px;\">\n<h3 style=\"font-size: 22px; border-bottom: 2px solid currentColor; padding-bottom: 5px; margin-top: 0; color: inherit; opacity: 0.8;\">&iquest;Por qu&eacute; elegir Akuvox?<\/h3>\n<p style=\"font-size: 15px; color: inherit; margin-bottom: 15px;\">Akuvox es la soluci&oacute;n ideal para su fraccionamiento&comma; edificio de apartamentos o edificios corporativos&comma; gracias a su gesti&oacute;n 100% en la nube ofrece una f&aacute;cil instalaci&oacute;n y administraci&oacute;n desde cualquier parte del mundo. Nunca ha sido tan f&aacute;cil y seguro gestionar el acceso a los residentes&comma; empleados o visitantes gracias a que es un dispositivo muy amigable junto con la App Smart Plus para iOS o Android.<\/p>\n<p style=\"font-size: 15px; color: inherit;\">Brindar la mejor soluci&oacute;n es posible con Akuvox gracias a su tecnolog&iacute;a innovadora&comma; lleva al siguiente nivel tus instalaciones&comma; aumenta la plusval&iacute;a y disminuye los costos de operaci&oacute;n gracias a Akuvox.<\/p>\n<\/div>\n<div style=\"flex: 1 1 45%; min-width: 300px;\"><img decoding=\"async\" style=\"width: 100%; height: auto; border: 1px solid rgba(150&comma; 150&comma; 150&comma; 0.3); border-radius: 8px;\" src=\"https:\/\/ftp3.syscom.mx\/usuarios\/hsanchez\/Akuvox\/edificio.jpg\" alt=\"Por qu\u00e9 elegir Akuvox\" class=\"fr-fic fr-dii\"><\/div>\n<\/div>\n<p><!-- Im\u00e1genes adicionales --><\/p>\n<div style=\"display: flex; flex-wrap: wrap; gap: 20px; margin-bottom: 30px; justify-content: center;\"><img decoding=\"async\" style=\"width: 100%; max-width: 970px; height: auto; border: 1px solid rgba(150&comma; 150&comma; 150&comma; 0.3); border-radius: 8px;\" src=\"https:\/\/www.akuvox.com\/uploads\/202012\/2020121812055777.jpg\" alt=\"\" class=\"fr-fil fr-dib\">&nbsp;<img decoding=\"async\" style=\"width: 100%; max-width: 970px; height: auto; border: 1px solid rgba(150&comma; 150&comma; 150&comma; 0.3); border-radius: 8px;\" src=\"https:\/\/www.akuvox.com\/uploads\/202012\/2020121812090869.jpg\" alt=\"\" class=\"fr-fil fr-dib\">&nbsp;<img decoding=\"async\" style=\"width: 100%; max-width: 970px; height: auto; border: 1px solid rgba(150&comma; 150&comma; 150&comma; 0.3); border-radius: 8px;\" src=\"https:\/\/www.akuvox.com\/uploads\/202012\/2020121812092110.jpg\" alt=\"\" class=\"fr-fil fr-dib\">&nbsp;<img decoding=\"async\" style=\"width: 100%; max-width: 970px; height: auto; border: 1px solid rgba(150&comma; 150&comma; 150&comma; 0.3); border-radius: 8px;\" src=\"https:\/\/www.akuvox.com\/uploads\/202109\/2021091508195793.jpg\" alt=\"\" class=\"fr-fil fr-dib\">&nbsp;<img decoding=\"async\" style=\"width: 100%; max-width: 970px; height: auto; border: 1px solid rgba(150&comma; 150&comma; 150&comma; 0.3); border-radius: 8px;\" src=\"https:\/\/www.akuvox.com\/uploads\/202109\/2021091508210019.jpg\" alt=\"\" class=\"fr-fil fr-dib\"><\/div>\n<p><!-- Caracter\u00edsticas principales --><\/p>\n<div style=\"margin-bottom: 30px;\">\n<div style=\"background: #282739; padding: 15px; border-left: 5px solid #282739; border-radius: 8px 8px 0 0;\">\n<h3 style=\"color: white; margin: 0; font-size: 18px; font-weight: bold;\">Caracter&iacute;sticas principales del modelo KITAKUVOXWIFI<\/h3>\n<\/div>\n<div style=\"border: 1px solid rgba(150&comma;150&comma;150&comma;0.3); border-top: none; border-radius: 0 0 8px 8px; padding: 15px; background-color: #f8f9fa;\">\n<ul style=\"padding-left: 20px; font-size: 14px; color: inherit;\">\n<li style=\"margin-bottom: 8px;\"><strong>Conversaci&oacute;n bidireccional<\/strong><\/li>\n<li style=\"margin-bottom: 8px;\"><strong>Visualizaci&oacute;n de c&aacute;mara en vivo<\/strong><\/li>\n<li style=\"margin-bottom: 8px;\"><strong>Almacenamiento<\/strong> en la nube o local<\/li>\n<li style=\"margin-bottom: 8px;\"><strong>Clasificado para el uso al aire libre<\/strong><\/li>\n<li style=\"margin-bottom: 8px;\"><strong>Compatible con APP Smart Plus<\/strong><\/li>\n<li style=\"margin-bottom: 8px;\"><strong>SIP<\/strong><\/li>\n<li style=\"margin-bottom: 8px;\"><strong>ONVIF<\/strong><\/li>\n<li style=\"margin-bottom: 8px;\"><strong>Bluetooth<\/strong><\/li>\n<li style=\"margin-bottom: 8px;\"><strong>WIFI<\/strong><\/li>\n<li style=\"margin-bottom: 8px;\"><strong>POE<\/strong><\/li>\n<li style=\"margin-bottom: 8px;\"><strong>NFC<\/strong><\/li>\n<li style=\"margin-bottom: 8px;\"><strong>Lector de tarjetas MIFARE<\/strong><\/li>\n<li style=\"margin-bottom: 8px;\"><strong>Notificaci&oacute;n en APP<\/strong><\/li>\n<li style=\"margin-bottom: 8px;\"><strong>IP65<\/strong><\/li>\n<li style=\"margin-bottom: 8px;\"><strong>C&aacute;mara de 2 MP<\/strong><\/li>\n<li style=\"margin-bottom: 8px;\"><strong>Bot&oacute;n con iluminaci&oacute;n LED<\/strong><\/li>\n<li style=\"margin-bottom: 8px;\"><strong>Control de 1 puerta<\/strong><\/li>\n<li style=\"margin-bottom: 8px;\"><strong>Entradas de alarma<\/strong> en monitor con notificaci&oacute;n en App<\/li>\n<\/ul>\n<\/div>\n<\/div>\n<p><!-- Informaci\u00f3n adicional --><\/p>\n<div style=\"margin-bottom: 30px;\">\n<div style=\"background: #282739; padding: 15px; border-left: 5px solid #282739; border-radius: 8px 8px 0 0;\">\n<h3 style=\"color: white; margin: 0; font-size: 18px; font-weight: bold;\">&iquest;Te interesa obtener m&aacute;s informaci&oacute;n?<\/h3>\n<\/div>\n<div style=\"border: 1px solid rgba(150&comma;150&comma;150&comma;0.3); border-top: none; border-radius: 0 0 8px 8px; padding: 15px; background-color: #f8f9fa;\">\n<ul style=\"padding-left: 20px; font-size: 14px; color: inherit; margin: 0;\">\n<li style=\"margin-bottom: 8px;\"><a href=\"https:\/\/www.youtube.com\/watch?v=gFl2_DX557w\" style=\"color: inherit; text-decoration: underline;\">Curso grabado<\/a><\/li>\n<li style=\"margin-bottom: 8px;\"><a href=\"https:\/\/soporte.syscom.mx\/es\/articles\/8202185-guia-akuvox-solucion-para-fraccionamientos-y-edificios-de-apartamentos\" style=\"color: inherit; text-decoration: underline;\">Gu&iacute;a de configuraciones<\/a><\/li>\n<\/ul>\n<\/div>\n<\/div>\n<p><!-- Requisitos de instalaci\u00f3n --><\/p>\n<div style=\"margin-bottom: 30px;\">\n<div style=\"background: #282739; padding: 15px; border-left: 5px solid #282739; border-radius: 8px 8px 0 0;\">\n<h3 style=\"color: white; margin: 0; font-size: 18px; font-weight: bold;\">&iquest;Qu&eacute; necesito para instalar dispositivos Akuvox?<\/h3>\n<\/div>\n<div style=\"border: 1px solid rgba(150&comma;150&comma;150&comma;0.3); border-top: none; border-radius: 0 0 8px 8px; padding: 15px; background-color: #f8f9fa;\">\n<ul style=\"padding-left: 20px; font-size: 14px; color: inherit; margin: 0;\">\n<li style=\"margin-bottom: 8px;\"><strong>Cuenta de instalador<\/strong> en Akuvox Cloud para configuraci&oacute;n y administraci&oacute;n de los equipos y licencias. <a href=\"https:\/\/soporte.syscom.mx\/es\/articles\/6957756-crear-cuenta-de-instalador-akuvox-cloud\" style=\"color: inherit; text-decoration: underline;\">Obtener cuenta<\/a><\/li>\n<li style=\"margin-bottom: 8px;\"><strong>Acceso a la red IP:<\/strong> Los equipos Akuvox funcionan en redes IP&comma; por lo que necesitar&aacute;s una red con acceso a internet y suficiente capacidad para manejar el tr&aacute;fico de datos.<\/li>\n<li style=\"margin-bottom: 8px;\"><strong>Fuente de alimentaci&oacute;n:<\/strong> Verifica el tipo de alimentaci&oacute;n que requiere el dispositivo. Muchos equipos Akuvox se alimentan a trav&eacute;s de Power over Ethernet (PoE).<\/li>\n<\/ul>\n<\/div>\n<\/div>\n<p><!-- Separador final --><\/p>\n<hr style=\"border: 0; border-top: 1px solid rgba(150&comma; 150&comma; 150&comma; 0.3); margin: 30px 0;\"><\/div>\n","protected":false},"excerpt":{"rendered":"<p>Kit de Videoportero Akuvox WIFI\/ Monitor Linux de 7 Pulgadas\/ 100% en la Nube \/ POE \/ Bluetooth \/ NFC \/ Lector de Tarjetas MIFARE \/ ONVIF \/ IP65 \/ C\u00e1mara 2 MP \/ Bot\u00f3n con Iluminaci\u00f3n \/ Control de 1 Puerta \/ Entradas de Alarma<\/p>\n","protected":false},"featured_media":96594,"comment_status":"open","ping_status":"closed","template":"","meta":[],"product_brand":[],"product_cat":[856],"product_tag":[786,557,857],"class_list":{"0":"post-96595","1":"product","2":"type-product","3":"status-publish","4":"has-post-thumbnail","6":"product_cat-videoporteros-ip","7":"product_tag-akuvox","8":"product_tag-videoporteros-e-interfonos","9":"product_tag-videoporteros-ip","11":"first","12":"instock","13":"sale","14":"shipping-taxable","15":"purchasable","16":"product-type-simple"},"_links":{"self":[{"href":"https:\/\/soydeaqui.ddns.net\/pachuca\/index.php\/wp-json\/wp\/v2\/product\/96595","targetHints":{"allow":["GET"]}}],"collection":[{"href":"https:\/\/soydeaqui.ddns.net\/pachuca\/index.php\/wp-json\/wp\/v2\/product"}],"about":[{"href":"https:\/\/soydeaqui.ddns.net\/pachuca\/index.php\/wp-json\/wp\/v2\/types\/product"}],"replies":[{"embeddable":true,"href":"https:\/\/soydeaqui.ddns.net\/pachuca\/index.php\/wp-json\/wp\/v2\/comments?post=96595"}],"wp:featuredmedia":[{"embeddable":true,"href":"https:\/\/soydeaqui.ddns.net\/pachuca\/index.php\/wp-json\/wp\/v2\/media\/96594"}],"wp:attachment":[{"href":"https:\/\/soydeaqui.ddns.net\/pachuca\/index.php\/wp-json\/wp\/v2\/media?parent=96595"}],"wp:term":[{"taxonomy":"product_brand","embeddable":true,"href":"https:\/\/soydeaqui.ddns.net\/pachuca\/index.php\/wp-json\/wp\/v2\/product_brand?post=96595"},{"taxonomy":"product_cat","embeddable":true,"href":"https:\/\/soydeaqui.ddns.net\/pachuca\/index.php\/wp-json\/wp\/v2\/product_cat?post=96595"},{"taxonomy":"product_tag","embeddable":true,"href":"https:\/\/soydeaqui.ddns.net\/pachuca\/index.php\/wp-json\/wp\/v2\/product_tag?post=96595"}],"curies":[{"name":"wp","href":"https:\/\/api.w.org\/{rel}","templated":true}]}}