{"id":96589,"date":"2026-03-20T08:20:14","date_gmt":"2026-03-20T08:20:14","guid":{"rendered":"https:\/\/soydeaqui.ddns.net\/pachuca\/index.php\/producto\/cable-hdmi-2-0-4k60hz-15-metros-hdr-3d-hec-canal-ethernet-hdmi-arc-canal-de-retorno-de-audio-color-profundo-de-48-bits-audio-de-32-canales-hdcp-dolby-true-hd-7-1-18-gbps-mult\/"},"modified":"2026-03-20T08:20:16","modified_gmt":"2026-03-20T08:20:16","slug":"cable-hdmi-2-0-4k60hz-15-metros-hdr-3d-hec-canal-ethernet-hdmi-arc-canal-de-retorno-de-audio-color-profundo-de-48-bits-audio-de-32-canales-hdcp-dolby-true-hd-7-1-18-gbps-mult","status":"publish","type":"product","link":"https:\/\/soydeaqui.ddns.net\/pachuca\/index.php\/producto\/cable-hdmi-2-0-4k60hz-15-metros-hdr-3d-hec-canal-ethernet-hdmi-arc-canal-de-retorno-de-audio-color-profundo-de-48-bits-audio-de-32-canales-hdcp-dolby-true-hd-7-1-18-gbps-mult\/","title":{"rendered":"Cable HDMI 2.0 4K@60Hz | 15 metros | HDR | 3D | HEC (Canal Ethernet HDMI) | ARC (Canal de Retorno de Audio | Color Profundo de 48 bits | Audio de 32 canales | HDCP | Dolby True HD 7.1 | 18 Gbps | M\u00faltiple Blindaje | Calidad Premium."},"content":{"rendered":"<div style='width: 100%; max-width: 1200px; margin: 0 auto; font-family: sans-serif; line-height: 1.6; color: inherit; background-color: transparent;'> <!-- Im\u00e1genes del producto --> <\/p>\n<div style='display: flex; flex-wrap: wrap; gap: 20px; margin-bottom: 30px;'>\n<div style='flex: 1 1 300px; min-width: 280px;'> <img style='width: 100%; height: auto; border: 1px solid rgba(150&comma;150&comma;150&comma;0.3); border-radius: 8px;' src='http:\/\/ftp3.syscom.mx\/usuarios\/hallende\/UGREEN\/10106\/1.jpg' alt=''> <\/div>\n<div style='flex: 1 1 300px; min-width: 280px;'> <img style='width: 100%; height: auto; border: 1px solid rgba(150&comma;150&comma;150&comma;0.3); border-radius: 8px;' src='http:\/\/ftp3.syscom.mx\/usuarios\/hallende\/UGREEN\/10106\/2.jpg' alt=''> <\/div>\n<div style='flex: 1 1 300px; min-width: 280px;'> <img style='width: 100%; height: auto; border: 1px solid rgba(150&comma;150&comma;150&comma;0.3); border-radius: 8px;' src='http:\/\/ftp3.syscom.mx\/usuarios\/hallende\/UGREEN\/10106\/3.jpg' alt=''> <\/div>\n<div style='flex: 1 1 300px; min-width: 280px;'> <img style='width: 100%; height: auto; border: 1px solid rgba(150&comma;150&comma;150&comma;0.3); border-radius: 8px;' src='http:\/\/ftp3.syscom.mx\/usuarios\/hallende\/UGREEN\/10106\/4.jpg' alt=''> <\/div>\n<\/p><\/div>\n<p> <!-- Secci\u00f3n de especificaciones --> <\/p>\n<div style='display: flex; flex-wrap: wrap; gap: 30px; margin-bottom: 30px;'>\n<div style='flex: 1 1 300px; min-width: 280px;'>\n<h3 style='font-size: 22px; border-bottom: 2px solid currentColor; padding-bottom: 5px; margin-top: 0; color: inherit; opacity: 0.8;'>Especificaciones:<\/h3>\n<ul style='padding-left: 20px; font-size: 15px; color: inherit;'>\n<li style='margin-bottom: 5px;'>30AWG OD7.3mm<\/li>\n<li style='margin-bottom: 5px;'>4K@60Hz HDMI 2.0<\/li>\n<li style='margin-bottom: 5px;'>N\u00facleo de alambre: cobre esta\u00f1ado<\/li>\n<li style='margin-bottom: 5px;'>M\u00faltiples blindajes internos<\/li>\n<li style='margin-bottom: 5px;'>Bolsa de aluminio<\/li>\n<li style='margin-bottom: 5px;'>1 A\u00f1o de Garant\u00eda por defectos de fabricaci\u00f3n<\/li>\n<\/ul><\/div>\n<\/p><\/div>\n<p> <!-- Secci\u00f3n de caracter\u00edsticas principales --> <\/p>\n<div style='display: flex; flex-wrap: wrap; gap: 30px; margin-bottom: 30px;'>\n<div style='flex: 1 1 300px; min-width: 280px;'>\n<h3 style='font-size: 22px; border-bottom: 2px solid currentColor; padding-bottom: 5px; margin-top: 0; color: inherit; opacity: 0.8;'>Caracter\u00edsticas principales:<\/h3>\n<ul style='padding-left: 20px; font-size: 15px; color: inherit;'>\n<li style='margin-bottom: 5px;'>Fabricado con una cubierta de PVC duradera&comma; el cable HDMI 4K ha sido probado para soportar al menos 3000 ciclos y una curvatura de 90 grados.<\/li>\n<li style='margin-bottom: 5px;'>Con conectores chapados en oro&comma; conductores de cobre esta\u00f1ado y triple blindaje&comma; este cable HDMI puede garantizar un rendimiento m\u00e1ximo y la pureza de la se\u00f1al digital.<\/li>\n<li style='margin-bottom: 5px;'>Cuenta con certificaci\u00f3n HDMI Adopter 1GDKYEBUBNJ<\/li>\n<\/ul><\/div>\n<\/p><\/div>\n<p> <!-- Separador --> <\/p>\n<hr style='border: 0; border-top: 1px solid rgba(150&comma; 150&comma; 150&comma; 0.3); margin: 30px 0;'> <\/div>\n","protected":false},"excerpt":{"rendered":"<p>Cable HDMI 2.0 4K@60Hz | 15 metros | HDR | 3D | HEC (Canal Ethernet HDMI) | ARC (Canal de Retorno de Audio | Color Profundo de 48 bits | Audio de 32 canales | HDCP | Dolby True HD 7.1 | 18 Gbps | M\u00faltiple Blindaje | Calidad Premium.<\/p>\n","protected":false},"featured_media":32,"comment_status":"open","ping_status":"closed","template":"","meta":[],"product_brand":[],"product_cat":[2130],"product_tag":[488,650,2131],"class_list":{"0":"post-96589","1":"product","2":"type-product","3":"status-publish","4":"has-post-thumbnail","6":"product_cat-vga-dvi-hdmi","7":"product_tag-cables-y-conectores","8":"product_tag-ugreen","9":"product_tag-vga-dvi-hdmi","11":"first","12":"outofstock","13":"sale","14":"shipping-taxable","15":"purchasable","16":"product-type-simple"},"_links":{"self":[{"href":"https:\/\/soydeaqui.ddns.net\/pachuca\/index.php\/wp-json\/wp\/v2\/product\/96589","targetHints":{"allow":["GET"]}}],"collection":[{"href":"https:\/\/soydeaqui.ddns.net\/pachuca\/index.php\/wp-json\/wp\/v2\/product"}],"about":[{"href":"https:\/\/soydeaqui.ddns.net\/pachuca\/index.php\/wp-json\/wp\/v2\/types\/product"}],"replies":[{"embeddable":true,"href":"https:\/\/soydeaqui.ddns.net\/pachuca\/index.php\/wp-json\/wp\/v2\/comments?post=96589"}],"wp:featuredmedia":[{"embeddable":true,"href":"https:\/\/soydeaqui.ddns.net\/pachuca\/index.php\/wp-json\/wp\/v2\/media\/32"}],"wp:attachment":[{"href":"https:\/\/soydeaqui.ddns.net\/pachuca\/index.php\/wp-json\/wp\/v2\/media?parent=96589"}],"wp:term":[{"taxonomy":"product_brand","embeddable":true,"href":"https:\/\/soydeaqui.ddns.net\/pachuca\/index.php\/wp-json\/wp\/v2\/product_brand?post=96589"},{"taxonomy":"product_cat","embeddable":true,"href":"https:\/\/soydeaqui.ddns.net\/pachuca\/index.php\/wp-json\/wp\/v2\/product_cat?post=96589"},{"taxonomy":"product_tag","embeddable":true,"href":"https:\/\/soydeaqui.ddns.net\/pachuca\/index.php\/wp-json\/wp\/v2\/product_tag?post=96589"}],"curies":[{"name":"wp","href":"https:\/\/api.w.org\/{rel}","templated":true}]}}