{"id":96557,"date":"2026-03-20T08:18:53","date_gmt":"2026-03-20T08:18:53","guid":{"rendered":"https:\/\/soydeaqui.ddns.net\/pachuca\/index.php\/producto\/montaje-para-instalacion-dentro-de-plafon-compatible-con-domos-fijos-hanwha-series-xnv-y-pnv\/"},"modified":"2026-03-20T08:18:54","modified_gmt":"2026-03-20T08:18:54","slug":"montaje-para-instalacion-dentro-de-plafon-compatible-con-domos-fijos-hanwha-series-xnv-y-pnv","status":"publish","type":"product","link":"https:\/\/soydeaqui.ddns.net\/pachuca\/index.php\/producto\/montaje-para-instalacion-dentro-de-plafon-compatible-con-domos-fijos-hanwha-series-xnv-y-pnv\/","title":{"rendered":"Montaje para instalaci\u00f3n dentro de Plaf\u00f3n compatible con domos fijos Hanwha series XNV y PNV."},"content":{"rendered":"<div style='width: 100%; max-width: 1200px; margin: 0 auto; font-family: sans-serif; line-height: 1.6; color: inherit; background-color: transparent;'> <!-- Secci\u00f3n de descripci\u00f3n --> <\/p>\n<div style='margin-bottom: 30px;'>\n<h2 style='font-size: 24px; border-bottom: 2px solid currentColor; padding-bottom: 5px; margin-top: 0; color: inherit; opacity: 0.85;'>Montaje para Instalaci\u00f3n en Techo<\/h2>\n<p style='font-size: 15px; color: inherit; margin-top: 15px;'>SHD-1370FPW es una carcasa para empotrar en el techo dise\u00f1ada para integrar c\u00e1maras en el entorno de instalaci\u00f3n. Permite un montaje discreto y seguro de diversos modelos de c\u00e1maras en techos.<\/p>\n<\/p><\/div>\n<p> <!-- Secci\u00f3n de caracter\u00edsticas principales --> <\/p>\n<div style='display: flex; flex-wrap: wrap; gap: 30px; margin-bottom: 30px;'>\n<div style='flex: 1 1 300px; min-width: 280px;'>\n<h3 style='font-size: 22px; border-bottom: 2px solid currentColor; padding-bottom: 5px; margin-top: 0; color: inherit; opacity: 0.8;'>Caracter\u00edsticas Principales<\/h3>\n<ul style='padding-left: 20px; font-size: 15px; color: inherit; list-style-type: disc;'>\n<li style='margin-bottom: 5px;'>Fabricado en aluminio para durabilidad y resistencia<\/li>\n<li style='margin-bottom: 5px;'>Color blanco (RAL 9003)<\/li>\n<li style='margin-bottom: 5px;'>Dise\u00f1o para integraci\u00f3n discreta en techos<\/li>\n<li style='margin-bottom: 5px;'>Soporta una amplia variedad de modelos de c\u00e1maras<\/li>\n<\/ul><\/div>\n<p> <!-- Secci\u00f3n de especificaciones t\u00e9cnicas --> <\/p>\n<div style='flex: 1 1 300px; min-width: 280px;'>\n<h3 style='font-size: 22px; border-bottom: 2px solid currentColor; padding-bottom: 5px; margin-top: 0; color: inherit; opacity: 0.8;'>Especificaciones T\u00e9cnicas<\/h3>\n<ul style='padding-left: 20px; font-size: 15px; color: inherit; list-style-type: disc;'>\n<li style='margin-bottom: 5px;'><strong>Dimensiones:<\/strong> \u00f8205x103mm (\u00f88.07&#215;4.05&#8242;)<\/li>\n<li style='margin-bottom: 5px;'><strong>Peso:<\/strong> 770g (1.70lb)<\/li>\n<li style='margin-bottom: 5px;'><strong>Di\u00e1metro del orificio de techo:<\/strong> \u00f8181mm (\u00f87.12&#8242;)<\/li>\n<li style='margin-bottom: 5px;'><strong>Espesor de techo compatible:<\/strong> 10~70mm (0.4~2.8&#8242;)<\/li>\n<li style='margin-bottom: 5px;'><strong>Tama\u00f1o de tornillo:<\/strong> TR20<\/li>\n<li style='margin-bottom: 5px;'><strong>Carga m\u00e1xima:<\/strong> 3kg (6.61lb)<\/li>\n<li style='margin-bottom: 5px;'><strong>Carga m\u00e1xima del techo:<\/strong> 6.5kg (14.30lb)<\/li>\n<li style='margin-bottom: 5px;'><strong>Di\u00e1metro de los orificios de paso:<\/strong> 12.7mm (1\/2&#8242;) (M20) \/ 19.1mm (3\/4&#8242;) (M25)<\/li>\n<\/ul><\/div>\n<\/p><\/div>\n<p> <!-- Secci\u00f3n de compatibilidad --> <\/p>\n<div style='margin-bottom: 30px;'>\n<h3 style='font-size: 22px; border-bottom: 2px solid currentColor; padding-bottom: 5px; margin-top: 0; color: inherit; opacity: 0.8;'>Modelos Compatibles<\/h3>\n<div style='display: grid; grid-template-columns: repeat(auto-fill&comma; minmax(140px&comma; 1fr)); gap: 15px; margin-top: 15px;'>\n<div style='padding: 8px 12px; background-color: rgba(150&comma;150&comma;150&comma;0.1); border-radius: 5px; font-size: 14px; color: inherit; text-align: center;'>PNV-A6081R<\/div>\n<div style='padding: 8px 12px; background-color: rgba(150&comma;150&comma;150&comma;0.1); border-radius: 5px; font-size: 14px; color: inherit; text-align: center;'>PNV-A9081R<\/div>\n<div style='padding: 8px 12px; background-color: rgba(150&comma;150&comma;150&comma;0.1); border-radius: 5px; font-size: 14px; color: inherit; text-align: center;'>XNV-8082R<\/div>\n<div style='padding: 8px 12px; background-color: rgba(150&comma;150&comma;150&comma;0.1); border-radius: 5px; font-size: 14px; color: inherit; text-align: center;'>XNV-9082R<\/div>\n<div style='padding: 8px 12px; background-color: rgba(150&comma;150&comma;150&comma;0.1); border-radius: 5px; font-size: 14px; color: inherit; text-align: center;'>XNV-6083R<\/div>\n<div style='padding: 8px 12px; background-color: rgba(150&comma;150&comma;150&comma;0.1); border-radius: 5px; font-size: 14px; color: inherit; text-align: center;'>XNV-8083R<\/div>\n<div style='padding: 8px 12px; background-color: rgba(150&comma;150&comma;150&comma;0.1); border-radius: 5px; font-size: 14px; color: inherit; text-align: center;'>XNV-8093R<\/div>\n<div style='padding: 8px 12px; background-color: rgba(150&comma;150&comma;150&comma;0.1); border-radius: 5px; font-size: 14px; color: inherit; text-align: center;'>XNV-9083R<\/div>\n<div style='padding: 8px 12px; background-color: rgba(150&comma;150&comma;150&comma;0.1); border-radius: 5px; font-size: 14px; color: inherit; text-align: center;'>XNV-6123R<\/div>\n<div style='padding: 8px 12px; background-color: rgba(150&comma;150&comma;150&comma;0.1); border-radius: 5px; font-size: 14px; color: inherit; text-align: center;'>XNV-6083Z<\/div>\n<div style='padding: 8px 12px; background-color: rgba(150&comma;150&comma;150&comma;0.1); border-radius: 5px; font-size: 14px; color: inherit; text-align: center;'>XNV-8083Z<\/div>\n<div style='padding: 8px 12px; background-color: rgba(150&comma;150&comma;150&comma;0.1); border-radius: 5px; font-size: 14px; color: inherit; text-align: center;'>XNV-6083RZ<\/div>\n<div style='padding: 8px 12px; background-color: rgba(150&comma;150&comma;150&comma;0.1); border-radius: 5px; font-size: 14px; color: inherit; text-align: center;'>XNV-8083RZ<\/div>\n<div style='padding: 8px 12px; background-color: rgba(150&comma;150&comma;150&comma;0.1); border-radius: 5px; font-size: 14px; color: inherit; text-align: center;'>XNV-9083RZ<\/div>\n<\/p><\/div>\n<\/p><\/div>\n<p> <!-- Separador --> <\/p>\n<hr style='border: 0; border-top: 1px solid rgba(150&comma; 150&comma; 150&comma; 0.3); margin: 30px 0;'> <\/div>\n","protected":false},"excerpt":{"rendered":"<p>Montaje para instalaci\u00f3n dentro de Plaf\u00f3n compatible con domos fijos Hanwha series XNV y PNV.<\/p>\n","protected":false},"featured_media":96556,"comment_status":"open","ping_status":"closed","template":"","meta":[],"product_brand":[],"product_cat":[2309],"product_tag":[417,2310,1055],"class_list":{"0":"post-96557","1":"product","2":"type-product","3":"status-publish","4":"has-post-thumbnail","6":"product_cat-gabinetes-para-camaras","7":"product_tag-accesorios-generales","8":"product_tag-gabinetes-para-camaras","9":"product_tag-hanwha-vision","11":"first","12":"outofstock","13":"sale","14":"shipping-taxable","15":"purchasable","16":"product-type-simple"},"_links":{"self":[{"href":"https:\/\/soydeaqui.ddns.net\/pachuca\/index.php\/wp-json\/wp\/v2\/product\/96557","targetHints":{"allow":["GET"]}}],"collection":[{"href":"https:\/\/soydeaqui.ddns.net\/pachuca\/index.php\/wp-json\/wp\/v2\/product"}],"about":[{"href":"https:\/\/soydeaqui.ddns.net\/pachuca\/index.php\/wp-json\/wp\/v2\/types\/product"}],"replies":[{"embeddable":true,"href":"https:\/\/soydeaqui.ddns.net\/pachuca\/index.php\/wp-json\/wp\/v2\/comments?post=96557"}],"wp:featuredmedia":[{"embeddable":true,"href":"https:\/\/soydeaqui.ddns.net\/pachuca\/index.php\/wp-json\/wp\/v2\/media\/96556"}],"wp:attachment":[{"href":"https:\/\/soydeaqui.ddns.net\/pachuca\/index.php\/wp-json\/wp\/v2\/media?parent=96557"}],"wp:term":[{"taxonomy":"product_brand","embeddable":true,"href":"https:\/\/soydeaqui.ddns.net\/pachuca\/index.php\/wp-json\/wp\/v2\/product_brand?post=96557"},{"taxonomy":"product_cat","embeddable":true,"href":"https:\/\/soydeaqui.ddns.net\/pachuca\/index.php\/wp-json\/wp\/v2\/product_cat?post=96557"},{"taxonomy":"product_tag","embeddable":true,"href":"https:\/\/soydeaqui.ddns.net\/pachuca\/index.php\/wp-json\/wp\/v2\/product_tag?post=96557"}],"curies":[{"name":"wp","href":"https:\/\/api.w.org\/{rel}","templated":true}]}}